{"id":9575,"date":"2025-11-19T16:30:42","date_gmt":"2025-11-19T14:30:42","guid":{"rendered":"https:\/\/www.masystemutbildning.se\/sv-se\/?page_id=9575"},"modified":"2025-11-19T16:30:43","modified_gmt":"2025-11-19T14:30:43","slug":"upphovsratt","status":"publish","type":"page","link":"https:\/\/www.masystemutbildning.se\/sv-se\/kundservice-support\/upphovsratt\/","title":{"rendered":"Upphovsr\u00e4tt"},"content":{"rendered":"\t\t<div data-elementor-type=\"wp-page\" data-elementor-id=\"9575\" class=\"elementor elementor-9575\" data-elementor-post-type=\"page\">\n\t\t\t\t<div class=\"elementor-element elementor-element-bb4c8a8 e-flex e-con-boxed e-con e-parent\" data-id=\"bb4c8a8\" data-element_type=\"container\" data-e-type=\"container\">\n\t\t\t\t\t<div class=\"e-con-inner\">\n\t\t\t\t<div class=\"elementor-element elementor-element-de2933a elementor-widget elementor-widget-heading\" data-id=\"de2933a\" data-element_type=\"widget\" data-e-type=\"widget\" data-widget_type=\"heading.default\">\n\t\t\t\t<div class=\"elementor-widget-container\">\n\t\t\t\t\t<h1 class=\"elementor-heading-title elementor-size-default\">Upphovsr\u00e4tt.<\/h1>\t\t\t\t<\/div>\n\t\t\t\t<\/div>\n\t\t\t\t\t<\/div>\n\t\t\t\t<\/div>\n\t\t<div class=\"elementor-element elementor-element-48a971e e-flex e-con-boxed e-con e-parent\" data-id=\"48a971e\" data-element_type=\"container\" data-e-type=\"container\">\n\t\t\t\t\t<div class=\"e-con-inner\">\n\t\t<div class=\"elementor-element elementor-element-69cc811 e-con-full e-flex e-con e-child\" data-id=\"69cc811\" data-element_type=\"container\" data-e-type=\"container\">\n\t\t\t\t<div class=\"elementor-element elementor-element-6a52220 elementor-widget elementor-widget-text-editor\" data-id=\"6a52220\" data-element_type=\"widget\" data-e-type=\"widget\" data-widget_type=\"text-editor.default\">\n\t\t\t\t<div class=\"elementor-widget-container\">\n\t\t\t\t\t\t\t\t\t<p>Samtliga texter, foton och illustrationer i MA-system Utbildning ABs utbildningsmaterial och p\u00e5 v\u00e5ra webbplatser som till exempel masystemutbildning.se och kortillstand.se utg\u00f6r upphovsr\u00e4ttsligt skyddade verk enligt lagen (1960:729) om upphovsr\u00e4tt till litter\u00e4ra och konstn\u00e4rliga verk och motsvarande best\u00e4mmelser utanf\u00f6r Sverige.<\/p>\t\t\t\t\t\t\t\t<\/div>\n\t\t\t\t<\/div>\n\t\t\t\t<div class=\"elementor-element elementor-element-36edc46 elementor-widget elementor-widget-text-editor\" data-id=\"36edc46\" data-element_type=\"widget\" data-e-type=\"widget\" data-widget_type=\"text-editor.default\">\n\t\t\t\t<div class=\"elementor-widget-container\">\n\t\t\t\t\t\t\t\t\t<p>Det upphovsr\u00e4ttsliga skyddet inneb\u00e4r att ingen p\u00e5 elektronisk eller mekanisk v\u00e4g, genom fotokopiering, inspelning eller p\u00e5 annat s\u00e4tt f\u00e5r kopiera, reproducera, distribuera, publicera, ladda ner, visa eller \u00f6verf\u00f6ra hela eller delar av texter, foton eller illustrationer i n\u00e5gon form f\u00f6r annat syfte \u00e4n icke-kommersiellt personligt bruk utan MA-system Utbildning ABs uttryckliga medgivande. Detta g\u00e4ller \u00e4ven f\u00f6r den som har k\u00f6pt MA-system Utbildning ABs utbildningsmaterial, men betyder naturligtvis inte att k\u00f6paren \u00e4r f\u00f6rhindrad att anv\u00e4nda det k\u00f6pta materialet f\u00f6r utbildning.<\/p><p>MA-system AB l\u00e4mnar normalt inte sitt medgivande till n\u00e5got utnyttjande av sina upphovsr\u00e4ttsligt skyddade texter, foton eller illustrationer, men kan g\u00f6ra undantag i enstaka fall. Den som \u00f6nskar anv\u00e4nda n\u00e5got skyddat material f\u00f6r ett syfte som inte inneb\u00e4r utbildning \u00e4r v\u00e4lkommen att h\u00f6ra av sig till bolaget. N\u00e5got medgivande till anv\u00e4ndning kan dock inte garanteras.<br \/><br \/>All otill\u00e5ten anv\u00e4ndning av upphovsr\u00e4ttsligt skyddade texter, foton och illustrationer utreds och p\u00e5talas av MA-system Utbildning AB. Om anv\u00e4ndningen inte upph\u00f6r omg\u00e5ende efter p\u00e5talandet l\u00e4mnas saken \u00f6ver till jurist f\u00f6r eventuella r\u00e4ttsliga \u00e5tg\u00e4rder. S\u00e5dana \u00e5tg\u00e4rder kan innefatta bland annat utverkade av domstols f\u00f6rbud vid vite mot fortsatt anv\u00e4ndning och beslut om f\u00f6rst\u00f6rande av otill\u00e5tna exemplar av materialet samt r\u00e4tt till skadest\u00e5nd f\u00f6r utnyttjandet och den skada MA-system Utbildning AB kan ha drabbats av. S\u00e5dana r\u00e4ttsliga \u00e5tg\u00e4rder kan ocks\u00e5 medf\u00f6ra ansvar f\u00f6r MA-system Utbildning ABs r\u00e4tteg\u00e5ngskostnader.<\/p><h2>Kontakta oss<\/h2><p>Har du fr\u00e5gor kring upphovsr\u00e4tt \u00e4r du v\u00e4lkommen att kontakta oss p\u00e5 info@masystem.se<\/p>\t\t\t\t\t\t\t\t<\/div>\n\t\t\t\t<\/div>\n\t\t\t\t<\/div>\n\t\t\t\t\t<\/div>\n\t\t\t\t<\/div>\n\t\t\t\t<\/div>\n\t\t","protected":false},"excerpt":{"rendered":"<p>Upphovsr\u00e4tt. Samtliga texter, foton och illustrationer i MA-system Utbildning ABs utbildningsmaterial och p\u00e5 v\u00e5ra webbplatser som till exempel masystemutbildning.se och kortillstand.se utg\u00f6r upphovsr\u00e4ttsligt skyddade verk enligt lagen (1960:729) om upphovsr\u00e4tt till litter\u00e4ra och konstn\u00e4rliga verk och motsvarande best\u00e4mmelser utanf\u00f6r Sverige. Det upphovsr\u00e4ttsliga skyddet inneb\u00e4r att ingen p\u00e5 elektronisk eller mekanisk v\u00e4g, genom fotokopiering, inspelning eller [&hellip;]<\/p>\n","protected":false},"author":3,"featured_media":4446,"parent":88,"menu_order":0,"comment_status":"closed","ping_status":"closed","template":"","meta":{"_acf_changed":false,"footnotes":""},"class_list":["post-9575","page","type-page","status-publish","has-post-thumbnail","hentry"],"acf":[],"yoast_head":"<!-- This site is optimized with the Yoast SEO Premium plugin v26.9 (Yoast SEO v27.3) - https:\/\/yoast.com\/product\/yoast-seo-premium-wordpress\/ -->\n<title>Upphovsr\u00e4tt - MA-system Utbildning AB<\/title>\n<meta name=\"description\" content=\"Samtliga texter, foton och illustrationer i MA-systems utbildningsmaterial och p\u00e5 v\u00e5ra webbplatser utg\u00f6r upphovsr\u00e4ttsligt skyddade verk\" \/>\n<meta name=\"robots\" content=\"index, follow, max-snippet:-1, max-image-preview:large, max-video-preview:-1\" \/>\n<link rel=\"canonical\" href=\"https:\/\/www.masystemutbildning.se\/sv-se\/kundservice-support\/upphovsratt\/\" \/>\n<meta property=\"og:locale\" content=\"sv_SE\" \/>\n<meta property=\"og:type\" content=\"article\" \/>\n<meta property=\"og:title\" content=\"Upphovsr\u00e4tt\" \/>\n<meta property=\"og:description\" content=\"Samtliga texter, foton och illustrationer i MA-systems utbildningsmaterial och p\u00e5 v\u00e5ra webbplatser utg\u00f6r upphovsr\u00e4ttsligt skyddade verk\" \/>\n<meta property=\"og:url\" content=\"https:\/\/www.masystemutbildning.se\/sv-se\/kundservice-support\/upphovsratt\/\" \/>\n<meta property=\"og:site_name\" content=\"MA-system Utbildning AB\" \/>\n<meta property=\"article:publisher\" content=\"https:\/\/www.facebook.com\/masystemutbildning\" \/>\n<meta property=\"article:modified_time\" content=\"2025-11-19T14:30:43+00:00\" \/>\n<meta property=\"og:image\" content=\"https:\/\/www.masystemutbildning.se\/sv-se\/wp-content\/uploads\/2024\/03\/cropped-ma-system-1.png\" \/>\n\t<meta property=\"og:image:width\" content=\"512\" \/>\n\t<meta property=\"og:image:height\" content=\"512\" \/>\n\t<meta property=\"og:image:type\" content=\"image\/png\" \/>\n<meta name=\"twitter:card\" content=\"summary_large_image\" \/>\n<meta name=\"twitter:site\" content=\"@mautbildning\" \/>\n<meta name=\"twitter:label1\" content=\"Est. reading time\" \/>\n\t<meta name=\"twitter:data1\" content=\"2 minuter\" \/>\n<script type=\"application\/ld+json\" class=\"yoast-schema-graph\">{\"@context\":\"https:\\\/\\\/schema.org\",\"@graph\":[{\"@type\":\"WebPage\",\"@id\":\"https:\\\/\\\/www.masystemutbildning.se\\\/sv-se\\\/kundservice-support\\\/upphovsratt\\\/\",\"url\":\"https:\\\/\\\/www.masystemutbildning.se\\\/sv-se\\\/kundservice-support\\\/upphovsratt\\\/\",\"name\":\"Upphovsr\u00e4tt - MA-system Utbildning AB\",\"isPartOf\":{\"@id\":\"https:\\\/\\\/www.masystemutbildning.se\\\/sv-se\\\/#website\"},\"primaryImageOfPage\":{\"@id\":\"https:\\\/\\\/www.masystemutbildning.se\\\/sv-se\\\/kundservice-support\\\/upphovsratt\\\/#primaryimage\"},\"image\":{\"@id\":\"https:\\\/\\\/www.masystemutbildning.se\\\/sv-se\\\/kundservice-support\\\/upphovsratt\\\/#primaryimage\"},\"thumbnailUrl\":\"https:\\\/\\\/www.masystemutbildning.se\\\/sv-se\\\/wp-content\\\/uploads\\\/2024\\\/03\\\/cropped-ma-system-1.png\",\"datePublished\":\"2025-11-19T14:30:42+00:00\",\"dateModified\":\"2025-11-19T14:30:43+00:00\",\"description\":\"Samtliga texter, foton och illustrationer i MA-systems utbildningsmaterial och p\u00e5 v\u00e5ra webbplatser utg\u00f6r upphovsr\u00e4ttsligt skyddade verk\",\"breadcrumb\":{\"@id\":\"https:\\\/\\\/www.masystemutbildning.se\\\/sv-se\\\/kundservice-support\\\/upphovsratt\\\/#breadcrumb\"},\"inLanguage\":\"sv-SE\",\"potentialAction\":[{\"@type\":\"ReadAction\",\"target\":[\"https:\\\/\\\/www.masystemutbildning.se\\\/sv-se\\\/kundservice-support\\\/upphovsratt\\\/\"]}]},{\"@type\":\"ImageObject\",\"inLanguage\":\"sv-SE\",\"@id\":\"https:\\\/\\\/www.masystemutbildning.se\\\/sv-se\\\/kundservice-support\\\/upphovsratt\\\/#primaryimage\",\"url\":\"https:\\\/\\\/www.masystemutbildning.se\\\/sv-se\\\/wp-content\\\/uploads\\\/2024\\\/03\\\/cropped-ma-system-1.png\",\"contentUrl\":\"https:\\\/\\\/www.masystemutbildning.se\\\/sv-se\\\/wp-content\\\/uploads\\\/2024\\\/03\\\/cropped-ma-system-1.png\",\"width\":512,\"height\":512},{\"@type\":\"BreadcrumbList\",\"@id\":\"https:\\\/\\\/www.masystemutbildning.se\\\/sv-se\\\/kundservice-support\\\/upphovsratt\\\/#breadcrumb\",\"itemListElement\":[{\"@type\":\"ListItem\",\"position\":1,\"name\":\"Home\",\"item\":\"https:\\\/\\\/www.masystemutbildning.se\\\/sv-se\\\/\"},{\"@type\":\"ListItem\",\"position\":2,\"name\":\"Kundservice &amp; support\",\"item\":\"https:\\\/\\\/www.masystemutbildning.se\\\/sv-se\\\/kundservice-support\\\/\"},{\"@type\":\"ListItem\",\"position\":3,\"name\":\"Upphovsr\u00e4tt\"}]},{\"@type\":\"WebSite\",\"@id\":\"https:\\\/\\\/www.masystemutbildning.se\\\/sv-se\\\/#website\",\"url\":\"https:\\\/\\\/www.masystemutbildning.se\\\/sv-se\\\/\",\"name\":\"MA-system Utbildning AB\",\"description\":\"\",\"publisher\":{\"@id\":\"https:\\\/\\\/www.masystemutbildning.se\\\/sv-se\\\/#organization\"},\"potentialAction\":[{\"@type\":\"SearchAction\",\"target\":{\"@type\":\"EntryPoint\",\"urlTemplate\":\"https:\\\/\\\/www.masystemutbildning.se\\\/sv-se\\\/?s={search_term_string}\"},\"query-input\":{\"@type\":\"PropertyValueSpecification\",\"valueRequired\":true,\"valueName\":\"search_term_string\"}}],\"inLanguage\":\"sv-SE\"},{\"@type\":\"Organization\",\"@id\":\"https:\\\/\\\/www.masystemutbildning.se\\\/sv-se\\\/#organization\",\"name\":\"MA-system Utbildning AB\",\"url\":\"https:\\\/\\\/www.masystemutbildning.se\\\/sv-se\\\/\",\"logo\":{\"@type\":\"ImageObject\",\"inLanguage\":\"sv-SE\",\"@id\":\"https:\\\/\\\/www.masystemutbildning.se\\\/sv-se\\\/#\\\/schema\\\/logo\\\/image\\\/\",\"url\":\"https:\\\/\\\/www.masystemutbildning.se\\\/sv-se\\\/wp-content\\\/uploads\\\/2026\\\/01\\\/MAsystem_50.webp\",\"contentUrl\":\"https:\\\/\\\/www.masystemutbildning.se\\\/sv-se\\\/wp-content\\\/uploads\\\/2026\\\/01\\\/MAsystem_50.webp\",\"width\":1080,\"height\":829,\"caption\":\"MA-system Utbildning AB\"},\"image\":{\"@id\":\"https:\\\/\\\/www.masystemutbildning.se\\\/sv-se\\\/#\\\/schema\\\/logo\\\/image\\\/\"},\"sameAs\":[\"https:\\\/\\\/www.facebook.com\\\/masystemutbildning\",\"https:\\\/\\\/x.com\\\/mautbildning\",\"https:\\\/\\\/www.instagram.com\\\/masystemutbildning\\\/\",\"https:\\\/\\\/www.linkedin.com\\\/company\\\/ma-system-utbildning-ab\\\/\"]}]}<\/script>\n<!-- \/ Yoast SEO Premium plugin. -->","yoast_head_json":{"title":"Upphovsr\u00e4tt - MA-system Utbildning AB","description":"Samtliga texter, foton och illustrationer i MA-systems utbildningsmaterial och p\u00e5 v\u00e5ra webbplatser utg\u00f6r upphovsr\u00e4ttsligt skyddade verk","robots":{"index":"index","follow":"follow","max-snippet":"max-snippet:-1","max-image-preview":"max-image-preview:large","max-video-preview":"max-video-preview:-1"},"canonical":"https:\/\/www.masystemutbildning.se\/sv-se\/kundservice-support\/upphovsratt\/","og_locale":"sv_SE","og_type":"article","og_title":"Upphovsr\u00e4tt","og_description":"Samtliga texter, foton och illustrationer i MA-systems utbildningsmaterial och p\u00e5 v\u00e5ra webbplatser utg\u00f6r upphovsr\u00e4ttsligt skyddade verk","og_url":"https:\/\/www.masystemutbildning.se\/sv-se\/kundservice-support\/upphovsratt\/","og_site_name":"MA-system Utbildning AB","article_publisher":"https:\/\/www.facebook.com\/masystemutbildning","article_modified_time":"2025-11-19T14:30:43+00:00","og_image":[{"width":512,"height":512,"url":"https:\/\/www.masystemutbildning.se\/sv-se\/wp-content\/uploads\/2024\/03\/cropped-ma-system-1.png","type":"image\/png"}],"twitter_card":"summary_large_image","twitter_site":"@mautbildning","twitter_misc":{"Est. reading time":"2 minuter"},"schema":{"@context":"https:\/\/schema.org","@graph":[{"@type":"WebPage","@id":"https:\/\/www.masystemutbildning.se\/sv-se\/kundservice-support\/upphovsratt\/","url":"https:\/\/www.masystemutbildning.se\/sv-se\/kundservice-support\/upphovsratt\/","name":"Upphovsr\u00e4tt - MA-system Utbildning AB","isPartOf":{"@id":"https:\/\/www.masystemutbildning.se\/sv-se\/#website"},"primaryImageOfPage":{"@id":"https:\/\/www.masystemutbildning.se\/sv-se\/kundservice-support\/upphovsratt\/#primaryimage"},"image":{"@id":"https:\/\/www.masystemutbildning.se\/sv-se\/kundservice-support\/upphovsratt\/#primaryimage"},"thumbnailUrl":"https:\/\/www.masystemutbildning.se\/sv-se\/wp-content\/uploads\/2024\/03\/cropped-ma-system-1.png","datePublished":"2025-11-19T14:30:42+00:00","dateModified":"2025-11-19T14:30:43+00:00","description":"Samtliga texter, foton och illustrationer i MA-systems utbildningsmaterial och p\u00e5 v\u00e5ra webbplatser utg\u00f6r upphovsr\u00e4ttsligt skyddade verk","breadcrumb":{"@id":"https:\/\/www.masystemutbildning.se\/sv-se\/kundservice-support\/upphovsratt\/#breadcrumb"},"inLanguage":"sv-SE","potentialAction":[{"@type":"ReadAction","target":["https:\/\/www.masystemutbildning.se\/sv-se\/kundservice-support\/upphovsratt\/"]}]},{"@type":"ImageObject","inLanguage":"sv-SE","@id":"https:\/\/www.masystemutbildning.se\/sv-se\/kundservice-support\/upphovsratt\/#primaryimage","url":"https:\/\/www.masystemutbildning.se\/sv-se\/wp-content\/uploads\/2024\/03\/cropped-ma-system-1.png","contentUrl":"https:\/\/www.masystemutbildning.se\/sv-se\/wp-content\/uploads\/2024\/03\/cropped-ma-system-1.png","width":512,"height":512},{"@type":"BreadcrumbList","@id":"https:\/\/www.masystemutbildning.se\/sv-se\/kundservice-support\/upphovsratt\/#breadcrumb","itemListElement":[{"@type":"ListItem","position":1,"name":"Home","item":"https:\/\/www.masystemutbildning.se\/sv-se\/"},{"@type":"ListItem","position":2,"name":"Kundservice &amp; support","item":"https:\/\/www.masystemutbildning.se\/sv-se\/kundservice-support\/"},{"@type":"ListItem","position":3,"name":"Upphovsr\u00e4tt"}]},{"@type":"WebSite","@id":"https:\/\/www.masystemutbildning.se\/sv-se\/#website","url":"https:\/\/www.masystemutbildning.se\/sv-se\/","name":"MA-system Utbildning AB","description":"","publisher":{"@id":"https:\/\/www.masystemutbildning.se\/sv-se\/#organization"},"potentialAction":[{"@type":"SearchAction","target":{"@type":"EntryPoint","urlTemplate":"https:\/\/www.masystemutbildning.se\/sv-se\/?s={search_term_string}"},"query-input":{"@type":"PropertyValueSpecification","valueRequired":true,"valueName":"search_term_string"}}],"inLanguage":"sv-SE"},{"@type":"Organization","@id":"https:\/\/www.masystemutbildning.se\/sv-se\/#organization","name":"MA-system Utbildning AB","url":"https:\/\/www.masystemutbildning.se\/sv-se\/","logo":{"@type":"ImageObject","inLanguage":"sv-SE","@id":"https:\/\/www.masystemutbildning.se\/sv-se\/#\/schema\/logo\/image\/","url":"https:\/\/www.masystemutbildning.se\/sv-se\/wp-content\/uploads\/2026\/01\/MAsystem_50.webp","contentUrl":"https:\/\/www.masystemutbildning.se\/sv-se\/wp-content\/uploads\/2026\/01\/MAsystem_50.webp","width":1080,"height":829,"caption":"MA-system Utbildning AB"},"image":{"@id":"https:\/\/www.masystemutbildning.se\/sv-se\/#\/schema\/logo\/image\/"},"sameAs":["https:\/\/www.facebook.com\/masystemutbildning","https:\/\/x.com\/mautbildning","https:\/\/www.instagram.com\/masystemutbildning\/","https:\/\/www.linkedin.com\/company\/ma-system-utbildning-ab\/"]}]}},"_links":{"self":[{"href":"https:\/\/www.masystemutbildning.se\/sv-se\/wp-json\/wp\/v2\/pages\/9575","targetHints":{"allow":["GET"]}}],"collection":[{"href":"https:\/\/www.masystemutbildning.se\/sv-se\/wp-json\/wp\/v2\/pages"}],"about":[{"href":"https:\/\/www.masystemutbildning.se\/sv-se\/wp-json\/wp\/v2\/types\/page"}],"author":[{"embeddable":true,"href":"https:\/\/www.masystemutbildning.se\/sv-se\/wp-json\/wp\/v2\/users\/3"}],"replies":[{"embeddable":true,"href":"https:\/\/www.masystemutbildning.se\/sv-se\/wp-json\/wp\/v2\/comments?post=9575"}],"version-history":[{"count":4,"href":"https:\/\/www.masystemutbildning.se\/sv-se\/wp-json\/wp\/v2\/pages\/9575\/revisions"}],"predecessor-version":[{"id":9579,"href":"https:\/\/www.masystemutbildning.se\/sv-se\/wp-json\/wp\/v2\/pages\/9575\/revisions\/9579"}],"up":[{"embeddable":true,"href":"https:\/\/www.masystemutbildning.se\/sv-se\/wp-json\/wp\/v2\/pages\/88"}],"wp:featuredmedia":[{"embeddable":true,"href":"https:\/\/www.masystemutbildning.se\/sv-se\/wp-json\/wp\/v2\/media\/4446"}],"wp:attachment":[{"href":"https:\/\/www.masystemutbildning.se\/sv-se\/wp-json\/wp\/v2\/media?parent=9575"}],"curies":[{"name":"wp","href":"https:\/\/api.w.org\/{rel}","templated":true}]}}