{"id":82,"date":"2023-09-25T09:51:20","date_gmt":"2023-09-25T09:51:20","guid":{"rendered":"https:\/\/www.masystemutbildning.se\/sv-se\/?page_id=82"},"modified":"2024-12-18T11:57:05","modified_gmt":"2024-12-18T09:57:05","slug":"boka-kurs","status":"publish","type":"page","link":"https:\/\/www.masystemutbildning.se\/sv-se\/instruktorsutbildning\/boka-kurs\/","title":{"rendered":"Boka kurs"},"content":{"rendered":"\t\t<div data-elementor-type=\"wp-page\" data-elementor-id=\"82\" class=\"elementor elementor-82\" data-elementor-post-type=\"page\">\n\t\t\t\t<div class=\"elementor-element elementor-element-37ea6d8e sharp-cut e-flex e-con-boxed e-con e-parent\" data-id=\"37ea6d8e\" data-element_type=\"container\" data-e-type=\"container\" data-settings=\"{&quot;background_background&quot;:&quot;classic&quot;}\">\n\t\t\t\t\t<div class=\"e-con-inner\">\n\t\t<div class=\"elementor-element elementor-element-87bd509 e-flex e-con-boxed e-con e-child\" data-id=\"87bd509\" data-element_type=\"container\" data-e-type=\"container\">\n\t\t\t\t\t<div class=\"e-con-inner\">\n\t\t\t\t<div class=\"elementor-element elementor-element-2ee0b24d elementor-widget elementor-widget-heading\" data-id=\"2ee0b24d\" data-element_type=\"widget\" data-e-type=\"widget\" data-widget_type=\"heading.default\">\n\t\t\t\t<div class=\"elementor-widget-container\">\n\t\t\t\t\t<h1 class=\"elementor-heading-title elementor-size-default\">Boka instrukt\u00f6rs&shy;utbildning.<\/h1>\t\t\t\t<\/div>\n\t\t\t\t<\/div>\n\t\t\t\t\t<\/div>\n\t\t\t\t<\/div>\n\t\t\t\t\t<\/div>\n\t\t\t\t<\/div>\n\t\t<div class=\"elementor-element elementor-element-5c3d3c04 e-flex e-con-boxed e-con e-parent\" data-id=\"5c3d3c04\" data-element_type=\"container\" data-e-type=\"container\">\n\t\t\t\t\t<div class=\"e-con-inner\">\n\t\t<div class=\"elementor-element elementor-element-178baae1 e-con-full e-flex e-con e-child\" data-id=\"178baae1\" data-element_type=\"container\" data-e-type=\"container\">\n\t\t\t\t<div class=\"elementor-element elementor-element-1537581 elementor-widget elementor-widget-text-editor\" data-id=\"1537581\" data-element_type=\"widget\" data-e-type=\"widget\" data-widget_type=\"text-editor.default\">\n\t\t\t\t<div class=\"elementor-widget-container\">\n\t\t\t\t\t\t\t\t\t<p>Vill du ocks\u00e5 g\u00e5 en av v\u00e5ra popul\u00e4ra instrukt\u00f6rsutbildningar? Boka din plats via formul\u00e4ret nedan.<\/p>\t\t\t\t\t\t\t\t<\/div>\n\t\t\t\t<\/div>\n\t\t\t\t<div class=\"elementor-element elementor-element-591087e elementor-widget elementor-widget-text-editor\" data-id=\"591087e\" data-element_type=\"widget\" data-e-type=\"widget\" data-widget_type=\"text-editor.default\">\n\t\t\t\t<div class=\"elementor-widget-container\">\n\t\t\t\t\t\t\t\t\t<p>Bokningen genomf\u00f6rs i fem enkla steg:<\/p>\t\t\t\t\t\t\t\t<\/div>\n\t\t\t\t<\/div>\n\t\t\t\t<\/div>\n\t\t\t\t<div class=\"elementor-element elementor-element-59c3d6c elementor-icon-list--layout-traditional elementor-list-item-link-full_width elementor-widget elementor-widget-icon-list\" data-id=\"59c3d6c\" data-element_type=\"widget\" data-e-type=\"widget\" data-widget_type=\"icon-list.default\">\n\t\t\t\t<div class=\"elementor-widget-container\">\n\t\t\t\t\t\t\t<ul class=\"elementor-icon-list-items\">\n\t\t\t\t\t\t\t<li class=\"elementor-icon-list-item\">\n\t\t\t\t\t\t\t\t\t\t\t<span class=\"elementor-icon-list-icon\">\n\t\t\t\t\t\t\t<svg xmlns=\"http:\/\/www.w3.org\/2000\/svg\" width=\"48\" height=\"48\" viewBox=\"0 0 48 48\" fill=\"none\"><circle cx=\"24\" cy=\"24\" r=\"23\" stroke=\"#0078BF\" stroke-width=\"2\"><\/circle><path d=\"M25.9709 16.4545V31H24.2095V18.3011H24.1243L20.5732 20.6591V18.8693L24.2095 16.4545H25.9709Z\" fill=\"#0078BF\"><\/path><\/svg>\t\t\t\t\t\t<\/span>\n\t\t\t\t\t\t\t\t\t\t<span class=\"elementor-icon-list-text\">Fyll i f\u00f6retagsuppgifter<\/span>\n\t\t\t\t\t\t\t\t\t<\/li>\n\t\t\t\t\t\t\t\t<li class=\"elementor-icon-list-item\">\n\t\t\t\t\t\t\t\t\t\t\t<span class=\"elementor-icon-list-icon\">\n\t\t\t\t\t\t\t<svg xmlns=\"http:\/\/www.w3.org\/2000\/svg\" width=\"48\" height=\"48\" viewBox=\"0 0 48 48\" fill=\"none\"><circle cx=\"24\" cy=\"24\" r=\"23\" stroke=\"#0078BF\" stroke-width=\"2\"><\/circle><path d=\"M19.451 31V29.7216L24.2521 24.4659C24.8156 23.8504 25.2796 23.3153 25.6442 22.8608C26.0088 22.4015 26.2786 21.9706 26.4538 21.5682C26.6338 21.161 26.7237 20.7348 26.7237 20.2898C26.7237 19.7784 26.6006 19.3357 26.3544 18.9616C26.1129 18.5876 25.7815 18.2988 25.3601 18.0952C24.9387 17.8916 24.4652 17.7898 23.9396 17.7898C23.3809 17.7898 22.8932 17.9058 22.4766 18.1378C22.0646 18.3651 21.745 18.6847 21.5178 19.0966C21.2952 19.5085 21.1839 19.9915 21.1839 20.5455H19.5078C19.5078 19.6932 19.7043 18.9451 20.0973 18.3011C20.4903 17.6572 21.0253 17.1553 21.7024 16.7955C22.3842 16.4356 23.1489 16.2557 23.9964 16.2557C24.8487 16.2557 25.6039 16.4356 26.2621 16.7955C26.9202 17.1553 27.4363 17.6406 27.8104 18.2514C28.1844 18.8622 28.3714 19.5417 28.3714 20.2898C28.3714 20.8248 28.2744 21.348 28.0803 21.8594C27.8909 22.366 27.5594 22.9318 27.0859 23.5568C26.6172 24.1771 25.9661 24.9347 25.1328 25.8295L21.8658 29.3239V29.4375H28.6271V31H19.451Z\" fill=\"#0078BF\"><\/path><\/svg>\t\t\t\t\t\t<\/span>\n\t\t\t\t\t\t\t\t\t\t<span class=\"elementor-icon-list-text\">Fyll i orderinformation<\/span>\n\t\t\t\t\t\t\t\t\t<\/li>\n\t\t\t\t\t\t\t\t<li class=\"elementor-icon-list-item\">\n\t\t\t\t\t\t\t\t\t\t\t<span class=\"elementor-icon-list-icon\">\n\t\t\t\t\t\t\t<svg xmlns=\"http:\/\/www.w3.org\/2000\/svg\" width=\"48\" height=\"48\" viewBox=\"0 0 48 48\" fill=\"none\"><circle cx=\"24\" cy=\"24\" r=\"23\" stroke=\"#0078BF\" stroke-width=\"2\"><\/circle><path d=\"M24.0533 31.1989C23.1158 31.1989 22.2801 31.0379 21.5462 30.7159C20.817 30.3939 20.237 29.9465 19.8061 29.3736C19.38 28.7959 19.148 28.1259 19.1101 27.3636H20.8999C20.9377 27.8324 21.0987 28.2372 21.3828 28.5781C21.6669 28.9143 22.0386 29.1747 22.4979 29.3594C22.9571 29.544 23.4661 29.6364 24.0249 29.6364C24.6499 29.6364 25.2038 29.5275 25.6868 29.3097C26.1697 29.0919 26.5485 28.7888 26.8232 28.4006C27.0978 28.0123 27.2351 27.5625 27.2351 27.0511C27.2351 26.5161 27.1025 26.045 26.8374 25.6378C26.5722 25.2259 26.1839 24.9039 25.6726 24.6719C25.1612 24.4399 24.5362 24.3239 23.7976 24.3239H22.6328V22.7614H23.7976C24.3752 22.7614 24.8819 22.6572 25.3175 22.4489C25.7578 22.2405 26.1011 21.947 26.3473 21.5682C26.5982 21.1894 26.7237 20.7443 26.7237 20.233C26.7237 19.7405 26.6148 19.312 26.397 18.9474C26.1792 18.5829 25.8714 18.2988 25.4737 18.0952C25.0807 17.8916 24.6167 17.7898 24.0817 17.7898C23.5798 17.7898 23.1063 17.8821 22.6612 18.0668C22.2209 18.2467 21.861 18.5095 21.5817 18.8551C21.3023 19.196 21.1508 19.608 21.1271 20.0909H19.4226C19.451 19.3286 19.6806 18.661 20.1115 18.0881C20.5424 17.5104 21.1058 17.0606 21.8018 16.7386C22.5026 16.4167 23.272 16.2557 24.1101 16.2557C25.0097 16.2557 25.7815 16.438 26.4254 16.8026C27.0694 17.1624 27.5642 17.6383 27.9098 18.2301C28.2554 18.822 28.4283 19.4612 28.4283 20.1477C28.4283 20.9669 28.2128 21.6652 27.782 22.2429C27.3558 22.8205 26.7758 23.2206 26.0419 23.4432V23.5568C26.9605 23.7083 27.6778 24.099 28.1939 24.7287C28.71 25.3537 28.968 26.1278 28.968 27.0511C28.968 27.8419 28.7526 28.5521 28.3217 29.1818C27.8956 29.8068 27.3132 30.2992 26.5746 30.6591C25.8359 31.0189 24.9955 31.1989 24.0533 31.1989Z\" fill=\"#0078BF\"><\/path><\/svg>\t\t\t\t\t\t<\/span>\n\t\t\t\t\t\t\t\t\t\t<span class=\"elementor-icon-list-text\">Fyll i kontaktuppgifter<\/span>\n\t\t\t\t\t\t\t\t\t<\/li>\n\t\t\t\t\t\t\t\t<li class=\"elementor-icon-list-item\">\n\t\t\t\t\t\t\t\t\t\t\t<span class=\"elementor-icon-list-icon\">\n\t\t\t\t\t\t\t<svg xmlns=\"http:\/\/www.w3.org\/2000\/svg\" width=\"48\" height=\"48\" viewBox=\"0 0 48 48\" fill=\"none\"><circle cx=\"24\" cy=\"24\" r=\"23\" stroke=\"#0078BF\" stroke-width=\"2\"><\/circle><path d=\"M18.7488 28.017V26.5682L25.1408 16.4545H26.1919V18.6989H25.4817L20.6522 26.3409V26.4545H29.2601V28.017H18.7488ZM25.5953 31V27.5767V26.902V16.4545H27.2715V31H25.5953Z\" fill=\"#0078BF\"><\/path><\/svg>\t\t\t\t\t\t<\/span>\n\t\t\t\t\t\t\t\t\t\t<span class=\"elementor-icon-list-text\">Fyll i kursdeltagaruppgifter (valfritt)<\/span>\n\t\t\t\t\t\t\t\t\t<\/li>\n\t\t\t\t\t\t\t\t<li class=\"elementor-icon-list-item\">\n\t\t\t\t\t\t\t\t\t\t\t<span class=\"elementor-icon-list-icon\">\n\t\t\t\t\t\t\t<svg xmlns=\"http:\/\/www.w3.org\/2000\/svg\" id=\"Lager_1\" viewBox=\"0 0 48 48\"><defs><style>      .st0 {        font-family: Roboto-Regular, Roboto;        font-size: 20px;      }      .st0, .st1 {        fill: #0078bf;      }    <\/style><\/defs><path class=\"st1\" d=\"M24,2c12.1308441,0,22,9.8691559,22,22s-9.8691559,22-22,22S2,36.1308441,2,24,11.8691559,2,24,2M24,0C10.7451668,0,0,10.7451668,0,24s10.7451668,24,24,24,24-10.7451668,24-24S37.2548332,0,24,0h0Z\"><\/path><text class=\"st0\" transform=\"translate(18.3847656 30.8447266)\"><tspan x=\"0\" y=\"0\">5<\/tspan><\/text><\/svg>\t\t\t\t\t\t<\/span>\n\t\t\t\t\t\t\t\t\t\t<span class=\"elementor-icon-list-text\">Skicka<\/span>\n\t\t\t\t\t\t\t\t\t<\/li>\n\t\t\t\t\t\t<\/ul>\n\t\t\t\t\t\t<\/div>\n\t\t\t\t<\/div>\n\t\t\t\t<div class=\"elementor-element elementor-element-0617969 elementor-widget elementor-widget-text-editor\" data-id=\"0617969\" data-element_type=\"widget\" data-e-type=\"widget\" data-widget_type=\"text-editor.default\">\n\t\t\t\t<div class=\"elementor-widget-container\">\n\t\t\t\t\t\t\t\t\t<p><strong>Klart!<\/strong> Du f\u00e5r inom kort en bokningssammanfattning via e-post.<\/p>\t\t\t\t\t\t\t\t<\/div>\n\t\t\t\t<\/div>\n\t\t\t\t\t<\/div>\n\t\t\t\t<\/div>\n\t\t<div class=\"elementor-element elementor-element-f59ed67 e-flex e-con-boxed e-con e-parent\" data-id=\"f59ed67\" data-element_type=\"container\" data-e-type=\"container\">\n\t\t\t\t\t<div class=\"e-con-inner\">\n\t\t\t\t<div class=\"elementor-element elementor-element-e75a82b elementor-widget elementor-widget-html\" data-id=\"e75a82b\" data-element_type=\"widget\" data-e-type=\"widget\" data-widget_type=\"html.default\">\n\t\t\t\t<div class=\"elementor-widget-container\">\n\t\t\t\t\t<iframe src=\"https:\/\/coursebookingform.azurewebsites.net\/?iframeKey=masystemutbildning\" style=\"width:100%; height:900px\"><\/iframe>\t\t\t\t<\/div>\n\t\t\t\t<\/div>\n\t\t\t\t\t<\/div>\n\t\t\t\t<\/div>\n\t\t<div class=\"elementor-element elementor-element-6ae86b9d e-grid e-con-boxed e-con e-parent\" data-id=\"6ae86b9d\" data-element_type=\"container\" data-e-type=\"container\">\n\t\t\t\t\t<div class=\"e-con-inner\">\n\t\t<div class=\"elementor-element elementor-element-7a1add90 e-flex e-con-boxed e-con e-child\" data-id=\"7a1add90\" data-element_type=\"container\" data-e-type=\"container\" data-settings=\"{&quot;background_background&quot;:&quot;classic&quot;}\">\n\t\t\t\t\t<div class=\"e-con-inner\">\n\t\t\t\t<div class=\"elementor-element elementor-element-4cc5b9f0 elementor-widget elementor-widget-heading\" data-id=\"4cc5b9f0\" data-element_type=\"widget\" data-e-type=\"widget\" data-widget_type=\"heading.default\">\n\t\t\t\t<div class=\"elementor-widget-container\">\n\t\t\t\t\t<h2 class=\"elementor-heading-title elementor-size-default\">MODERNA INSTRUKT\u00d6RS&shy;UTBILDNINGAR.<\/h2>\t\t\t\t<\/div>\n\t\t\t\t<\/div>\n\t\t\t\t<div class=\"elementor-element elementor-element-1e10b9b elementor-widget elementor-widget-text-editor\" data-id=\"1e10b9b\" data-element_type=\"widget\" data-e-type=\"widget\" data-widget_type=\"text-editor.default\">\n\t\t\t\t<div class=\"elementor-widget-container\">\n\t\t\t\t\t\t\t\t\t<p>Vi utbildar den som vill bli instrukt\u00f6r inom truck, lift, kran, fallskydd och ansvarsfr\u00e5gor. Det passar utm\u00e4rkt f\u00f6r dig som vill utbilda internt p\u00e5 f\u00f6retaget eller dig som utbildar \u00e4ven utanf\u00f6r din egen organisation.<\/p>\t\t\t\t\t\t\t\t<\/div>\n\t\t\t\t<\/div>\n\t\t<div class=\"elementor-element elementor-element-511b8ed9 e-flex e-con-boxed e-con e-child\" data-id=\"511b8ed9\" data-element_type=\"container\" data-e-type=\"container\">\n\t\t\t\t\t<div class=\"e-con-inner\">\n\t\t\t\t<div class=\"elementor-element elementor-element-5cef6360 sharp-cut-button elementor-widget elementor-widget-button\" data-id=\"5cef6360\" data-element_type=\"widget\" data-e-type=\"widget\" data-widget_type=\"button.default\">\n\t\t\t\t<div class=\"elementor-widget-container\">\n\t\t\t\t\t\t\t\t\t<div class=\"elementor-button-wrapper\">\n\t\t\t\t\t<a class=\"elementor-button elementor-button-link elementor-size-sm\" href=\"https:\/\/www.masystemutbildning.se\/sv-se\/instruktorsutbildning\/vara-utbildningar\/\">\n\t\t\t\t\t\t<span class=\"elementor-button-content-wrapper\">\n\t\t\t\t\t\t<span class=\"elementor-button-icon\">\n\t\t\t\t<i aria-hidden=\"true\" class=\"icon icon-arrow-right\"><\/i>\t\t\t<\/span>\n\t\t\t\t\t\t\t\t\t<span class=\"elementor-button-text\">V\u00e5ra utbildningar<\/span>\n\t\t\t\t\t<\/span>\n\t\t\t\t\t<\/a>\n\t\t\t\t<\/div>\n\t\t\t\t\t\t\t\t<\/div>\n\t\t\t\t<\/div>\n\t\t\t\t\t<\/div>\n\t\t\t\t<\/div>\n\t\t\t\t\t<\/div>\n\t\t\t\t<\/div>\n\t\t<div class=\"elementor-element elementor-element-3022f8ea e-flex e-con-boxed e-con e-child\" data-id=\"3022f8ea\" data-element_type=\"container\" data-e-type=\"container\" data-settings=\"{&quot;background_background&quot;:&quot;classic&quot;}\">\n\t\t\t\t\t<div class=\"e-con-inner\">\n\t\t\t\t\t<\/div>\n\t\t\t\t<\/div>\n\t\t\t\t\t<\/div>\n\t\t\t\t<\/div>\n\t\t\t\t<\/div>\n\t\t","protected":false},"excerpt":{"rendered":"<p>Boka instrukt\u00f6rs&shy;utbildning. Vill du ocks\u00e5 g\u00e5 en av v\u00e5ra popul\u00e4ra instrukt\u00f6rsutbildningar? Boka din plats via formul\u00e4ret nedan. Bokningen genomf\u00f6rs i fem enkla steg: Fyll i f\u00f6retagsuppgifter Fyll i orderinformation Fyll i kontaktuppgifter Fyll i kursdeltagaruppgifter (valfritt) 5 Skicka Klart! Du f\u00e5r inom kort en bokningssammanfattning via e-post. MODERNA INSTRUKT\u00d6RS&shy;UTBILDNINGAR. Vi utbildar den som vill bli [&hellip;]<\/p>\n","protected":false},"author":3,"featured_media":5153,"parent":80,"menu_order":0,"comment_status":"closed","ping_status":"closed","template":"","meta":{"_acf_changed":false,"footnotes":""},"class_list":["post-82","page","type-page","status-publish","has-post-thumbnail","hentry"],"acf":[],"yoast_head":"<!-- This site is optimized with the Yoast SEO Premium plugin v26.9 (Yoast SEO v27.3) - https:\/\/yoast.com\/product\/yoast-seo-premium-wordpress\/ -->\n<title>Boka kurs - MA-system Utbildning AB<\/title>\n<meta name=\"description\" content=\"Vill du ocks\u00e5 g\u00e5 en av v\u00e5ra popul\u00e4ra instrukt\u00f6rsutbildningar? V\u00e4lj ort, utbildning och boka din plats via v\u00e5r hemsida!\" \/>\n<meta name=\"robots\" content=\"index, follow, max-snippet:-1, max-image-preview:large, max-video-preview:-1\" \/>\n<link rel=\"canonical\" href=\"https:\/\/www.masystemutbildning.se\/sv-se\/instruktorsutbildning\/boka-kurs\/\" \/>\n<meta property=\"og:locale\" content=\"sv_SE\" \/>\n<meta property=\"og:type\" content=\"article\" \/>\n<meta property=\"og:title\" content=\"Boka kurs\" \/>\n<meta property=\"og:description\" content=\"Vill du ocks\u00e5 g\u00e5 en av v\u00e5ra popul\u00e4ra instrukt\u00f6rsutbildningar? V\u00e4lj ort, utbildning och boka din plats via v\u00e5r hemsida!\" \/>\n<meta property=\"og:url\" content=\"https:\/\/www.masystemutbildning.se\/sv-se\/instruktorsutbildning\/boka-kurs\/\" \/>\n<meta property=\"og:site_name\" content=\"MA-system Utbildning AB\" \/>\n<meta property=\"article:publisher\" content=\"https:\/\/www.facebook.com\/masystemutbildning\" \/>\n<meta property=\"article:modified_time\" content=\"2024-12-18T09:57:05+00:00\" \/>\n<meta property=\"og:image\" content=\"https:\/\/www.masystemutbildning.se\/sv-se\/wp-content\/uploads\/2024\/05\/Pyntbild_14.png\" \/>\n\t<meta property=\"og:image:width\" content=\"1080\" \/>\n\t<meta property=\"og:image:height\" content=\"1080\" \/>\n\t<meta property=\"og:image:type\" content=\"image\/png\" \/>\n<meta name=\"twitter:card\" content=\"summary_large_image\" \/>\n<meta name=\"twitter:site\" content=\"@mautbildning\" \/>\n<meta name=\"twitter:label1\" content=\"Est. reading time\" \/>\n\t<meta name=\"twitter:data1\" content=\"1 minut\" \/>\n<script type=\"application\/ld+json\" class=\"yoast-schema-graph\">{\"@context\":\"https:\\\/\\\/schema.org\",\"@graph\":[{\"@type\":\"WebPage\",\"@id\":\"https:\\\/\\\/www.masystemutbildning.se\\\/sv-se\\\/instruktorsutbildning\\\/boka-kurs\\\/\",\"url\":\"https:\\\/\\\/www.masystemutbildning.se\\\/sv-se\\\/instruktorsutbildning\\\/boka-kurs\\\/\",\"name\":\"Boka kurs - MA-system Utbildning AB\",\"isPartOf\":{\"@id\":\"https:\\\/\\\/www.masystemutbildning.se\\\/sv-se\\\/#website\"},\"primaryImageOfPage\":{\"@id\":\"https:\\\/\\\/www.masystemutbildning.se\\\/sv-se\\\/instruktorsutbildning\\\/boka-kurs\\\/#primaryimage\"},\"image\":{\"@id\":\"https:\\\/\\\/www.masystemutbildning.se\\\/sv-se\\\/instruktorsutbildning\\\/boka-kurs\\\/#primaryimage\"},\"thumbnailUrl\":\"https:\\\/\\\/www.masystemutbildning.se\\\/sv-se\\\/wp-content\\\/uploads\\\/2024\\\/05\\\/Pyntbild_14.png\",\"datePublished\":\"2023-09-25T09:51:20+00:00\",\"dateModified\":\"2024-12-18T09:57:05+00:00\",\"description\":\"Vill du ocks\u00e5 g\u00e5 en av v\u00e5ra popul\u00e4ra instrukt\u00f6rsutbildningar? V\u00e4lj ort, utbildning och boka din plats via v\u00e5r hemsida!\",\"breadcrumb\":{\"@id\":\"https:\\\/\\\/www.masystemutbildning.se\\\/sv-se\\\/instruktorsutbildning\\\/boka-kurs\\\/#breadcrumb\"},\"inLanguage\":\"sv-SE\",\"potentialAction\":[{\"@type\":\"ReadAction\",\"target\":[\"https:\\\/\\\/www.masystemutbildning.se\\\/sv-se\\\/instruktorsutbildning\\\/boka-kurs\\\/\"]}]},{\"@type\":\"ImageObject\",\"inLanguage\":\"sv-SE\",\"@id\":\"https:\\\/\\\/www.masystemutbildning.se\\\/sv-se\\\/instruktorsutbildning\\\/boka-kurs\\\/#primaryimage\",\"url\":\"https:\\\/\\\/www.masystemutbildning.se\\\/sv-se\\\/wp-content\\\/uploads\\\/2024\\\/05\\\/Pyntbild_14.png\",\"contentUrl\":\"https:\\\/\\\/www.masystemutbildning.se\\\/sv-se\\\/wp-content\\\/uploads\\\/2024\\\/05\\\/Pyntbild_14.png\",\"width\":1080,\"height\":1080},{\"@type\":\"BreadcrumbList\",\"@id\":\"https:\\\/\\\/www.masystemutbildning.se\\\/sv-se\\\/instruktorsutbildning\\\/boka-kurs\\\/#breadcrumb\",\"itemListElement\":[{\"@type\":\"ListItem\",\"position\":1,\"name\":\"Home\",\"item\":\"https:\\\/\\\/www.masystemutbildning.se\\\/sv-se\\\/\"},{\"@type\":\"ListItem\",\"position\":2,\"name\":\"Instrukt\u00f6rsutbildning\",\"item\":\"https:\\\/\\\/www.masystemutbildning.se\\\/sv-se\\\/instruktorsutbildning\\\/\"},{\"@type\":\"ListItem\",\"position\":3,\"name\":\"Boka kurs\"}]},{\"@type\":\"WebSite\",\"@id\":\"https:\\\/\\\/www.masystemutbildning.se\\\/sv-se\\\/#website\",\"url\":\"https:\\\/\\\/www.masystemutbildning.se\\\/sv-se\\\/\",\"name\":\"MA-system Utbildning AB\",\"description\":\"\",\"publisher\":{\"@id\":\"https:\\\/\\\/www.masystemutbildning.se\\\/sv-se\\\/#organization\"},\"potentialAction\":[{\"@type\":\"SearchAction\",\"target\":{\"@type\":\"EntryPoint\",\"urlTemplate\":\"https:\\\/\\\/www.masystemutbildning.se\\\/sv-se\\\/?s={search_term_string}\"},\"query-input\":{\"@type\":\"PropertyValueSpecification\",\"valueRequired\":true,\"valueName\":\"search_term_string\"}}],\"inLanguage\":\"sv-SE\"},{\"@type\":\"Organization\",\"@id\":\"https:\\\/\\\/www.masystemutbildning.se\\\/sv-se\\\/#organization\",\"name\":\"MA-system Utbildning AB\",\"url\":\"https:\\\/\\\/www.masystemutbildning.se\\\/sv-se\\\/\",\"logo\":{\"@type\":\"ImageObject\",\"inLanguage\":\"sv-SE\",\"@id\":\"https:\\\/\\\/www.masystemutbildning.se\\\/sv-se\\\/#\\\/schema\\\/logo\\\/image\\\/\",\"url\":\"https:\\\/\\\/www.masystemutbildning.se\\\/sv-se\\\/wp-content\\\/uploads\\\/2026\\\/01\\\/MAsystem_50.webp\",\"contentUrl\":\"https:\\\/\\\/www.masystemutbildning.se\\\/sv-se\\\/wp-content\\\/uploads\\\/2026\\\/01\\\/MAsystem_50.webp\",\"width\":1080,\"height\":829,\"caption\":\"MA-system Utbildning AB\"},\"image\":{\"@id\":\"https:\\\/\\\/www.masystemutbildning.se\\\/sv-se\\\/#\\\/schema\\\/logo\\\/image\\\/\"},\"sameAs\":[\"https:\\\/\\\/www.facebook.com\\\/masystemutbildning\",\"https:\\\/\\\/x.com\\\/mautbildning\",\"https:\\\/\\\/www.instagram.com\\\/masystemutbildning\\\/\",\"https:\\\/\\\/www.linkedin.com\\\/company\\\/ma-system-utbildning-ab\\\/\"]}]}<\/script>\n<!-- \/ Yoast SEO Premium plugin. -->","yoast_head_json":{"title":"Boka kurs - MA-system Utbildning AB","description":"Vill du ocks\u00e5 g\u00e5 en av v\u00e5ra popul\u00e4ra instrukt\u00f6rsutbildningar? V\u00e4lj ort, utbildning och boka din plats via v\u00e5r hemsida!","robots":{"index":"index","follow":"follow","max-snippet":"max-snippet:-1","max-image-preview":"max-image-preview:large","max-video-preview":"max-video-preview:-1"},"canonical":"https:\/\/www.masystemutbildning.se\/sv-se\/instruktorsutbildning\/boka-kurs\/","og_locale":"sv_SE","og_type":"article","og_title":"Boka kurs","og_description":"Vill du ocks\u00e5 g\u00e5 en av v\u00e5ra popul\u00e4ra instrukt\u00f6rsutbildningar? V\u00e4lj ort, utbildning och boka din plats via v\u00e5r hemsida!","og_url":"https:\/\/www.masystemutbildning.se\/sv-se\/instruktorsutbildning\/boka-kurs\/","og_site_name":"MA-system Utbildning AB","article_publisher":"https:\/\/www.facebook.com\/masystemutbildning","article_modified_time":"2024-12-18T09:57:05+00:00","og_image":[{"width":1080,"height":1080,"url":"https:\/\/www.masystemutbildning.se\/sv-se\/wp-content\/uploads\/2024\/05\/Pyntbild_14.png","type":"image\/png"}],"twitter_card":"summary_large_image","twitter_site":"@mautbildning","twitter_misc":{"Est. reading time":"1 minut"},"schema":{"@context":"https:\/\/schema.org","@graph":[{"@type":"WebPage","@id":"https:\/\/www.masystemutbildning.se\/sv-se\/instruktorsutbildning\/boka-kurs\/","url":"https:\/\/www.masystemutbildning.se\/sv-se\/instruktorsutbildning\/boka-kurs\/","name":"Boka kurs - MA-system Utbildning AB","isPartOf":{"@id":"https:\/\/www.masystemutbildning.se\/sv-se\/#website"},"primaryImageOfPage":{"@id":"https:\/\/www.masystemutbildning.se\/sv-se\/instruktorsutbildning\/boka-kurs\/#primaryimage"},"image":{"@id":"https:\/\/www.masystemutbildning.se\/sv-se\/instruktorsutbildning\/boka-kurs\/#primaryimage"},"thumbnailUrl":"https:\/\/www.masystemutbildning.se\/sv-se\/wp-content\/uploads\/2024\/05\/Pyntbild_14.png","datePublished":"2023-09-25T09:51:20+00:00","dateModified":"2024-12-18T09:57:05+00:00","description":"Vill du ocks\u00e5 g\u00e5 en av v\u00e5ra popul\u00e4ra instrukt\u00f6rsutbildningar? V\u00e4lj ort, utbildning och boka din plats via v\u00e5r hemsida!","breadcrumb":{"@id":"https:\/\/www.masystemutbildning.se\/sv-se\/instruktorsutbildning\/boka-kurs\/#breadcrumb"},"inLanguage":"sv-SE","potentialAction":[{"@type":"ReadAction","target":["https:\/\/www.masystemutbildning.se\/sv-se\/instruktorsutbildning\/boka-kurs\/"]}]},{"@type":"ImageObject","inLanguage":"sv-SE","@id":"https:\/\/www.masystemutbildning.se\/sv-se\/instruktorsutbildning\/boka-kurs\/#primaryimage","url":"https:\/\/www.masystemutbildning.se\/sv-se\/wp-content\/uploads\/2024\/05\/Pyntbild_14.png","contentUrl":"https:\/\/www.masystemutbildning.se\/sv-se\/wp-content\/uploads\/2024\/05\/Pyntbild_14.png","width":1080,"height":1080},{"@type":"BreadcrumbList","@id":"https:\/\/www.masystemutbildning.se\/sv-se\/instruktorsutbildning\/boka-kurs\/#breadcrumb","itemListElement":[{"@type":"ListItem","position":1,"name":"Home","item":"https:\/\/www.masystemutbildning.se\/sv-se\/"},{"@type":"ListItem","position":2,"name":"Instrukt\u00f6rsutbildning","item":"https:\/\/www.masystemutbildning.se\/sv-se\/instruktorsutbildning\/"},{"@type":"ListItem","position":3,"name":"Boka kurs"}]},{"@type":"WebSite","@id":"https:\/\/www.masystemutbildning.se\/sv-se\/#website","url":"https:\/\/www.masystemutbildning.se\/sv-se\/","name":"MA-system Utbildning AB","description":"","publisher":{"@id":"https:\/\/www.masystemutbildning.se\/sv-se\/#organization"},"potentialAction":[{"@type":"SearchAction","target":{"@type":"EntryPoint","urlTemplate":"https:\/\/www.masystemutbildning.se\/sv-se\/?s={search_term_string}"},"query-input":{"@type":"PropertyValueSpecification","valueRequired":true,"valueName":"search_term_string"}}],"inLanguage":"sv-SE"},{"@type":"Organization","@id":"https:\/\/www.masystemutbildning.se\/sv-se\/#organization","name":"MA-system Utbildning AB","url":"https:\/\/www.masystemutbildning.se\/sv-se\/","logo":{"@type":"ImageObject","inLanguage":"sv-SE","@id":"https:\/\/www.masystemutbildning.se\/sv-se\/#\/schema\/logo\/image\/","url":"https:\/\/www.masystemutbildning.se\/sv-se\/wp-content\/uploads\/2026\/01\/MAsystem_50.webp","contentUrl":"https:\/\/www.masystemutbildning.se\/sv-se\/wp-content\/uploads\/2026\/01\/MAsystem_50.webp","width":1080,"height":829,"caption":"MA-system Utbildning AB"},"image":{"@id":"https:\/\/www.masystemutbildning.se\/sv-se\/#\/schema\/logo\/image\/"},"sameAs":["https:\/\/www.facebook.com\/masystemutbildning","https:\/\/x.com\/mautbildning","https:\/\/www.instagram.com\/masystemutbildning\/","https:\/\/www.linkedin.com\/company\/ma-system-utbildning-ab\/"]}]}},"_links":{"self":[{"href":"https:\/\/www.masystemutbildning.se\/sv-se\/wp-json\/wp\/v2\/pages\/82","targetHints":{"allow":["GET"]}}],"collection":[{"href":"https:\/\/www.masystemutbildning.se\/sv-se\/wp-json\/wp\/v2\/pages"}],"about":[{"href":"https:\/\/www.masystemutbildning.se\/sv-se\/wp-json\/wp\/v2\/types\/page"}],"author":[{"embeddable":true,"href":"https:\/\/www.masystemutbildning.se\/sv-se\/wp-json\/wp\/v2\/users\/3"}],"replies":[{"embeddable":true,"href":"https:\/\/www.masystemutbildning.se\/sv-se\/wp-json\/wp\/v2\/comments?post=82"}],"version-history":[{"count":135,"href":"https:\/\/www.masystemutbildning.se\/sv-se\/wp-json\/wp\/v2\/pages\/82\/revisions"}],"predecessor-version":[{"id":8327,"href":"https:\/\/www.masystemutbildning.se\/sv-se\/wp-json\/wp\/v2\/pages\/82\/revisions\/8327"}],"up":[{"embeddable":true,"href":"https:\/\/www.masystemutbildning.se\/sv-se\/wp-json\/wp\/v2\/pages\/80"}],"wp:featuredmedia":[{"embeddable":true,"href":"https:\/\/www.masystemutbildning.se\/sv-se\/wp-json\/wp\/v2\/media\/5153"}],"wp:attachment":[{"href":"https:\/\/www.masystemutbildning.se\/sv-se\/wp-json\/wp\/v2\/media?parent=82"}],"curies":[{"name":"wp","href":"https:\/\/api.w.org\/{rel}","templated":true}]}}