{"id":7813,"date":"2024-09-03T15:37:11","date_gmt":"2024-09-03T13:37:11","guid":{"rendered":"https:\/\/www.masystemutbildning.se\/sv-se\/?page_id=7813"},"modified":"2025-02-12T17:15:23","modified_gmt":"2025-02-12T15:15:23","slug":"support","status":"publish","type":"page","link":"https:\/\/www.masystemutbildning.se\/sv-se\/kundservice-support\/support\/","title":{"rendered":"Support"},"content":{"rendered":"\t\t<div data-elementor-type=\"wp-page\" data-elementor-id=\"7813\" class=\"elementor elementor-7813\" data-elementor-post-type=\"page\">\n\t\t\t\t<div class=\"elementor-element elementor-element-ef29c17 sharp-cut e-flex e-con-boxed e-con e-parent\" data-id=\"ef29c17\" data-element_type=\"container\" data-settings=\"{&quot;background_background&quot;:&quot;classic&quot;}\">\n\t\t\t\t\t<div class=\"e-con-inner\">\n\t\t<div class=\"elementor-element elementor-element-5ebb4591 e-flex e-con-boxed e-con e-child\" data-id=\"5ebb4591\" data-element_type=\"container\">\n\t\t\t\t\t<div class=\"e-con-inner\">\n\t\t\t\t<div class=\"elementor-element elementor-element-2466446f elementor-widget elementor-widget-heading\" data-id=\"2466446f\" data-element_type=\"widget\" data-widget_type=\"heading.default\">\n\t\t\t\t<div class=\"elementor-widget-container\">\n\t\t\t\t\t<h1 class=\"elementor-heading-title elementor-size-default\">Support.<\/h1>\t\t\t\t<\/div>\n\t\t\t\t<\/div>\n\t\t\t\t\t<\/div>\n\t\t\t\t<\/div>\n\t\t\t\t\t<\/div>\n\t\t\t\t<\/div>\n\t\t<div class=\"elementor-element elementor-element-466b86 e-flex e-con-boxed e-con e-parent\" data-id=\"466b86\" data-element_type=\"container\">\n\t\t\t\t\t<div class=\"e-con-inner\">\n\t\t<div class=\"elementor-element elementor-element-21b0cfbb e-con-full e-flex e-con e-child\" data-id=\"21b0cfbb\" data-element_type=\"container\">\n\t\t\t\t<div class=\"elementor-element elementor-element-73921c5d elementor-widget elementor-widget-text-editor\" data-id=\"73921c5d\" data-element_type=\"widget\" data-widget_type=\"text-editor.default\">\n\t\t\t\t<div class=\"elementor-widget-container\">\n\t\t\t\t\t\t\t\t\t<p>Beh\u00f6ver du support och eller har du fr\u00e5gor? Vi hj\u00e4lper dig med teknisk support s\u00e5v\u00e4l som fr\u00e5gor r\u00f6rande utbildningar och utbildningsmaterial.\u00a0<\/p>\t\t\t\t\t\t\t\t<\/div>\n\t\t\t\t<\/div>\n\t\t\t\t<div class=\"elementor-element elementor-element-30e4cac elementor-widget elementor-widget-text-editor\" data-id=\"30e4cac\" data-element_type=\"widget\" data-widget_type=\"text-editor.default\">\n\t\t\t\t<div class=\"elementor-widget-container\">\n\t\t\t\t\t\t\t\t\t<p>Har du fr\u00e5gor g\u00e4llande v\u00e5ra digitala tj\u00e4nster? Titta g\u00e4rna igenom supportinformationen f\u00f6r den tj\u00e4nst du har problem med. Om du \u00e4nd\u00e5 inte kan l\u00f6sa problemet \u00e4r du v\u00e4lkommen att kontakta v\u00e5r support via telefon, formul\u00e4r eller epost.<\/p>\t\t\t\t\t\t\t\t<\/div>\n\t\t\t\t<\/div>\n\t\t\t\t<\/div>\n\t\t\t\t\t<\/div>\n\t\t\t\t<\/div>\n\t\t<div class=\"elementor-element elementor-element-5169c6c7 e-flex e-con-boxed e-con e-parent\" data-id=\"5169c6c7\" data-element_type=\"container\">\n\t\t\t\t\t<div class=\"e-con-inner\">\n\t\t\t\t<div class=\"elementor-element elementor-element-69566632 elementor-widget elementor-widget-heading\" data-id=\"69566632\" data-element_type=\"widget\" data-widget_type=\"heading.default\">\n\t\t\t\t<div class=\"elementor-widget-container\">\n\t\t\t\t\t<h2 class=\"elementor-heading-title elementor-size-default\">Kontakta support<\/h2>\t\t\t\t<\/div>\n\t\t\t\t<\/div>\n\t\t<div class=\"elementor-element elementor-element-25073f7c e-grid e-con-boxed e-con e-child\" data-id=\"25073f7c\" data-element_type=\"container\">\n\t\t\t\t\t<div class=\"e-con-inner\">\n\t\t<div class=\"elementor-element elementor-element-6db97f16 e-con-full sharp-cut e-flex e-con e-child\" data-id=\"6db97f16\" data-element_type=\"container\" data-settings=\"{&quot;background_background&quot;:&quot;classic&quot;}\">\n\t\t\t\t<div class=\"elementor-element elementor-element-29d84ca5 elementor-view-default elementor-widget elementor-widget-icon\" data-id=\"29d84ca5\" data-element_type=\"widget\" data-widget_type=\"icon.default\">\n\t\t\t\t<div class=\"elementor-widget-container\">\n\t\t\t\t\t\t\t<div class=\"elementor-icon-wrapper\">\n\t\t\t<div class=\"elementor-icon\">\n\t\t\t<svg xmlns=\"http:\/\/www.w3.org\/2000\/svg\" height=\"24px\" viewBox=\"0 -960 960 960\" width=\"24px\" fill=\"#0078BF\"><path d=\"M798-120q-125 0-247-54.5T329-329Q229-429 174.5-551T120-798q0-18 12-30t30-12h162q14 0 25 9.5t13 22.5l26 140q2 16-1 27t-11 19l-97 98q20 37 47.5 71.5T387-386q31 31 65 57.5t72 48.5l94-94q9-9 23.5-13.5T670-390l138 28q14 4 23 14.5t9 23.5v162q0 18-12 30t-30 12Z\"><\/path><\/svg>\t\t\t<\/div>\n\t\t<\/div>\n\t\t\t\t\t\t<\/div>\n\t\t\t\t<\/div>\n\t\t\t\t<div class=\"elementor-element elementor-element-636fa7c4 elementor-widget elementor-widget-heading\" data-id=\"636fa7c4\" data-element_type=\"widget\" data-widget_type=\"heading.default\">\n\t\t\t\t<div class=\"elementor-widget-container\">\n\t\t\t\t\t<h3 class=\"elementor-heading-title elementor-size-default\">Telefon<\/h3>\t\t\t\t<\/div>\n\t\t\t\t<\/div>\n\t\t\t\t<div class=\"elementor-element elementor-element-14e75be6 elementor-widget elementor-widget-text-editor\" data-id=\"14e75be6\" data-element_type=\"widget\" data-widget_type=\"text-editor.default\">\n\t\t\t\t<div class=\"elementor-widget-container\">\n\t\t\t\t\t\t\t\t\t<a href=\"tel:+4646329010\">046\u201332 90 10<\/a>\t\t\t\t\t\t\t\t<\/div>\n\t\t\t\t<\/div>\n\t\t\t\t<\/div>\n\t\t<div class=\"elementor-element elementor-element-41b06c6e e-con-full sharp-cut e-flex e-con e-child\" data-id=\"41b06c6e\" data-element_type=\"container\" data-settings=\"{&quot;background_background&quot;:&quot;classic&quot;}\">\n\t\t\t\t<div class=\"elementor-element elementor-element-731bf161 elementor-view-default elementor-widget elementor-widget-icon\" data-id=\"731bf161\" data-element_type=\"widget\" data-widget_type=\"icon.default\">\n\t\t\t\t<div class=\"elementor-widget-container\">\n\t\t\t\t\t\t\t<div class=\"elementor-icon-wrapper\">\n\t\t\t<div class=\"elementor-icon\">\n\t\t\t<svg xmlns=\"http:\/\/www.w3.org\/2000\/svg\" height=\"24px\" viewBox=\"0 -960 960 960\" width=\"24px\" fill=\"#0078BF\"><path d=\"M160-160q-33 0-56.5-23.5T80-240v-480q0-33 23.5-56.5T160-800h640q33 0 56.5 23.5T880-720v480q0 33-23.5 56.5T800-160H160Zm320-280 320-200v-80L480-520 160-720v80l320 200Z\"><\/path><\/svg>\t\t\t<\/div>\n\t\t<\/div>\n\t\t\t\t\t\t<\/div>\n\t\t\t\t<\/div>\n\t\t\t\t<div class=\"elementor-element elementor-element-321c131d elementor-widget elementor-widget-heading\" data-id=\"321c131d\" data-element_type=\"widget\" data-widget_type=\"heading.default\">\n\t\t\t\t<div class=\"elementor-widget-container\">\n\t\t\t\t\t<h3 class=\"elementor-heading-title elementor-size-default\">E-POST Tj\u00e4nster<\/h3>\t\t\t\t<\/div>\n\t\t\t\t<\/div>\n\t\t\t\t<div class=\"elementor-element elementor-element-69fcd52b elementor-widget elementor-widget-text-editor\" data-id=\"69fcd52b\" data-element_type=\"widget\" data-widget_type=\"text-editor.default\">\n\t\t\t\t<div class=\"elementor-widget-container\">\n\t\t\t\t\t\t\t\t\t<a href=\"mailto:support@eport.se\">support@eport.se<\/a>\t\t\t\t\t\t\t\t<\/div>\n\t\t\t\t<\/div>\n\t\t\t\t<\/div>\n\t\t<div class=\"elementor-element elementor-element-c618916 e-con-full sharp-cut e-flex e-con e-child\" data-id=\"c618916\" data-element_type=\"container\" data-settings=\"{&quot;background_background&quot;:&quot;classic&quot;}\">\n\t\t\t\t<div class=\"elementor-element elementor-element-87043c2 elementor-view-default elementor-widget elementor-widget-icon\" data-id=\"87043c2\" data-element_type=\"widget\" data-widget_type=\"icon.default\">\n\t\t\t\t<div class=\"elementor-widget-container\">\n\t\t\t\t\t\t\t<div class=\"elementor-icon-wrapper\">\n\t\t\t<div class=\"elementor-icon\">\n\t\t\t<svg xmlns=\"http:\/\/www.w3.org\/2000\/svg\" height=\"24px\" viewBox=\"0 -960 960 960\" width=\"24px\" fill=\"#0078BF\"><path d=\"M160-160q-33 0-56.5-23.5T80-240v-480q0-33 23.5-56.5T160-800h640q33 0 56.5 23.5T880-720v480q0 33-23.5 56.5T800-160H160Zm320-280 320-200v-80L480-520 160-720v80l320 200Z\"><\/path><\/svg>\t\t\t<\/div>\n\t\t<\/div>\n\t\t\t\t\t\t<\/div>\n\t\t\t\t<\/div>\n\t\t\t\t<div class=\"elementor-element elementor-element-27eddcc elementor-widget elementor-widget-heading\" data-id=\"27eddcc\" data-element_type=\"widget\" data-widget_type=\"heading.default\">\n\t\t\t\t<div class=\"elementor-widget-container\">\n\t\t\t\t\t<h3 class=\"elementor-heading-title elementor-size-default\">E-post \u00d6vrig support<\/h3>\t\t\t\t<\/div>\n\t\t\t\t<\/div>\n\t\t\t\t<div class=\"elementor-element elementor-element-45fb21c elementor-widget elementor-widget-text-editor\" data-id=\"45fb21c\" data-element_type=\"widget\" data-widget_type=\"text-editor.default\">\n\t\t\t\t<div class=\"elementor-widget-container\">\n\t\t\t\t\t\t\t\t\t<a href=\"mailto:education@masystem.se\">education@masystem.se<\/a>\t\t\t\t\t\t\t\t<\/div>\n\t\t\t\t<\/div>\n\t\t\t\t<\/div>\n\t\t\t\t\t<\/div>\n\t\t\t\t<\/div>\n\t\t\t\t\t<\/div>\n\t\t\t\t<\/div>\n\t\t<div class=\"elementor-element elementor-element-22ae73c7 e-flex e-con-boxed e-con e-parent\" data-id=\"22ae73c7\" data-element_type=\"container\">\n\t\t\t\t\t<div class=\"e-con-inner\">\n\t\t\t\t<div class=\"elementor-element elementor-element-14bda7bd elementor-widget__width-initial elementor-widget elementor-widget-eael-typeform\" data-id=\"14bda7bd\" data-element_type=\"widget\" data-widget_type=\"eael-typeform.default\">\n\t\t\t\t<div class=\"elementor-widget-container\">\n\t\t\t\t\t<div data-typeform=\"{&quot;url&quot;:&quot;https:\\\/\\\/masystem.typeform.com\\\/to\\\/uGrLHpWp&quot;,&quot;hideFooter&quot;:false,&quot;hideHeaders&quot;:false,&quot;opacity&quot;:&quot;&quot;}\" id=\"eael-type-form-14bda7bd\" class=\"eael-typeform clearfix fs_wp_sidebar fsBody eael-contact-form eael-typeform-align-default\"><\/div>\t\t\t\t<\/div>\n\t\t\t\t<\/div>\n\t\t\t\t\t<\/div>\n\t\t\t\t<\/div>\n\t\t\t\t<\/div>\n\t\t","protected":false},"excerpt":{"rendered":"","protected":false},"author":5,"featured_media":5153,"parent":88,"menu_order":0,"comment_status":"closed","ping_status":"closed","template":"","meta":{"_acf_changed":false,"footnotes":""},"class_list":["post-7813","page","type-page","status-publish","has-post-thumbnail","hentry"],"acf":[],"yoast_head":"<!-- This site is optimized with the Yoast SEO Premium plugin v26.9 (Yoast SEO v26.9) - https:\/\/yoast.com\/product\/yoast-seo-premium-wordpress\/ -->\n<title>Support - MA-system Utbildning AB<\/title>\n<meta name=\"description\" content=\"Beh\u00f6ver du support och eller har du fr\u00e5gor? Vi hj\u00e4lper dig med teknisk support s\u00e5v\u00e4l som fr\u00e5gor r\u00f6rande utbildningar och utbildningsmaterial.\" \/>\n<meta name=\"robots\" content=\"index, follow, max-snippet:-1, max-image-preview:large, max-video-preview:-1\" \/>\n<link rel=\"canonical\" href=\"https:\/\/www.masystemutbildning.se\/sv-se\/kundservice-support\/support\/\" \/>\n<meta property=\"og:locale\" content=\"sv_SE\" \/>\n<meta property=\"og:type\" content=\"article\" \/>\n<meta property=\"og:title\" content=\"Support\" \/>\n<meta property=\"og:description\" content=\"Beh\u00f6ver du support och eller har du fr\u00e5gor? Vi hj\u00e4lper dig med teknisk support s\u00e5v\u00e4l som fr\u00e5gor r\u00f6rande utbildningar och utbildningsmaterial.\" \/>\n<meta property=\"og:url\" content=\"https:\/\/www.masystemutbildning.se\/sv-se\/kundservice-support\/support\/\" \/>\n<meta property=\"og:site_name\" content=\"MA-system Utbildning AB\" \/>\n<meta property=\"article:publisher\" content=\"https:\/\/www.facebook.com\/masystemutbildning\" \/>\n<meta property=\"article:modified_time\" content=\"2025-02-12T15:15:23+00:00\" \/>\n<meta property=\"og:image\" content=\"https:\/\/www.masystemutbildning.se\/sv-se\/wp-content\/uploads\/2024\/05\/Pyntbild_14.png\" \/>\n\t<meta property=\"og:image:width\" content=\"1080\" \/>\n\t<meta property=\"og:image:height\" content=\"1080\" \/>\n\t<meta property=\"og:image:type\" content=\"image\/png\" \/>\n<meta name=\"twitter:card\" content=\"summary_large_image\" \/>\n<meta name=\"twitter:site\" content=\"@mautbildning\" \/>\n<meta name=\"twitter:label1\" content=\"Est. reading time\" \/>\n\t<meta name=\"twitter:data1\" content=\"1 minut\" \/>\n<script type=\"application\/ld+json\" class=\"yoast-schema-graph\">{\"@context\":\"https:\/\/schema.org\",\"@graph\":[{\"@type\":\"WebPage\",\"@id\":\"https:\/\/www.masystemutbildning.se\/sv-se\/kundservice-support\/support\/\",\"url\":\"https:\/\/www.masystemutbildning.se\/sv-se\/kundservice-support\/support\/\",\"name\":\"Support - MA-system Utbildning AB\",\"isPartOf\":{\"@id\":\"https:\/\/www.masystemutbildning.se\/sv-se\/#website\"},\"primaryImageOfPage\":{\"@id\":\"https:\/\/www.masystemutbildning.se\/sv-se\/kundservice-support\/support\/#primaryimage\"},\"image\":{\"@id\":\"https:\/\/www.masystemutbildning.se\/sv-se\/kundservice-support\/support\/#primaryimage\"},\"thumbnailUrl\":\"https:\/\/www.masystemutbildning.se\/sv-se\/wp-content\/uploads\/2024\/05\/Pyntbild_14.png\",\"datePublished\":\"2024-09-03T13:37:11+00:00\",\"dateModified\":\"2025-02-12T15:15:23+00:00\",\"description\":\"Beh\u00f6ver du support och eller har du fr\u00e5gor? Vi hj\u00e4lper dig med teknisk support s\u00e5v\u00e4l som fr\u00e5gor r\u00f6rande utbildningar och utbildningsmaterial.\",\"breadcrumb\":{\"@id\":\"https:\/\/www.masystemutbildning.se\/sv-se\/kundservice-support\/support\/#breadcrumb\"},\"inLanguage\":\"sv-SE\",\"potentialAction\":[{\"@type\":\"ReadAction\",\"target\":[\"https:\/\/www.masystemutbildning.se\/sv-se\/kundservice-support\/support\/\"]}]},{\"@type\":\"ImageObject\",\"inLanguage\":\"sv-SE\",\"@id\":\"https:\/\/www.masystemutbildning.se\/sv-se\/kundservice-support\/support\/#primaryimage\",\"url\":\"https:\/\/www.masystemutbildning.se\/sv-se\/wp-content\/uploads\/2024\/05\/Pyntbild_14.png\",\"contentUrl\":\"https:\/\/www.masystemutbildning.se\/sv-se\/wp-content\/uploads\/2024\/05\/Pyntbild_14.png\",\"width\":1080,\"height\":1080},{\"@type\":\"BreadcrumbList\",\"@id\":\"https:\/\/www.masystemutbildning.se\/sv-se\/kundservice-support\/support\/#breadcrumb\",\"itemListElement\":[{\"@type\":\"ListItem\",\"position\":1,\"name\":\"Home\",\"item\":\"https:\/\/www.masystemutbildning.se\/sv-se\/\"},{\"@type\":\"ListItem\",\"position\":2,\"name\":\"Kundservice &amp; support\",\"item\":\"https:\/\/www.masystemutbildning.se\/sv-se\/kundservice-support\/\"},{\"@type\":\"ListItem\",\"position\":3,\"name\":\"Support\"}]},{\"@type\":\"WebSite\",\"@id\":\"https:\/\/www.masystemutbildning.se\/sv-se\/#website\",\"url\":\"https:\/\/www.masystemutbildning.se\/sv-se\/\",\"name\":\"MA-system Utbildning AB\",\"description\":\"\",\"publisher\":{\"@id\":\"https:\/\/www.masystemutbildning.se\/sv-se\/#organization\"},\"potentialAction\":[{\"@type\":\"SearchAction\",\"target\":{\"@type\":\"EntryPoint\",\"urlTemplate\":\"https:\/\/www.masystemutbildning.se\/sv-se\/?s={search_term_string}\"},\"query-input\":{\"@type\":\"PropertyValueSpecification\",\"valueRequired\":true,\"valueName\":\"search_term_string\"}}],\"inLanguage\":\"sv-SE\"},{\"@type\":\"Organization\",\"@id\":\"https:\/\/www.masystemutbildning.se\/sv-se\/#organization\",\"name\":\"MA-system Utbildning AB\",\"url\":\"https:\/\/www.masystemutbildning.se\/sv-se\/\",\"logo\":{\"@type\":\"ImageObject\",\"inLanguage\":\"sv-SE\",\"@id\":\"https:\/\/www.masystemutbildning.se\/sv-se\/#\/schema\/logo\/image\/\",\"url\":\"https:\/\/www.masystemutbildning.se\/sv-se\/wp-content\/uploads\/2026\/01\/MAsystem_50.webp\",\"contentUrl\":\"https:\/\/www.masystemutbildning.se\/sv-se\/wp-content\/uploads\/2026\/01\/MAsystem_50.webp\",\"width\":1080,\"height\":829,\"caption\":\"MA-system Utbildning AB\"},\"image\":{\"@id\":\"https:\/\/www.masystemutbildning.se\/sv-se\/#\/schema\/logo\/image\/\"},\"sameAs\":[\"https:\/\/www.facebook.com\/masystemutbildning\",\"https:\/\/x.com\/mautbildning\",\"https:\/\/www.instagram.com\/masystemutbildning\/\",\"https:\/\/www.linkedin.com\/company\/ma-system-utbildning-ab\/\"]}]}<\/script>\n<!-- \/ Yoast SEO Premium plugin. -->","yoast_head_json":{"title":"Support - MA-system Utbildning AB","description":"Beh\u00f6ver du support och eller har du fr\u00e5gor? Vi hj\u00e4lper dig med teknisk support s\u00e5v\u00e4l som fr\u00e5gor r\u00f6rande utbildningar och utbildningsmaterial.","robots":{"index":"index","follow":"follow","max-snippet":"max-snippet:-1","max-image-preview":"max-image-preview:large","max-video-preview":"max-video-preview:-1"},"canonical":"https:\/\/www.masystemutbildning.se\/sv-se\/kundservice-support\/support\/","og_locale":"sv_SE","og_type":"article","og_title":"Support","og_description":"Beh\u00f6ver du support och eller har du fr\u00e5gor? Vi hj\u00e4lper dig med teknisk support s\u00e5v\u00e4l som fr\u00e5gor r\u00f6rande utbildningar och utbildningsmaterial.","og_url":"https:\/\/www.masystemutbildning.se\/sv-se\/kundservice-support\/support\/","og_site_name":"MA-system Utbildning AB","article_publisher":"https:\/\/www.facebook.com\/masystemutbildning","article_modified_time":"2025-02-12T15:15:23+00:00","og_image":[{"width":1080,"height":1080,"url":"https:\/\/www.masystemutbildning.se\/sv-se\/wp-content\/uploads\/2024\/05\/Pyntbild_14.png","type":"image\/png"}],"twitter_card":"summary_large_image","twitter_site":"@mautbildning","twitter_misc":{"Est. reading time":"1 minut"},"schema":{"@context":"https:\/\/schema.org","@graph":[{"@type":"WebPage","@id":"https:\/\/www.masystemutbildning.se\/sv-se\/kundservice-support\/support\/","url":"https:\/\/www.masystemutbildning.se\/sv-se\/kundservice-support\/support\/","name":"Support - MA-system Utbildning AB","isPartOf":{"@id":"https:\/\/www.masystemutbildning.se\/sv-se\/#website"},"primaryImageOfPage":{"@id":"https:\/\/www.masystemutbildning.se\/sv-se\/kundservice-support\/support\/#primaryimage"},"image":{"@id":"https:\/\/www.masystemutbildning.se\/sv-se\/kundservice-support\/support\/#primaryimage"},"thumbnailUrl":"https:\/\/www.masystemutbildning.se\/sv-se\/wp-content\/uploads\/2024\/05\/Pyntbild_14.png","datePublished":"2024-09-03T13:37:11+00:00","dateModified":"2025-02-12T15:15:23+00:00","description":"Beh\u00f6ver du support och eller har du fr\u00e5gor? Vi hj\u00e4lper dig med teknisk support s\u00e5v\u00e4l som fr\u00e5gor r\u00f6rande utbildningar och utbildningsmaterial.","breadcrumb":{"@id":"https:\/\/www.masystemutbildning.se\/sv-se\/kundservice-support\/support\/#breadcrumb"},"inLanguage":"sv-SE","potentialAction":[{"@type":"ReadAction","target":["https:\/\/www.masystemutbildning.se\/sv-se\/kundservice-support\/support\/"]}]},{"@type":"ImageObject","inLanguage":"sv-SE","@id":"https:\/\/www.masystemutbildning.se\/sv-se\/kundservice-support\/support\/#primaryimage","url":"https:\/\/www.masystemutbildning.se\/sv-se\/wp-content\/uploads\/2024\/05\/Pyntbild_14.png","contentUrl":"https:\/\/www.masystemutbildning.se\/sv-se\/wp-content\/uploads\/2024\/05\/Pyntbild_14.png","width":1080,"height":1080},{"@type":"BreadcrumbList","@id":"https:\/\/www.masystemutbildning.se\/sv-se\/kundservice-support\/support\/#breadcrumb","itemListElement":[{"@type":"ListItem","position":1,"name":"Home","item":"https:\/\/www.masystemutbildning.se\/sv-se\/"},{"@type":"ListItem","position":2,"name":"Kundservice &amp; support","item":"https:\/\/www.masystemutbildning.se\/sv-se\/kundservice-support\/"},{"@type":"ListItem","position":3,"name":"Support"}]},{"@type":"WebSite","@id":"https:\/\/www.masystemutbildning.se\/sv-se\/#website","url":"https:\/\/www.masystemutbildning.se\/sv-se\/","name":"MA-system Utbildning AB","description":"","publisher":{"@id":"https:\/\/www.masystemutbildning.se\/sv-se\/#organization"},"potentialAction":[{"@type":"SearchAction","target":{"@type":"EntryPoint","urlTemplate":"https:\/\/www.masystemutbildning.se\/sv-se\/?s={search_term_string}"},"query-input":{"@type":"PropertyValueSpecification","valueRequired":true,"valueName":"search_term_string"}}],"inLanguage":"sv-SE"},{"@type":"Organization","@id":"https:\/\/www.masystemutbildning.se\/sv-se\/#organization","name":"MA-system Utbildning AB","url":"https:\/\/www.masystemutbildning.se\/sv-se\/","logo":{"@type":"ImageObject","inLanguage":"sv-SE","@id":"https:\/\/www.masystemutbildning.se\/sv-se\/#\/schema\/logo\/image\/","url":"https:\/\/www.masystemutbildning.se\/sv-se\/wp-content\/uploads\/2026\/01\/MAsystem_50.webp","contentUrl":"https:\/\/www.masystemutbildning.se\/sv-se\/wp-content\/uploads\/2026\/01\/MAsystem_50.webp","width":1080,"height":829,"caption":"MA-system Utbildning AB"},"image":{"@id":"https:\/\/www.masystemutbildning.se\/sv-se\/#\/schema\/logo\/image\/"},"sameAs":["https:\/\/www.facebook.com\/masystemutbildning","https:\/\/x.com\/mautbildning","https:\/\/www.instagram.com\/masystemutbildning\/","https:\/\/www.linkedin.com\/company\/ma-system-utbildning-ab\/"]}]}},"_links":{"self":[{"href":"https:\/\/www.masystemutbildning.se\/sv-se\/wp-json\/wp\/v2\/pages\/7813","targetHints":{"allow":["GET"]}}],"collection":[{"href":"https:\/\/www.masystemutbildning.se\/sv-se\/wp-json\/wp\/v2\/pages"}],"about":[{"href":"https:\/\/www.masystemutbildning.se\/sv-se\/wp-json\/wp\/v2\/types\/page"}],"author":[{"embeddable":true,"href":"https:\/\/www.masystemutbildning.se\/sv-se\/wp-json\/wp\/v2\/users\/5"}],"replies":[{"embeddable":true,"href":"https:\/\/www.masystemutbildning.se\/sv-se\/wp-json\/wp\/v2\/comments?post=7813"}],"version-history":[{"count":1,"href":"https:\/\/www.masystemutbildning.se\/sv-se\/wp-json\/wp\/v2\/pages\/7813\/revisions"}],"predecessor-version":[{"id":7815,"href":"https:\/\/www.masystemutbildning.se\/sv-se\/wp-json\/wp\/v2\/pages\/7813\/revisions\/7815"}],"up":[{"embeddable":true,"href":"https:\/\/www.masystemutbildning.se\/sv-se\/wp-json\/wp\/v2\/pages\/88"}],"wp:featuredmedia":[{"embeddable":true,"href":"https:\/\/www.masystemutbildning.se\/sv-se\/wp-json\/wp\/v2\/media\/5153"}],"wp:attachment":[{"href":"https:\/\/www.masystemutbildning.se\/sv-se\/wp-json\/wp\/v2\/media?parent=7813"}],"curies":[{"name":"wp","href":"https:\/\/api.w.org\/{rel}","templated":true}]}}