{"id":4069,"date":"2024-02-19T13:27:47","date_gmt":"2024-02-19T13:27:47","guid":{"rendered":"https:\/\/www.masystemutbildning.se\/sv-se\/?page_id=4069"},"modified":"2024-10-03T11:18:35","modified_gmt":"2024-10-03T09:18:35","slug":"cookies","status":"publish","type":"page","link":"https:\/\/www.masystemutbildning.se\/sv-se\/kundservice-support\/cookies\/","title":{"rendered":"Cookies"},"content":{"rendered":"\t\t<div data-elementor-type=\"wp-page\" data-elementor-id=\"4069\" class=\"elementor elementor-4069\" data-elementor-post-type=\"page\">\n\t\t\t\t<div class=\"elementor-element elementor-element-bb4c8a8 e-flex e-con-boxed e-con e-parent\" data-id=\"bb4c8a8\" data-element_type=\"container\" data-e-type=\"container\">\n\t\t\t\t\t<div class=\"e-con-inner\">\n\t\t\t\t<div class=\"elementor-element elementor-element-de2933a elementor-widget elementor-widget-heading\" data-id=\"de2933a\" data-element_type=\"widget\" data-e-type=\"widget\" data-widget_type=\"heading.default\">\n\t\t\t\t<div class=\"elementor-widget-container\">\n\t\t\t\t\t<h1 class=\"elementor-heading-title elementor-size-default\">Cookies.<\/h1>\t\t\t\t<\/div>\n\t\t\t\t<\/div>\n\t\t\t\t\t<\/div>\n\t\t\t\t<\/div>\n\t\t<div class=\"elementor-element elementor-element-48a971e e-flex e-con-boxed e-con e-parent\" data-id=\"48a971e\" data-element_type=\"container\" data-e-type=\"container\">\n\t\t\t\t\t<div class=\"e-con-inner\">\n\t\t<div class=\"elementor-element elementor-element-69cc811 e-con-full e-flex e-con e-child\" data-id=\"69cc811\" data-element_type=\"container\" data-e-type=\"container\">\n\t\t\t\t<div class=\"elementor-element elementor-element-6a52220 elementor-widget elementor-widget-text-editor\" data-id=\"6a52220\" data-element_type=\"widget\" data-e-type=\"widget\" data-widget_type=\"text-editor.default\">\n\t\t\t\t<div class=\"elementor-widget-container\">\n\t\t\t\t\t\t\t\t\t<p>Vi anv\u00e4nder cookies, web beacons och liknande tekniker (gemensamt kallade &#8221;cookies&#8221;) f\u00f6r att f\u00f6rb\u00e4ttra din upplevelse p\u00e5 v\u00e5r webbplats.<\/p>\t\t\t\t\t\t\t\t<\/div>\n\t\t\t\t<\/div>\n\t\t\t\t<div class=\"elementor-element elementor-element-36edc46 elementor-widget elementor-widget-text-editor\" data-id=\"36edc46\" data-element_type=\"widget\" data-e-type=\"widget\" data-widget_type=\"text-editor.default\">\n\t\t\t\t<div class=\"elementor-widget-container\">\n\t\t\t\t\t\t\t\t\t<h3>Vad \u00e4r cookies?<\/h3><p>Cookies \u00e4r sm\u00e5 textfiler best\u00e5ende av bokst\u00e4ver och siffror. Dessa skickas fr\u00e5n v\u00e5r webserver och sparas p\u00e5 din enhet enligt nedan. Vi anv\u00e4nder oss av olika cookies:<\/p><ul><li><strong>Sessionscookies<\/strong> \u00e4r tillf\u00e4lliga cookies som upph\u00f6r n\u00e4r du st\u00e4nger din webbl\u00e4sare eller app.<\/li><li><strong>Varaktiga cookies<\/strong> \u00e4r cookies som ligger kvar p\u00e5 din dator tills du tar bort dem eller de g\u00e5r ut.<\/li><li><strong>F\u00f6rstapartscookies<\/strong> \u00e4r cookies satta av webbplatsen du bes\u00f6ker.<\/li><li><strong>Tredjepartscookies<\/strong> \u00e4r cookies satta av en tredjepartssida.<\/li><li><strong>Web beacons<\/strong> \u00e4r sm\u00e5 transparenta grafiska bilder som kan finnas i e-post.<\/li><\/ul><p>Liknande tekniker \u00e4r tekniker som lagrar information i din webbl\u00e4sare eller i din enhet p\u00e5 ett s\u00e4tt som liknar cookies och web beacons.<\/p><h3>Varf\u00f6r anv\u00e4nder vi cookies?<\/h3><p>De cookies vi anv\u00e4nder f\u00f6rb\u00e4ttrar normalt sett de tj\u00e4nster vi erbjuder dig. N\u00e5gra av v\u00e5ra tj\u00e4nster beh\u00f6ver cookies f\u00f6r att fungera, medan andra finns f\u00f6r att g\u00f6ra v\u00e5ra tj\u00e4nster mer smidiga f\u00f6r dig.<\/p><h3>Hur kan du kontrollera anv\u00e4ndandet av cookies?<\/h3><p>Din webbl\u00e4sare eller enhet till\u00e5ter dig oftast att \u00e4ndra inst\u00e4llningarna f\u00f6r anv\u00e4ndningen och omfattningen av cookies. G\u00e5 till inst\u00e4llningarna f\u00f6r din webbl\u00e4sare eller enhet f\u00f6r att l\u00e4ra dig mer om hur du justerar inst\u00e4llningarna f\u00f6r cookies. Du kan till exempel v\u00e4lja att blockera alla cookies, endast acceptera f\u00f6rstapartscookies, eller radera cookies n\u00e4r du st\u00e4nger ner din webbl\u00e4sare.<\/p><p>T\u00e4nk p\u00e5 att vissa tj\u00e4nster kanske inte fungerar om du blockerar eller raderar cookies.<\/p><h2>Kontakta oss<\/h2><p>Har du fr\u00e5gor kring cookies \u00e4r du v\u00e4lkommen att kontakta oss p\u00e5 info@masystem.se<\/p>\t\t\t\t\t\t\t\t<\/div>\n\t\t\t\t<\/div>\n\t\t\t\t<div class=\"elementor-element elementor-element-07d6c0b elementor-widget elementor-widget-html\" data-id=\"07d6c0b\" data-element_type=\"widget\" data-e-type=\"widget\" data-widget_type=\"html.default\">\n\t\t\t\t<div class=\"elementor-widget-container\">\n\t\t\t\t\t<div id='ppms_cm_privacy_settings' class='personal-consent ppms_cm_privacy_settings_widget' data-editor-centralize='true' data-main-container='true' data-root='true'>\n\n    <div class='ppms_cm_privacy_settings_widget_content ' data-disable-select='true'><button class='ppms_cm_privacy_settings_button_show' id='ppms_cm_privacy_settings_button'>Hantera cookie-inst\u00e4llningar<\/button>\n    <\/div>\n    <\/div>\n\t\t\t\t<\/div>\n\t\t\t\t<\/div>\n\t\t\t\t<\/div>\n\t\t\t\t\t<\/div>\n\t\t\t\t<\/div>\n\t\t\t\t<\/div>\n\t\t","protected":false},"excerpt":{"rendered":"<p>Cookies. Vi anv\u00e4nder cookies, web beacons och liknande tekniker (gemensamt kallade &#8221;cookies&#8221;) f\u00f6r att f\u00f6rb\u00e4ttra din upplevelse p\u00e5 v\u00e5r webbplats. Vad \u00e4r cookies? Cookies \u00e4r sm\u00e5 textfiler best\u00e5ende av bokst\u00e4ver och siffror. Dessa skickas fr\u00e5n v\u00e5r webserver och sparas p\u00e5 din enhet enligt nedan. Vi anv\u00e4nder oss av olika cookies: Sessionscookies \u00e4r tillf\u00e4lliga cookies som [&hellip;]<\/p>\n","protected":false},"author":3,"featured_media":4446,"parent":88,"menu_order":0,"comment_status":"closed","ping_status":"closed","template":"","meta":{"_acf_changed":false,"footnotes":""},"class_list":["post-4069","page","type-page","status-publish","has-post-thumbnail","hentry"],"acf":[],"yoast_head":"<!-- This site is optimized with the Yoast SEO Premium plugin v26.9 (Yoast SEO v27.3) - https:\/\/yoast.com\/product\/yoast-seo-premium-wordpress\/ -->\n<title>Cookies - MA-system Utbildning AB<\/title>\n<meta name=\"description\" content=\"Vi anv\u00e4nder cookies, web beacons och liknande tekniker (gemensamt kallade \u201ccookies\u201d) f\u00f6r att f\u00f6rb\u00e4ttra din upplevelse p\u00e5 v\u00e5r webbplats.\" \/>\n<meta name=\"robots\" content=\"index, follow, max-snippet:-1, max-image-preview:large, max-video-preview:-1\" \/>\n<link rel=\"canonical\" href=\"https:\/\/www.masystemutbildning.se\/sv-se\/kundservice-support\/cookies\/\" \/>\n<meta property=\"og:locale\" content=\"sv_SE\" \/>\n<meta property=\"og:type\" content=\"article\" \/>\n<meta property=\"og:title\" content=\"Cookies\" \/>\n<meta property=\"og:description\" content=\"Vi anv\u00e4nder cookies, web beacons och liknande tekniker (gemensamt kallade \u201ccookies\u201d) f\u00f6r att f\u00f6rb\u00e4ttra din upplevelse p\u00e5 v\u00e5r webbplats.\" \/>\n<meta property=\"og:url\" content=\"https:\/\/www.masystemutbildning.se\/sv-se\/kundservice-support\/cookies\/\" \/>\n<meta property=\"og:site_name\" content=\"MA-system Utbildning AB\" \/>\n<meta property=\"article:publisher\" content=\"https:\/\/www.facebook.com\/masystemutbildning\" \/>\n<meta property=\"article:modified_time\" content=\"2024-10-03T09:18:35+00:00\" \/>\n<meta property=\"og:image\" content=\"https:\/\/www.masystemutbildning.se\/sv-se\/wp-content\/uploads\/2024\/03\/cropped-ma-system-1.png\" \/>\n\t<meta property=\"og:image:width\" content=\"512\" \/>\n\t<meta property=\"og:image:height\" content=\"512\" \/>\n\t<meta property=\"og:image:type\" content=\"image\/png\" \/>\n<meta name=\"twitter:card\" content=\"summary_large_image\" \/>\n<meta name=\"twitter:site\" content=\"@mautbildning\" \/>\n<meta name=\"twitter:label1\" content=\"Est. reading time\" \/>\n\t<meta name=\"twitter:data1\" content=\"2 minuter\" \/>\n<script type=\"application\/ld+json\" class=\"yoast-schema-graph\">{\"@context\":\"https:\\\/\\\/schema.org\",\"@graph\":[{\"@type\":\"WebPage\",\"@id\":\"https:\\\/\\\/www.masystemutbildning.se\\\/sv-se\\\/kundservice-support\\\/cookies\\\/\",\"url\":\"https:\\\/\\\/www.masystemutbildning.se\\\/sv-se\\\/kundservice-support\\\/cookies\\\/\",\"name\":\"Cookies - MA-system Utbildning AB\",\"isPartOf\":{\"@id\":\"https:\\\/\\\/www.masystemutbildning.se\\\/sv-se\\\/#website\"},\"primaryImageOfPage\":{\"@id\":\"https:\\\/\\\/www.masystemutbildning.se\\\/sv-se\\\/kundservice-support\\\/cookies\\\/#primaryimage\"},\"image\":{\"@id\":\"https:\\\/\\\/www.masystemutbildning.se\\\/sv-se\\\/kundservice-support\\\/cookies\\\/#primaryimage\"},\"thumbnailUrl\":\"https:\\\/\\\/www.masystemutbildning.se\\\/sv-se\\\/wp-content\\\/uploads\\\/2024\\\/03\\\/cropped-ma-system-1.png\",\"datePublished\":\"2024-02-19T13:27:47+00:00\",\"dateModified\":\"2024-10-03T09:18:35+00:00\",\"description\":\"Vi anv\u00e4nder cookies, web beacons och liknande tekniker (gemensamt kallade \u201ccookies\u201d) f\u00f6r att f\u00f6rb\u00e4ttra din upplevelse p\u00e5 v\u00e5r webbplats.\",\"breadcrumb\":{\"@id\":\"https:\\\/\\\/www.masystemutbildning.se\\\/sv-se\\\/kundservice-support\\\/cookies\\\/#breadcrumb\"},\"inLanguage\":\"sv-SE\",\"potentialAction\":[{\"@type\":\"ReadAction\",\"target\":[\"https:\\\/\\\/www.masystemutbildning.se\\\/sv-se\\\/kundservice-support\\\/cookies\\\/\"]}]},{\"@type\":\"ImageObject\",\"inLanguage\":\"sv-SE\",\"@id\":\"https:\\\/\\\/www.masystemutbildning.se\\\/sv-se\\\/kundservice-support\\\/cookies\\\/#primaryimage\",\"url\":\"https:\\\/\\\/www.masystemutbildning.se\\\/sv-se\\\/wp-content\\\/uploads\\\/2024\\\/03\\\/cropped-ma-system-1.png\",\"contentUrl\":\"https:\\\/\\\/www.masystemutbildning.se\\\/sv-se\\\/wp-content\\\/uploads\\\/2024\\\/03\\\/cropped-ma-system-1.png\",\"width\":512,\"height\":512},{\"@type\":\"BreadcrumbList\",\"@id\":\"https:\\\/\\\/www.masystemutbildning.se\\\/sv-se\\\/kundservice-support\\\/cookies\\\/#breadcrumb\",\"itemListElement\":[{\"@type\":\"ListItem\",\"position\":1,\"name\":\"Home\",\"item\":\"https:\\\/\\\/www.masystemutbildning.se\\\/sv-se\\\/\"},{\"@type\":\"ListItem\",\"position\":2,\"name\":\"Kundservice &amp; support\",\"item\":\"https:\\\/\\\/www.masystemutbildning.se\\\/sv-se\\\/kundservice-support\\\/\"},{\"@type\":\"ListItem\",\"position\":3,\"name\":\"Cookies\"}]},{\"@type\":\"WebSite\",\"@id\":\"https:\\\/\\\/www.masystemutbildning.se\\\/sv-se\\\/#website\",\"url\":\"https:\\\/\\\/www.masystemutbildning.se\\\/sv-se\\\/\",\"name\":\"MA-system Utbildning AB\",\"description\":\"\",\"publisher\":{\"@id\":\"https:\\\/\\\/www.masystemutbildning.se\\\/sv-se\\\/#organization\"},\"potentialAction\":[{\"@type\":\"SearchAction\",\"target\":{\"@type\":\"EntryPoint\",\"urlTemplate\":\"https:\\\/\\\/www.masystemutbildning.se\\\/sv-se\\\/?s={search_term_string}\"},\"query-input\":{\"@type\":\"PropertyValueSpecification\",\"valueRequired\":true,\"valueName\":\"search_term_string\"}}],\"inLanguage\":\"sv-SE\"},{\"@type\":\"Organization\",\"@id\":\"https:\\\/\\\/www.masystemutbildning.se\\\/sv-se\\\/#organization\",\"name\":\"MA-system Utbildning AB\",\"url\":\"https:\\\/\\\/www.masystemutbildning.se\\\/sv-se\\\/\",\"logo\":{\"@type\":\"ImageObject\",\"inLanguage\":\"sv-SE\",\"@id\":\"https:\\\/\\\/www.masystemutbildning.se\\\/sv-se\\\/#\\\/schema\\\/logo\\\/image\\\/\",\"url\":\"https:\\\/\\\/www.masystemutbildning.se\\\/sv-se\\\/wp-content\\\/uploads\\\/2026\\\/01\\\/MAsystem_50.webp\",\"contentUrl\":\"https:\\\/\\\/www.masystemutbildning.se\\\/sv-se\\\/wp-content\\\/uploads\\\/2026\\\/01\\\/MAsystem_50.webp\",\"width\":1080,\"height\":829,\"caption\":\"MA-system Utbildning AB\"},\"image\":{\"@id\":\"https:\\\/\\\/www.masystemutbildning.se\\\/sv-se\\\/#\\\/schema\\\/logo\\\/image\\\/\"},\"sameAs\":[\"https:\\\/\\\/www.facebook.com\\\/masystemutbildning\",\"https:\\\/\\\/x.com\\\/mautbildning\",\"https:\\\/\\\/www.instagram.com\\\/masystemutbildning\\\/\",\"https:\\\/\\\/www.linkedin.com\\\/company\\\/ma-system-utbildning-ab\\\/\"]}]}<\/script>\n<!-- \/ Yoast SEO Premium plugin. -->","yoast_head_json":{"title":"Cookies - MA-system Utbildning AB","description":"Vi anv\u00e4nder cookies, web beacons och liknande tekniker (gemensamt kallade \u201ccookies\u201d) f\u00f6r att f\u00f6rb\u00e4ttra din upplevelse p\u00e5 v\u00e5r webbplats.","robots":{"index":"index","follow":"follow","max-snippet":"max-snippet:-1","max-image-preview":"max-image-preview:large","max-video-preview":"max-video-preview:-1"},"canonical":"https:\/\/www.masystemutbildning.se\/sv-se\/kundservice-support\/cookies\/","og_locale":"sv_SE","og_type":"article","og_title":"Cookies","og_description":"Vi anv\u00e4nder cookies, web beacons och liknande tekniker (gemensamt kallade \u201ccookies\u201d) f\u00f6r att f\u00f6rb\u00e4ttra din upplevelse p\u00e5 v\u00e5r webbplats.","og_url":"https:\/\/www.masystemutbildning.se\/sv-se\/kundservice-support\/cookies\/","og_site_name":"MA-system Utbildning AB","article_publisher":"https:\/\/www.facebook.com\/masystemutbildning","article_modified_time":"2024-10-03T09:18:35+00:00","og_image":[{"width":512,"height":512,"url":"https:\/\/www.masystemutbildning.se\/sv-se\/wp-content\/uploads\/2024\/03\/cropped-ma-system-1.png","type":"image\/png"}],"twitter_card":"summary_large_image","twitter_site":"@mautbildning","twitter_misc":{"Est. reading time":"2 minuter"},"schema":{"@context":"https:\/\/schema.org","@graph":[{"@type":"WebPage","@id":"https:\/\/www.masystemutbildning.se\/sv-se\/kundservice-support\/cookies\/","url":"https:\/\/www.masystemutbildning.se\/sv-se\/kundservice-support\/cookies\/","name":"Cookies - MA-system Utbildning AB","isPartOf":{"@id":"https:\/\/www.masystemutbildning.se\/sv-se\/#website"},"primaryImageOfPage":{"@id":"https:\/\/www.masystemutbildning.se\/sv-se\/kundservice-support\/cookies\/#primaryimage"},"image":{"@id":"https:\/\/www.masystemutbildning.se\/sv-se\/kundservice-support\/cookies\/#primaryimage"},"thumbnailUrl":"https:\/\/www.masystemutbildning.se\/sv-se\/wp-content\/uploads\/2024\/03\/cropped-ma-system-1.png","datePublished":"2024-02-19T13:27:47+00:00","dateModified":"2024-10-03T09:18:35+00:00","description":"Vi anv\u00e4nder cookies, web beacons och liknande tekniker (gemensamt kallade \u201ccookies\u201d) f\u00f6r att f\u00f6rb\u00e4ttra din upplevelse p\u00e5 v\u00e5r webbplats.","breadcrumb":{"@id":"https:\/\/www.masystemutbildning.se\/sv-se\/kundservice-support\/cookies\/#breadcrumb"},"inLanguage":"sv-SE","potentialAction":[{"@type":"ReadAction","target":["https:\/\/www.masystemutbildning.se\/sv-se\/kundservice-support\/cookies\/"]}]},{"@type":"ImageObject","inLanguage":"sv-SE","@id":"https:\/\/www.masystemutbildning.se\/sv-se\/kundservice-support\/cookies\/#primaryimage","url":"https:\/\/www.masystemutbildning.se\/sv-se\/wp-content\/uploads\/2024\/03\/cropped-ma-system-1.png","contentUrl":"https:\/\/www.masystemutbildning.se\/sv-se\/wp-content\/uploads\/2024\/03\/cropped-ma-system-1.png","width":512,"height":512},{"@type":"BreadcrumbList","@id":"https:\/\/www.masystemutbildning.se\/sv-se\/kundservice-support\/cookies\/#breadcrumb","itemListElement":[{"@type":"ListItem","position":1,"name":"Home","item":"https:\/\/www.masystemutbildning.se\/sv-se\/"},{"@type":"ListItem","position":2,"name":"Kundservice &amp; support","item":"https:\/\/www.masystemutbildning.se\/sv-se\/kundservice-support\/"},{"@type":"ListItem","position":3,"name":"Cookies"}]},{"@type":"WebSite","@id":"https:\/\/www.masystemutbildning.se\/sv-se\/#website","url":"https:\/\/www.masystemutbildning.se\/sv-se\/","name":"MA-system Utbildning AB","description":"","publisher":{"@id":"https:\/\/www.masystemutbildning.se\/sv-se\/#organization"},"potentialAction":[{"@type":"SearchAction","target":{"@type":"EntryPoint","urlTemplate":"https:\/\/www.masystemutbildning.se\/sv-se\/?s={search_term_string}"},"query-input":{"@type":"PropertyValueSpecification","valueRequired":true,"valueName":"search_term_string"}}],"inLanguage":"sv-SE"},{"@type":"Organization","@id":"https:\/\/www.masystemutbildning.se\/sv-se\/#organization","name":"MA-system Utbildning AB","url":"https:\/\/www.masystemutbildning.se\/sv-se\/","logo":{"@type":"ImageObject","inLanguage":"sv-SE","@id":"https:\/\/www.masystemutbildning.se\/sv-se\/#\/schema\/logo\/image\/","url":"https:\/\/www.masystemutbildning.se\/sv-se\/wp-content\/uploads\/2026\/01\/MAsystem_50.webp","contentUrl":"https:\/\/www.masystemutbildning.se\/sv-se\/wp-content\/uploads\/2026\/01\/MAsystem_50.webp","width":1080,"height":829,"caption":"MA-system Utbildning AB"},"image":{"@id":"https:\/\/www.masystemutbildning.se\/sv-se\/#\/schema\/logo\/image\/"},"sameAs":["https:\/\/www.facebook.com\/masystemutbildning","https:\/\/x.com\/mautbildning","https:\/\/www.instagram.com\/masystemutbildning\/","https:\/\/www.linkedin.com\/company\/ma-system-utbildning-ab\/"]}]}},"_links":{"self":[{"href":"https:\/\/www.masystemutbildning.se\/sv-se\/wp-json\/wp\/v2\/pages\/4069","targetHints":{"allow":["GET"]}}],"collection":[{"href":"https:\/\/www.masystemutbildning.se\/sv-se\/wp-json\/wp\/v2\/pages"}],"about":[{"href":"https:\/\/www.masystemutbildning.se\/sv-se\/wp-json\/wp\/v2\/types\/page"}],"author":[{"embeddable":true,"href":"https:\/\/www.masystemutbildning.se\/sv-se\/wp-json\/wp\/v2\/users\/3"}],"replies":[{"embeddable":true,"href":"https:\/\/www.masystemutbildning.se\/sv-se\/wp-json\/wp\/v2\/comments?post=4069"}],"version-history":[{"count":49,"href":"https:\/\/www.masystemutbildning.se\/sv-se\/wp-json\/wp\/v2\/pages\/4069\/revisions"}],"predecessor-version":[{"id":7705,"href":"https:\/\/www.masystemutbildning.se\/sv-se\/wp-json\/wp\/v2\/pages\/4069\/revisions\/7705"}],"up":[{"embeddable":true,"href":"https:\/\/www.masystemutbildning.se\/sv-se\/wp-json\/wp\/v2\/pages\/88"}],"wp:featuredmedia":[{"embeddable":true,"href":"https:\/\/www.masystemutbildning.se\/sv-se\/wp-json\/wp\/v2\/media\/4446"}],"wp:attachment":[{"href":"https:\/\/www.masystemutbildning.se\/sv-se\/wp-json\/wp\/v2\/media?parent=4069"}],"curies":[{"name":"wp","href":"https:\/\/api.w.org\/{rel}","templated":true}]}}