{"id":258,"date":"2023-09-25T13:24:45","date_gmt":"2023-09-25T13:24:45","guid":{"rendered":"https:\/\/www.masystemutbildning.se\/sv-se\/?page_id=258"},"modified":"2026-03-18T16:57:35","modified_gmt":"2026-03-18T14:57:35","slug":"regler-villkor","status":"publish","type":"page","link":"https:\/\/www.masystemutbildning.se\/sv-se\/kundservice-support\/regler-villkor\/","title":{"rendered":"Regler &amp; villkor"},"content":{"rendered":"\t\t<div data-elementor-type=\"wp-page\" data-elementor-id=\"258\" class=\"elementor elementor-258\" data-elementor-post-type=\"page\">\n\t\t\t\t<div class=\"elementor-element elementor-element-797800da sharp-cut e-flex e-con-boxed e-con e-parent\" data-id=\"797800da\" data-element_type=\"container\" data-e-type=\"container\" data-settings=\"{&quot;background_background&quot;:&quot;classic&quot;}\">\n\t\t\t\t\t<div class=\"e-con-inner\">\n\t\t\t\t<div class=\"elementor-element elementor-element-1ade6b2 elementor-widget elementor-widget-heading\" data-id=\"1ade6b2\" data-element_type=\"widget\" data-e-type=\"widget\" data-widget_type=\"heading.default\">\n\t\t\t\t<div class=\"elementor-widget-container\">\n\t\t\t\t\t<h1 class=\"elementor-heading-title elementor-size-default\">Regler &amp; villkor.<\/h1>\t\t\t\t<\/div>\n\t\t\t\t<\/div>\n\t\t\t\t\t<\/div>\n\t\t\t\t<\/div>\n\t\t<div class=\"elementor-element elementor-element-5651a018 e-flex e-con-boxed e-con e-parent\" data-id=\"5651a018\" data-element_type=\"container\" data-e-type=\"container\">\n\t\t\t\t\t<div class=\"e-con-inner\">\n\t\t<div class=\"elementor-element elementor-element-77d70881 e-con-full e-flex e-con e-child\" data-id=\"77d70881\" data-element_type=\"container\" data-e-type=\"container\">\n\t\t\t\t<div class=\"elementor-element elementor-element-2f4901f5 elementor-widget elementor-widget-text-editor\" data-id=\"2f4901f5\" data-element_type=\"widget\" data-e-type=\"widget\" data-widget_type=\"text-editor.default\">\n\t\t\t\t<div class=\"elementor-widget-container\">\n\t\t\t\t\t\t\t\t\t<p>H\u00e4r hittar du bokningsvillkor och avbokningsregler f\u00f6r v\u00e5ra utbildningar och konferenser. Du hittar \u00e4ven v\u00e5ra allm\u00e4nna f\u00f6rs\u00e4ljnings- och leveransvillkor h\u00e4r. MA-system Utbildning s\u00e4ljer endast till f\u00f6retag och organisationer.<\/p>\t\t\t\t\t\t\t\t<\/div>\n\t\t\t\t<\/div>\n\t\t\t\t<div class=\"elementor-element elementor-element-37c5bf4e elementor-widget elementor-widget-text-editor\" data-id=\"37c5bf4e\" data-element_type=\"widget\" data-e-type=\"widget\" data-widget_type=\"text-editor.default\">\n\t\t\t\t<div class=\"elementor-widget-container\">\n\t\t\t\t\t\t\t\t\t<h2>Bokningsvillkor<\/h2><p>Efter att du mottagit bokningsbekr\u00e4ftelse fr\u00e5n MA-system Utbildning \u00e4r din anm\u00e4lan bindande, men \u00e4r ombokningsbar fram till fyra veckor f\u00f6re utbildningsstart (undantag f\u00f6r konferens\/seminarier, se Avbokningsregler f\u00f6r konferenser och seminarier nedan). Se Avbokningsregler f\u00f6r vad som g\u00e4ller om du d\u00e4refter \u00e4nd\u00e5 skulle beh\u00f6va boka av eller boka om din plats.<\/p><h3>Betalning<\/h3><p>Se v\u00e5ra\u00a0K\u00f6pvillkor\u00a0f\u00f6r mer information.<\/p><h3>Inst\u00e4lld eller flyttad utbildning<\/h3><p>MA-system Utbildning f\u00f6rbeh\u00e5ller sig r\u00e4tten att st\u00e4lla in planerade utbildningar och \u00e4ndra utbildningsdatum. Eventuella inbetalda avgifter \u00e5terbetalas. Ers\u00e4ttningar d\u00e4rut\u00f6ver betalas ej.<\/p><h3>Avbokningsregler f\u00f6r kurser<\/h3><p>Avbokning meddelas skriftligt.<\/p><ul><li>Vid av- eller ombokning 1\u20133 veckor innan utbildningsstart debiteras 50 % av utbildningsavgiften.<\/li><li>Om av- eller ombokning 0\u20131 veckor innan utbildningsstart debiteras 100 % av utbildningsavgiften.<\/li><\/ul><p>Vid f\u00f6rhinder kan platsen \u00f6verl\u00e5tas till en annan person i samma f\u00f6retag\/organisation efter samr\u00e5d med MA-system Utbildning. Vid sjukdom \u00e4r anm\u00e4lan avbokningsbar mot uppvisande av l\u00e4karintyg.<\/p><h3>Avbokningsregler f\u00f6r konferenser och seminarier<\/h3><p>Avbokning meddelas skriftligt.<\/p><p>Avbokningen m\u00e5ste ske senast 8 veckor innan konferensstart, annars debiteras 100 % av konferensavgiften.<\/p><p>Vid f\u00f6rhinder kan platsen \u00f6verl\u00e5tas till en annan person i samma f\u00f6retag\/organisation efter samr\u00e5d med MA-system Utbildning. Vid sjukdom \u00e4r anm\u00e4lan avbokningsbar mot uppvisande av l\u00e4karintyg.<\/p><p>I de fall d\u00e4r MA-system Utbildning har haft kostnader i samband med \u00f6verenskomna anpassningar av utbildningsuppl\u00e4gg, material mm \u00e4r kunden skyldig att ers\u00e4tta MA-system Utbildning f\u00f6r dessa kostnader om de har uppst\u00e5tt innan avbokningen skett.<\/p><p>Du \u00e4r alltid v\u00e4lkommen att kontakta oss om du har fr\u00e5gor om din bokning.<\/p><h2>F\u00f6rs\u00e4ljnings- och k\u00f6pvillkor<\/h2><h3>Priser<\/h3><p>Bruttoprislistan revideras l\u00f6pande och MA-system Utbildning har r\u00e4tt att \u00e4ndra d\u00e4ri angivna priser utan f\u00f6reg\u00e5ende avisering.<\/p><h3>Moms<\/h3><p>Moms tillkommer p\u00e5 alla angivna priser.<\/p><h3>Betalningsvillkor<\/h3><p>30 dagar netto efter fakturadatum eller enligt avtal. Efter f\u00f6rfallodagen debiteras en \u00e5rlig dr\u00f6jsm\u00e5lsr\u00e4nta med 8 %. Vid f\u00f6rsenad betalning \u00e4ger leverant\u00f6ren r\u00e4tt till ers\u00e4ttning f\u00f6r betalningsp\u00e5minnelse enligt lag.<\/p><p>Levererade produkter f\u00f6rblir leverant\u00f6rens egendom till dess produkterna till fullo blivit betalda.<\/p><p>Vi genomf\u00f6r sedvanlig kreditpr\u00f6vning utan k\u00e4nnedomskopia. Bed\u00f6mer vi att k\u00f6paren inte uppfyller v\u00e5ra regler f\u00f6r att erh\u00e5lla kredit s\u00e5 h\u00e4nvisar vi till f\u00f6rskottsbetalning.<\/p><h3>F\u00f6rskottsbetalning<\/h3><p>Betalningsuppgifter framg\u00e5r av din faktura. Den skickas till dig via e-post eller per post n\u00e4r vi har bekr\u00e4ftat din order.<\/p><p>Ange ditt fakturanummer p\u00e5 betalningen.<\/p><p>N\u00e4r betalning \u00e4r oss tillhanda s\u00e5 skickas best\u00e4llda varor, det dr\u00f6jer vanligtvis n\u00e5gon arbetsdag innan vi ser betalningen hos oss. Om betalning inte inkommer inom 5 dagar makuleras ordern, om ingen annan \u00f6verenskommelse har tr\u00e4ffats mellan oss och dig som kund.<\/p><p>T\u00e4nk p\u00e5 att du m\u00e5ste ha f\u00e5tt en faktura fr\u00e5n oss innan du betalar.<\/p><h3>Orderbekr\u00e4ftelse<\/h3><p>N\u00e4r vi har f\u00e5tt en best\u00e4llning g\u00e5r vi igenom och registrerar den, d\u00e4refter skickas en orderbekr\u00e4ftelse till best\u00e4llaren via e-post. Kontrollera denna s\u00e5 att den st\u00e4mmer med vad som \u00e4r best\u00e4llt.<\/p><h3>Orderhantering<\/h3><p>Best\u00e4llningar som inkommer f\u00f6re kl. 12:00 p\u00e5 vardagar skickas samma dag, om inget annat \u00e4r \u00f6verenskommet. Detta g\u00e4ller endast de produkter vi har p\u00e5 lager.<\/p><h3>Leveransvillkor<\/h3><p>V\u00e5ra produkter levereras med leveransvillkoret fritt v\u00e5rt lager.<\/p><p>Leveranser debiteras med frakt- och f\u00f6rpackningskostnad.<\/p><p>Ut\u00f6ver frakt- och f\u00f6rpackningskostnad \u00e4ger MA-system Utbildning r\u00e4tt att debitera kostnader f\u00f6r pall och skrymmande gods i de fall det \u00e4r aktuellt. \u00d6vriga eventuellt tillkommande kostnader i samband med leverans s\u00e5som avisering, extra utk\u00f6rning, \u00e4ndring av leveransadress eller felaktig l\u00e4mnad leveransadress kommer att faktureras best\u00e4llaren. De sistn\u00e4mna kostnaderna kan komma att faktureras p\u00e5 tillkommande faktura.<\/p><p>F\u00f6r paketleveranser anv\u00e4nder vi oss normalt av DSV (<em>tidigare DB Schenker parcel<\/em>). Vid brevf\u00f6rs\u00e4ndelser anv\u00e4nder vi PostNord.<\/p><p>Vid reklamation av leverans (skador eller dylikt): <a href=\"https:\/\/eur04.safelinks.protection.outlook.com\/?url=https%3A%2F%2Fwww.dbschenker.com%2Fse-sv%2Fkontakta-oss%2Freklamation%2Fskadeanmalan&amp;data=05%7C02%7Cmonica.lindberg%40masystem.se%7C670bace1839d431184a408de84c1c0a1%7Ce4b8e0e980a44d04965fb3bc3e775b83%7C0%7C0%7C639094164882007354%7CUnknown%7CTWFpbGZsb3d8eyJFbXB0eU1hcGkiOnRydWUsIlYiOiIwLjAuMDAwMCIsIlAiOiJXaW4zMiIsIkFOIjoiTWFpbCIsIldUIjoyfQ%3D%3D%7C0%7C%7C%7C&amp;sdata=86WGF5q9WaGS2ZBVWVieC8yVCmGhM%2FIx1OLNYtO1CVM%3D&amp;reserved=0\">Skadeanm\u00e4lan | DB SCHENKER<\/a><\/p><p>\u00d6nskar best\u00e4llaren annat frakts\u00e4tt debiterar vi de eventuella extrakostnader som uppkommer samt en extra hanteringskostnad.<\/p><h3>Returer<\/h3><p>Produkter tas i retur f\u00f6rst efter v\u00e5rt godk\u00e4nnande och endast om anledningen \u00e4r orsakad av oss. Produkten skall ing\u00e5 i v\u00e5rt lagerh\u00e5llna sortiment och ej vara speciellt framtagen f\u00f6r kunden. Den returnerade produkten skall vara obegagnad och felfri i originalemballage.<\/p><p>Det \u00e4r inte m\u00f6jligt att returnera v\u00e5ra digitala tj\u00e4nster, till exempel l\u00f6senord till eTruck och eLift.<\/p>\t\t\t\t\t\t\t\t<\/div>\n\t\t\t\t<\/div>\n\t\t\t\t<\/div>\n\t\t\t\t\t<\/div>\n\t\t\t\t<\/div>\n\t\t\t\t<\/div>\n\t\t","protected":false},"excerpt":{"rendered":"<p>Regler &amp; villkor. H\u00e4r hittar du bokningsvillkor och avbokningsregler f\u00f6r v\u00e5ra utbildningar och konferenser. Du hittar \u00e4ven v\u00e5ra allm\u00e4nna f\u00f6rs\u00e4ljnings- och leveransvillkor h\u00e4r. MA-system Utbildning s\u00e4ljer endast till f\u00f6retag och organisationer. Bokningsvillkor Efter att du mottagit bokningsbekr\u00e4ftelse fr\u00e5n MA-system Utbildning \u00e4r din anm\u00e4lan bindande, men \u00e4r ombokningsbar fram till fyra veckor f\u00f6re utbildningsstart (undantag f\u00f6r [&hellip;]<\/p>\n","protected":false},"author":3,"featured_media":0,"parent":88,"menu_order":0,"comment_status":"closed","ping_status":"closed","template":"","meta":{"_acf_changed":false,"footnotes":""},"class_list":["post-258","page","type-page","status-publish","hentry"],"acf":[],"yoast_head":"<!-- This site is optimized with the Yoast SEO Premium plugin v26.9 (Yoast SEO v27.3) - https:\/\/yoast.com\/product\/yoast-seo-premium-wordpress\/ -->\n<title>Regler &amp; villkor - MA-system Utbildning AB<\/title>\n<meta name=\"description\" content=\"H\u00e4r hittar du regler och villkor f\u00f6r bokning av v\u00e5ra utbildningar och konferenser. Du hittar \u00e4ven v\u00e5ra allm\u00e4nna f\u00f6rs\u00e4ljnings- och leveransvillkor.\" \/>\n<meta name=\"robots\" content=\"index, follow, max-snippet:-1, max-image-preview:large, max-video-preview:-1\" \/>\n<link rel=\"canonical\" href=\"https:\/\/www.masystemutbildning.se\/sv-se\/kundservice-support\/regler-villkor\/\" \/>\n<meta property=\"og:locale\" content=\"sv_SE\" \/>\n<meta property=\"og:type\" content=\"article\" \/>\n<meta property=\"og:title\" content=\"Regler &amp; villkor\" \/>\n<meta property=\"og:description\" content=\"H\u00e4r hittar du regler och villkor f\u00f6r bokning av v\u00e5ra utbildningar och konferenser. Du hittar \u00e4ven v\u00e5ra allm\u00e4nna f\u00f6rs\u00e4ljnings- och leveransvillkor.\" \/>\n<meta property=\"og:url\" content=\"https:\/\/www.masystemutbildning.se\/sv-se\/kundservice-support\/regler-villkor\/\" \/>\n<meta property=\"og:site_name\" content=\"MA-system Utbildning AB\" \/>\n<meta property=\"article:publisher\" content=\"https:\/\/www.facebook.com\/masystemutbildning\" \/>\n<meta property=\"article:modified_time\" content=\"2026-03-18T14:57:35+00:00\" \/>\n<meta name=\"twitter:card\" content=\"summary_large_image\" \/>\n<meta name=\"twitter:site\" content=\"@mautbildning\" \/>\n<meta name=\"twitter:label1\" content=\"Est. reading time\" \/>\n\t<meta name=\"twitter:data1\" content=\"4 minuter\" \/>\n<script type=\"application\/ld+json\" class=\"yoast-schema-graph\">{\"@context\":\"https:\\\/\\\/schema.org\",\"@graph\":[{\"@type\":\"WebPage\",\"@id\":\"https:\\\/\\\/www.masystemutbildning.se\\\/sv-se\\\/kundservice-support\\\/regler-villkor\\\/\",\"url\":\"https:\\\/\\\/www.masystemutbildning.se\\\/sv-se\\\/kundservice-support\\\/regler-villkor\\\/\",\"name\":\"Regler &amp; villkor - MA-system Utbildning AB\",\"isPartOf\":{\"@id\":\"https:\\\/\\\/www.masystemutbildning.se\\\/sv-se\\\/#website\"},\"datePublished\":\"2023-09-25T13:24:45+00:00\",\"dateModified\":\"2026-03-18T14:57:35+00:00\",\"description\":\"H\u00e4r hittar du regler och villkor f\u00f6r bokning av v\u00e5ra utbildningar och konferenser. Du hittar \u00e4ven v\u00e5ra allm\u00e4nna f\u00f6rs\u00e4ljnings- och leveransvillkor.\",\"breadcrumb\":{\"@id\":\"https:\\\/\\\/www.masystemutbildning.se\\\/sv-se\\\/kundservice-support\\\/regler-villkor\\\/#breadcrumb\"},\"inLanguage\":\"sv-SE\",\"potentialAction\":[{\"@type\":\"ReadAction\",\"target\":[\"https:\\\/\\\/www.masystemutbildning.se\\\/sv-se\\\/kundservice-support\\\/regler-villkor\\\/\"]}]},{\"@type\":\"BreadcrumbList\",\"@id\":\"https:\\\/\\\/www.masystemutbildning.se\\\/sv-se\\\/kundservice-support\\\/regler-villkor\\\/#breadcrumb\",\"itemListElement\":[{\"@type\":\"ListItem\",\"position\":1,\"name\":\"Home\",\"item\":\"https:\\\/\\\/www.masystemutbildning.se\\\/sv-se\\\/\"},{\"@type\":\"ListItem\",\"position\":2,\"name\":\"Kundservice &amp; support\",\"item\":\"https:\\\/\\\/www.masystemutbildning.se\\\/sv-se\\\/kundservice-support\\\/\"},{\"@type\":\"ListItem\",\"position\":3,\"name\":\"Regler &amp; villkor\"}]},{\"@type\":\"WebSite\",\"@id\":\"https:\\\/\\\/www.masystemutbildning.se\\\/sv-se\\\/#website\",\"url\":\"https:\\\/\\\/www.masystemutbildning.se\\\/sv-se\\\/\",\"name\":\"MA-system Utbildning AB\",\"description\":\"\",\"publisher\":{\"@id\":\"https:\\\/\\\/www.masystemutbildning.se\\\/sv-se\\\/#organization\"},\"potentialAction\":[{\"@type\":\"SearchAction\",\"target\":{\"@type\":\"EntryPoint\",\"urlTemplate\":\"https:\\\/\\\/www.masystemutbildning.se\\\/sv-se\\\/?s={search_term_string}\"},\"query-input\":{\"@type\":\"PropertyValueSpecification\",\"valueRequired\":true,\"valueName\":\"search_term_string\"}}],\"inLanguage\":\"sv-SE\"},{\"@type\":\"Organization\",\"@id\":\"https:\\\/\\\/www.masystemutbildning.se\\\/sv-se\\\/#organization\",\"name\":\"MA-system Utbildning AB\",\"url\":\"https:\\\/\\\/www.masystemutbildning.se\\\/sv-se\\\/\",\"logo\":{\"@type\":\"ImageObject\",\"inLanguage\":\"sv-SE\",\"@id\":\"https:\\\/\\\/www.masystemutbildning.se\\\/sv-se\\\/#\\\/schema\\\/logo\\\/image\\\/\",\"url\":\"https:\\\/\\\/www.masystemutbildning.se\\\/sv-se\\\/wp-content\\\/uploads\\\/2026\\\/01\\\/MAsystem_50.webp\",\"contentUrl\":\"https:\\\/\\\/www.masystemutbildning.se\\\/sv-se\\\/wp-content\\\/uploads\\\/2026\\\/01\\\/MAsystem_50.webp\",\"width\":1080,\"height\":829,\"caption\":\"MA-system Utbildning AB\"},\"image\":{\"@id\":\"https:\\\/\\\/www.masystemutbildning.se\\\/sv-se\\\/#\\\/schema\\\/logo\\\/image\\\/\"},\"sameAs\":[\"https:\\\/\\\/www.facebook.com\\\/masystemutbildning\",\"https:\\\/\\\/x.com\\\/mautbildning\",\"https:\\\/\\\/www.instagram.com\\\/masystemutbildning\\\/\",\"https:\\\/\\\/www.linkedin.com\\\/company\\\/ma-system-utbildning-ab\\\/\"]}]}<\/script>\n<!-- \/ Yoast SEO Premium plugin. -->","yoast_head_json":{"title":"Regler &amp; villkor - MA-system Utbildning AB","description":"H\u00e4r hittar du regler och villkor f\u00f6r bokning av v\u00e5ra utbildningar och konferenser. Du hittar \u00e4ven v\u00e5ra allm\u00e4nna f\u00f6rs\u00e4ljnings- och leveransvillkor.","robots":{"index":"index","follow":"follow","max-snippet":"max-snippet:-1","max-image-preview":"max-image-preview:large","max-video-preview":"max-video-preview:-1"},"canonical":"https:\/\/www.masystemutbildning.se\/sv-se\/kundservice-support\/regler-villkor\/","og_locale":"sv_SE","og_type":"article","og_title":"Regler &amp; villkor","og_description":"H\u00e4r hittar du regler och villkor f\u00f6r bokning av v\u00e5ra utbildningar och konferenser. Du hittar \u00e4ven v\u00e5ra allm\u00e4nna f\u00f6rs\u00e4ljnings- och leveransvillkor.","og_url":"https:\/\/www.masystemutbildning.se\/sv-se\/kundservice-support\/regler-villkor\/","og_site_name":"MA-system Utbildning AB","article_publisher":"https:\/\/www.facebook.com\/masystemutbildning","article_modified_time":"2026-03-18T14:57:35+00:00","twitter_card":"summary_large_image","twitter_site":"@mautbildning","twitter_misc":{"Est. reading time":"4 minuter"},"schema":{"@context":"https:\/\/schema.org","@graph":[{"@type":"WebPage","@id":"https:\/\/www.masystemutbildning.se\/sv-se\/kundservice-support\/regler-villkor\/","url":"https:\/\/www.masystemutbildning.se\/sv-se\/kundservice-support\/regler-villkor\/","name":"Regler &amp; villkor - MA-system Utbildning AB","isPartOf":{"@id":"https:\/\/www.masystemutbildning.se\/sv-se\/#website"},"datePublished":"2023-09-25T13:24:45+00:00","dateModified":"2026-03-18T14:57:35+00:00","description":"H\u00e4r hittar du regler och villkor f\u00f6r bokning av v\u00e5ra utbildningar och konferenser. Du hittar \u00e4ven v\u00e5ra allm\u00e4nna f\u00f6rs\u00e4ljnings- och leveransvillkor.","breadcrumb":{"@id":"https:\/\/www.masystemutbildning.se\/sv-se\/kundservice-support\/regler-villkor\/#breadcrumb"},"inLanguage":"sv-SE","potentialAction":[{"@type":"ReadAction","target":["https:\/\/www.masystemutbildning.se\/sv-se\/kundservice-support\/regler-villkor\/"]}]},{"@type":"BreadcrumbList","@id":"https:\/\/www.masystemutbildning.se\/sv-se\/kundservice-support\/regler-villkor\/#breadcrumb","itemListElement":[{"@type":"ListItem","position":1,"name":"Home","item":"https:\/\/www.masystemutbildning.se\/sv-se\/"},{"@type":"ListItem","position":2,"name":"Kundservice &amp; support","item":"https:\/\/www.masystemutbildning.se\/sv-se\/kundservice-support\/"},{"@type":"ListItem","position":3,"name":"Regler &amp; villkor"}]},{"@type":"WebSite","@id":"https:\/\/www.masystemutbildning.se\/sv-se\/#website","url":"https:\/\/www.masystemutbildning.se\/sv-se\/","name":"MA-system Utbildning AB","description":"","publisher":{"@id":"https:\/\/www.masystemutbildning.se\/sv-se\/#organization"},"potentialAction":[{"@type":"SearchAction","target":{"@type":"EntryPoint","urlTemplate":"https:\/\/www.masystemutbildning.se\/sv-se\/?s={search_term_string}"},"query-input":{"@type":"PropertyValueSpecification","valueRequired":true,"valueName":"search_term_string"}}],"inLanguage":"sv-SE"},{"@type":"Organization","@id":"https:\/\/www.masystemutbildning.se\/sv-se\/#organization","name":"MA-system Utbildning AB","url":"https:\/\/www.masystemutbildning.se\/sv-se\/","logo":{"@type":"ImageObject","inLanguage":"sv-SE","@id":"https:\/\/www.masystemutbildning.se\/sv-se\/#\/schema\/logo\/image\/","url":"https:\/\/www.masystemutbildning.se\/sv-se\/wp-content\/uploads\/2026\/01\/MAsystem_50.webp","contentUrl":"https:\/\/www.masystemutbildning.se\/sv-se\/wp-content\/uploads\/2026\/01\/MAsystem_50.webp","width":1080,"height":829,"caption":"MA-system Utbildning AB"},"image":{"@id":"https:\/\/www.masystemutbildning.se\/sv-se\/#\/schema\/logo\/image\/"},"sameAs":["https:\/\/www.facebook.com\/masystemutbildning","https:\/\/x.com\/mautbildning","https:\/\/www.instagram.com\/masystemutbildning\/","https:\/\/www.linkedin.com\/company\/ma-system-utbildning-ab\/"]}]}},"_links":{"self":[{"href":"https:\/\/www.masystemutbildning.se\/sv-se\/wp-json\/wp\/v2\/pages\/258","targetHints":{"allow":["GET"]}}],"collection":[{"href":"https:\/\/www.masystemutbildning.se\/sv-se\/wp-json\/wp\/v2\/pages"}],"about":[{"href":"https:\/\/www.masystemutbildning.se\/sv-se\/wp-json\/wp\/v2\/types\/page"}],"author":[{"embeddable":true,"href":"https:\/\/www.masystemutbildning.se\/sv-se\/wp-json\/wp\/v2\/users\/3"}],"replies":[{"embeddable":true,"href":"https:\/\/www.masystemutbildning.se\/sv-se\/wp-json\/wp\/v2\/comments?post=258"}],"version-history":[{"count":64,"href":"https:\/\/www.masystemutbildning.se\/sv-se\/wp-json\/wp\/v2\/pages\/258\/revisions"}],"predecessor-version":[{"id":9723,"href":"https:\/\/www.masystemutbildning.se\/sv-se\/wp-json\/wp\/v2\/pages\/258\/revisions\/9723"}],"up":[{"embeddable":true,"href":"https:\/\/www.masystemutbildning.se\/sv-se\/wp-json\/wp\/v2\/pages\/88"}],"wp:attachment":[{"href":"https:\/\/www.masystemutbildning.se\/sv-se\/wp-json\/wp\/v2\/media?parent=258"}],"curies":[{"name":"wp","href":"https:\/\/api.w.org\/{rel}","templated":true}]}}