{"id":2392,"date":"2023-11-28T15:57:02","date_gmt":"2023-11-28T15:57:02","guid":{"rendered":"https:\/\/www.masystemutbildning.se\/sv-se\/?page_id=2392"},"modified":"2025-03-11T14:49:35","modified_gmt":"2025-03-11T12:49:35","slug":"ansvar","status":"publish","type":"page","link":"https:\/\/www.masystemutbildning.se\/sv-se\/e-larande-kursbocker\/kursmaterial\/ansvar\/","title":{"rendered":"Ansvar"},"content":{"rendered":"\t\t<div data-elementor-type=\"wp-page\" data-elementor-id=\"2392\" class=\"elementor elementor-2392\" data-elementor-post-type=\"page\">\n\t\t\t\t<div class=\"elementor-element elementor-element-19e11af6 sharp-cut e-flex e-con-boxed e-con e-parent\" data-id=\"19e11af6\" data-element_type=\"container\" data-e-type=\"container\" data-settings=\"{&quot;background_background&quot;:&quot;classic&quot;}\">\n\t\t\t\t\t<div class=\"e-con-inner\">\n\t\t<div class=\"elementor-element elementor-element-32682ece e-flex e-con-boxed e-con e-child\" data-id=\"32682ece\" data-element_type=\"container\" data-e-type=\"container\">\n\t\t\t\t\t<div class=\"e-con-inner\">\n\t\t\t\t<div class=\"elementor-element elementor-element-28a23ee6 elementor-widget elementor-widget-heading\" data-id=\"28a23ee6\" data-element_type=\"widget\" data-e-type=\"widget\" data-widget_type=\"heading.default\">\n\t\t\t\t<div class=\"elementor-widget-container\">\n\t\t\t\t\t<h1 class=\"elementor-heading-title elementor-size-default\">Utbildningsmaterial f\u00f6r arbetsledare.<\/h1>\t\t\t\t<\/div>\n\t\t\t\t<\/div>\n\t\t\t\t\t<\/div>\n\t\t\t\t<\/div>\n\t\t\t\t\t<\/div>\n\t\t\t\t<\/div>\n\t\t<div class=\"elementor-element elementor-element-304e47be e-flex e-con-boxed e-con e-parent\" data-id=\"304e47be\" data-element_type=\"container\" data-e-type=\"container\">\n\t\t\t\t\t<div class=\"e-con-inner\">\n\t\t<div class=\"elementor-element elementor-element-31f319a3 e-con-full e-flex e-con e-child\" data-id=\"31f319a3\" data-element_type=\"container\" data-e-type=\"container\">\n\t\t\t\t<div class=\"elementor-element elementor-element-77178bd2 elementor-widget elementor-widget-text-editor\" data-id=\"77178bd2\" data-element_type=\"widget\" data-e-type=\"widget\" data-widget_type=\"text-editor.default\">\n\t\t\t\t<div class=\"elementor-widget-container\">\n\t\t\t\t\t\t\t\t\t<p>Utbildningsmaterialet ger god k\u00e4nnedom om de lagar och best\u00e4mmelser som finns runt s\u00e4kerhet och ansvar p\u00e5 en arbetsplats. Du f\u00e5r veta vem som ansvarar f\u00f6r vad och hur du ska g\u00f6ra f\u00f6r att uppfylla dina skyldigheter. Du \u00f6kar ocks\u00e5 din f\u00f6rm\u00e5ga att f\u00f6rebygga olyckor.<\/p>\t\t\t\t\t\t\t\t<\/div>\n\t\t\t\t<\/div>\n\t\t\t\t<div class=\"elementor-element elementor-element-42c47878 elementor-widget elementor-widget-text-editor\" data-id=\"42c47878\" data-element_type=\"widget\" data-e-type=\"widget\" data-widget_type=\"text-editor.default\">\n\t\t\t\t<div class=\"elementor-widget-container\">\n\t\t\t\t\t\t\t\t\t<p>Materialet \u00e4r fr\u00e4mst t\u00e4nkt f\u00f6r arbetsledare, skyddsombud och andra i ansvarsposition, men \u00e4r nyttigt \u00e4ven f\u00f6r truckf\u00f6rare.<\/p>\t\t\t\t\t\t\t\t<\/div>\n\t\t\t\t<\/div>\n\t\t\t\t<\/div>\n\t\t\t\t\t<\/div>\n\t\t\t\t<\/div>\n\t\t<div class=\"elementor-element elementor-element-79c08f9 e-flex e-con-boxed e-con e-parent\" data-id=\"79c08f9\" data-element_type=\"container\" data-e-type=\"container\">\n\t\t\t\t\t<div class=\"e-con-inner\">\n\t\t\t\t<div class=\"elementor-element elementor-element-7e22626 elementor-widget elementor-widget-html\" data-id=\"7e22626\" data-element_type=\"widget\" data-e-type=\"widget\" data-widget_type=\"html.default\">\n\t\t\t\t<div class=\"elementor-widget-container\">\n\t\t\t\t\t<div style=\"position:relative;padding-top:max(60%,326px);height:0;width:100%\"><iframe allow=\"clipboard-write\" sandbox=\"allow-top-navigation allow-top-navigation-by-user-activation allow-downloads allow-scripts allow-same-origin allow-popups allow-modals allow-popups-to-escape-sandbox allow-forms\" allowfullscreen=\"true\" style=\"position:absolute;border:none;width:100%;height:100%;left:0;right:0;top:0;bottom:0;\" src=\"https:\/\/e.issuu.com\/embed.html?d=ansvar_utdrag&u=masystemutbildning\"><\/iframe><\/div>\t\t\t\t<\/div>\n\t\t\t\t<\/div>\n\t\t\t\t\t<\/div>\n\t\t\t\t<\/div>\n\t\t<div class=\"elementor-element elementor-element-436f4665 e-grid e-con-boxed e-con e-parent\" data-id=\"436f4665\" data-element_type=\"container\" data-e-type=\"container\">\n\t\t\t\t\t<div class=\"e-con-inner\">\n\t\t<div class=\"elementor-element elementor-element-2864dc18 e-flex e-con-boxed e-con e-child\" data-id=\"2864dc18\" data-element_type=\"container\" data-e-type=\"container\" data-settings=\"{&quot;background_background&quot;:&quot;classic&quot;}\">\n\t\t\t\t\t<div class=\"e-con-inner\">\n\t\t\t\t<div class=\"elementor-element elementor-element-7048e83e elementor-widget elementor-widget-heading\" data-id=\"7048e83e\" data-element_type=\"widget\" data-e-type=\"widget\" data-widget_type=\"heading.default\">\n\t\t\t\t<div class=\"elementor-widget-container\">\n\t\t\t\t\t<h2 class=\"elementor-heading-title elementor-size-default\">Utbilda dig till ansvarsinstrukt\u00f6r.<\/h2>\t\t\t\t<\/div>\n\t\t\t\t<\/div>\n\t\t\t\t<div class=\"elementor-element elementor-element-39a0a4c6 elementor-widget elementor-widget-text-editor\" data-id=\"39a0a4c6\" data-element_type=\"widget\" data-e-type=\"widget\" data-widget_type=\"text-editor.default\">\n\t\t\t\t<div class=\"elementor-widget-container\">\n\t\t\t\t\t\t\t\t\t<p>Genom att f\u00e5 ett fastare grepp om aktuell lagstiftning och aktuella f\u00f6reskrifter, blir det tydligare var gr\u00e4nserna g\u00e5r f\u00f6r olika befattningars ansvar och skyldigheter. D\u00e5 \u00f6kar ocks\u00e5 m\u00f6jligheten att f\u00f6rebygga olyckor.<\/p>\t\t\t\t\t\t\t\t<\/div>\n\t\t\t\t<\/div>\n\t\t<div class=\"elementor-element elementor-element-4d09120 e-flex e-con-boxed e-con e-child\" data-id=\"4d09120\" data-element_type=\"container\" data-e-type=\"container\">\n\t\t\t\t\t<div class=\"e-con-inner\">\n\t\t\t\t<div class=\"elementor-element elementor-element-4e5f7cd3 sharp-cut-button elementor-widget elementor-widget-button\" data-id=\"4e5f7cd3\" data-element_type=\"widget\" data-e-type=\"widget\" data-widget_type=\"button.default\">\n\t\t\t\t<div class=\"elementor-widget-container\">\n\t\t\t\t\t\t\t\t\t<div class=\"elementor-button-wrapper\">\n\t\t\t\t\t<a class=\"elementor-button elementor-button-link elementor-size-sm\" href=\"https:\/\/www.masystemutbildning.se\/sv-se\/instruktorsutbildning\/ansvarsinstruktor\/\">\n\t\t\t\t\t\t<span class=\"elementor-button-content-wrapper\">\n\t\t\t\t\t\t<span class=\"elementor-button-icon\">\n\t\t\t\t<i aria-hidden=\"true\" class=\"icon icon-arrow-right\"><\/i>\t\t\t<\/span>\n\t\t\t\t\t\t\t\t\t<span class=\"elementor-button-text\">L\u00e4s mer<\/span>\n\t\t\t\t\t<\/span>\n\t\t\t\t\t<\/a>\n\t\t\t\t<\/div>\n\t\t\t\t\t\t\t\t<\/div>\n\t\t\t\t<\/div>\n\t\t\t\t\t<\/div>\n\t\t\t\t<\/div>\n\t\t\t\t\t<\/div>\n\t\t\t\t<\/div>\n\t\t<div class=\"elementor-element elementor-element-f1ba6e5 e-flex e-con-boxed e-con e-child\" data-id=\"f1ba6e5\" data-element_type=\"container\" data-e-type=\"container\" data-settings=\"{&quot;background_background&quot;:&quot;classic&quot;}\">\n\t\t\t\t\t<div class=\"e-con-inner\">\n\t\t\t\t\t<\/div>\n\t\t\t\t<\/div>\n\t\t\t\t\t<\/div>\n\t\t\t\t<\/div>\n\t\t<div class=\"elementor-element elementor-element-153a58f6 e-flex e-con-boxed e-con e-parent\" data-id=\"153a58f6\" data-element_type=\"container\" data-e-type=\"container\">\n\t\t\t\t\t<div class=\"e-con-inner\">\n\t\t\t\t<div class=\"elementor-element elementor-element-53a62292 elementor-widget elementor-widget-text-editor\" data-id=\"53a62292\" data-element_type=\"widget\" data-e-type=\"widget\" data-widget_type=\"text-editor.default\">\n\t\t\t\t<div class=\"elementor-widget-container\">\n\t\t\t\t\t\t\t\t\t<p>Copyright 2025 MA-system Utbildning AB. Alla r\u00e4ttigheter f\u00f6rbeh\u00e5llna.<br \/>Ingen del av denna webbplats f\u00e5r reproduceras eller distribueras utan f\u00f6reg\u00e5ende skriftlig tillst\u00e5nd fr\u00e5n upphovsr\u00e4ttsinnehavaren.<\/p>\t\t\t\t\t\t\t\t<\/div>\n\t\t\t\t<\/div>\n\t\t\t\t\t<\/div>\n\t\t\t\t<\/div>\n\t\t\t\t<\/div>\n\t\t","protected":false},"excerpt":{"rendered":"<p>Utbildningsmaterial f\u00f6r arbetsledare. Utbildningsmaterialet ger god k\u00e4nnedom om de lagar och best\u00e4mmelser som finns runt s\u00e4kerhet och ansvar p\u00e5 en arbetsplats. Du f\u00e5r veta vem som ansvarar f\u00f6r vad och hur du ska g\u00f6ra f\u00f6r att uppfylla dina skyldigheter. Du \u00f6kar ocks\u00e5 din f\u00f6rm\u00e5ga att f\u00f6rebygga olyckor. Materialet \u00e4r fr\u00e4mst t\u00e4nkt f\u00f6r arbetsledare, skyddsombud och [&hellip;]<\/p>\n","protected":false},"author":2,"featured_media":2760,"parent":106,"menu_order":0,"comment_status":"closed","ping_status":"closed","template":"","meta":{"_acf_changed":false,"footnotes":""},"class_list":["post-2392","page","type-page","status-publish","has-post-thumbnail","hentry"],"acf":[],"yoast_head":"<!-- This site is optimized with the Yoast SEO Premium plugin v26.9 (Yoast SEO v27.3) - https:\/\/yoast.com\/product\/yoast-seo-premium-wordpress\/ -->\n<title>Ansvar - MA-system Utbildning AB<\/title>\n<meta name=\"description\" content=\"Utbildningsmaterialet ger god k\u00e4nnedom om de lagar och best\u00e4mmelser som finns runt s\u00e4kerhet och ansvar p\u00e5 en arbetsplats.\" \/>\n<meta name=\"robots\" content=\"index, follow, max-snippet:-1, max-image-preview:large, max-video-preview:-1\" \/>\n<link rel=\"canonical\" href=\"https:\/\/www.masystemutbildning.se\/sv-se\/e-larande-kursbocker\/kursmaterial\/ansvar\/\" \/>\n<meta property=\"og:locale\" content=\"sv_SE\" \/>\n<meta property=\"og:type\" content=\"article\" \/>\n<meta property=\"og:title\" content=\"Ansvar\" \/>\n<meta property=\"og:description\" content=\"Utbildningsmaterialet ger god k\u00e4nnedom om de lagar och best\u00e4mmelser som finns runt s\u00e4kerhet och ansvar p\u00e5 en arbetsplats.\" \/>\n<meta property=\"og:url\" content=\"https:\/\/www.masystemutbildning.se\/sv-se\/e-larande-kursbocker\/kursmaterial\/ansvar\/\" \/>\n<meta property=\"og:site_name\" content=\"MA-system Utbildning AB\" \/>\n<meta property=\"article:publisher\" content=\"https:\/\/www.facebook.com\/masystemutbildning\" \/>\n<meta property=\"article:modified_time\" content=\"2025-03-11T12:49:35+00:00\" \/>\n<meta name=\"twitter:card\" content=\"summary_large_image\" \/>\n<meta name=\"twitter:site\" content=\"@mautbildning\" \/>\n<meta name=\"twitter:label1\" content=\"Est. reading time\" \/>\n\t<meta name=\"twitter:data1\" content=\"1 minut\" \/>\n<script type=\"application\/ld+json\" class=\"yoast-schema-graph\">{\"@context\":\"https:\\\/\\\/schema.org\",\"@graph\":[{\"@type\":\"WebPage\",\"@id\":\"https:\\\/\\\/www.masystemutbildning.se\\\/sv-se\\\/e-larande-kursbocker\\\/kursmaterial\\\/ansvar\\\/\",\"url\":\"https:\\\/\\\/www.masystemutbildning.se\\\/sv-se\\\/e-larande-kursbocker\\\/kursmaterial\\\/ansvar\\\/\",\"name\":\"Ansvar - MA-system Utbildning AB\",\"isPartOf\":{\"@id\":\"https:\\\/\\\/www.masystemutbildning.se\\\/sv-se\\\/#website\"},\"primaryImageOfPage\":{\"@id\":\"https:\\\/\\\/www.masystemutbildning.se\\\/sv-se\\\/e-larande-kursbocker\\\/kursmaterial\\\/ansvar\\\/#primaryimage\"},\"image\":{\"@id\":\"https:\\\/\\\/www.masystemutbildning.se\\\/sv-se\\\/e-larande-kursbocker\\\/kursmaterial\\\/ansvar\\\/#primaryimage\"},\"thumbnailUrl\":\"https:\\\/\\\/www.masystemutbildning.se\\\/sv-se\\\/wp-content\\\/uploads\\\/2023\\\/12\\\/Ansvar.svg\",\"datePublished\":\"2023-11-28T15:57:02+00:00\",\"dateModified\":\"2025-03-11T12:49:35+00:00\",\"description\":\"Utbildningsmaterialet ger god k\u00e4nnedom om de lagar och best\u00e4mmelser som finns runt s\u00e4kerhet och ansvar p\u00e5 en arbetsplats.\",\"breadcrumb\":{\"@id\":\"https:\\\/\\\/www.masystemutbildning.se\\\/sv-se\\\/e-larande-kursbocker\\\/kursmaterial\\\/ansvar\\\/#breadcrumb\"},\"inLanguage\":\"sv-SE\",\"potentialAction\":[{\"@type\":\"ReadAction\",\"target\":[\"https:\\\/\\\/www.masystemutbildning.se\\\/sv-se\\\/e-larande-kursbocker\\\/kursmaterial\\\/ansvar\\\/\"]}]},{\"@type\":\"ImageObject\",\"inLanguage\":\"sv-SE\",\"@id\":\"https:\\\/\\\/www.masystemutbildning.se\\\/sv-se\\\/e-larande-kursbocker\\\/kursmaterial\\\/ansvar\\\/#primaryimage\",\"url\":\"https:\\\/\\\/www.masystemutbildning.se\\\/sv-se\\\/wp-content\\\/uploads\\\/2023\\\/12\\\/Ansvar.svg\",\"contentUrl\":\"https:\\\/\\\/www.masystemutbildning.se\\\/sv-se\\\/wp-content\\\/uploads\\\/2023\\\/12\\\/Ansvar.svg\",\"caption\":\"Kursmaterial f\u00f6r arbetsledare och skyddsombud.\"},{\"@type\":\"BreadcrumbList\",\"@id\":\"https:\\\/\\\/www.masystemutbildning.se\\\/sv-se\\\/e-larande-kursbocker\\\/kursmaterial\\\/ansvar\\\/#breadcrumb\",\"itemListElement\":[{\"@type\":\"ListItem\",\"position\":1,\"name\":\"Home\",\"item\":\"https:\\\/\\\/www.masystemutbildning.se\\\/sv-se\\\/\"},{\"@type\":\"ListItem\",\"position\":2,\"name\":\"E-l\u00e4rande &amp; kursb\u00f6cker\",\"item\":\"https:\\\/\\\/www.masystemutbildning.se\\\/sv-se\\\/e-larande-kursbocker\\\/\"},{\"@type\":\"ListItem\",\"position\":3,\"name\":\"Kursmaterial\",\"item\":\"https:\\\/\\\/www.masystemutbildning.se\\\/sv-se\\\/e-larande-kursbocker\\\/kursmaterial\\\/\"},{\"@type\":\"ListItem\",\"position\":4,\"name\":\"Ansvar\"}]},{\"@type\":\"WebSite\",\"@id\":\"https:\\\/\\\/www.masystemutbildning.se\\\/sv-se\\\/#website\",\"url\":\"https:\\\/\\\/www.masystemutbildning.se\\\/sv-se\\\/\",\"name\":\"MA-system Utbildning AB\",\"description\":\"\",\"publisher\":{\"@id\":\"https:\\\/\\\/www.masystemutbildning.se\\\/sv-se\\\/#organization\"},\"potentialAction\":[{\"@type\":\"SearchAction\",\"target\":{\"@type\":\"EntryPoint\",\"urlTemplate\":\"https:\\\/\\\/www.masystemutbildning.se\\\/sv-se\\\/?s={search_term_string}\"},\"query-input\":{\"@type\":\"PropertyValueSpecification\",\"valueRequired\":true,\"valueName\":\"search_term_string\"}}],\"inLanguage\":\"sv-SE\"},{\"@type\":\"Organization\",\"@id\":\"https:\\\/\\\/www.masystemutbildning.se\\\/sv-se\\\/#organization\",\"name\":\"MA-system Utbildning AB\",\"url\":\"https:\\\/\\\/www.masystemutbildning.se\\\/sv-se\\\/\",\"logo\":{\"@type\":\"ImageObject\",\"inLanguage\":\"sv-SE\",\"@id\":\"https:\\\/\\\/www.masystemutbildning.se\\\/sv-se\\\/#\\\/schema\\\/logo\\\/image\\\/\",\"url\":\"https:\\\/\\\/www.masystemutbildning.se\\\/sv-se\\\/wp-content\\\/uploads\\\/2026\\\/01\\\/MAsystem_50.webp\",\"contentUrl\":\"https:\\\/\\\/www.masystemutbildning.se\\\/sv-se\\\/wp-content\\\/uploads\\\/2026\\\/01\\\/MAsystem_50.webp\",\"width\":1080,\"height\":829,\"caption\":\"MA-system Utbildning AB\"},\"image\":{\"@id\":\"https:\\\/\\\/www.masystemutbildning.se\\\/sv-se\\\/#\\\/schema\\\/logo\\\/image\\\/\"},\"sameAs\":[\"https:\\\/\\\/www.facebook.com\\\/masystemutbildning\",\"https:\\\/\\\/x.com\\\/mautbildning\",\"https:\\\/\\\/www.instagram.com\\\/masystemutbildning\\\/\",\"https:\\\/\\\/www.linkedin.com\\\/company\\\/ma-system-utbildning-ab\\\/\"]}]}<\/script>\n<!-- \/ Yoast SEO Premium plugin. -->","yoast_head_json":{"title":"Ansvar - MA-system Utbildning AB","description":"Utbildningsmaterialet ger god k\u00e4nnedom om de lagar och best\u00e4mmelser som finns runt s\u00e4kerhet och ansvar p\u00e5 en arbetsplats.","robots":{"index":"index","follow":"follow","max-snippet":"max-snippet:-1","max-image-preview":"max-image-preview:large","max-video-preview":"max-video-preview:-1"},"canonical":"https:\/\/www.masystemutbildning.se\/sv-se\/e-larande-kursbocker\/kursmaterial\/ansvar\/","og_locale":"sv_SE","og_type":"article","og_title":"Ansvar","og_description":"Utbildningsmaterialet ger god k\u00e4nnedom om de lagar och best\u00e4mmelser som finns runt s\u00e4kerhet och ansvar p\u00e5 en arbetsplats.","og_url":"https:\/\/www.masystemutbildning.se\/sv-se\/e-larande-kursbocker\/kursmaterial\/ansvar\/","og_site_name":"MA-system Utbildning AB","article_publisher":"https:\/\/www.facebook.com\/masystemutbildning","article_modified_time":"2025-03-11T12:49:35+00:00","twitter_card":"summary_large_image","twitter_site":"@mautbildning","twitter_misc":{"Est. reading time":"1 minut"},"schema":{"@context":"https:\/\/schema.org","@graph":[{"@type":"WebPage","@id":"https:\/\/www.masystemutbildning.se\/sv-se\/e-larande-kursbocker\/kursmaterial\/ansvar\/","url":"https:\/\/www.masystemutbildning.se\/sv-se\/e-larande-kursbocker\/kursmaterial\/ansvar\/","name":"Ansvar - MA-system Utbildning AB","isPartOf":{"@id":"https:\/\/www.masystemutbildning.se\/sv-se\/#website"},"primaryImageOfPage":{"@id":"https:\/\/www.masystemutbildning.se\/sv-se\/e-larande-kursbocker\/kursmaterial\/ansvar\/#primaryimage"},"image":{"@id":"https:\/\/www.masystemutbildning.se\/sv-se\/e-larande-kursbocker\/kursmaterial\/ansvar\/#primaryimage"},"thumbnailUrl":"https:\/\/www.masystemutbildning.se\/sv-se\/wp-content\/uploads\/2023\/12\/Ansvar.svg","datePublished":"2023-11-28T15:57:02+00:00","dateModified":"2025-03-11T12:49:35+00:00","description":"Utbildningsmaterialet ger god k\u00e4nnedom om de lagar och best\u00e4mmelser som finns runt s\u00e4kerhet och ansvar p\u00e5 en arbetsplats.","breadcrumb":{"@id":"https:\/\/www.masystemutbildning.se\/sv-se\/e-larande-kursbocker\/kursmaterial\/ansvar\/#breadcrumb"},"inLanguage":"sv-SE","potentialAction":[{"@type":"ReadAction","target":["https:\/\/www.masystemutbildning.se\/sv-se\/e-larande-kursbocker\/kursmaterial\/ansvar\/"]}]},{"@type":"ImageObject","inLanguage":"sv-SE","@id":"https:\/\/www.masystemutbildning.se\/sv-se\/e-larande-kursbocker\/kursmaterial\/ansvar\/#primaryimage","url":"https:\/\/www.masystemutbildning.se\/sv-se\/wp-content\/uploads\/2023\/12\/Ansvar.svg","contentUrl":"https:\/\/www.masystemutbildning.se\/sv-se\/wp-content\/uploads\/2023\/12\/Ansvar.svg","caption":"Kursmaterial f\u00f6r arbetsledare och skyddsombud."},{"@type":"BreadcrumbList","@id":"https:\/\/www.masystemutbildning.se\/sv-se\/e-larande-kursbocker\/kursmaterial\/ansvar\/#breadcrumb","itemListElement":[{"@type":"ListItem","position":1,"name":"Home","item":"https:\/\/www.masystemutbildning.se\/sv-se\/"},{"@type":"ListItem","position":2,"name":"E-l\u00e4rande &amp; kursb\u00f6cker","item":"https:\/\/www.masystemutbildning.se\/sv-se\/e-larande-kursbocker\/"},{"@type":"ListItem","position":3,"name":"Kursmaterial","item":"https:\/\/www.masystemutbildning.se\/sv-se\/e-larande-kursbocker\/kursmaterial\/"},{"@type":"ListItem","position":4,"name":"Ansvar"}]},{"@type":"WebSite","@id":"https:\/\/www.masystemutbildning.se\/sv-se\/#website","url":"https:\/\/www.masystemutbildning.se\/sv-se\/","name":"MA-system Utbildning AB","description":"","publisher":{"@id":"https:\/\/www.masystemutbildning.se\/sv-se\/#organization"},"potentialAction":[{"@type":"SearchAction","target":{"@type":"EntryPoint","urlTemplate":"https:\/\/www.masystemutbildning.se\/sv-se\/?s={search_term_string}"},"query-input":{"@type":"PropertyValueSpecification","valueRequired":true,"valueName":"search_term_string"}}],"inLanguage":"sv-SE"},{"@type":"Organization","@id":"https:\/\/www.masystemutbildning.se\/sv-se\/#organization","name":"MA-system Utbildning AB","url":"https:\/\/www.masystemutbildning.se\/sv-se\/","logo":{"@type":"ImageObject","inLanguage":"sv-SE","@id":"https:\/\/www.masystemutbildning.se\/sv-se\/#\/schema\/logo\/image\/","url":"https:\/\/www.masystemutbildning.se\/sv-se\/wp-content\/uploads\/2026\/01\/MAsystem_50.webp","contentUrl":"https:\/\/www.masystemutbildning.se\/sv-se\/wp-content\/uploads\/2026\/01\/MAsystem_50.webp","width":1080,"height":829,"caption":"MA-system Utbildning AB"},"image":{"@id":"https:\/\/www.masystemutbildning.se\/sv-se\/#\/schema\/logo\/image\/"},"sameAs":["https:\/\/www.facebook.com\/masystemutbildning","https:\/\/x.com\/mautbildning","https:\/\/www.instagram.com\/masystemutbildning\/","https:\/\/www.linkedin.com\/company\/ma-system-utbildning-ab\/"]}]}},"_links":{"self":[{"href":"https:\/\/www.masystemutbildning.se\/sv-se\/wp-json\/wp\/v2\/pages\/2392","targetHints":{"allow":["GET"]}}],"collection":[{"href":"https:\/\/www.masystemutbildning.se\/sv-se\/wp-json\/wp\/v2\/pages"}],"about":[{"href":"https:\/\/www.masystemutbildning.se\/sv-se\/wp-json\/wp\/v2\/types\/page"}],"author":[{"embeddable":true,"href":"https:\/\/www.masystemutbildning.se\/sv-se\/wp-json\/wp\/v2\/users\/2"}],"replies":[{"embeddable":true,"href":"https:\/\/www.masystemutbildning.se\/sv-se\/wp-json\/wp\/v2\/comments?post=2392"}],"version-history":[{"count":76,"href":"https:\/\/www.masystemutbildning.se\/sv-se\/wp-json\/wp\/v2\/pages\/2392\/revisions"}],"predecessor-version":[{"id":8820,"href":"https:\/\/www.masystemutbildning.se\/sv-se\/wp-json\/wp\/v2\/pages\/2392\/revisions\/8820"}],"up":[{"embeddable":true,"href":"https:\/\/www.masystemutbildning.se\/sv-se\/wp-json\/wp\/v2\/pages\/106"}],"wp:featuredmedia":[{"embeddable":true,"href":"https:\/\/www.masystemutbildning.se\/sv-se\/wp-json\/wp\/v2\/media\/2760"}],"wp:attachment":[{"href":"https:\/\/www.masystemutbildning.se\/sv-se\/wp-json\/wp\/v2\/media?parent=2392"}],"curies":[{"name":"wp","href":"https:\/\/api.w.org\/{rel}","templated":true}]}}