{"id":2382,"date":"2023-11-28T15:52:19","date_gmt":"2023-11-28T15:52:19","guid":{"rendered":"https:\/\/www.masystemutbildning.se\/sv-se\/?page_id=2382"},"modified":"2025-03-11T15:01:29","modified_gmt":"2025-03-11T13:01:29","slug":"fallskydd","status":"publish","type":"page","link":"https:\/\/www.masystemutbildning.se\/sv-se\/e-larande-kursbocker\/kursmaterial\/fallskydd\/","title":{"rendered":"Fallskydd"},"content":{"rendered":"\t\t<div data-elementor-type=\"wp-page\" data-elementor-id=\"2382\" class=\"elementor elementor-2382\" data-elementor-post-type=\"page\">\n\t\t\t\t<div class=\"elementor-element elementor-element-6ebffd80 sharp-cut e-flex e-con-boxed e-con e-parent\" data-id=\"6ebffd80\" data-element_type=\"container\" data-e-type=\"container\" data-settings=\"{&quot;background_background&quot;:&quot;classic&quot;}\">\n\t\t\t\t\t<div class=\"e-con-inner\">\n\t\t<div class=\"elementor-element elementor-element-1954db44 e-flex e-con-boxed e-con e-child\" data-id=\"1954db44\" data-element_type=\"container\" data-e-type=\"container\">\n\t\t\t\t\t<div class=\"e-con-inner\">\n\t\t\t\t<div class=\"elementor-element elementor-element-54581279 elementor-widget elementor-widget-heading\" data-id=\"54581279\" data-element_type=\"widget\" data-e-type=\"widget\" data-widget_type=\"heading.default\">\n\t\t\t\t<div class=\"elementor-widget-container\">\n\t\t\t\t\t<h1 class=\"elementor-heading-title elementor-size-default\">Utbildnings&shy;material f\u00f6r fallskydds&shy;utbildningar.<\/h1>\t\t\t\t<\/div>\n\t\t\t\t<\/div>\n\t\t\t\t\t<\/div>\n\t\t\t\t<\/div>\n\t\t\t\t\t<\/div>\n\t\t\t\t<\/div>\n\t\t<div class=\"elementor-element elementor-element-587b2337 e-flex e-con-boxed e-con e-parent\" data-id=\"587b2337\" data-element_type=\"container\" data-e-type=\"container\">\n\t\t\t\t\t<div class=\"e-con-inner\">\n\t\t<div class=\"elementor-element elementor-element-5c9fa75b e-con-full e-flex e-con e-child\" data-id=\"5c9fa75b\" data-element_type=\"container\" data-e-type=\"container\">\n\t\t\t\t<div class=\"elementor-element elementor-element-6359f776 elementor-widget elementor-widget-text-editor\" data-id=\"6359f776\" data-element_type=\"widget\" data-e-type=\"widget\" data-widget_type=\"text-editor.default\">\n\t\t\t\t<div class=\"elementor-widget-container\">\n\t\t\t\t\t\t\t\t\t<p>Utbildningsmaterial anpassat f\u00f6r fallskyddsutbildning inom bygg och industri som ger faktakunskaperna och den praktiska kompetensen f\u00f6r att anv\u00e4nda fallskyddsutrustning.<\/p>\t\t\t\t\t\t\t\t<\/div>\n\t\t\t\t<\/div>\n\t\t\t\t<div class=\"elementor-element elementor-element-152b6e7b elementor-widget elementor-widget-text-editor\" data-id=\"152b6e7b\" data-element_type=\"widget\" data-e-type=\"widget\" data-widget_type=\"text-editor.default\">\n\t\t\t\t<div class=\"elementor-widget-container\">\n\t\t\t\t\t\t\t\t\t<p>Boken inneh\u00e5ller allt kursdeltagarna m\u00e5ste veta om lagar och best\u00e4mmelser, grundl\u00e4ra om fallskydd och komponenter, fallskyddssystem, nedfirningselar och besiktning samt r\u00e4ddningssystem.<\/p><p>Utbildningsmaterialet f\u00f6ljer den brittiska standarden BS8454:2006 Arbete p\u00e5 h\u00f6jd och r\u00e4ddning.<\/p>\t\t\t\t\t\t\t\t<\/div>\n\t\t\t\t<\/div>\n\t\t\t\t<\/div>\n\t\t\t\t\t<\/div>\n\t\t\t\t<\/div>\n\t\t<div class=\"elementor-element elementor-element-8ee49c3 e-flex e-con-boxed e-con e-parent\" data-id=\"8ee49c3\" data-element_type=\"container\" data-e-type=\"container\">\n\t\t\t\t\t<div class=\"e-con-inner\">\n\t\t\t\t<div class=\"elementor-element elementor-element-c67fdb0 elementor-widget elementor-widget-html\" data-id=\"c67fdb0\" data-element_type=\"widget\" data-e-type=\"widget\" data-widget_type=\"html.default\">\n\t\t\t\t<div class=\"elementor-widget-container\">\n\t\t\t\t\t<div style=\"position:relative;padding-top:max(60%,326px);height:0;width:100%\"><iframe allow=\"clipboard-write\" sandbox=\"allow-top-navigation allow-top-navigation-by-user-activation allow-downloads allow-scripts allow-same-origin allow-popups allow-modals allow-popups-to-escape-sandbox allow-forms\" allowfullscreen=\"true\" style=\"position:absolute;border:none;width:100%;height:100%;left:0;right:0;top:0;bottom:0;\" src=\"https:\/\/e.issuu.com\/embed.html?d=fallskydd_v1_utdrag&u=masystemutbildning\"><\/iframe><\/div>\t\t\t\t<\/div>\n\t\t\t\t<\/div>\n\t\t\t\t\t<\/div>\n\t\t\t\t<\/div>\n\t\t<div class=\"elementor-element elementor-element-74b86ae4 e-grid e-con-boxed e-con e-parent\" data-id=\"74b86ae4\" data-element_type=\"container\" data-e-type=\"container\">\n\t\t\t\t\t<div class=\"e-con-inner\">\n\t\t<div class=\"elementor-element elementor-element-67248882 e-flex e-con-boxed e-con e-child\" data-id=\"67248882\" data-element_type=\"container\" data-e-type=\"container\" data-settings=\"{&quot;background_background&quot;:&quot;classic&quot;}\">\n\t\t\t\t\t<div class=\"e-con-inner\">\n\t\t\t\t<div class=\"elementor-element elementor-element-523990dd elementor-widget elementor-widget-heading\" data-id=\"523990dd\" data-element_type=\"widget\" data-e-type=\"widget\" data-widget_type=\"heading.default\">\n\t\t\t\t<div class=\"elementor-widget-container\">\n\t\t\t\t\t<h2 class=\"elementor-heading-title elementor-size-default\">Utbilda dig till fallskydds&shy;instrukt\u00f6r.<\/h2>\t\t\t\t<\/div>\n\t\t\t\t<\/div>\n\t\t\t\t<div class=\"elementor-element elementor-element-7caa8fd1 elementor-widget elementor-widget-text-editor\" data-id=\"7caa8fd1\" data-element_type=\"widget\" data-e-type=\"widget\" data-widget_type=\"text-editor.default\">\n\t\t\t\t<div class=\"elementor-widget-container\">\n\t\t\t\t\t\t\t\t\tEn kurs f\u00f6r dig som vill kunna utbilda i fallskydd sj\u00e4lv och f\u00f6r de f\u00f6retag som vill utnyttja f\u00f6rdelarna med att ha en egen instrukt\u00f6r f\u00f6r fallskydds&shy;utbildningen \u2013 ett uppl\u00e4gg som ger stor frihet i kursplaneringen.\t\t\t\t\t\t\t\t<\/div>\n\t\t\t\t<\/div>\n\t\t<div class=\"elementor-element elementor-element-57fd6480 e-flex e-con-boxed e-con e-child\" data-id=\"57fd6480\" data-element_type=\"container\" data-e-type=\"container\">\n\t\t\t\t\t<div class=\"e-con-inner\">\n\t\t\t\t<div class=\"elementor-element elementor-element-ecbed40 sharp-cut-button elementor-widget elementor-widget-button\" data-id=\"ecbed40\" data-element_type=\"widget\" data-e-type=\"widget\" data-widget_type=\"button.default\">\n\t\t\t\t<div class=\"elementor-widget-container\">\n\t\t\t\t\t\t\t\t\t<div class=\"elementor-button-wrapper\">\n\t\t\t\t\t<a class=\"elementor-button elementor-button-link elementor-size-sm\" href=\"https:\/\/www.masystemutbildning.se\/sv-se\/instruktorsutbildning\/fallskyddsinstruktor\/\">\n\t\t\t\t\t\t<span class=\"elementor-button-content-wrapper\">\n\t\t\t\t\t\t<span class=\"elementor-button-icon\">\n\t\t\t\t<i aria-hidden=\"true\" class=\"icon icon-arrow-right\"><\/i>\t\t\t<\/span>\n\t\t\t\t\t\t\t\t\t<span class=\"elementor-button-text\">L\u00e4s mer<\/span>\n\t\t\t\t\t<\/span>\n\t\t\t\t\t<\/a>\n\t\t\t\t<\/div>\n\t\t\t\t\t\t\t\t<\/div>\n\t\t\t\t<\/div>\n\t\t\t\t\t<\/div>\n\t\t\t\t<\/div>\n\t\t\t\t\t<\/div>\n\t\t\t\t<\/div>\n\t\t<div class=\"elementor-element elementor-element-679ac5b1 e-flex e-con-boxed e-con e-child\" data-id=\"679ac5b1\" data-element_type=\"container\" data-e-type=\"container\" data-settings=\"{&quot;background_background&quot;:&quot;classic&quot;}\">\n\t\t\t\t\t<div class=\"e-con-inner\">\n\t\t\t\t\t<\/div>\n\t\t\t\t<\/div>\n\t\t\t\t\t<\/div>\n\t\t\t\t<\/div>\n\t\t<div class=\"elementor-element elementor-element-7bc12b7e e-flex e-con-boxed e-con e-parent\" data-id=\"7bc12b7e\" data-element_type=\"container\" data-e-type=\"container\">\n\t\t\t\t\t<div class=\"e-con-inner\">\n\t\t\t\t<div class=\"elementor-element elementor-element-217ed78d elementor-widget elementor-widget-text-editor\" data-id=\"217ed78d\" data-element_type=\"widget\" data-e-type=\"widget\" data-widget_type=\"text-editor.default\">\n\t\t\t\t<div class=\"elementor-widget-container\">\n\t\t\t\t\t\t\t\t\t<p>Copyright 2025 MA-system Utbildning AB. Alla r\u00e4ttigheter f\u00f6rbeh\u00e5llna.\u00a0<br \/>Ingen del av denna webbplats f\u00e5r reproduceras eller distribueras utan f\u00f6reg\u00e5ende skriftlig tillst\u00e5nd fr\u00e5n upphovsr\u00e4ttsinnehavaren.<\/p>\t\t\t\t\t\t\t\t<\/div>\n\t\t\t\t<\/div>\n\t\t\t\t\t<\/div>\n\t\t\t\t<\/div>\n\t\t\t\t<\/div>\n\t\t","protected":false},"excerpt":{"rendered":"<p>Utbildnings&shy;material f\u00f6r fallskydds&shy;utbildningar. Utbildningsmaterial anpassat f\u00f6r fallskyddsutbildning inom bygg och industri som ger faktakunskaperna och den praktiska kompetensen f\u00f6r att anv\u00e4nda fallskyddsutrustning. Boken inneh\u00e5ller allt kursdeltagarna m\u00e5ste veta om lagar och best\u00e4mmelser, grundl\u00e4ra om fallskydd och komponenter, fallskyddssystem, nedfirningselar och besiktning samt r\u00e4ddningssystem. Utbildningsmaterialet f\u00f6ljer den brittiska standarden BS8454:2006 Arbete p\u00e5 h\u00f6jd och r\u00e4ddning. Utbilda [&hellip;]<\/p>\n","protected":false},"author":2,"featured_media":2768,"parent":106,"menu_order":0,"comment_status":"closed","ping_status":"closed","template":"","meta":{"_acf_changed":false,"footnotes":""},"class_list":["post-2382","page","type-page","status-publish","has-post-thumbnail","hentry"],"acf":[],"yoast_head":"<!-- This site is optimized with the Yoast SEO Premium plugin v26.9 (Yoast SEO v27.3) - https:\/\/yoast.com\/product\/yoast-seo-premium-wordpress\/ -->\n<title>Fallskydd - MA-system Utbildning AB<\/title>\n<meta name=\"description\" content=\"Utbildningsmaterial f\u00f6r fallskyddsutbildning inom bygg\/industri som ger de faktakunskaper och den kompetens som beh\u00f6vs f\u00f6r s\u00e4ker anv\u00e4ndning.\" \/>\n<meta name=\"robots\" content=\"index, follow, max-snippet:-1, max-image-preview:large, max-video-preview:-1\" \/>\n<link rel=\"canonical\" href=\"https:\/\/www.masystemutbildning.se\/sv-se\/e-larande-kursbocker\/kursmaterial\/fallskydd\/\" \/>\n<meta property=\"og:locale\" content=\"sv_SE\" \/>\n<meta property=\"og:type\" content=\"article\" \/>\n<meta property=\"og:title\" content=\"Fallskydd\" \/>\n<meta property=\"og:description\" content=\"Utbildningsmaterial f\u00f6r fallskyddsutbildning inom bygg\/industri som ger de faktakunskaper och den kompetens som beh\u00f6vs f\u00f6r s\u00e4ker anv\u00e4ndning.\" \/>\n<meta property=\"og:url\" content=\"https:\/\/www.masystemutbildning.se\/sv-se\/e-larande-kursbocker\/kursmaterial\/fallskydd\/\" \/>\n<meta property=\"og:site_name\" content=\"MA-system Utbildning AB\" \/>\n<meta property=\"article:publisher\" content=\"https:\/\/www.facebook.com\/masystemutbildning\" \/>\n<meta property=\"article:modified_time\" content=\"2025-03-11T13:01:29+00:00\" \/>\n<meta name=\"twitter:card\" content=\"summary_large_image\" \/>\n<meta name=\"twitter:site\" content=\"@mautbildning\" \/>\n<meta name=\"twitter:label1\" content=\"Est. reading time\" \/>\n\t<meta name=\"twitter:data1\" content=\"1 minut\" \/>\n<script type=\"application\/ld+json\" class=\"yoast-schema-graph\">{\"@context\":\"https:\\\/\\\/schema.org\",\"@graph\":[{\"@type\":\"WebPage\",\"@id\":\"https:\\\/\\\/www.masystemutbildning.se\\\/sv-se\\\/e-larande-kursbocker\\\/kursmaterial\\\/fallskydd\\\/\",\"url\":\"https:\\\/\\\/www.masystemutbildning.se\\\/sv-se\\\/e-larande-kursbocker\\\/kursmaterial\\\/fallskydd\\\/\",\"name\":\"Fallskydd - MA-system Utbildning AB\",\"isPartOf\":{\"@id\":\"https:\\\/\\\/www.masystemutbildning.se\\\/sv-se\\\/#website\"},\"primaryImageOfPage\":{\"@id\":\"https:\\\/\\\/www.masystemutbildning.se\\\/sv-se\\\/e-larande-kursbocker\\\/kursmaterial\\\/fallskydd\\\/#primaryimage\"},\"image\":{\"@id\":\"https:\\\/\\\/www.masystemutbildning.se\\\/sv-se\\\/e-larande-kursbocker\\\/kursmaterial\\\/fallskydd\\\/#primaryimage\"},\"thumbnailUrl\":\"https:\\\/\\\/www.masystemutbildning.se\\\/sv-se\\\/wp-content\\\/uploads\\\/2023\\\/12\\\/Fallskydd.svg\",\"datePublished\":\"2023-11-28T15:52:19+00:00\",\"dateModified\":\"2025-03-11T13:01:29+00:00\",\"description\":\"Utbildningsmaterial f\u00f6r fallskyddsutbildning inom bygg\\\/industri som ger de faktakunskaper och den kompetens som beh\u00f6vs f\u00f6r s\u00e4ker anv\u00e4ndning.\",\"breadcrumb\":{\"@id\":\"https:\\\/\\\/www.masystemutbildning.se\\\/sv-se\\\/e-larande-kursbocker\\\/kursmaterial\\\/fallskydd\\\/#breadcrumb\"},\"inLanguage\":\"sv-SE\",\"potentialAction\":[{\"@type\":\"ReadAction\",\"target\":[\"https:\\\/\\\/www.masystemutbildning.se\\\/sv-se\\\/e-larande-kursbocker\\\/kursmaterial\\\/fallskydd\\\/\"]}]},{\"@type\":\"ImageObject\",\"inLanguage\":\"sv-SE\",\"@id\":\"https:\\\/\\\/www.masystemutbildning.se\\\/sv-se\\\/e-larande-kursbocker\\\/kursmaterial\\\/fallskydd\\\/#primaryimage\",\"url\":\"https:\\\/\\\/www.masystemutbildning.se\\\/sv-se\\\/wp-content\\\/uploads\\\/2023\\\/12\\\/Fallskydd.svg\",\"contentUrl\":\"https:\\\/\\\/www.masystemutbildning.se\\\/sv-se\\\/wp-content\\\/uploads\\\/2023\\\/12\\\/Fallskydd.svg\",\"caption\":\"Kursmaterial f\u00f6r fallskyddsutbildningar.\"},{\"@type\":\"BreadcrumbList\",\"@id\":\"https:\\\/\\\/www.masystemutbildning.se\\\/sv-se\\\/e-larande-kursbocker\\\/kursmaterial\\\/fallskydd\\\/#breadcrumb\",\"itemListElement\":[{\"@type\":\"ListItem\",\"position\":1,\"name\":\"Home\",\"item\":\"https:\\\/\\\/www.masystemutbildning.se\\\/sv-se\\\/\"},{\"@type\":\"ListItem\",\"position\":2,\"name\":\"E-l\u00e4rande &amp; kursb\u00f6cker\",\"item\":\"https:\\\/\\\/www.masystemutbildning.se\\\/sv-se\\\/e-larande-kursbocker\\\/\"},{\"@type\":\"ListItem\",\"position\":3,\"name\":\"Kursmaterial\",\"item\":\"https:\\\/\\\/www.masystemutbildning.se\\\/sv-se\\\/e-larande-kursbocker\\\/kursmaterial\\\/\"},{\"@type\":\"ListItem\",\"position\":4,\"name\":\"Fallskydd\"}]},{\"@type\":\"WebSite\",\"@id\":\"https:\\\/\\\/www.masystemutbildning.se\\\/sv-se\\\/#website\",\"url\":\"https:\\\/\\\/www.masystemutbildning.se\\\/sv-se\\\/\",\"name\":\"MA-system Utbildning AB\",\"description\":\"\",\"publisher\":{\"@id\":\"https:\\\/\\\/www.masystemutbildning.se\\\/sv-se\\\/#organization\"},\"potentialAction\":[{\"@type\":\"SearchAction\",\"target\":{\"@type\":\"EntryPoint\",\"urlTemplate\":\"https:\\\/\\\/www.masystemutbildning.se\\\/sv-se\\\/?s={search_term_string}\"},\"query-input\":{\"@type\":\"PropertyValueSpecification\",\"valueRequired\":true,\"valueName\":\"search_term_string\"}}],\"inLanguage\":\"sv-SE\"},{\"@type\":\"Organization\",\"@id\":\"https:\\\/\\\/www.masystemutbildning.se\\\/sv-se\\\/#organization\",\"name\":\"MA-system Utbildning AB\",\"url\":\"https:\\\/\\\/www.masystemutbildning.se\\\/sv-se\\\/\",\"logo\":{\"@type\":\"ImageObject\",\"inLanguage\":\"sv-SE\",\"@id\":\"https:\\\/\\\/www.masystemutbildning.se\\\/sv-se\\\/#\\\/schema\\\/logo\\\/image\\\/\",\"url\":\"https:\\\/\\\/www.masystemutbildning.se\\\/sv-se\\\/wp-content\\\/uploads\\\/2026\\\/01\\\/MAsystem_50.webp\",\"contentUrl\":\"https:\\\/\\\/www.masystemutbildning.se\\\/sv-se\\\/wp-content\\\/uploads\\\/2026\\\/01\\\/MAsystem_50.webp\",\"width\":1080,\"height\":829,\"caption\":\"MA-system Utbildning AB\"},\"image\":{\"@id\":\"https:\\\/\\\/www.masystemutbildning.se\\\/sv-se\\\/#\\\/schema\\\/logo\\\/image\\\/\"},\"sameAs\":[\"https:\\\/\\\/www.facebook.com\\\/masystemutbildning\",\"https:\\\/\\\/x.com\\\/mautbildning\",\"https:\\\/\\\/www.instagram.com\\\/masystemutbildning\\\/\",\"https:\\\/\\\/www.linkedin.com\\\/company\\\/ma-system-utbildning-ab\\\/\"]}]}<\/script>\n<!-- \/ Yoast SEO Premium plugin. -->","yoast_head_json":{"title":"Fallskydd - MA-system Utbildning AB","description":"Utbildningsmaterial f\u00f6r fallskyddsutbildning inom bygg\/industri som ger de faktakunskaper och den kompetens som beh\u00f6vs f\u00f6r s\u00e4ker anv\u00e4ndning.","robots":{"index":"index","follow":"follow","max-snippet":"max-snippet:-1","max-image-preview":"max-image-preview:large","max-video-preview":"max-video-preview:-1"},"canonical":"https:\/\/www.masystemutbildning.se\/sv-se\/e-larande-kursbocker\/kursmaterial\/fallskydd\/","og_locale":"sv_SE","og_type":"article","og_title":"Fallskydd","og_description":"Utbildningsmaterial f\u00f6r fallskyddsutbildning inom bygg\/industri som ger de faktakunskaper och den kompetens som beh\u00f6vs f\u00f6r s\u00e4ker anv\u00e4ndning.","og_url":"https:\/\/www.masystemutbildning.se\/sv-se\/e-larande-kursbocker\/kursmaterial\/fallskydd\/","og_site_name":"MA-system Utbildning AB","article_publisher":"https:\/\/www.facebook.com\/masystemutbildning","article_modified_time":"2025-03-11T13:01:29+00:00","twitter_card":"summary_large_image","twitter_site":"@mautbildning","twitter_misc":{"Est. reading time":"1 minut"},"schema":{"@context":"https:\/\/schema.org","@graph":[{"@type":"WebPage","@id":"https:\/\/www.masystemutbildning.se\/sv-se\/e-larande-kursbocker\/kursmaterial\/fallskydd\/","url":"https:\/\/www.masystemutbildning.se\/sv-se\/e-larande-kursbocker\/kursmaterial\/fallskydd\/","name":"Fallskydd - MA-system Utbildning AB","isPartOf":{"@id":"https:\/\/www.masystemutbildning.se\/sv-se\/#website"},"primaryImageOfPage":{"@id":"https:\/\/www.masystemutbildning.se\/sv-se\/e-larande-kursbocker\/kursmaterial\/fallskydd\/#primaryimage"},"image":{"@id":"https:\/\/www.masystemutbildning.se\/sv-se\/e-larande-kursbocker\/kursmaterial\/fallskydd\/#primaryimage"},"thumbnailUrl":"https:\/\/www.masystemutbildning.se\/sv-se\/wp-content\/uploads\/2023\/12\/Fallskydd.svg","datePublished":"2023-11-28T15:52:19+00:00","dateModified":"2025-03-11T13:01:29+00:00","description":"Utbildningsmaterial f\u00f6r fallskyddsutbildning inom bygg\/industri som ger de faktakunskaper och den kompetens som beh\u00f6vs f\u00f6r s\u00e4ker anv\u00e4ndning.","breadcrumb":{"@id":"https:\/\/www.masystemutbildning.se\/sv-se\/e-larande-kursbocker\/kursmaterial\/fallskydd\/#breadcrumb"},"inLanguage":"sv-SE","potentialAction":[{"@type":"ReadAction","target":["https:\/\/www.masystemutbildning.se\/sv-se\/e-larande-kursbocker\/kursmaterial\/fallskydd\/"]}]},{"@type":"ImageObject","inLanguage":"sv-SE","@id":"https:\/\/www.masystemutbildning.se\/sv-se\/e-larande-kursbocker\/kursmaterial\/fallskydd\/#primaryimage","url":"https:\/\/www.masystemutbildning.se\/sv-se\/wp-content\/uploads\/2023\/12\/Fallskydd.svg","contentUrl":"https:\/\/www.masystemutbildning.se\/sv-se\/wp-content\/uploads\/2023\/12\/Fallskydd.svg","caption":"Kursmaterial f\u00f6r fallskyddsutbildningar."},{"@type":"BreadcrumbList","@id":"https:\/\/www.masystemutbildning.se\/sv-se\/e-larande-kursbocker\/kursmaterial\/fallskydd\/#breadcrumb","itemListElement":[{"@type":"ListItem","position":1,"name":"Home","item":"https:\/\/www.masystemutbildning.se\/sv-se\/"},{"@type":"ListItem","position":2,"name":"E-l\u00e4rande &amp; kursb\u00f6cker","item":"https:\/\/www.masystemutbildning.se\/sv-se\/e-larande-kursbocker\/"},{"@type":"ListItem","position":3,"name":"Kursmaterial","item":"https:\/\/www.masystemutbildning.se\/sv-se\/e-larande-kursbocker\/kursmaterial\/"},{"@type":"ListItem","position":4,"name":"Fallskydd"}]},{"@type":"WebSite","@id":"https:\/\/www.masystemutbildning.se\/sv-se\/#website","url":"https:\/\/www.masystemutbildning.se\/sv-se\/","name":"MA-system Utbildning AB","description":"","publisher":{"@id":"https:\/\/www.masystemutbildning.se\/sv-se\/#organization"},"potentialAction":[{"@type":"SearchAction","target":{"@type":"EntryPoint","urlTemplate":"https:\/\/www.masystemutbildning.se\/sv-se\/?s={search_term_string}"},"query-input":{"@type":"PropertyValueSpecification","valueRequired":true,"valueName":"search_term_string"}}],"inLanguage":"sv-SE"},{"@type":"Organization","@id":"https:\/\/www.masystemutbildning.se\/sv-se\/#organization","name":"MA-system Utbildning AB","url":"https:\/\/www.masystemutbildning.se\/sv-se\/","logo":{"@type":"ImageObject","inLanguage":"sv-SE","@id":"https:\/\/www.masystemutbildning.se\/sv-se\/#\/schema\/logo\/image\/","url":"https:\/\/www.masystemutbildning.se\/sv-se\/wp-content\/uploads\/2026\/01\/MAsystem_50.webp","contentUrl":"https:\/\/www.masystemutbildning.se\/sv-se\/wp-content\/uploads\/2026\/01\/MAsystem_50.webp","width":1080,"height":829,"caption":"MA-system Utbildning AB"},"image":{"@id":"https:\/\/www.masystemutbildning.se\/sv-se\/#\/schema\/logo\/image\/"},"sameAs":["https:\/\/www.facebook.com\/masystemutbildning","https:\/\/x.com\/mautbildning","https:\/\/www.instagram.com\/masystemutbildning\/","https:\/\/www.linkedin.com\/company\/ma-system-utbildning-ab\/"]}]}},"_links":{"self":[{"href":"https:\/\/www.masystemutbildning.se\/sv-se\/wp-json\/wp\/v2\/pages\/2382","targetHints":{"allow":["GET"]}}],"collection":[{"href":"https:\/\/www.masystemutbildning.se\/sv-se\/wp-json\/wp\/v2\/pages"}],"about":[{"href":"https:\/\/www.masystemutbildning.se\/sv-se\/wp-json\/wp\/v2\/types\/page"}],"author":[{"embeddable":true,"href":"https:\/\/www.masystemutbildning.se\/sv-se\/wp-json\/wp\/v2\/users\/2"}],"replies":[{"embeddable":true,"href":"https:\/\/www.masystemutbildning.se\/sv-se\/wp-json\/wp\/v2\/comments?post=2382"}],"version-history":[{"count":74,"href":"https:\/\/www.masystemutbildning.se\/sv-se\/wp-json\/wp\/v2\/pages\/2382\/revisions"}],"predecessor-version":[{"id":8823,"href":"https:\/\/www.masystemutbildning.se\/sv-se\/wp-json\/wp\/v2\/pages\/2382\/revisions\/8823"}],"up":[{"embeddable":true,"href":"https:\/\/www.masystemutbildning.se\/sv-se\/wp-json\/wp\/v2\/pages\/106"}],"wp:featuredmedia":[{"embeddable":true,"href":"https:\/\/www.masystemutbildning.se\/sv-se\/wp-json\/wp\/v2\/media\/2768"}],"wp:attachment":[{"href":"https:\/\/www.masystemutbildning.se\/sv-se\/wp-json\/wp\/v2\/media?parent=2382"}],"curies":[{"name":"wp","href":"https:\/\/api.w.org\/{rel}","templated":true}]}}