{"id":2366,"date":"2023-11-28T15:41:33","date_gmt":"2023-11-28T15:41:33","guid":{"rendered":"https:\/\/www.masystemutbildning.se\/sv-se\/?page_id=2366"},"modified":"2025-03-11T15:05:39","modified_gmt":"2025-03-11T13:05:39","slug":"truck-2","status":"publish","type":"page","link":"https:\/\/www.masystemutbildning.se\/sv-se\/e-larande-kursbocker\/kursmaterial\/truck-2\/","title":{"rendered":"Truck 2"},"content":{"rendered":"\t\t<div data-elementor-type=\"wp-page\" data-elementor-id=\"2366\" class=\"elementor elementor-2366\" data-elementor-post-type=\"page\">\n\t\t\t\t<div class=\"elementor-element elementor-element-7eb00001 sharp-cut e-flex e-con-boxed e-con e-parent\" data-id=\"7eb00001\" data-element_type=\"container\" data-e-type=\"container\" data-settings=\"{&quot;background_background&quot;:&quot;classic&quot;}\">\n\t\t\t\t\t<div class=\"e-con-inner\">\n\t\t<div class=\"elementor-element elementor-element-ae738c e-flex e-con-boxed e-con e-child\" data-id=\"ae738c\" data-element_type=\"container\" data-e-type=\"container\">\n\t\t\t\t\t<div class=\"e-con-inner\">\n\t\t\t\t<div class=\"elementor-element elementor-element-44d50a95 elementor-widget elementor-widget-heading\" data-id=\"44d50a95\" data-element_type=\"widget\" data-e-type=\"widget\" data-widget_type=\"heading.default\">\n\t\t\t\t<div class=\"elementor-widget-container\">\n\t\t\t\t\t<h1 class=\"elementor-heading-title elementor-size-default\">Utbildnings&shy;material f\u00f6r Truck B-utbildning.<\/h1>\t\t\t\t<\/div>\n\t\t\t\t<\/div>\n\t\t\t\t\t<\/div>\n\t\t\t\t<\/div>\n\t\t\t\t\t<\/div>\n\t\t\t\t<\/div>\n\t\t<div class=\"elementor-element elementor-element-44713209 e-flex e-con-boxed e-con e-parent\" data-id=\"44713209\" data-element_type=\"container\" data-e-type=\"container\">\n\t\t\t\t\t<div class=\"e-con-inner\">\n\t\t<div class=\"elementor-element elementor-element-1c32dd08 e-con-full e-flex e-con e-child\" data-id=\"1c32dd08\" data-element_type=\"container\" data-e-type=\"container\">\n\t\t\t\t<div class=\"elementor-element elementor-element-41d17c8d elementor-widget elementor-widget-text-editor\" data-id=\"41d17c8d\" data-element_type=\"widget\" data-e-type=\"widget\" data-widget_type=\"text-editor.default\">\n\t\t\t\t<div class=\"elementor-widget-container\">\n\t\t\t\t\t\t\t\t\t<p>Utbildningsmaterial f\u00f6r Truck B-utbildning f\u00f6r alla som anv\u00e4nder truck i arbetet \u2013 oberoende av om det \u00e4r tillf\u00e4lligt eller en heltidssyssla. Boken ger grundl\u00e4ggande kunskaper och f\u00e4rdigheter f\u00f6r kategori B-truckar.<\/p>\t\t\t\t\t\t\t\t<\/div>\n\t\t\t\t<\/div>\n\t\t\t\t<div class=\"elementor-element elementor-element-4c1d7979 elementor-widget elementor-widget-text-editor\" data-id=\"4c1d7979\" data-element_type=\"widget\" data-e-type=\"widget\" data-widget_type=\"text-editor.default\">\n\t\t\t\t<div class=\"elementor-widget-container\">\n\t\t\t\t\t\t\t\t\t<p>Boken behandlar h\u00f6glyftande \u00e5ktruckar. I materialet ing\u00e5r \u00e4ven s\u00e4kerhetsfr\u00e5gor och daglig tillsyn av trucken. Utbildningen f\u00f6ljer <a href=\"https:\/\/www.masystemutbildning.se\/sv-se\/kundservice-support\/dokumentbank\/#laroplaner\">TLP10<\/a> &#8211; de riktlinjer som arbetsmarknadens parter st\u00e5r bakom som definierar de kunskaper och f\u00e4rdigheter en truckf\u00f6rare f\u00f6rv\u00e4ntas ha f\u00f6r att kunna arbeta p\u00e5 ett s\u00e4kert och effektivt s\u00e4tt.<\/p>\t\t\t\t\t\t\t\t<\/div>\n\t\t\t\t<\/div>\n\t\t\t\t<\/div>\n\t\t\t\t\t<\/div>\n\t\t\t\t<\/div>\n\t\t<div class=\"elementor-element elementor-element-b3de237 e-flex e-con-boxed e-con e-parent\" data-id=\"b3de237\" data-element_type=\"container\" data-e-type=\"container\">\n\t\t\t\t\t<div class=\"e-con-inner\">\n\t\t\t\t<div class=\"elementor-element elementor-element-7a7b66f elementor-widget elementor-widget-html\" data-id=\"7a7b66f\" data-element_type=\"widget\" data-e-type=\"widget\" data-widget_type=\"html.default\">\n\t\t\t\t<div class=\"elementor-widget-container\">\n\t\t\t\t\t<div style=\"position:relative;padding-top:max(60%,326px);height:0;width:100%\"><iframe allow=\"clipboard-write\" sandbox=\"allow-top-navigation allow-top-navigation-by-user-activation allow-downloads allow-scripts allow-same-origin allow-popups allow-modals allow-popups-to-escape-sandbox allow-forms\" allowfullscreen=\"true\" style=\"position:absolute;border:none;width:100%;height:100%;left:0;right:0;top:0;bottom:0;\" src=\"https:\/\/e.issuu.com\/embed.html?d=truck2_v17_utdrag&u=masystemutbildning\"><\/iframe><\/div>\t\t\t\t<\/div>\n\t\t\t\t<\/div>\n\t\t\t\t\t<\/div>\n\t\t\t\t<\/div>\n\t\t<div class=\"elementor-element elementor-element-5daad6fe e-grid e-con-boxed e-con e-parent\" data-id=\"5daad6fe\" data-element_type=\"container\" data-e-type=\"container\">\n\t\t\t\t\t<div class=\"e-con-inner\">\n\t\t<div class=\"elementor-element elementor-element-6adc3816 e-flex e-con-boxed e-con e-child\" data-id=\"6adc3816\" data-element_type=\"container\" data-e-type=\"container\" data-settings=\"{&quot;background_background&quot;:&quot;classic&quot;}\">\n\t\t\t\t\t<div class=\"e-con-inner\">\n\t\t\t\t<div class=\"elementor-element elementor-element-3a0026d5 elementor-widget elementor-widget-heading\" data-id=\"3a0026d5\" data-element_type=\"widget\" data-e-type=\"widget\" data-widget_type=\"heading.default\">\n\t\t\t\t<div class=\"elementor-widget-container\">\n\t\t\t\t\t<h2 class=\"elementor-heading-title elementor-size-default\">UTBILDA DIG TILL TRUCKINSTRUKT\u00d6R.<\/h2>\t\t\t\t<\/div>\n\t\t\t\t<\/div>\n\t\t\t\t<div class=\"elementor-element elementor-element-60e144df elementor-widget elementor-widget-text-editor\" data-id=\"60e144df\" data-element_type=\"widget\" data-e-type=\"widget\" data-widget_type=\"text-editor.default\">\n\t\t\t\t<div class=\"elementor-widget-container\">\n\t\t\t\t\t\t\t\t\t<p>Utbildningen passar utm\u00e4rkt f\u00f6r dig som sj\u00e4lv vill kunna utbilda truckf\u00f6rare externt eller internt p\u00e5 ett f\u00f6retag. F\u00f6rdelarna med en intern instrukt\u00f6r \u00e4r bland annat att det ger minsta m\u00f6jliga driftst\u00f6rning under utbildningarna och maximal anpassning efter det egna f\u00f6retagets f\u00f6ruts\u00e4ttningar.<\/p>\t\t\t\t\t\t\t\t<\/div>\n\t\t\t\t<\/div>\n\t\t<div class=\"elementor-element elementor-element-302ee860 e-flex e-con-boxed e-con e-child\" data-id=\"302ee860\" data-element_type=\"container\" data-e-type=\"container\">\n\t\t\t\t\t<div class=\"e-con-inner\">\n\t\t\t\t<div class=\"elementor-element elementor-element-6a4884da sharp-cut-button elementor-widget elementor-widget-button\" data-id=\"6a4884da\" data-element_type=\"widget\" data-e-type=\"widget\" data-widget_type=\"button.default\">\n\t\t\t\t<div class=\"elementor-widget-container\">\n\t\t\t\t\t\t\t\t\t<div class=\"elementor-button-wrapper\">\n\t\t\t\t\t<a class=\"elementor-button elementor-button-link elementor-size-sm\" href=\"https:\/\/www.masystemutbildning.se\/sv-se\/instruktorsutbildning\/truckinstruktor\/\">\n\t\t\t\t\t\t<span class=\"elementor-button-content-wrapper\">\n\t\t\t\t\t\t<span class=\"elementor-button-icon\">\n\t\t\t\t<i aria-hidden=\"true\" class=\"icon icon-arrow-right\"><\/i>\t\t\t<\/span>\n\t\t\t\t\t\t\t\t\t<span class=\"elementor-button-text\">L\u00e4s mer<\/span>\n\t\t\t\t\t<\/span>\n\t\t\t\t\t<\/a>\n\t\t\t\t<\/div>\n\t\t\t\t\t\t\t\t<\/div>\n\t\t\t\t<\/div>\n\t\t\t\t\t<\/div>\n\t\t\t\t<\/div>\n\t\t\t\t\t<\/div>\n\t\t\t\t<\/div>\n\t\t<div class=\"elementor-element elementor-element-1bb3a872 e-flex e-con-boxed e-con e-child\" data-id=\"1bb3a872\" data-element_type=\"container\" data-e-type=\"container\" data-settings=\"{&quot;background_background&quot;:&quot;classic&quot;}\">\n\t\t\t\t\t<div class=\"e-con-inner\">\n\t\t\t\t\t<\/div>\n\t\t\t\t<\/div>\n\t\t\t\t\t<\/div>\n\t\t\t\t<\/div>\n\t\t<div class=\"elementor-element elementor-element-73a563f7 e-flex e-con-boxed e-con e-parent\" data-id=\"73a563f7\" data-element_type=\"container\" data-e-type=\"container\">\n\t\t\t\t\t<div class=\"e-con-inner\">\n\t\t\t\t<div class=\"elementor-element elementor-element-179d966b elementor-widget elementor-widget-text-editor\" data-id=\"179d966b\" data-element_type=\"widget\" data-e-type=\"widget\" data-widget_type=\"text-editor.default\">\n\t\t\t\t<div class=\"elementor-widget-container\">\n\t\t\t\t\t\t\t\t\t<p>Copyright 2025 MA-system Utbildning AB. Alla r\u00e4ttigheter f\u00f6rbeh\u00e5llna.<br \/>Ingen del av denna webbplats f\u00e5r reproduceras eller distribueras utan f\u00f6reg\u00e5ende skriftlig tillst\u00e5nd fr\u00e5n upphovsr\u00e4ttsinnehavaren.<\/p>\t\t\t\t\t\t\t\t<\/div>\n\t\t\t\t<\/div>\n\t\t\t\t\t<\/div>\n\t\t\t\t<\/div>\n\t\t\t\t<\/div>\n\t\t","protected":false},"excerpt":{"rendered":"<p>Utbildnings&shy;material f\u00f6r Truck B-utbildning. Utbildningsmaterial f\u00f6r Truck B-utbildning f\u00f6r alla som anv\u00e4nder truck i arbetet \u2013 oberoende av om det \u00e4r tillf\u00e4lligt eller en heltidssyssla. Boken ger grundl\u00e4ggande kunskaper och f\u00e4rdigheter f\u00f6r kategori B-truckar. Boken behandlar h\u00f6glyftande \u00e5ktruckar. I materialet ing\u00e5r \u00e4ven s\u00e4kerhetsfr\u00e5gor och daglig tillsyn av trucken. Utbildningen f\u00f6ljer TLP10 &#8211; de riktlinjer som [&hellip;]<\/p>\n","protected":false},"author":2,"featured_media":2774,"parent":106,"menu_order":0,"comment_status":"closed","ping_status":"closed","template":"","meta":{"_acf_changed":false,"footnotes":""},"class_list":["post-2366","page","type-page","status-publish","has-post-thumbnail","hentry"],"acf":[],"yoast_head":"<!-- This site is optimized with the Yoast SEO Premium plugin v26.9 (Yoast SEO v27.3) - https:\/\/yoast.com\/product\/yoast-seo-premium-wordpress\/ -->\n<title>Truck 2 - MA-system Utbildning AB<\/title>\n<meta name=\"description\" content=\"V\u00e5rt utbildningsmaterial f\u00f6r Truck B-utbildning f\u00f6ljer TLP 10 och \u00e4r framtaget f\u00f6r de som anv\u00e4nder truck i arbetet - tillf\u00e4lligt eller heltid\" \/>\n<meta name=\"robots\" content=\"index, follow, max-snippet:-1, max-image-preview:large, max-video-preview:-1\" \/>\n<link rel=\"canonical\" href=\"https:\/\/www.masystemutbildning.se\/sv-se\/e-larande-kursbocker\/kursmaterial\/truck-2\/\" \/>\n<meta property=\"og:locale\" content=\"sv_SE\" \/>\n<meta property=\"og:type\" content=\"article\" \/>\n<meta property=\"og:title\" content=\"Truck 2\" \/>\n<meta property=\"og:description\" content=\"V\u00e5rt utbildningsmaterial f\u00f6r Truck B-utbildning f\u00f6ljer TLP 10 och \u00e4r framtaget f\u00f6r de som anv\u00e4nder truck i arbetet - tillf\u00e4lligt eller heltid\" \/>\n<meta property=\"og:url\" content=\"https:\/\/www.masystemutbildning.se\/sv-se\/e-larande-kursbocker\/kursmaterial\/truck-2\/\" \/>\n<meta property=\"og:site_name\" content=\"MA-system Utbildning AB\" \/>\n<meta property=\"article:publisher\" content=\"https:\/\/www.facebook.com\/masystemutbildning\" \/>\n<meta property=\"article:modified_time\" content=\"2025-03-11T13:05:39+00:00\" \/>\n<meta name=\"twitter:card\" content=\"summary_large_image\" \/>\n<meta name=\"twitter:site\" content=\"@mautbildning\" \/>\n<meta name=\"twitter:label1\" content=\"Est. reading time\" \/>\n\t<meta name=\"twitter:data1\" content=\"1 minut\" \/>\n<script type=\"application\/ld+json\" class=\"yoast-schema-graph\">{\"@context\":\"https:\\\/\\\/schema.org\",\"@graph\":[{\"@type\":\"WebPage\",\"@id\":\"https:\\\/\\\/www.masystemutbildning.se\\\/sv-se\\\/e-larande-kursbocker\\\/kursmaterial\\\/truck-2\\\/\",\"url\":\"https:\\\/\\\/www.masystemutbildning.se\\\/sv-se\\\/e-larande-kursbocker\\\/kursmaterial\\\/truck-2\\\/\",\"name\":\"Truck 2 - MA-system Utbildning AB\",\"isPartOf\":{\"@id\":\"https:\\\/\\\/www.masystemutbildning.se\\\/sv-se\\\/#website\"},\"primaryImageOfPage\":{\"@id\":\"https:\\\/\\\/www.masystemutbildning.se\\\/sv-se\\\/e-larande-kursbocker\\\/kursmaterial\\\/truck-2\\\/#primaryimage\"},\"image\":{\"@id\":\"https:\\\/\\\/www.masystemutbildning.se\\\/sv-se\\\/e-larande-kursbocker\\\/kursmaterial\\\/truck-2\\\/#primaryimage\"},\"thumbnailUrl\":\"https:\\\/\\\/www.masystemutbildning.se\\\/sv-se\\\/wp-content\\\/uploads\\\/2023\\\/12\\\/Truck.svg\",\"datePublished\":\"2023-11-28T15:41:33+00:00\",\"dateModified\":\"2025-03-11T13:05:39+00:00\",\"description\":\"V\u00e5rt utbildningsmaterial f\u00f6r Truck B-utbildning f\u00f6ljer TLP 10 och \u00e4r framtaget f\u00f6r de som anv\u00e4nder truck i arbetet - tillf\u00e4lligt eller heltid\",\"breadcrumb\":{\"@id\":\"https:\\\/\\\/www.masystemutbildning.se\\\/sv-se\\\/e-larande-kursbocker\\\/kursmaterial\\\/truck-2\\\/#breadcrumb\"},\"inLanguage\":\"sv-SE\",\"potentialAction\":[{\"@type\":\"ReadAction\",\"target\":[\"https:\\\/\\\/www.masystemutbildning.se\\\/sv-se\\\/e-larande-kursbocker\\\/kursmaterial\\\/truck-2\\\/\"]}]},{\"@type\":\"ImageObject\",\"inLanguage\":\"sv-SE\",\"@id\":\"https:\\\/\\\/www.masystemutbildning.se\\\/sv-se\\\/e-larande-kursbocker\\\/kursmaterial\\\/truck-2\\\/#primaryimage\",\"url\":\"https:\\\/\\\/www.masystemutbildning.se\\\/sv-se\\\/wp-content\\\/uploads\\\/2023\\\/12\\\/Truck.svg\",\"contentUrl\":\"https:\\\/\\\/www.masystemutbildning.se\\\/sv-se\\\/wp-content\\\/uploads\\\/2023\\\/12\\\/Truck.svg\",\"caption\":\"Truckinstrukt\u00f6rsutbildning\"},{\"@type\":\"BreadcrumbList\",\"@id\":\"https:\\\/\\\/www.masystemutbildning.se\\\/sv-se\\\/e-larande-kursbocker\\\/kursmaterial\\\/truck-2\\\/#breadcrumb\",\"itemListElement\":[{\"@type\":\"ListItem\",\"position\":1,\"name\":\"Home\",\"item\":\"https:\\\/\\\/www.masystemutbildning.se\\\/sv-se\\\/\"},{\"@type\":\"ListItem\",\"position\":2,\"name\":\"E-l\u00e4rande &amp; kursb\u00f6cker\",\"item\":\"https:\\\/\\\/www.masystemutbildning.se\\\/sv-se\\\/e-larande-kursbocker\\\/\"},{\"@type\":\"ListItem\",\"position\":3,\"name\":\"Kursmaterial\",\"item\":\"https:\\\/\\\/www.masystemutbildning.se\\\/sv-se\\\/e-larande-kursbocker\\\/kursmaterial\\\/\"},{\"@type\":\"ListItem\",\"position\":4,\"name\":\"Truck 2\"}]},{\"@type\":\"WebSite\",\"@id\":\"https:\\\/\\\/www.masystemutbildning.se\\\/sv-se\\\/#website\",\"url\":\"https:\\\/\\\/www.masystemutbildning.se\\\/sv-se\\\/\",\"name\":\"MA-system Utbildning AB\",\"description\":\"\",\"publisher\":{\"@id\":\"https:\\\/\\\/www.masystemutbildning.se\\\/sv-se\\\/#organization\"},\"potentialAction\":[{\"@type\":\"SearchAction\",\"target\":{\"@type\":\"EntryPoint\",\"urlTemplate\":\"https:\\\/\\\/www.masystemutbildning.se\\\/sv-se\\\/?s={search_term_string}\"},\"query-input\":{\"@type\":\"PropertyValueSpecification\",\"valueRequired\":true,\"valueName\":\"search_term_string\"}}],\"inLanguage\":\"sv-SE\"},{\"@type\":\"Organization\",\"@id\":\"https:\\\/\\\/www.masystemutbildning.se\\\/sv-se\\\/#organization\",\"name\":\"MA-system Utbildning AB\",\"url\":\"https:\\\/\\\/www.masystemutbildning.se\\\/sv-se\\\/\",\"logo\":{\"@type\":\"ImageObject\",\"inLanguage\":\"sv-SE\",\"@id\":\"https:\\\/\\\/www.masystemutbildning.se\\\/sv-se\\\/#\\\/schema\\\/logo\\\/image\\\/\",\"url\":\"https:\\\/\\\/www.masystemutbildning.se\\\/sv-se\\\/wp-content\\\/uploads\\\/2026\\\/01\\\/MAsystem_50.webp\",\"contentUrl\":\"https:\\\/\\\/www.masystemutbildning.se\\\/sv-se\\\/wp-content\\\/uploads\\\/2026\\\/01\\\/MAsystem_50.webp\",\"width\":1080,\"height\":829,\"caption\":\"MA-system Utbildning AB\"},\"image\":{\"@id\":\"https:\\\/\\\/www.masystemutbildning.se\\\/sv-se\\\/#\\\/schema\\\/logo\\\/image\\\/\"},\"sameAs\":[\"https:\\\/\\\/www.facebook.com\\\/masystemutbildning\",\"https:\\\/\\\/x.com\\\/mautbildning\",\"https:\\\/\\\/www.instagram.com\\\/masystemutbildning\\\/\",\"https:\\\/\\\/www.linkedin.com\\\/company\\\/ma-system-utbildning-ab\\\/\"]}]}<\/script>\n<!-- \/ Yoast SEO Premium plugin. -->","yoast_head_json":{"title":"Truck 2 - MA-system Utbildning AB","description":"V\u00e5rt utbildningsmaterial f\u00f6r Truck B-utbildning f\u00f6ljer TLP 10 och \u00e4r framtaget f\u00f6r de som anv\u00e4nder truck i arbetet - tillf\u00e4lligt eller heltid","robots":{"index":"index","follow":"follow","max-snippet":"max-snippet:-1","max-image-preview":"max-image-preview:large","max-video-preview":"max-video-preview:-1"},"canonical":"https:\/\/www.masystemutbildning.se\/sv-se\/e-larande-kursbocker\/kursmaterial\/truck-2\/","og_locale":"sv_SE","og_type":"article","og_title":"Truck 2","og_description":"V\u00e5rt utbildningsmaterial f\u00f6r Truck B-utbildning f\u00f6ljer TLP 10 och \u00e4r framtaget f\u00f6r de som anv\u00e4nder truck i arbetet - tillf\u00e4lligt eller heltid","og_url":"https:\/\/www.masystemutbildning.se\/sv-se\/e-larande-kursbocker\/kursmaterial\/truck-2\/","og_site_name":"MA-system Utbildning AB","article_publisher":"https:\/\/www.facebook.com\/masystemutbildning","article_modified_time":"2025-03-11T13:05:39+00:00","twitter_card":"summary_large_image","twitter_site":"@mautbildning","twitter_misc":{"Est. reading time":"1 minut"},"schema":{"@context":"https:\/\/schema.org","@graph":[{"@type":"WebPage","@id":"https:\/\/www.masystemutbildning.se\/sv-se\/e-larande-kursbocker\/kursmaterial\/truck-2\/","url":"https:\/\/www.masystemutbildning.se\/sv-se\/e-larande-kursbocker\/kursmaterial\/truck-2\/","name":"Truck 2 - MA-system Utbildning AB","isPartOf":{"@id":"https:\/\/www.masystemutbildning.se\/sv-se\/#website"},"primaryImageOfPage":{"@id":"https:\/\/www.masystemutbildning.se\/sv-se\/e-larande-kursbocker\/kursmaterial\/truck-2\/#primaryimage"},"image":{"@id":"https:\/\/www.masystemutbildning.se\/sv-se\/e-larande-kursbocker\/kursmaterial\/truck-2\/#primaryimage"},"thumbnailUrl":"https:\/\/www.masystemutbildning.se\/sv-se\/wp-content\/uploads\/2023\/12\/Truck.svg","datePublished":"2023-11-28T15:41:33+00:00","dateModified":"2025-03-11T13:05:39+00:00","description":"V\u00e5rt utbildningsmaterial f\u00f6r Truck B-utbildning f\u00f6ljer TLP 10 och \u00e4r framtaget f\u00f6r de som anv\u00e4nder truck i arbetet - tillf\u00e4lligt eller heltid","breadcrumb":{"@id":"https:\/\/www.masystemutbildning.se\/sv-se\/e-larande-kursbocker\/kursmaterial\/truck-2\/#breadcrumb"},"inLanguage":"sv-SE","potentialAction":[{"@type":"ReadAction","target":["https:\/\/www.masystemutbildning.se\/sv-se\/e-larande-kursbocker\/kursmaterial\/truck-2\/"]}]},{"@type":"ImageObject","inLanguage":"sv-SE","@id":"https:\/\/www.masystemutbildning.se\/sv-se\/e-larande-kursbocker\/kursmaterial\/truck-2\/#primaryimage","url":"https:\/\/www.masystemutbildning.se\/sv-se\/wp-content\/uploads\/2023\/12\/Truck.svg","contentUrl":"https:\/\/www.masystemutbildning.se\/sv-se\/wp-content\/uploads\/2023\/12\/Truck.svg","caption":"Truckinstrukt\u00f6rsutbildning"},{"@type":"BreadcrumbList","@id":"https:\/\/www.masystemutbildning.se\/sv-se\/e-larande-kursbocker\/kursmaterial\/truck-2\/#breadcrumb","itemListElement":[{"@type":"ListItem","position":1,"name":"Home","item":"https:\/\/www.masystemutbildning.se\/sv-se\/"},{"@type":"ListItem","position":2,"name":"E-l\u00e4rande &amp; kursb\u00f6cker","item":"https:\/\/www.masystemutbildning.se\/sv-se\/e-larande-kursbocker\/"},{"@type":"ListItem","position":3,"name":"Kursmaterial","item":"https:\/\/www.masystemutbildning.se\/sv-se\/e-larande-kursbocker\/kursmaterial\/"},{"@type":"ListItem","position":4,"name":"Truck 2"}]},{"@type":"WebSite","@id":"https:\/\/www.masystemutbildning.se\/sv-se\/#website","url":"https:\/\/www.masystemutbildning.se\/sv-se\/","name":"MA-system Utbildning AB","description":"","publisher":{"@id":"https:\/\/www.masystemutbildning.se\/sv-se\/#organization"},"potentialAction":[{"@type":"SearchAction","target":{"@type":"EntryPoint","urlTemplate":"https:\/\/www.masystemutbildning.se\/sv-se\/?s={search_term_string}"},"query-input":{"@type":"PropertyValueSpecification","valueRequired":true,"valueName":"search_term_string"}}],"inLanguage":"sv-SE"},{"@type":"Organization","@id":"https:\/\/www.masystemutbildning.se\/sv-se\/#organization","name":"MA-system Utbildning AB","url":"https:\/\/www.masystemutbildning.se\/sv-se\/","logo":{"@type":"ImageObject","inLanguage":"sv-SE","@id":"https:\/\/www.masystemutbildning.se\/sv-se\/#\/schema\/logo\/image\/","url":"https:\/\/www.masystemutbildning.se\/sv-se\/wp-content\/uploads\/2026\/01\/MAsystem_50.webp","contentUrl":"https:\/\/www.masystemutbildning.se\/sv-se\/wp-content\/uploads\/2026\/01\/MAsystem_50.webp","width":1080,"height":829,"caption":"MA-system Utbildning AB"},"image":{"@id":"https:\/\/www.masystemutbildning.se\/sv-se\/#\/schema\/logo\/image\/"},"sameAs":["https:\/\/www.facebook.com\/masystemutbildning","https:\/\/x.com\/mautbildning","https:\/\/www.instagram.com\/masystemutbildning\/","https:\/\/www.linkedin.com\/company\/ma-system-utbildning-ab\/"]}]}},"_links":{"self":[{"href":"https:\/\/www.masystemutbildning.se\/sv-se\/wp-json\/wp\/v2\/pages\/2366","targetHints":{"allow":["GET"]}}],"collection":[{"href":"https:\/\/www.masystemutbildning.se\/sv-se\/wp-json\/wp\/v2\/pages"}],"about":[{"href":"https:\/\/www.masystemutbildning.se\/sv-se\/wp-json\/wp\/v2\/types\/page"}],"author":[{"embeddable":true,"href":"https:\/\/www.masystemutbildning.se\/sv-se\/wp-json\/wp\/v2\/users\/2"}],"replies":[{"embeddable":true,"href":"https:\/\/www.masystemutbildning.se\/sv-se\/wp-json\/wp\/v2\/comments?post=2366"}],"version-history":[{"count":55,"href":"https:\/\/www.masystemutbildning.se\/sv-se\/wp-json\/wp\/v2\/pages\/2366\/revisions"}],"predecessor-version":[{"id":8835,"href":"https:\/\/www.masystemutbildning.se\/sv-se\/wp-json\/wp\/v2\/pages\/2366\/revisions\/8835"}],"up":[{"embeddable":true,"href":"https:\/\/www.masystemutbildning.se\/sv-se\/wp-json\/wp\/v2\/pages\/106"}],"wp:featuredmedia":[{"embeddable":true,"href":"https:\/\/www.masystemutbildning.se\/sv-se\/wp-json\/wp\/v2\/media\/2774"}],"wp:attachment":[{"href":"https:\/\/www.masystemutbildning.se\/sv-se\/wp-json\/wp\/v2\/media?parent=2366"}],"curies":[{"name":"wp","href":"https:\/\/api.w.org\/{rel}","templated":true}]}}