{"id":227,"date":"2023-09-25T12:35:43","date_gmt":"2023-09-25T12:35:43","guid":{"rendered":"https:\/\/www.masystemutbildning.se\/sv-se\/?page_id=227"},"modified":"2024-09-13T09:11:32","modified_gmt":"2024-09-13T07:11:32","slug":"om-ma-system-utbildning","status":"publish","type":"page","link":"https:\/\/www.masystemutbildning.se\/sv-se\/kundservice-support\/om-ma-system-utbildning\/","title":{"rendered":"Om MA-system Utbildning"},"content":{"rendered":"\t\t<div data-elementor-type=\"wp-page\" data-elementor-id=\"227\" class=\"elementor elementor-227\" data-elementor-post-type=\"page\">\n\t\t\t\t<div class=\"elementor-element elementor-element-532cd6bf sharp-cut e-flex e-con-boxed e-con e-parent\" data-id=\"532cd6bf\" data-element_type=\"container\" data-e-type=\"container\" data-settings=\"{&quot;background_background&quot;:&quot;classic&quot;}\">\n\t\t\t\t\t<div class=\"e-con-inner\">\n\t\t<div class=\"elementor-element elementor-element-d1cc444 e-flex e-con-boxed e-con e-child\" data-id=\"d1cc444\" data-element_type=\"container\" data-e-type=\"container\">\n\t\t\t\t\t<div class=\"e-con-inner\">\n\t\t\t\t<div class=\"elementor-element elementor-element-69561422 elementor-widget elementor-widget-heading\" data-id=\"69561422\" data-element_type=\"widget\" data-e-type=\"widget\" data-widget_type=\"heading.default\">\n\t\t\t\t<div class=\"elementor-widget-container\">\n\t\t\t\t\t<h1 class=\"elementor-heading-title elementor-size-default\">Om ma-system utbildning.<\/h1>\t\t\t\t<\/div>\n\t\t\t\t<\/div>\n\t\t\t\t\t<\/div>\n\t\t\t\t<\/div>\n\t\t\t\t\t<\/div>\n\t\t\t\t<\/div>\n\t\t<div class=\"elementor-element elementor-element-1b583cab e-flex e-con-boxed e-con e-parent\" data-id=\"1b583cab\" data-element_type=\"container\" data-e-type=\"container\">\n\t\t\t\t\t<div class=\"e-con-inner\">\n\t\t<div class=\"elementor-element elementor-element-314bcc76 e-con-full e-flex e-con e-child\" data-id=\"314bcc76\" data-element_type=\"container\" data-e-type=\"container\">\n\t\t\t\t<div class=\"elementor-element elementor-element-c36b95b elementor-widget elementor-widget-text-editor\" data-id=\"c36b95b\" data-element_type=\"widget\" data-e-type=\"widget\" data-widget_type=\"text-editor.default\">\n\t\t\t\t<div class=\"elementor-widget-container\">\n\t\t\t\t\t\t\t\t\t<p>MA-system Utbildning \u00e4r Skandinaviens st\u00f6rsta utbildare av instrukt\u00f6rer inom truck, lift, kran, fallskydd och ansvar. Utbildningen fokuserar p\u00e5 f\u00f6rarnas s\u00e4kerhet och effektivitet och f\u00f6ljer alltid g\u00e4llande l\u00e4roplan.<\/p>\t\t\t\t\t\t\t\t<\/div>\n\t\t\t\t<\/div>\n\t\t\t\t<div class=\"elementor-element elementor-element-653fd91f elementor-widget elementor-widget-text-editor\" data-id=\"653fd91f\" data-element_type=\"widget\" data-e-type=\"widget\" data-widget_type=\"text-editor.default\">\n\t\t\t\t<div class=\"elementor-widget-container\">\n\t\t\t\t\t\t\t\t\t<p>V\u00e5rt eget f\u00f6rlag producerar det pedagogiska materialet i form av b\u00f6cker, filmer och de interaktiva, webbaserade utbildningarna eTruck, eLift och eFall. Vi producerar \u00e4ven den webbaserade kompetensportalen Instructor Portal.<\/p><p>Vi ger en dagsf\u00e4rsk utbildning. V\u00e5ra instrukt\u00f6rer \u00e4r omsorgsfullt valda och vidareutbildas kontinuerligt. De kan sitt \u00e4mne och med ett regelbundet uppdaterat undervisningsmaterial, l\u00e4r de ut p\u00e5 ett s\u00e5dant s\u00e4tt att kunskaperna och f\u00e4rdigheterna sitter kvar.<\/p><p>Vi har l\u00e4rt oss att s\u00e4tta in f\u00f6raren i ett st\u00f6rre sammanhang och erbjuder d\u00e4rf\u00f6r utbildningar som inte stannar vid beteenden, utan ocks\u00e5 l\u00e4r ut ett s\u00e4tt att t\u00e4nka.<\/p><p>Vi \u00e4r inte knutna till n\u00e5gra speciella fabrikat eller leverant\u00f6rer. Som frist\u00e5ende utbildare kan vi ge kunskaper som \u00e4r breda, allm\u00e4ngiltiga och opartiska.<\/p><p>Alla v\u00e5ra kurser f\u00f6ljer de riktlinjer och best\u00e4mmelser som st\u00e4llts upp av myndigheter och branschorganisationer.<\/p><p>MA-system Utbildning AB \u00e4r ett hel\u00e4gt dotterbolag till <a href=\"https:\/\/www.masystem.se\/\" target=\"_blank\" rel=\"noopener\">MA-system AB<\/a>.<\/p>\t\t\t\t\t\t\t\t<\/div>\n\t\t\t\t<\/div>\n\t\t\t\t<\/div>\n\t\t\t\t\t<\/div>\n\t\t\t\t<\/div>\n\t\t<div class=\"elementor-element elementor-element-539647b e-grid e-con-boxed e-con e-parent\" data-id=\"539647b\" data-element_type=\"container\" data-e-type=\"container\">\n\t\t\t\t\t<div class=\"e-con-inner\">\n\t\t<div class=\"elementor-element elementor-element-2ccb3c20 e-flex e-con-boxed e-con e-child\" data-id=\"2ccb3c20\" data-element_type=\"container\" data-e-type=\"container\" data-settings=\"{&quot;background_background&quot;:&quot;classic&quot;}\">\n\t\t\t\t\t<div class=\"e-con-inner\">\n\t\t\t\t<div class=\"elementor-element elementor-element-20b34787 elementor-widget elementor-widget-heading\" data-id=\"20b34787\" data-element_type=\"widget\" data-e-type=\"widget\" data-widget_type=\"heading.default\">\n\t\t\t\t<div class=\"elementor-widget-container\">\n\t\t\t\t\t<h2 class=\"elementor-heading-title elementor-size-default\">Moderna instrukt\u00f6rs&shy;utbildningar.<\/h2>\t\t\t\t<\/div>\n\t\t\t\t<\/div>\n\t\t\t\t<div class=\"elementor-element elementor-element-a964deb elementor-widget elementor-widget-text-editor\" data-id=\"a964deb\" data-element_type=\"widget\" data-e-type=\"widget\" data-widget_type=\"text-editor.default\">\n\t\t\t\t<div class=\"elementor-widget-container\">\n\t\t\t\t\t\t\t\t\t<p>Vi p\u00e5st\u00e5r g\u00e4rna att vi ligger l\u00e5ngt fram inom modern pedagogik, b\u00e5de i metodik och i de verktyg v\u00e5ra blivande instrukt\u00f6rer f\u00e5r som hj\u00e4lpmedel \u2013 d\u00e4ribland v\u00e5ra internationellt prisbel\u00f6nade e-l\u00e4randen eTruck och eLift.<\/p>\t\t\t\t\t\t\t\t<\/div>\n\t\t\t\t<\/div>\n\t\t<div class=\"elementor-element elementor-element-78422382 e-flex e-con-boxed e-con e-child\" data-id=\"78422382\" data-element_type=\"container\" data-e-type=\"container\">\n\t\t\t\t\t<div class=\"e-con-inner\">\n\t\t\t\t<div class=\"elementor-element elementor-element-68823ec1 sharp-cut-button elementor-widget elementor-widget-button\" data-id=\"68823ec1\" data-element_type=\"widget\" data-e-type=\"widget\" data-widget_type=\"button.default\">\n\t\t\t\t<div class=\"elementor-widget-container\">\n\t\t\t\t\t\t\t\t\t<div class=\"elementor-button-wrapper\">\n\t\t\t\t\t<a class=\"elementor-button elementor-button-link elementor-size-sm\" href=\"https:\/\/www.masystemutbildning.se\/sv-se\/instruktorsutbildning\/vara-utbildningar\/\">\n\t\t\t\t\t\t<span class=\"elementor-button-content-wrapper\">\n\t\t\t\t\t\t<span class=\"elementor-button-icon\">\n\t\t\t\t<i aria-hidden=\"true\" class=\"icon icon-arrow-right\"><\/i>\t\t\t<\/span>\n\t\t\t\t\t\t\t\t\t<span class=\"elementor-button-text\">L\u00e4s mer<\/span>\n\t\t\t\t\t<\/span>\n\t\t\t\t\t<\/a>\n\t\t\t\t<\/div>\n\t\t\t\t\t\t\t\t<\/div>\n\t\t\t\t<\/div>\n\t\t\t\t\t<\/div>\n\t\t\t\t<\/div>\n\t\t\t\t\t<\/div>\n\t\t\t\t<\/div>\n\t\t<div class=\"elementor-element elementor-element-7e70e2f8 e-flex e-con-boxed e-con e-child\" data-id=\"7e70e2f8\" data-element_type=\"container\" data-e-type=\"container\" data-settings=\"{&quot;background_background&quot;:&quot;classic&quot;}\">\n\t\t\t\t\t<div class=\"e-con-inner\">\n\t\t\t\t\t<\/div>\n\t\t\t\t<\/div>\n\t\t\t\t\t<\/div>\n\t\t\t\t<\/div>\n\t\t\t\t<\/div>\n\t\t","protected":false},"excerpt":{"rendered":"<p>Om ma-system utbildning. MA-system Utbildning \u00e4r Skandinaviens st\u00f6rsta utbildare av instrukt\u00f6rer inom truck, lift, kran, fallskydd och ansvar. Utbildningen fokuserar p\u00e5 f\u00f6rarnas s\u00e4kerhet och effektivitet och f\u00f6ljer alltid g\u00e4llande l\u00e4roplan. V\u00e5rt eget f\u00f6rlag producerar det pedagogiska materialet i form av b\u00f6cker, filmer och de interaktiva, webbaserade utbildningarna eTruck samt eLift. Vi producerar \u00e4ven den webbaserade [&hellip;]<\/p>\n","protected":false},"author":3,"featured_media":0,"parent":88,"menu_order":0,"comment_status":"closed","ping_status":"closed","template":"","meta":{"_acf_changed":false,"footnotes":""},"class_list":["post-227","page","type-page","status-publish","hentry"],"acf":[],"yoast_head":"<!-- This site is optimized with the Yoast SEO Premium plugin v26.9 (Yoast SEO v27.3) - https:\/\/yoast.com\/product\/yoast-seo-premium-wordpress\/ -->\n<title>Om MA-system Utbildning - MA-system Utbildning AB<\/title>\n<meta name=\"description\" content=\"MA-system Utbildning \u00e4r Skandinaviens st\u00f6rsta utbildare av instrukt\u00f6rer inom truck, lift, kran, fallskydd och ansvar.\" \/>\n<meta name=\"robots\" content=\"index, follow, max-snippet:-1, max-image-preview:large, max-video-preview:-1\" \/>\n<link rel=\"canonical\" href=\"https:\/\/www.masystemutbildning.se\/sv-se\/kundservice-support\/om-ma-system-utbildning\/\" \/>\n<meta property=\"og:locale\" content=\"sv_SE\" \/>\n<meta property=\"og:type\" content=\"article\" \/>\n<meta property=\"og:title\" content=\"Om MA-system Utbildning\" \/>\n<meta property=\"og:description\" content=\"MA-system Utbildning \u00e4r Skandinaviens st\u00f6rsta utbildare av instrukt\u00f6rer inom truck, lift, kran, fallskydd och ansvar.\" \/>\n<meta property=\"og:url\" content=\"https:\/\/www.masystemutbildning.se\/sv-se\/kundservice-support\/om-ma-system-utbildning\/\" \/>\n<meta property=\"og:site_name\" content=\"MA-system Utbildning AB\" \/>\n<meta property=\"article:publisher\" content=\"https:\/\/www.facebook.com\/masystemutbildning\" \/>\n<meta property=\"article:modified_time\" content=\"2024-09-13T07:11:32+00:00\" \/>\n<meta name=\"twitter:card\" content=\"summary_large_image\" \/>\n<meta name=\"twitter:site\" content=\"@mautbildning\" \/>\n<meta name=\"twitter:label1\" content=\"Est. reading time\" \/>\n\t<meta name=\"twitter:data1\" content=\"2 minuter\" \/>\n<script type=\"application\/ld+json\" class=\"yoast-schema-graph\">{\"@context\":\"https:\\\/\\\/schema.org\",\"@graph\":[{\"@type\":\"WebPage\",\"@id\":\"https:\\\/\\\/www.masystemutbildning.se\\\/sv-se\\\/kundservice-support\\\/om-ma-system-utbildning\\\/\",\"url\":\"https:\\\/\\\/www.masystemutbildning.se\\\/sv-se\\\/kundservice-support\\\/om-ma-system-utbildning\\\/\",\"name\":\"Om MA-system Utbildning - MA-system Utbildning AB\",\"isPartOf\":{\"@id\":\"https:\\\/\\\/www.masystemutbildning.se\\\/sv-se\\\/#website\"},\"datePublished\":\"2023-09-25T12:35:43+00:00\",\"dateModified\":\"2024-09-13T07:11:32+00:00\",\"description\":\"MA-system Utbildning \u00e4r Skandinaviens st\u00f6rsta utbildare av instrukt\u00f6rer inom truck, lift, kran, fallskydd och ansvar.\",\"breadcrumb\":{\"@id\":\"https:\\\/\\\/www.masystemutbildning.se\\\/sv-se\\\/kundservice-support\\\/om-ma-system-utbildning\\\/#breadcrumb\"},\"inLanguage\":\"sv-SE\",\"potentialAction\":[{\"@type\":\"ReadAction\",\"target\":[\"https:\\\/\\\/www.masystemutbildning.se\\\/sv-se\\\/kundservice-support\\\/om-ma-system-utbildning\\\/\"]}]},{\"@type\":\"BreadcrumbList\",\"@id\":\"https:\\\/\\\/www.masystemutbildning.se\\\/sv-se\\\/kundservice-support\\\/om-ma-system-utbildning\\\/#breadcrumb\",\"itemListElement\":[{\"@type\":\"ListItem\",\"position\":1,\"name\":\"Home\",\"item\":\"https:\\\/\\\/www.masystemutbildning.se\\\/sv-se\\\/\"},{\"@type\":\"ListItem\",\"position\":2,\"name\":\"Kundservice &amp; support\",\"item\":\"https:\\\/\\\/www.masystemutbildning.se\\\/sv-se\\\/kundservice-support\\\/\"},{\"@type\":\"ListItem\",\"position\":3,\"name\":\"Om MA-system Utbildning\"}]},{\"@type\":\"WebSite\",\"@id\":\"https:\\\/\\\/www.masystemutbildning.se\\\/sv-se\\\/#website\",\"url\":\"https:\\\/\\\/www.masystemutbildning.se\\\/sv-se\\\/\",\"name\":\"MA-system Utbildning AB\",\"description\":\"\",\"publisher\":{\"@id\":\"https:\\\/\\\/www.masystemutbildning.se\\\/sv-se\\\/#organization\"},\"potentialAction\":[{\"@type\":\"SearchAction\",\"target\":{\"@type\":\"EntryPoint\",\"urlTemplate\":\"https:\\\/\\\/www.masystemutbildning.se\\\/sv-se\\\/?s={search_term_string}\"},\"query-input\":{\"@type\":\"PropertyValueSpecification\",\"valueRequired\":true,\"valueName\":\"search_term_string\"}}],\"inLanguage\":\"sv-SE\"},{\"@type\":\"Organization\",\"@id\":\"https:\\\/\\\/www.masystemutbildning.se\\\/sv-se\\\/#organization\",\"name\":\"MA-system Utbildning AB\",\"url\":\"https:\\\/\\\/www.masystemutbildning.se\\\/sv-se\\\/\",\"logo\":{\"@type\":\"ImageObject\",\"inLanguage\":\"sv-SE\",\"@id\":\"https:\\\/\\\/www.masystemutbildning.se\\\/sv-se\\\/#\\\/schema\\\/logo\\\/image\\\/\",\"url\":\"https:\\\/\\\/www.masystemutbildning.se\\\/sv-se\\\/wp-content\\\/uploads\\\/2026\\\/01\\\/MAsystem_50.webp\",\"contentUrl\":\"https:\\\/\\\/www.masystemutbildning.se\\\/sv-se\\\/wp-content\\\/uploads\\\/2026\\\/01\\\/MAsystem_50.webp\",\"width\":1080,\"height\":829,\"caption\":\"MA-system Utbildning AB\"},\"image\":{\"@id\":\"https:\\\/\\\/www.masystemutbildning.se\\\/sv-se\\\/#\\\/schema\\\/logo\\\/image\\\/\"},\"sameAs\":[\"https:\\\/\\\/www.facebook.com\\\/masystemutbildning\",\"https:\\\/\\\/x.com\\\/mautbildning\",\"https:\\\/\\\/www.instagram.com\\\/masystemutbildning\\\/\",\"https:\\\/\\\/www.linkedin.com\\\/company\\\/ma-system-utbildning-ab\\\/\"]}]}<\/script>\n<!-- \/ Yoast SEO Premium plugin. -->","yoast_head_json":{"title":"Om MA-system Utbildning - MA-system Utbildning AB","description":"MA-system Utbildning \u00e4r Skandinaviens st\u00f6rsta utbildare av instrukt\u00f6rer inom truck, lift, kran, fallskydd och ansvar.","robots":{"index":"index","follow":"follow","max-snippet":"max-snippet:-1","max-image-preview":"max-image-preview:large","max-video-preview":"max-video-preview:-1"},"canonical":"https:\/\/www.masystemutbildning.se\/sv-se\/kundservice-support\/om-ma-system-utbildning\/","og_locale":"sv_SE","og_type":"article","og_title":"Om MA-system Utbildning","og_description":"MA-system Utbildning \u00e4r Skandinaviens st\u00f6rsta utbildare av instrukt\u00f6rer inom truck, lift, kran, fallskydd och ansvar.","og_url":"https:\/\/www.masystemutbildning.se\/sv-se\/kundservice-support\/om-ma-system-utbildning\/","og_site_name":"MA-system Utbildning AB","article_publisher":"https:\/\/www.facebook.com\/masystemutbildning","article_modified_time":"2024-09-13T07:11:32+00:00","twitter_card":"summary_large_image","twitter_site":"@mautbildning","twitter_misc":{"Est. reading time":"2 minuter"},"schema":{"@context":"https:\/\/schema.org","@graph":[{"@type":"WebPage","@id":"https:\/\/www.masystemutbildning.se\/sv-se\/kundservice-support\/om-ma-system-utbildning\/","url":"https:\/\/www.masystemutbildning.se\/sv-se\/kundservice-support\/om-ma-system-utbildning\/","name":"Om MA-system Utbildning - MA-system Utbildning AB","isPartOf":{"@id":"https:\/\/www.masystemutbildning.se\/sv-se\/#website"},"datePublished":"2023-09-25T12:35:43+00:00","dateModified":"2024-09-13T07:11:32+00:00","description":"MA-system Utbildning \u00e4r Skandinaviens st\u00f6rsta utbildare av instrukt\u00f6rer inom truck, lift, kran, fallskydd och ansvar.","breadcrumb":{"@id":"https:\/\/www.masystemutbildning.se\/sv-se\/kundservice-support\/om-ma-system-utbildning\/#breadcrumb"},"inLanguage":"sv-SE","potentialAction":[{"@type":"ReadAction","target":["https:\/\/www.masystemutbildning.se\/sv-se\/kundservice-support\/om-ma-system-utbildning\/"]}]},{"@type":"BreadcrumbList","@id":"https:\/\/www.masystemutbildning.se\/sv-se\/kundservice-support\/om-ma-system-utbildning\/#breadcrumb","itemListElement":[{"@type":"ListItem","position":1,"name":"Home","item":"https:\/\/www.masystemutbildning.se\/sv-se\/"},{"@type":"ListItem","position":2,"name":"Kundservice &amp; support","item":"https:\/\/www.masystemutbildning.se\/sv-se\/kundservice-support\/"},{"@type":"ListItem","position":3,"name":"Om MA-system Utbildning"}]},{"@type":"WebSite","@id":"https:\/\/www.masystemutbildning.se\/sv-se\/#website","url":"https:\/\/www.masystemutbildning.se\/sv-se\/","name":"MA-system Utbildning AB","description":"","publisher":{"@id":"https:\/\/www.masystemutbildning.se\/sv-se\/#organization"},"potentialAction":[{"@type":"SearchAction","target":{"@type":"EntryPoint","urlTemplate":"https:\/\/www.masystemutbildning.se\/sv-se\/?s={search_term_string}"},"query-input":{"@type":"PropertyValueSpecification","valueRequired":true,"valueName":"search_term_string"}}],"inLanguage":"sv-SE"},{"@type":"Organization","@id":"https:\/\/www.masystemutbildning.se\/sv-se\/#organization","name":"MA-system Utbildning AB","url":"https:\/\/www.masystemutbildning.se\/sv-se\/","logo":{"@type":"ImageObject","inLanguage":"sv-SE","@id":"https:\/\/www.masystemutbildning.se\/sv-se\/#\/schema\/logo\/image\/","url":"https:\/\/www.masystemutbildning.se\/sv-se\/wp-content\/uploads\/2026\/01\/MAsystem_50.webp","contentUrl":"https:\/\/www.masystemutbildning.se\/sv-se\/wp-content\/uploads\/2026\/01\/MAsystem_50.webp","width":1080,"height":829,"caption":"MA-system Utbildning AB"},"image":{"@id":"https:\/\/www.masystemutbildning.se\/sv-se\/#\/schema\/logo\/image\/"},"sameAs":["https:\/\/www.facebook.com\/masystemutbildning","https:\/\/x.com\/mautbildning","https:\/\/www.instagram.com\/masystemutbildning\/","https:\/\/www.linkedin.com\/company\/ma-system-utbildning-ab\/"]}]}},"_links":{"self":[{"href":"https:\/\/www.masystemutbildning.se\/sv-se\/wp-json\/wp\/v2\/pages\/227","targetHints":{"allow":["GET"]}}],"collection":[{"href":"https:\/\/www.masystemutbildning.se\/sv-se\/wp-json\/wp\/v2\/pages"}],"about":[{"href":"https:\/\/www.masystemutbildning.se\/sv-se\/wp-json\/wp\/v2\/types\/page"}],"author":[{"embeddable":true,"href":"https:\/\/www.masystemutbildning.se\/sv-se\/wp-json\/wp\/v2\/users\/3"}],"replies":[{"embeddable":true,"href":"https:\/\/www.masystemutbildning.se\/sv-se\/wp-json\/wp\/v2\/comments?post=227"}],"version-history":[{"count":62,"href":"https:\/\/www.masystemutbildning.se\/sv-se\/wp-json\/wp\/v2\/pages\/227\/revisions"}],"predecessor-version":[{"id":7934,"href":"https:\/\/www.masystemutbildning.se\/sv-se\/wp-json\/wp\/v2\/pages\/227\/revisions\/7934"}],"up":[{"embeddable":true,"href":"https:\/\/www.masystemutbildning.se\/sv-se\/wp-json\/wp\/v2\/pages\/88"}],"wp:attachment":[{"href":"https:\/\/www.masystemutbildning.se\/sv-se\/wp-json\/wp\/v2\/media?parent=227"}],"curies":[{"name":"wp","href":"https:\/\/api.w.org\/{rel}","templated":true}]}}