{"id":2185,"date":"2023-11-24T12:30:21","date_gmt":"2023-11-24T12:30:21","guid":{"rendered":"https:\/\/www.masystemutbildning.se\/sv-se\/?page_id=2185"},"modified":"2025-03-18T16:51:45","modified_gmt":"2025-03-18T14:51:45","slug":"serviceavtal","status":"publish","type":"page","link":"https:\/\/www.masystemutbildning.se\/sv-se\/e-larande-kursbocker\/serviceavtal\/","title":{"rendered":"Serviceavtal"},"content":{"rendered":"\t\t<div data-elementor-type=\"wp-page\" data-elementor-id=\"2185\" class=\"elementor elementor-2185\" data-elementor-post-type=\"page\">\n\t\t\t\t<div class=\"elementor-element elementor-element-34b1e567 sharp-cut e-flex e-con-boxed e-con e-parent\" data-id=\"34b1e567\" data-element_type=\"container\" data-e-type=\"container\" data-settings=\"{&quot;background_background&quot;:&quot;classic&quot;}\">\n\t\t\t\t\t<div class=\"e-con-inner\">\n\t\t<div class=\"elementor-element elementor-element-3714f4a1 e-flex e-con-boxed e-con e-child\" data-id=\"3714f4a1\" data-element_type=\"container\" data-e-type=\"container\">\n\t\t\t\t\t<div class=\"e-con-inner\">\n\t\t\t\t<div class=\"elementor-element elementor-element-703339d6 elementor-widget elementor-widget-heading\" data-id=\"703339d6\" data-element_type=\"widget\" data-e-type=\"widget\" data-widget_type=\"heading.default\">\n\t\t\t\t<div class=\"elementor-widget-container\">\n\t\t\t\t\t<h1 class=\"elementor-heading-title elementor-size-default\">H\u00e5ll dig uppdaterad med serviceavtal.<\/h1>\t\t\t\t<\/div>\n\t\t\t\t<\/div>\n\t\t\t\t\t<\/div>\n\t\t\t\t<\/div>\n\t\t\t\t\t<\/div>\n\t\t\t\t<\/div>\n\t\t<div class=\"elementor-element elementor-element-48463c68 e-flex e-con-boxed e-con e-parent\" data-id=\"48463c68\" data-element_type=\"container\" data-e-type=\"container\">\n\t\t\t\t\t<div class=\"e-con-inner\">\n\t\t<div class=\"elementor-element elementor-element-54478358 e-con-full e-flex e-con e-child\" data-id=\"54478358\" data-element_type=\"container\" data-e-type=\"container\">\n\t\t\t\t<div class=\"elementor-element elementor-element-3d76359d elementor-widget elementor-widget-text-editor\" data-id=\"3d76359d\" data-element_type=\"widget\" data-e-type=\"widget\" data-widget_type=\"text-editor.default\">\n\t\t\t\t<div class=\"elementor-widget-container\">\n\t\t\t\t\t\t\t\t\t<p>MA-systems Serviceavtal inneb\u00e4r att du som instrukt\u00f6r prenumererar p\u00e5 uppdateringar av instrukt\u00f6rsp\u00e4rmens inneh\u00e5ll, inklusive v\u00e5ra omfattande presentationer med utbildningsbilder.<\/p>\t\t\t\t\t\t\t\t<\/div>\n\t\t\t\t<\/div>\n\t\t\t\t<div class=\"elementor-element elementor-element-3d5c2b90 elementor-widget elementor-widget-text-editor\" data-id=\"3d5c2b90\" data-element_type=\"widget\" data-e-type=\"widget\" data-widget_type=\"text-editor.default\">\n\t\t\t\t<div class=\"elementor-widget-container\">\n\t\t\t\t\t\t\t\t\t<p>S\u00e5 fort vi gjort en uppdatering i n\u00e5gon del av materialet, vilket kan ske flera g\u00e5nger per \u00e5r, skickar vi epost till dig. Du kan d\u00e5 g\u00e5 in p\u00e5 Instructor Portal och h\u00e4mta det material som har uppdaterats. P\u00e5 s\u00e5 s\u00e4tt vet du att ditt instrukt\u00f6rsmaterial alltid \u00e4r aktuellt.<\/p><p>Med serviceavtal f\u00e5r du ocks\u00e5 rabatt p\u00e5 MA-systems fortbildningskurser och konferenser.<\/p><h3>Rabatt p\u00e5 e-l\u00f6senord<\/h3><p>Serviceavtalet f\u00f6r Truck 1 &amp; 2 ger rabatt p\u00e5 e-l\u00f6senord till eTruck, serviceavtal f\u00f6r Lift ger rabatt p\u00e5 e-l\u00f6senord till eLift och Serviceavtal f\u00f6r Fallskydd ger rabatt p\u00e5 e-l\u00f6senord till eFall. Alla avtal ger rabatterat pris p\u00e5 utskrift av intyg f\u00f6r respektive utbildningstyp.<\/p><p>Fyll i formul\u00e4ret eller kontakta <a href=\"https:\/\/www.masystemutbildning.se\/sv-se\/kundservice-support\/kontakt\/\" target=\"_blank\" rel=\"noopener\">Kundservice<\/a> f\u00f6r att teckna serviceavtal.<\/p>\t\t\t\t\t\t\t\t<\/div>\n\t\t\t\t<\/div>\n\t\t\t\t<\/div>\n\t\t<div class=\"elementor-element elementor-element-2c822b2a e-con-full e-flex e-con e-child\" data-id=\"2c822b2a\" data-element_type=\"container\" data-e-type=\"container\">\n\t\t<div class=\"elementor-element elementor-element-100984dc sharp-cut e-flex e-con-boxed e-con e-child\" data-id=\"100984dc\" data-element_type=\"container\" data-e-type=\"container\" data-settings=\"{&quot;background_background&quot;:&quot;classic&quot;}\">\n\t\t\t\t\t<div class=\"e-con-inner\">\n\t\t\t\t<div class=\"elementor-element elementor-element-681411ec elementor-widget elementor-widget-heading\" data-id=\"681411ec\" data-element_type=\"widget\" data-e-type=\"widget\" data-widget_type=\"heading.default\">\n\t\t\t\t<div class=\"elementor-widget-container\">\n\t\t\t\t\t<h2 class=\"elementor-heading-title elementor-size-default\">V\u00e5ra Serviceavtal<\/h2>\t\t\t\t<\/div>\n\t\t\t\t<\/div>\n\t\t\t\t<div class=\"elementor-element elementor-element-1b26713f elementor-widget elementor-widget-text-editor\" data-id=\"1b26713f\" data-element_type=\"widget\" data-e-type=\"widget\" data-widget_type=\"text-editor.default\">\n\t\t\t\t<div class=\"elementor-widget-container\">\n\t\t\t\t\t\t\t\t\t<h4>Truck 1 &amp; 2 &#8211; 2 000 SEK\/\u00e5r<\/h4><h4>Truck 3 &#8211; 1 000 SEK\/\u00e5r<\/h4><h4>Lift &#8211; 1 200 SEK\/\u00e5r\u00a0<\/h4><h4>Kran &#8211; 1 200 SEK\/\u00e5r<\/h4><h4>Ansvar \u2013 1 200 SEK\/\u00e5r\u00a0<\/h4><h4>Fallskydd &#8211; 1 000 SEK\/\u00e5r\u00a0<\/h4><p><em>Alla priser exkl moms<\/em><\/p>\t\t\t\t\t\t\t\t<\/div>\n\t\t\t\t<\/div>\n\t\t\t\t\t<\/div>\n\t\t\t\t<\/div>\n\t\t\t\t<\/div>\n\t\t\t\t\t<\/div>\n\t\t\t\t<\/div>\n\t\t<div class=\"elementor-element elementor-element-7c4559cd e-grid e-con-boxed e-con e-parent\" data-id=\"7c4559cd\" data-element_type=\"container\" data-e-type=\"container\">\n\t\t\t\t\t<div class=\"e-con-inner\">\n\t\t<div class=\"elementor-element elementor-element-3ab56eb5 e-flex e-con-boxed e-con e-child\" data-id=\"3ab56eb5\" data-element_type=\"container\" data-e-type=\"container\" data-settings=\"{&quot;background_background&quot;:&quot;classic&quot;}\">\n\t\t\t\t\t<div class=\"e-con-inner\">\n\t\t\t\t<div class=\"elementor-element elementor-element-17da9029 elementor-widget elementor-widget-heading\" data-id=\"17da9029\" data-element_type=\"widget\" data-e-type=\"widget\" data-widget_type=\"heading.default\">\n\t\t\t\t<div class=\"elementor-widget-container\">\n\t\t\t\t\t<h2 class=\"elementor-heading-title elementor-size-default\">MODERNA INSTRUKT\u00d6RER SKA HA MODERNA HJ\u00c4LPMEDEL.<\/h2>\t\t\t\t<\/div>\n\t\t\t\t<\/div>\n\t\t\t\t<div class=\"elementor-element elementor-element-23e6f7ea elementor-widget elementor-widget-text-editor\" data-id=\"23e6f7ea\" data-element_type=\"widget\" data-e-type=\"widget\" data-widget_type=\"text-editor.default\">\n\t\t\t\t<div class=\"elementor-widget-container\">\n\t\t\t\t\t\t\t\t\t<p>Administration \u00e4r tr\u00e5kigt men n\u00f6dv\u00e4ndigt, det tycker de flesta. Med Instructor Portal str\u00f6mlinjeformas de uppgifterna s\u00e5 effektivt att du n\u00e4stan kan gl\u00f6mma bort dem.<\/p>\t\t\t\t\t\t\t\t<\/div>\n\t\t\t\t<\/div>\n\t\t<div class=\"elementor-element elementor-element-128bba0e e-flex e-con-boxed e-con e-child\" data-id=\"128bba0e\" data-element_type=\"container\" data-e-type=\"container\">\n\t\t\t\t\t<div class=\"e-con-inner\">\n\t\t\t\t<div class=\"elementor-element elementor-element-173149ab sharp-cut-button elementor-widget elementor-widget-button\" data-id=\"173149ab\" data-element_type=\"widget\" data-e-type=\"widget\" data-widget_type=\"button.default\">\n\t\t\t\t<div class=\"elementor-widget-container\">\n\t\t\t\t\t\t\t\t\t<div class=\"elementor-button-wrapper\">\n\t\t\t\t\t<a class=\"elementor-button elementor-button-link elementor-size-sm\" href=\"https:\/\/www.masystemutbildning.se\/sv-se\/e-larande-kursbocker\/instructor-portal\/\">\n\t\t\t\t\t\t<span class=\"elementor-button-content-wrapper\">\n\t\t\t\t\t\t<span class=\"elementor-button-icon\">\n\t\t\t\t<i aria-hidden=\"true\" class=\"icon icon-arrow-right\"><\/i>\t\t\t<\/span>\n\t\t\t\t\t\t\t\t\t<span class=\"elementor-button-text\">Instructor portal<\/span>\n\t\t\t\t\t<\/span>\n\t\t\t\t\t<\/a>\n\t\t\t\t<\/div>\n\t\t\t\t\t\t\t\t<\/div>\n\t\t\t\t<\/div>\n\t\t\t\t\t<\/div>\n\t\t\t\t<\/div>\n\t\t\t\t\t<\/div>\n\t\t\t\t<\/div>\n\t\t<div class=\"elementor-element elementor-element-2563886e e-flex e-con-boxed e-con e-child\" data-id=\"2563886e\" data-element_type=\"container\" data-e-type=\"container\" data-settings=\"{&quot;background_background&quot;:&quot;classic&quot;}\">\n\t\t\t\t\t<div class=\"e-con-inner\">\n\t\t\t\t\t<\/div>\n\t\t\t\t<\/div>\n\t\t\t\t\t<\/div>\n\t\t\t\t<\/div>\n\t\t<div class=\"elementor-element elementor-element-5b0506f0 e-flex e-con-boxed e-con e-parent\" data-id=\"5b0506f0\" data-element_type=\"container\" data-e-type=\"container\">\n\t\t\t\t\t<div class=\"e-con-inner\">\n\t\t\t\t<div class=\"elementor-element elementor-element-68a6e0a2 elementor-widget__width-initial elementor-widget elementor-widget-eael-typeform\" data-id=\"68a6e0a2\" data-element_type=\"widget\" data-e-type=\"widget\" data-widget_type=\"eael-typeform.default\">\n\t\t\t\t<div class=\"elementor-widget-container\">\n\t\t\t\t\t<div data-typeform=\"{&quot;url&quot;:&quot;https:\\\/\\\/masystem.typeform.com\\\/to\\\/iSei7CDK&quot;,&quot;hideFooter&quot;:false,&quot;hideHeaders&quot;:false,&quot;opacity&quot;:&quot;&quot;}\" id=\"eael-type-form-68a6e0a2\" class=\"eael-typeform clearfix fs_wp_sidebar fsBody eael-contact-form eael-typeform-align-default\"><\/div>\t\t\t\t<\/div>\n\t\t\t\t<\/div>\n\t\t\t\t\t<\/div>\n\t\t\t\t<\/div>\n\t\t\t\t<\/div>\n\t\t","protected":false},"excerpt":{"rendered":"<p>H\u00e5ll dig uppdaterad med serviceavtal. MA-systems Serviceavtal inneb\u00e4r att du som instrukt\u00f6r prenumererar p\u00e5 uppdateringar av instrukt\u00f6rsp\u00e4rmens inneh\u00e5ll, inklusive v\u00e5ra omfattande presentationer med utbildningsbilder. S\u00e5 fort vi gjort en uppdatering i n\u00e5gon del av materialet, vilket kan ske flera g\u00e5nger per \u00e5r, skickar vi epost till dig. Du kan d\u00e5 g\u00e5 in p\u00e5 Instructor Portal [&hellip;]<\/p>\n","protected":false},"author":2,"featured_media":5148,"parent":98,"menu_order":0,"comment_status":"closed","ping_status":"closed","template":"","meta":{"_acf_changed":false,"footnotes":""},"class_list":["post-2185","page","type-page","status-publish","has-post-thumbnail","hentry"],"acf":[],"yoast_head":"<!-- This site is optimized with the Yoast SEO Premium plugin v26.9 (Yoast SEO v27.3) - https:\/\/yoast.com\/product\/yoast-seo-premium-wordpress\/ -->\n<title>Serviceavtal - MA-system Utbildning AB<\/title>\n<meta name=\"description\" content=\"MA-systems Serviceavtal inneb\u00e4r att du som instrukt\u00f6r prenumererar p\u00e5 uppdateringar av instrukt\u00f6rsp\u00e4rmens inneh\u00e5ll.\" \/>\n<meta name=\"robots\" content=\"index, follow, max-snippet:-1, max-image-preview:large, max-video-preview:-1\" \/>\n<link rel=\"canonical\" href=\"https:\/\/www.masystemutbildning.se\/sv-se\/e-larande-kursbocker\/serviceavtal\/\" \/>\n<meta property=\"og:locale\" content=\"sv_SE\" \/>\n<meta property=\"og:type\" content=\"article\" \/>\n<meta property=\"og:title\" content=\"Serviceavtal\" \/>\n<meta property=\"og:description\" content=\"MA-systems Serviceavtal inneb\u00e4r att du som instrukt\u00f6r prenumererar p\u00e5 uppdateringar av instrukt\u00f6rsp\u00e4rmens inneh\u00e5ll.\" \/>\n<meta property=\"og:url\" content=\"https:\/\/www.masystemutbildning.se\/sv-se\/e-larande-kursbocker\/serviceavtal\/\" \/>\n<meta property=\"og:site_name\" content=\"MA-system Utbildning AB\" \/>\n<meta property=\"article:publisher\" content=\"https:\/\/www.facebook.com\/masystemutbildning\" \/>\n<meta property=\"article:modified_time\" content=\"2025-03-18T14:51:45+00:00\" \/>\n<meta property=\"og:image\" content=\"https:\/\/www.masystemutbildning.se\/sv-se\/wp-content\/uploads\/2024\/05\/Pyntbild_09.png\" \/>\n\t<meta property=\"og:image:width\" content=\"1080\" \/>\n\t<meta property=\"og:image:height\" content=\"1080\" \/>\n\t<meta property=\"og:image:type\" content=\"image\/png\" \/>\n<meta name=\"twitter:card\" content=\"summary_large_image\" \/>\n<meta name=\"twitter:site\" content=\"@mautbildning\" \/>\n<meta name=\"twitter:label1\" content=\"Est. reading time\" \/>\n\t<meta name=\"twitter:data1\" content=\"2 minuter\" \/>\n<script type=\"application\/ld+json\" class=\"yoast-schema-graph\">{\"@context\":\"https:\\\/\\\/schema.org\",\"@graph\":[{\"@type\":\"WebPage\",\"@id\":\"https:\\\/\\\/www.masystemutbildning.se\\\/sv-se\\\/e-larande-kursbocker\\\/serviceavtal\\\/\",\"url\":\"https:\\\/\\\/www.masystemutbildning.se\\\/sv-se\\\/e-larande-kursbocker\\\/serviceavtal\\\/\",\"name\":\"Serviceavtal - MA-system Utbildning AB\",\"isPartOf\":{\"@id\":\"https:\\\/\\\/www.masystemutbildning.se\\\/sv-se\\\/#website\"},\"primaryImageOfPage\":{\"@id\":\"https:\\\/\\\/www.masystemutbildning.se\\\/sv-se\\\/e-larande-kursbocker\\\/serviceavtal\\\/#primaryimage\"},\"image\":{\"@id\":\"https:\\\/\\\/www.masystemutbildning.se\\\/sv-se\\\/e-larande-kursbocker\\\/serviceavtal\\\/#primaryimage\"},\"thumbnailUrl\":\"https:\\\/\\\/www.masystemutbildning.se\\\/sv-se\\\/wp-content\\\/uploads\\\/2024\\\/05\\\/Pyntbild_09.png\",\"datePublished\":\"2023-11-24T12:30:21+00:00\",\"dateModified\":\"2025-03-18T14:51:45+00:00\",\"description\":\"MA-systems Serviceavtal inneb\u00e4r att du som instrukt\u00f6r prenumererar p\u00e5 uppdateringar av instrukt\u00f6rsp\u00e4rmens inneh\u00e5ll.\",\"breadcrumb\":{\"@id\":\"https:\\\/\\\/www.masystemutbildning.se\\\/sv-se\\\/e-larande-kursbocker\\\/serviceavtal\\\/#breadcrumb\"},\"inLanguage\":\"sv-SE\",\"potentialAction\":[{\"@type\":\"ReadAction\",\"target\":[\"https:\\\/\\\/www.masystemutbildning.se\\\/sv-se\\\/e-larande-kursbocker\\\/serviceavtal\\\/\"]}]},{\"@type\":\"ImageObject\",\"inLanguage\":\"sv-SE\",\"@id\":\"https:\\\/\\\/www.masystemutbildning.se\\\/sv-se\\\/e-larande-kursbocker\\\/serviceavtal\\\/#primaryimage\",\"url\":\"https:\\\/\\\/www.masystemutbildning.se\\\/sv-se\\\/wp-content\\\/uploads\\\/2024\\\/05\\\/Pyntbild_09.png\",\"contentUrl\":\"https:\\\/\\\/www.masystemutbildning.se\\\/sv-se\\\/wp-content\\\/uploads\\\/2024\\\/05\\\/Pyntbild_09.png\",\"width\":1080,\"height\":1080},{\"@type\":\"BreadcrumbList\",\"@id\":\"https:\\\/\\\/www.masystemutbildning.se\\\/sv-se\\\/e-larande-kursbocker\\\/serviceavtal\\\/#breadcrumb\",\"itemListElement\":[{\"@type\":\"ListItem\",\"position\":1,\"name\":\"Home\",\"item\":\"https:\\\/\\\/www.masystemutbildning.se\\\/sv-se\\\/\"},{\"@type\":\"ListItem\",\"position\":2,\"name\":\"E-l\u00e4rande &amp; kursb\u00f6cker\",\"item\":\"https:\\\/\\\/www.masystemutbildning.se\\\/sv-se\\\/e-larande-kursbocker\\\/\"},{\"@type\":\"ListItem\",\"position\":3,\"name\":\"Serviceavtal\"}]},{\"@type\":\"WebSite\",\"@id\":\"https:\\\/\\\/www.masystemutbildning.se\\\/sv-se\\\/#website\",\"url\":\"https:\\\/\\\/www.masystemutbildning.se\\\/sv-se\\\/\",\"name\":\"MA-system Utbildning AB\",\"description\":\"\",\"publisher\":{\"@id\":\"https:\\\/\\\/www.masystemutbildning.se\\\/sv-se\\\/#organization\"},\"potentialAction\":[{\"@type\":\"SearchAction\",\"target\":{\"@type\":\"EntryPoint\",\"urlTemplate\":\"https:\\\/\\\/www.masystemutbildning.se\\\/sv-se\\\/?s={search_term_string}\"},\"query-input\":{\"@type\":\"PropertyValueSpecification\",\"valueRequired\":true,\"valueName\":\"search_term_string\"}}],\"inLanguage\":\"sv-SE\"},{\"@type\":\"Organization\",\"@id\":\"https:\\\/\\\/www.masystemutbildning.se\\\/sv-se\\\/#organization\",\"name\":\"MA-system Utbildning AB\",\"url\":\"https:\\\/\\\/www.masystemutbildning.se\\\/sv-se\\\/\",\"logo\":{\"@type\":\"ImageObject\",\"inLanguage\":\"sv-SE\",\"@id\":\"https:\\\/\\\/www.masystemutbildning.se\\\/sv-se\\\/#\\\/schema\\\/logo\\\/image\\\/\",\"url\":\"https:\\\/\\\/www.masystemutbildning.se\\\/sv-se\\\/wp-content\\\/uploads\\\/2026\\\/01\\\/MAsystem_50.webp\",\"contentUrl\":\"https:\\\/\\\/www.masystemutbildning.se\\\/sv-se\\\/wp-content\\\/uploads\\\/2026\\\/01\\\/MAsystem_50.webp\",\"width\":1080,\"height\":829,\"caption\":\"MA-system Utbildning AB\"},\"image\":{\"@id\":\"https:\\\/\\\/www.masystemutbildning.se\\\/sv-se\\\/#\\\/schema\\\/logo\\\/image\\\/\"},\"sameAs\":[\"https:\\\/\\\/www.facebook.com\\\/masystemutbildning\",\"https:\\\/\\\/x.com\\\/mautbildning\",\"https:\\\/\\\/www.instagram.com\\\/masystemutbildning\\\/\",\"https:\\\/\\\/www.linkedin.com\\\/company\\\/ma-system-utbildning-ab\\\/\"]}]}<\/script>\n<!-- \/ Yoast SEO Premium plugin. -->","yoast_head_json":{"title":"Serviceavtal - MA-system Utbildning AB","description":"MA-systems Serviceavtal inneb\u00e4r att du som instrukt\u00f6r prenumererar p\u00e5 uppdateringar av instrukt\u00f6rsp\u00e4rmens inneh\u00e5ll.","robots":{"index":"index","follow":"follow","max-snippet":"max-snippet:-1","max-image-preview":"max-image-preview:large","max-video-preview":"max-video-preview:-1"},"canonical":"https:\/\/www.masystemutbildning.se\/sv-se\/e-larande-kursbocker\/serviceavtal\/","og_locale":"sv_SE","og_type":"article","og_title":"Serviceavtal","og_description":"MA-systems Serviceavtal inneb\u00e4r att du som instrukt\u00f6r prenumererar p\u00e5 uppdateringar av instrukt\u00f6rsp\u00e4rmens inneh\u00e5ll.","og_url":"https:\/\/www.masystemutbildning.se\/sv-se\/e-larande-kursbocker\/serviceavtal\/","og_site_name":"MA-system Utbildning AB","article_publisher":"https:\/\/www.facebook.com\/masystemutbildning","article_modified_time":"2025-03-18T14:51:45+00:00","og_image":[{"width":1080,"height":1080,"url":"https:\/\/www.masystemutbildning.se\/sv-se\/wp-content\/uploads\/2024\/05\/Pyntbild_09.png","type":"image\/png"}],"twitter_card":"summary_large_image","twitter_site":"@mautbildning","twitter_misc":{"Est. reading time":"2 minuter"},"schema":{"@context":"https:\/\/schema.org","@graph":[{"@type":"WebPage","@id":"https:\/\/www.masystemutbildning.se\/sv-se\/e-larande-kursbocker\/serviceavtal\/","url":"https:\/\/www.masystemutbildning.se\/sv-se\/e-larande-kursbocker\/serviceavtal\/","name":"Serviceavtal - MA-system Utbildning AB","isPartOf":{"@id":"https:\/\/www.masystemutbildning.se\/sv-se\/#website"},"primaryImageOfPage":{"@id":"https:\/\/www.masystemutbildning.se\/sv-se\/e-larande-kursbocker\/serviceavtal\/#primaryimage"},"image":{"@id":"https:\/\/www.masystemutbildning.se\/sv-se\/e-larande-kursbocker\/serviceavtal\/#primaryimage"},"thumbnailUrl":"https:\/\/www.masystemutbildning.se\/sv-se\/wp-content\/uploads\/2024\/05\/Pyntbild_09.png","datePublished":"2023-11-24T12:30:21+00:00","dateModified":"2025-03-18T14:51:45+00:00","description":"MA-systems Serviceavtal inneb\u00e4r att du som instrukt\u00f6r prenumererar p\u00e5 uppdateringar av instrukt\u00f6rsp\u00e4rmens inneh\u00e5ll.","breadcrumb":{"@id":"https:\/\/www.masystemutbildning.se\/sv-se\/e-larande-kursbocker\/serviceavtal\/#breadcrumb"},"inLanguage":"sv-SE","potentialAction":[{"@type":"ReadAction","target":["https:\/\/www.masystemutbildning.se\/sv-se\/e-larande-kursbocker\/serviceavtal\/"]}]},{"@type":"ImageObject","inLanguage":"sv-SE","@id":"https:\/\/www.masystemutbildning.se\/sv-se\/e-larande-kursbocker\/serviceavtal\/#primaryimage","url":"https:\/\/www.masystemutbildning.se\/sv-se\/wp-content\/uploads\/2024\/05\/Pyntbild_09.png","contentUrl":"https:\/\/www.masystemutbildning.se\/sv-se\/wp-content\/uploads\/2024\/05\/Pyntbild_09.png","width":1080,"height":1080},{"@type":"BreadcrumbList","@id":"https:\/\/www.masystemutbildning.se\/sv-se\/e-larande-kursbocker\/serviceavtal\/#breadcrumb","itemListElement":[{"@type":"ListItem","position":1,"name":"Home","item":"https:\/\/www.masystemutbildning.se\/sv-se\/"},{"@type":"ListItem","position":2,"name":"E-l\u00e4rande &amp; kursb\u00f6cker","item":"https:\/\/www.masystemutbildning.se\/sv-se\/e-larande-kursbocker\/"},{"@type":"ListItem","position":3,"name":"Serviceavtal"}]},{"@type":"WebSite","@id":"https:\/\/www.masystemutbildning.se\/sv-se\/#website","url":"https:\/\/www.masystemutbildning.se\/sv-se\/","name":"MA-system Utbildning AB","description":"","publisher":{"@id":"https:\/\/www.masystemutbildning.se\/sv-se\/#organization"},"potentialAction":[{"@type":"SearchAction","target":{"@type":"EntryPoint","urlTemplate":"https:\/\/www.masystemutbildning.se\/sv-se\/?s={search_term_string}"},"query-input":{"@type":"PropertyValueSpecification","valueRequired":true,"valueName":"search_term_string"}}],"inLanguage":"sv-SE"},{"@type":"Organization","@id":"https:\/\/www.masystemutbildning.se\/sv-se\/#organization","name":"MA-system Utbildning AB","url":"https:\/\/www.masystemutbildning.se\/sv-se\/","logo":{"@type":"ImageObject","inLanguage":"sv-SE","@id":"https:\/\/www.masystemutbildning.se\/sv-se\/#\/schema\/logo\/image\/","url":"https:\/\/www.masystemutbildning.se\/sv-se\/wp-content\/uploads\/2026\/01\/MAsystem_50.webp","contentUrl":"https:\/\/www.masystemutbildning.se\/sv-se\/wp-content\/uploads\/2026\/01\/MAsystem_50.webp","width":1080,"height":829,"caption":"MA-system Utbildning AB"},"image":{"@id":"https:\/\/www.masystemutbildning.se\/sv-se\/#\/schema\/logo\/image\/"},"sameAs":["https:\/\/www.facebook.com\/masystemutbildning","https:\/\/x.com\/mautbildning","https:\/\/www.instagram.com\/masystemutbildning\/","https:\/\/www.linkedin.com\/company\/ma-system-utbildning-ab\/"]}]}},"_links":{"self":[{"href":"https:\/\/www.masystemutbildning.se\/sv-se\/wp-json\/wp\/v2\/pages\/2185","targetHints":{"allow":["GET"]}}],"collection":[{"href":"https:\/\/www.masystemutbildning.se\/sv-se\/wp-json\/wp\/v2\/pages"}],"about":[{"href":"https:\/\/www.masystemutbildning.se\/sv-se\/wp-json\/wp\/v2\/types\/page"}],"author":[{"embeddable":true,"href":"https:\/\/www.masystemutbildning.se\/sv-se\/wp-json\/wp\/v2\/users\/2"}],"replies":[{"embeddable":true,"href":"https:\/\/www.masystemutbildning.se\/sv-se\/wp-json\/wp\/v2\/comments?post=2185"}],"version-history":[{"count":93,"href":"https:\/\/www.masystemutbildning.se\/sv-se\/wp-json\/wp\/v2\/pages\/2185\/revisions"}],"predecessor-version":[{"id":8850,"href":"https:\/\/www.masystemutbildning.se\/sv-se\/wp-json\/wp\/v2\/pages\/2185\/revisions\/8850"}],"up":[{"embeddable":true,"href":"https:\/\/www.masystemutbildning.se\/sv-se\/wp-json\/wp\/v2\/pages\/98"}],"wp:featuredmedia":[{"embeddable":true,"href":"https:\/\/www.masystemutbildning.se\/sv-se\/wp-json\/wp\/v2\/media\/5148"}],"wp:attachment":[{"href":"https:\/\/www.masystemutbildning.se\/sv-se\/wp-json\/wp\/v2\/media?parent=2185"}],"curies":[{"name":"wp","href":"https:\/\/api.w.org\/{rel}","templated":true}]}}