{"id":2166,"date":"2023-11-24T09:49:25","date_gmt":"2023-11-24T09:49:25","guid":{"rendered":"https:\/\/www.masystemutbildning.se\/sv-se\/?page_id=2166"},"modified":"2026-02-05T15:39:14","modified_gmt":"2026-02-05T13:39:14","slug":"kursinformation","status":"publish","type":"page","link":"https:\/\/www.masystemutbildning.se\/sv-se\/kundservice-support\/kursinformation\/","title":{"rendered":"Kursinformation"},"content":{"rendered":"\t\t<div data-elementor-type=\"wp-page\" data-elementor-id=\"2166\" class=\"elementor elementor-2166\" data-elementor-post-type=\"page\">\n\t\t\t\t<div class=\"elementor-element elementor-element-5e3788b5 sharp-cut e-flex e-con-boxed e-con e-parent\" data-id=\"5e3788b5\" data-element_type=\"container\" data-e-type=\"container\" data-settings=\"{&quot;background_background&quot;:&quot;classic&quot;}\">\n\t\t\t\t\t<div class=\"e-con-inner\">\n\t\t<div class=\"elementor-element elementor-element-40f4c89d e-flex e-con-boxed e-con e-child\" data-id=\"40f4c89d\" data-element_type=\"container\" data-e-type=\"container\">\n\t\t\t\t\t<div class=\"e-con-inner\">\n\t\t\t\t<div class=\"elementor-element elementor-element-513528bb elementor-widget elementor-widget-heading\" data-id=\"513528bb\" data-element_type=\"widget\" data-e-type=\"widget\" data-widget_type=\"heading.default\">\n\t\t\t\t<div class=\"elementor-widget-container\">\n\t\t\t\t\t<h1 class=\"elementor-heading-title elementor-size-default\">Kurs&shy;information.<\/h1>\t\t\t\t<\/div>\n\t\t\t\t<\/div>\n\t\t\t\t\t<\/div>\n\t\t\t\t<\/div>\n\t\t\t\t\t<\/div>\n\t\t\t\t<\/div>\n\t\t<div class=\"elementor-element elementor-element-3653d2dc e-flex e-con-boxed e-con e-parent\" data-id=\"3653d2dc\" data-element_type=\"container\" data-e-type=\"container\">\n\t\t\t\t\t<div class=\"e-con-inner\">\n\t\t<div class=\"elementor-element elementor-element-51c41007 e-con-full e-flex e-con e-child\" data-id=\"51c41007\" data-element_type=\"container\" data-e-type=\"container\">\n\t\t\t\t<div class=\"elementor-element elementor-element-321cb0d8 elementor-widget elementor-widget-text-editor\" data-id=\"321cb0d8\" data-element_type=\"widget\" data-e-type=\"widget\" data-widget_type=\"text-editor.default\">\n\t\t\t\t<div class=\"elementor-widget-container\">\n\t\t\t\t\t\t\t\t\t<p>V\u00e4lkommen p\u00e5 utbildning hos oss! H\u00e4r hittar du praktisk kursinformation som \u00e4r bra att veta n\u00e4r du ska g\u00e5 en instrukt\u00f6rsutbildning hos oss.\u00a0<\/p>\t\t\t\t\t\t\t\t<\/div>\n\t\t\t\t<\/div>\n\t\t\t\t<\/div>\n\t\t\t\t\t<\/div>\n\t\t\t\t<\/div>\n\t\t<div class=\"elementor-element elementor-element-9e500b6 e-flex e-con-boxed e-con e-parent\" data-id=\"9e500b6\" data-element_type=\"container\" data-e-type=\"container\">\n\t\t\t\t\t<div class=\"e-con-inner\">\n\t\t<div class=\"elementor-element elementor-element-42fe9d80 e-con-full e-flex e-con e-child\" data-id=\"42fe9d80\" data-element_type=\"container\" data-e-type=\"container\">\n\t\t\t\t<div class=\"elementor-element elementor-element-503d658a elementor-widget elementor-widget-text-editor\" data-id=\"503d658a\" data-element_type=\"widget\" data-e-type=\"widget\" data-widget_type=\"text-editor.default\">\n\t\t\t\t<div class=\"elementor-widget-container\">\n\t\t\t\t\t\t\t\t\t<h3>Bokningsbekr\u00e4ftelse och kallelse<\/h3><p>Bokningsbekr\u00e4ftelse skickas ut till best\u00e4llaren och kallelse skickas ut till deltagaren vid bokningstillf\u00e4llet. I kallelsen framg\u00e5r datum, adress och tider f\u00f6r utbildning och vad eleven ska ta med till utbildningen i form av kl\u00e4der och \u00f6vrigt material.<\/p><h3><b>Orter<\/b><\/h3><p>V\u00e5ra instrukt\u00f6rsutbildningar genomf\u00f6rs i Lund, Laholm och i Kristianstad. Vi kan \u00e4ven efter \u00f6verenskommelse utbilda p\u00e5 plats ute hos kund.<\/p><h3>Parkering<\/h3><p>Vid utbildningslokalen i Lund finns gratis parkeringar och det finns tillg\u00e5ng till laddplats f\u00f6r elbilar. I Laholm och Kristianstad finns gratis parkeringsplatser.<\/p><h3>Mat<\/h3><p>I kursavgiften ing\u00e5r kaffe, dryck, lunch och l\u00e4ttare fika. Kontakta oss innan kursstart g\u00e4llande specialkost.<\/p><h3>Hotell<\/h3><p>F\u00f6r dig som skall g\u00e5 en kurs hos oss i Lund och Laholm har vi n\u00e5gra f\u00f6rslag p\u00e5 hotell i n\u00e4rheten av kurslokalerna. Hotellkostnaden ing\u00e5r ej i kursavgiften.<\/p><h4>Lund<\/h4><h4>Scandic Star Hotel i Lund<\/h4><p>Glimmerv\u00e4gen, Lund<br \/>Tel. +46 46 285 25 00<br \/><a href=\"https:\/\/www.scandichotels.se\/hotell\/sverige\/lund\/scandic-star-lund\">https:\/\/www.scandichotels.se\/hotell\/sverige\/lund\/scandic-star-lund<\/a><br \/><em>5 min promenad till MA-system<\/em><\/p><h4>Clarion Collection Hotel Planetstaden i Lund<\/h4><p>Dalbyv\u00e4gen 38, Lund<br \/>Tel. +46 46 280 01 00<br \/><a href=\"https:\/\/www.planetstaden.se\">https:\/\/www.planetstaden.se<\/a><br \/><em>15 min promenad till MA-system<\/em><\/p><h4>Laholm<\/h4><h4>Laholms stadshotell<\/h4><p>H\u00e4sttorget 3, Laholm<br \/>Tel. +46 430 128 30<br \/><em>Ca 10 min med bil till utbildningslokalen<\/em><\/p><h4>Scandic Hallandia<\/h4><p>R\u00e5dhusgatan 4, Halmstad<br \/>Tel. +46 35 295 86 00<br \/><em>Ca 20 min med bil till utbildningslokalen<\/em><\/p><p><span style=\"font-family: Roboto, sans-serif; font-weight: 400; color: inherit;\">Utbildningslokalen i Laholm ligger ca 20 minuters bilf\u00e4rd fr\u00e5n b\u00e5de B\u00e5stad och Halmstad, och d\u00e4r finns en hel del hotell att v\u00e4lja mellan.<\/span><\/p><h4>Kristianstad<\/h4><h4>Stadshotellet Kristianstad<\/h4><p>Nya Boulevarden 8, Kristianstad<br \/>Tel. +46 44 10 02 55<br \/><em>Ca 10 min med bil till utbildningslokalen<\/em><\/p>\t\t\t\t\t\t\t\t<\/div>\n\t\t\t\t<\/div>\n\t\t\t\t<\/div>\n\t\t\t\t\t<\/div>\n\t\t\t\t<\/div>\n\t\t\t\t<\/div>\n\t\t","protected":false},"excerpt":{"rendered":"<p>Kurs&shy;information. V\u00e4lkommen p\u00e5 utbildning hos oss! H\u00e4r hittar du praktisk kursinformation som \u00e4r bra att veta n\u00e4r du ska g\u00e5 en instrukt\u00f6rsutbildning hos oss.\u00a0 Bokningsbekr\u00e4ftelse och kallelse Bokningsbekr\u00e4ftelse skickas ut till best\u00e4llaren och kallelse skickas ut till deltagaren vid bokningstillf\u00e4llet. I kallelsen framg\u00e5r datum, adress och tider f\u00f6r utbildning och vad eleven ska ta med [&hellip;]<\/p>\n","protected":false},"author":2,"featured_media":5147,"parent":88,"menu_order":0,"comment_status":"closed","ping_status":"closed","template":"","meta":{"_acf_changed":false,"footnotes":""},"class_list":["post-2166","page","type-page","status-publish","has-post-thumbnail","hentry"],"acf":[],"yoast_head":"<!-- This site is optimized with the Yoast SEO Premium plugin v26.9 (Yoast SEO v27.3) - https:\/\/yoast.com\/product\/yoast-seo-premium-wordpress\/ -->\n<title>Kursinformation - MA-system Utbildning AB<\/title>\n<meta name=\"description\" content=\"V\u00e4lkommen p\u00e5 utbildning hos oss! H\u00e4r hittar du praktisk kursinformation som \u00e4r bra att veta n\u00e4r du ska g\u00e5 en instrukt\u00f6rsutbildning hos oss.\" \/>\n<meta name=\"robots\" content=\"index, follow, max-snippet:-1, max-image-preview:large, max-video-preview:-1\" \/>\n<link rel=\"canonical\" href=\"https:\/\/www.masystemutbildning.se\/sv-se\/kundservice-support\/kursinformation\/\" \/>\n<meta property=\"og:locale\" content=\"sv_SE\" \/>\n<meta property=\"og:type\" content=\"article\" \/>\n<meta property=\"og:title\" content=\"Kursinformation\" \/>\n<meta property=\"og:description\" content=\"V\u00e4lkommen p\u00e5 utbildning hos oss! H\u00e4r hittar du praktisk kursinformation som \u00e4r bra att veta n\u00e4r du ska g\u00e5 en instrukt\u00f6rsutbildning hos oss.\" \/>\n<meta property=\"og:url\" content=\"https:\/\/www.masystemutbildning.se\/sv-se\/kundservice-support\/kursinformation\/\" \/>\n<meta property=\"og:site_name\" content=\"MA-system Utbildning AB\" \/>\n<meta property=\"article:publisher\" content=\"https:\/\/www.facebook.com\/masystemutbildning\" \/>\n<meta property=\"article:modified_time\" content=\"2026-02-05T13:39:14+00:00\" \/>\n<meta property=\"og:image\" content=\"https:\/\/www.masystemutbildning.se\/sv-se\/wp-content\/uploads\/2024\/05\/Pyntbild_08.png\" \/>\n\t<meta property=\"og:image:width\" content=\"1080\" \/>\n\t<meta property=\"og:image:height\" content=\"1080\" \/>\n\t<meta property=\"og:image:type\" content=\"image\/png\" \/>\n<meta name=\"twitter:card\" content=\"summary_large_image\" \/>\n<meta name=\"twitter:site\" content=\"@mautbildning\" \/>\n<meta name=\"twitter:label1\" content=\"Est. reading time\" \/>\n\t<meta name=\"twitter:data1\" content=\"2 minuter\" \/>\n<script type=\"application\/ld+json\" class=\"yoast-schema-graph\">{\"@context\":\"https:\\\/\\\/schema.org\",\"@graph\":[{\"@type\":\"WebPage\",\"@id\":\"https:\\\/\\\/www.masystemutbildning.se\\\/sv-se\\\/kundservice-support\\\/kursinformation\\\/\",\"url\":\"https:\\\/\\\/www.masystemutbildning.se\\\/sv-se\\\/kundservice-support\\\/kursinformation\\\/\",\"name\":\"Kursinformation - MA-system Utbildning AB\",\"isPartOf\":{\"@id\":\"https:\\\/\\\/www.masystemutbildning.se\\\/sv-se\\\/#website\"},\"primaryImageOfPage\":{\"@id\":\"https:\\\/\\\/www.masystemutbildning.se\\\/sv-se\\\/kundservice-support\\\/kursinformation\\\/#primaryimage\"},\"image\":{\"@id\":\"https:\\\/\\\/www.masystemutbildning.se\\\/sv-se\\\/kundservice-support\\\/kursinformation\\\/#primaryimage\"},\"thumbnailUrl\":\"https:\\\/\\\/www.masystemutbildning.se\\\/sv-se\\\/wp-content\\\/uploads\\\/2024\\\/05\\\/Pyntbild_08.png\",\"datePublished\":\"2023-11-24T09:49:25+00:00\",\"dateModified\":\"2026-02-05T13:39:14+00:00\",\"description\":\"V\u00e4lkommen p\u00e5 utbildning hos oss! H\u00e4r hittar du praktisk kursinformation som \u00e4r bra att veta n\u00e4r du ska g\u00e5 en instrukt\u00f6rsutbildning hos oss.\",\"breadcrumb\":{\"@id\":\"https:\\\/\\\/www.masystemutbildning.se\\\/sv-se\\\/kundservice-support\\\/kursinformation\\\/#breadcrumb\"},\"inLanguage\":\"sv-SE\",\"potentialAction\":[{\"@type\":\"ReadAction\",\"target\":[\"https:\\\/\\\/www.masystemutbildning.se\\\/sv-se\\\/kundservice-support\\\/kursinformation\\\/\"]}]},{\"@type\":\"ImageObject\",\"inLanguage\":\"sv-SE\",\"@id\":\"https:\\\/\\\/www.masystemutbildning.se\\\/sv-se\\\/kundservice-support\\\/kursinformation\\\/#primaryimage\",\"url\":\"https:\\\/\\\/www.masystemutbildning.se\\\/sv-se\\\/wp-content\\\/uploads\\\/2024\\\/05\\\/Pyntbild_08.png\",\"contentUrl\":\"https:\\\/\\\/www.masystemutbildning.se\\\/sv-se\\\/wp-content\\\/uploads\\\/2024\\\/05\\\/Pyntbild_08.png\",\"width\":1080,\"height\":1080},{\"@type\":\"BreadcrumbList\",\"@id\":\"https:\\\/\\\/www.masystemutbildning.se\\\/sv-se\\\/kundservice-support\\\/kursinformation\\\/#breadcrumb\",\"itemListElement\":[{\"@type\":\"ListItem\",\"position\":1,\"name\":\"Home\",\"item\":\"https:\\\/\\\/www.masystemutbildning.se\\\/sv-se\\\/\"},{\"@type\":\"ListItem\",\"position\":2,\"name\":\"Kundservice &amp; support\",\"item\":\"https:\\\/\\\/www.masystemutbildning.se\\\/sv-se\\\/kundservice-support\\\/\"},{\"@type\":\"ListItem\",\"position\":3,\"name\":\"Kursinformation\"}]},{\"@type\":\"WebSite\",\"@id\":\"https:\\\/\\\/www.masystemutbildning.se\\\/sv-se\\\/#website\",\"url\":\"https:\\\/\\\/www.masystemutbildning.se\\\/sv-se\\\/\",\"name\":\"MA-system Utbildning AB\",\"description\":\"\",\"publisher\":{\"@id\":\"https:\\\/\\\/www.masystemutbildning.se\\\/sv-se\\\/#organization\"},\"potentialAction\":[{\"@type\":\"SearchAction\",\"target\":{\"@type\":\"EntryPoint\",\"urlTemplate\":\"https:\\\/\\\/www.masystemutbildning.se\\\/sv-se\\\/?s={search_term_string}\"},\"query-input\":{\"@type\":\"PropertyValueSpecification\",\"valueRequired\":true,\"valueName\":\"search_term_string\"}}],\"inLanguage\":\"sv-SE\"},{\"@type\":\"Organization\",\"@id\":\"https:\\\/\\\/www.masystemutbildning.se\\\/sv-se\\\/#organization\",\"name\":\"MA-system Utbildning AB\",\"url\":\"https:\\\/\\\/www.masystemutbildning.se\\\/sv-se\\\/\",\"logo\":{\"@type\":\"ImageObject\",\"inLanguage\":\"sv-SE\",\"@id\":\"https:\\\/\\\/www.masystemutbildning.se\\\/sv-se\\\/#\\\/schema\\\/logo\\\/image\\\/\",\"url\":\"https:\\\/\\\/www.masystemutbildning.se\\\/sv-se\\\/wp-content\\\/uploads\\\/2026\\\/01\\\/MAsystem_50.webp\",\"contentUrl\":\"https:\\\/\\\/www.masystemutbildning.se\\\/sv-se\\\/wp-content\\\/uploads\\\/2026\\\/01\\\/MAsystem_50.webp\",\"width\":1080,\"height\":829,\"caption\":\"MA-system Utbildning AB\"},\"image\":{\"@id\":\"https:\\\/\\\/www.masystemutbildning.se\\\/sv-se\\\/#\\\/schema\\\/logo\\\/image\\\/\"},\"sameAs\":[\"https:\\\/\\\/www.facebook.com\\\/masystemutbildning\",\"https:\\\/\\\/x.com\\\/mautbildning\",\"https:\\\/\\\/www.instagram.com\\\/masystemutbildning\\\/\",\"https:\\\/\\\/www.linkedin.com\\\/company\\\/ma-system-utbildning-ab\\\/\"]}]}<\/script>\n<!-- \/ Yoast SEO Premium plugin. -->","yoast_head_json":{"title":"Kursinformation - MA-system Utbildning AB","description":"V\u00e4lkommen p\u00e5 utbildning hos oss! H\u00e4r hittar du praktisk kursinformation som \u00e4r bra att veta n\u00e4r du ska g\u00e5 en instrukt\u00f6rsutbildning hos oss.","robots":{"index":"index","follow":"follow","max-snippet":"max-snippet:-1","max-image-preview":"max-image-preview:large","max-video-preview":"max-video-preview:-1"},"canonical":"https:\/\/www.masystemutbildning.se\/sv-se\/kundservice-support\/kursinformation\/","og_locale":"sv_SE","og_type":"article","og_title":"Kursinformation","og_description":"V\u00e4lkommen p\u00e5 utbildning hos oss! H\u00e4r hittar du praktisk kursinformation som \u00e4r bra att veta n\u00e4r du ska g\u00e5 en instrukt\u00f6rsutbildning hos oss.","og_url":"https:\/\/www.masystemutbildning.se\/sv-se\/kundservice-support\/kursinformation\/","og_site_name":"MA-system Utbildning AB","article_publisher":"https:\/\/www.facebook.com\/masystemutbildning","article_modified_time":"2026-02-05T13:39:14+00:00","og_image":[{"width":1080,"height":1080,"url":"https:\/\/www.masystemutbildning.se\/sv-se\/wp-content\/uploads\/2024\/05\/Pyntbild_08.png","type":"image\/png"}],"twitter_card":"summary_large_image","twitter_site":"@mautbildning","twitter_misc":{"Est. reading time":"2 minuter"},"schema":{"@context":"https:\/\/schema.org","@graph":[{"@type":"WebPage","@id":"https:\/\/www.masystemutbildning.se\/sv-se\/kundservice-support\/kursinformation\/","url":"https:\/\/www.masystemutbildning.se\/sv-se\/kundservice-support\/kursinformation\/","name":"Kursinformation - MA-system Utbildning AB","isPartOf":{"@id":"https:\/\/www.masystemutbildning.se\/sv-se\/#website"},"primaryImageOfPage":{"@id":"https:\/\/www.masystemutbildning.se\/sv-se\/kundservice-support\/kursinformation\/#primaryimage"},"image":{"@id":"https:\/\/www.masystemutbildning.se\/sv-se\/kundservice-support\/kursinformation\/#primaryimage"},"thumbnailUrl":"https:\/\/www.masystemutbildning.se\/sv-se\/wp-content\/uploads\/2024\/05\/Pyntbild_08.png","datePublished":"2023-11-24T09:49:25+00:00","dateModified":"2026-02-05T13:39:14+00:00","description":"V\u00e4lkommen p\u00e5 utbildning hos oss! H\u00e4r hittar du praktisk kursinformation som \u00e4r bra att veta n\u00e4r du ska g\u00e5 en instrukt\u00f6rsutbildning hos oss.","breadcrumb":{"@id":"https:\/\/www.masystemutbildning.se\/sv-se\/kundservice-support\/kursinformation\/#breadcrumb"},"inLanguage":"sv-SE","potentialAction":[{"@type":"ReadAction","target":["https:\/\/www.masystemutbildning.se\/sv-se\/kundservice-support\/kursinformation\/"]}]},{"@type":"ImageObject","inLanguage":"sv-SE","@id":"https:\/\/www.masystemutbildning.se\/sv-se\/kundservice-support\/kursinformation\/#primaryimage","url":"https:\/\/www.masystemutbildning.se\/sv-se\/wp-content\/uploads\/2024\/05\/Pyntbild_08.png","contentUrl":"https:\/\/www.masystemutbildning.se\/sv-se\/wp-content\/uploads\/2024\/05\/Pyntbild_08.png","width":1080,"height":1080},{"@type":"BreadcrumbList","@id":"https:\/\/www.masystemutbildning.se\/sv-se\/kundservice-support\/kursinformation\/#breadcrumb","itemListElement":[{"@type":"ListItem","position":1,"name":"Home","item":"https:\/\/www.masystemutbildning.se\/sv-se\/"},{"@type":"ListItem","position":2,"name":"Kundservice &amp; support","item":"https:\/\/www.masystemutbildning.se\/sv-se\/kundservice-support\/"},{"@type":"ListItem","position":3,"name":"Kursinformation"}]},{"@type":"WebSite","@id":"https:\/\/www.masystemutbildning.se\/sv-se\/#website","url":"https:\/\/www.masystemutbildning.se\/sv-se\/","name":"MA-system Utbildning AB","description":"","publisher":{"@id":"https:\/\/www.masystemutbildning.se\/sv-se\/#organization"},"potentialAction":[{"@type":"SearchAction","target":{"@type":"EntryPoint","urlTemplate":"https:\/\/www.masystemutbildning.se\/sv-se\/?s={search_term_string}"},"query-input":{"@type":"PropertyValueSpecification","valueRequired":true,"valueName":"search_term_string"}}],"inLanguage":"sv-SE"},{"@type":"Organization","@id":"https:\/\/www.masystemutbildning.se\/sv-se\/#organization","name":"MA-system Utbildning AB","url":"https:\/\/www.masystemutbildning.se\/sv-se\/","logo":{"@type":"ImageObject","inLanguage":"sv-SE","@id":"https:\/\/www.masystemutbildning.se\/sv-se\/#\/schema\/logo\/image\/","url":"https:\/\/www.masystemutbildning.se\/sv-se\/wp-content\/uploads\/2026\/01\/MAsystem_50.webp","contentUrl":"https:\/\/www.masystemutbildning.se\/sv-se\/wp-content\/uploads\/2026\/01\/MAsystem_50.webp","width":1080,"height":829,"caption":"MA-system Utbildning AB"},"image":{"@id":"https:\/\/www.masystemutbildning.se\/sv-se\/#\/schema\/logo\/image\/"},"sameAs":["https:\/\/www.facebook.com\/masystemutbildning","https:\/\/x.com\/mautbildning","https:\/\/www.instagram.com\/masystemutbildning\/","https:\/\/www.linkedin.com\/company\/ma-system-utbildning-ab\/"]}]}},"_links":{"self":[{"href":"https:\/\/www.masystemutbildning.se\/sv-se\/wp-json\/wp\/v2\/pages\/2166","targetHints":{"allow":["GET"]}}],"collection":[{"href":"https:\/\/www.masystemutbildning.se\/sv-se\/wp-json\/wp\/v2\/pages"}],"about":[{"href":"https:\/\/www.masystemutbildning.se\/sv-se\/wp-json\/wp\/v2\/types\/page"}],"author":[{"embeddable":true,"href":"https:\/\/www.masystemutbildning.se\/sv-se\/wp-json\/wp\/v2\/users\/2"}],"replies":[{"embeddable":true,"href":"https:\/\/www.masystemutbildning.se\/sv-se\/wp-json\/wp\/v2\/comments?post=2166"}],"version-history":[{"count":145,"href":"https:\/\/www.masystemutbildning.se\/sv-se\/wp-json\/wp\/v2\/pages\/2166\/revisions"}],"predecessor-version":[{"id":9666,"href":"https:\/\/www.masystemutbildning.se\/sv-se\/wp-json\/wp\/v2\/pages\/2166\/revisions\/9666"}],"up":[{"embeddable":true,"href":"https:\/\/www.masystemutbildning.se\/sv-se\/wp-json\/wp\/v2\/pages\/88"}],"wp:featuredmedia":[{"embeddable":true,"href":"https:\/\/www.masystemutbildning.se\/sv-se\/wp-json\/wp\/v2\/media\/5147"}],"wp:attachment":[{"href":"https:\/\/www.masystemutbildning.se\/sv-se\/wp-json\/wp\/v2\/media?parent=2166"}],"curies":[{"name":"wp","href":"https:\/\/api.w.org\/{rel}","templated":true}]}}