{"id":2139,"date":"2023-11-23T15:13:59","date_gmt":"2023-11-23T15:13:59","guid":{"rendered":"https:\/\/www.masystemutbildning.se\/sv-se\/?page_id=2139"},"modified":"2024-09-16T15:52:25","modified_gmt":"2024-09-16T13:52:25","slug":"vem-kan-bli-instruktor","status":"publish","type":"page","link":"https:\/\/www.masystemutbildning.se\/sv-se\/instruktorsutbildning\/vem-kan-bli-instruktor\/","title":{"rendered":"Vem kan bli instrukt\u00f6r?"},"content":{"rendered":"\t\t<div data-elementor-type=\"wp-page\" data-elementor-id=\"2139\" class=\"elementor elementor-2139\" data-elementor-post-type=\"page\">\n\t\t\t\t<div class=\"elementor-element elementor-element-3b0018e4 sharp-cut e-flex e-con-boxed e-con e-parent\" data-id=\"3b0018e4\" data-element_type=\"container\" data-settings=\"{&quot;background_background&quot;:&quot;classic&quot;}\">\n\t\t\t\t\t<div class=\"e-con-inner\">\n\t\t<div class=\"elementor-element elementor-element-6a84f2b3 e-flex e-con-boxed e-con e-child\" data-id=\"6a84f2b3\" data-element_type=\"container\">\n\t\t\t\t\t<div class=\"e-con-inner\">\n\t\t\t\t<div class=\"elementor-element elementor-element-505a167f elementor-widget elementor-widget-heading\" data-id=\"505a167f\" data-element_type=\"widget\" data-widget_type=\"heading.default\">\n\t\t\t\t<div class=\"elementor-widget-container\">\n\t\t\t\t\t<h1 class=\"elementor-heading-title elementor-size-default\">Vem kan bli instrukt\u00f6r?<\/h1>\t\t\t\t<\/div>\n\t\t\t\t<\/div>\n\t\t\t\t\t<\/div>\n\t\t\t\t<\/div>\n\t\t\t\t\t<\/div>\n\t\t\t\t<\/div>\n\t\t<div class=\"elementor-element elementor-element-276c13ba e-flex e-con-boxed e-con e-parent\" data-id=\"276c13ba\" data-element_type=\"container\">\n\t\t\t\t\t<div class=\"e-con-inner\">\n\t\t<div class=\"elementor-element elementor-element-504127e1 e-con-full e-flex e-con e-child\" data-id=\"504127e1\" data-element_type=\"container\">\n\t\t\t\t<div class=\"elementor-element elementor-element-2c7b7739 elementor-widget elementor-widget-text-editor\" data-id=\"2c7b7739\" data-element_type=\"widget\" data-widget_type=\"text-editor.default\">\n\t\t\t\t<div class=\"elementor-widget-container\">\n\t\t\t\t\t\t\t\t\t<p>Vi brukar s\u00e4ga att f\u00f6r att lyckas som instrukt\u00f6r ska man brinna f\u00f6r sitt \u00e4mne och dessutom ha gedigna kunskaper som grund. Men rent formellt kan vem som helst bli instrukt\u00f6r.<\/p>\t\t\t\t\t\t\t\t<\/div>\n\t\t\t\t<\/div>\n\t\t\t\t<div class=\"elementor-element elementor-element-603e59e8 elementor-widget elementor-widget-text-editor\" data-id=\"603e59e8\" data-element_type=\"widget\" data-widget_type=\"text-editor.default\">\n\t\t\t\t<div class=\"elementor-widget-container\">\n\t\t\t\t\t\t\t\t\t<p>Det finns allts\u00e5 inga formella lagkrav p\u00e5 f\u00f6rkunskaper eller grundl\u00e4ggande instrukt\u00f6rsutbildning f\u00f6r att f\u00e5 genomf\u00f6ra truck-, kran-, lift-, fallskydds- eller ansvarsutbildningar. Inte heller finns det n\u00e5gon generell myndighetscertifiering av instrukt\u00f6rer.<\/p><h3>Vad s\u00e4ger lagen?<\/h3><p>Lagen st\u00e4ller tydliga krav p\u00e5 arbetsgivaren som ska f\u00f6rvissa sig om att arbetstagaren har den utbildning som beh\u00f6vs och vet vad han har att iaktta f\u00f6r att undg\u00e5 riskerna i arbetet. Det inneb\u00e4r att arbetstagaren m\u00e5ste ha en utbildning p\u00e5 de maskiner som denne ska anv\u00e4nda.<\/p><p>Det betyder i sin tur att den som utbildar arbetstagaren m\u00e5ste vara tillr\u00e4ckligt kvalificerad f\u00f6r att ge utbildning p\u00e5 r\u00e4tt niv\u00e5.<\/p><p><em>OBS: \u00e4ven om lagkrav p\u00e5 instrukt\u00f6rsutbildningar saknas, kan speciella \u00f6verenskommelser g\u00e4lla inom vissa avtalsomr\u00e5den. Kontrollera vad som g\u00e4ller f\u00f6r just er.<\/em><\/p><h3>Vem \u00e4r\u00a0<em>l\u00e4mplig<\/em>\u00a0som instrukt\u00f6r \u2013 och vilka f\u00f6rkunskaper kr\u00e4vs?<\/h3><p>Vi ser det som n\u00f6dv\u00e4ndigt att personen redan tidigare har god k\u00e4nnedom om \u00e4mnet man ska utbilda inom. En blivande truckinstrukt\u00f6r, f\u00f6r att ta ett exempel, b\u00f6r sj\u00e4lv b\u00e5de ha genomg\u00e5tt truckutbildning och klara av att hantera truckar f\u00f6red\u00f6mligt och s\u00e4kert.<\/p><p>Vi rekommenderar ocks\u00e5 starkt att man har erfarenhet fr\u00e5n den milj\u00f6 d\u00e4r truckarna anv\u00e4nds.<\/p><p>V\u00e4rt att notera: p\u00e5 v\u00e5ra instrukt\u00f6rsutbildningar l\u00e4r man sig inte att anv\u00e4nda maskinerna \u2013 det f\u00f6ruts\u00e4tts man redan kunna \u2013 utan man l\u00e4r sig hur man utbildar andra att anv\u00e4nda dem. N\u00e4r det g\u00e4ller Lift och Fallskydd ing\u00e5r dock operat\u00f6rsintyg i instrukt\u00f6rsutbildningen, dvs inga direkta f\u00f6rkunskaper kr\u00e4vs.<\/p><p>Goda ledaregenskaper \u00e4r ett stort plus. Det betyder inte att man m\u00e5ste vara en chef p\u00e5 arbetsst\u00e4llet. Man kan lika g\u00e4rna vara t ex idrottsledare eller engagerad i n\u00e5gon annan f\u00f6reningsverksamhet. Huvudsaken \u00e4r att man har viss vana av att leda och ta ansvar f\u00f6r en grupp.<\/p><p>Men det kanske viktigaste \u00e4r att den som ska bli instrukt\u00f6r tycker att det \u00e4r roligt att ta p\u00e5 sig l\u00e4rarrollen. Annars kommer man aldrig fullt ut att lyckas med uppgiften.<\/p><h3>L\u00f6nsam investering<\/h3><p>Lever man upp till den h\u00e4r kravprofilen, kommer v\u00e5ra instrukt\u00f6rsutbildningar att vara en mycket l\u00f6nsam investering. Instrukt\u00f6ren f\u00e5r all den uppbackning som beh\u00f6vs och kan sedan i sin tur leverera effektiva utbildningar med fokus p\u00e5 s\u00e4kerhet, rationell hantering och ekonomi.<\/p><p>Dessutom f\u00e5r f\u00f6retaget en egen expert inom utbildningsomr\u00e5det. Det \u00e4r en tillg\u00e5ng i andra sammanhang, t ex vid systematiskt arbetsmilj\u00f6arbete.<\/p><h3>Branschgemensam standard<\/h3><p>F\u00f6r att kunna h\u00e5lla en h\u00f6g och j\u00e4mf\u00f6rbar niv\u00e5, \u00e4r branschens stora akt\u00f6rer, MA-system, Toyota, TYA (och tidigare UniCarriers\/Atlet), transparenta avseende instrukt\u00f6rsutbildningarnas inneh\u00e5ll och godk\u00e4nner varandras utbildningar.<\/p>\t\t\t\t\t\t\t\t<\/div>\n\t\t\t\t<\/div>\n\t\t\t\t<\/div>\n\t\t<div class=\"elementor-element elementor-element-6b697a1 e-con-full e-flex e-con e-child\" data-id=\"6b697a1\" data-element_type=\"container\">\n\t\t<div class=\"elementor-element elementor-element-21633084 sharp-cut e-flex e-con-boxed e-con e-child\" data-id=\"21633084\" data-element_type=\"container\" data-settings=\"{&quot;background_background&quot;:&quot;classic&quot;}\">\n\t\t\t\t\t<div class=\"e-con-inner\">\n\t\t\t\t<div class=\"elementor-element elementor-element-2444b7c5 elementor-widget elementor-widget-heading\" data-id=\"2444b7c5\" data-element_type=\"widget\" data-widget_type=\"heading.default\">\n\t\t\t\t<div class=\"elementor-widget-container\">\n\t\t\t\t\t<h2 class=\"elementor-heading-title elementor-size-default\">Uppl\u00e4gg instrukt\u00f6rs-utbildning<\/h2>\t\t\t\t<\/div>\n\t\t\t\t<\/div>\n\t\t\t\t<div class=\"elementor-element elementor-element-3a411221 elementor-widget elementor-widget-text-editor\" data-id=\"3a411221\" data-element_type=\"widget\" data-widget_type=\"text-editor.default\">\n\t\t\t\t<div class=\"elementor-widget-container\">\n\t\t\t\t\t\t\t\t\t<p>Teori kombinerad med praktik. Instrukt\u00f6rsmaterial ing\u00e5r i avgiften. Tempot \u00e4r intensivt och st\u00e4ller stora krav p\u00e5 deltagarnas engagemang.<\/p><h4>Kursinneh\u00e5ll<\/h4><ul><li>Lagar och best\u00e4mmelser.<\/li><li>Hur man utbildar vuxna.<\/li><li>Hur man uppn\u00e5r f\u00f6r\u00e4ndringar i beteenden.<\/li><li>Hur man anv\u00e4nder utbildningsmaterialet.<\/li><li>Hur man l\u00e4gger upp k\u00f6r\u00f6vningar och andra praktiska moment.<\/li><\/ul><h4>L\u00e4ngd<\/h4><p>Se respektive instrukt\u00f6rsutbildning.<\/p>\t\t\t\t\t\t\t\t<\/div>\n\t\t\t\t<\/div>\n\t\t\t\t\t<\/div>\n\t\t\t\t<\/div>\n\t\t\t\t<\/div>\n\t\t\t\t\t<\/div>\n\t\t\t\t<\/div>\n\t\t<div class=\"elementor-element elementor-element-6d24bcae e-grid e-con-boxed e-con e-parent\" data-id=\"6d24bcae\" data-element_type=\"container\">\n\t\t\t\t\t<div class=\"e-con-inner\">\n\t\t<div class=\"elementor-element elementor-element-163c1d26 e-flex e-con-boxed e-con e-child\" data-id=\"163c1d26\" data-element_type=\"container\" data-settings=\"{&quot;background_background&quot;:&quot;classic&quot;}\">\n\t\t\t\t\t<div class=\"e-con-inner\">\n\t\t\t\t<div class=\"elementor-element elementor-element-618b32d4 elementor-widget elementor-widget-heading\" data-id=\"618b32d4\" data-element_type=\"widget\" data-widget_type=\"heading.default\">\n\t\t\t\t<div class=\"elementor-widget-container\">\n\t\t\t\t\t<h2 class=\"elementor-heading-title elementor-size-default\">MODERNA INSTRUKT\u00d6RS&shy;UTBILDNINGAR.<\/h2>\t\t\t\t<\/div>\n\t\t\t\t<\/div>\n\t\t\t\t<div class=\"elementor-element elementor-element-4604cf4d elementor-widget elementor-widget-text-editor\" data-id=\"4604cf4d\" data-element_type=\"widget\" data-widget_type=\"text-editor.default\">\n\t\t\t\t<div class=\"elementor-widget-container\">\n\t\t\t\t\t\t\t\t\t<p>Vi utbildar den som vill bli instrukt\u00f6r inom truck, lift, kran, fallskydd och ansvarsfr\u00e5gor. Det passar utm\u00e4rkt f\u00f6r dig som vill utbilda internt p\u00e5 f\u00f6retaget eller dig som utbildar \u00e4ven utanf\u00f6r din egen organisation.<\/p>\t\t\t\t\t\t\t\t<\/div>\n\t\t\t\t<\/div>\n\t\t<div class=\"elementor-element elementor-element-1be1af2f e-flex e-con-boxed e-con e-child\" data-id=\"1be1af2f\" data-element_type=\"container\">\n\t\t\t\t\t<div class=\"e-con-inner\">\n\t\t\t\t<div class=\"elementor-element elementor-element-14749b9c sharp-cut-button elementor-widget elementor-widget-button\" data-id=\"14749b9c\" data-element_type=\"widget\" data-widget_type=\"button.default\">\n\t\t\t\t<div class=\"elementor-widget-container\">\n\t\t\t\t\t\t\t\t\t<div class=\"elementor-button-wrapper\">\n\t\t\t\t\t<a class=\"elementor-button elementor-button-link elementor-size-sm\" href=\"https:\/\/www.masystemutbildning.se\/sv-se\/instruktorsutbildning\/vara-utbildningar\/\">\n\t\t\t\t\t\t<span class=\"elementor-button-content-wrapper\">\n\t\t\t\t\t\t<span class=\"elementor-button-icon\">\n\t\t\t\t<i aria-hidden=\"true\" class=\"icon icon-arrow-right\"><\/i>\t\t\t<\/span>\n\t\t\t\t\t\t\t\t\t<span class=\"elementor-button-text\">V\u00e5ra utbildningar<\/span>\n\t\t\t\t\t<\/span>\n\t\t\t\t\t<\/a>\n\t\t\t\t<\/div>\n\t\t\t\t\t\t\t\t<\/div>\n\t\t\t\t<\/div>\n\t\t\t\t\t<\/div>\n\t\t\t\t<\/div>\n\t\t\t\t\t<\/div>\n\t\t\t\t<\/div>\n\t\t<div class=\"elementor-element elementor-element-5040436d e-flex e-con-boxed e-con e-child\" data-id=\"5040436d\" data-element_type=\"container\" data-settings=\"{&quot;background_background&quot;:&quot;classic&quot;}\">\n\t\t\t\t\t<div class=\"e-con-inner\">\n\t\t\t\t\t<\/div>\n\t\t\t\t<\/div>\n\t\t\t\t\t<\/div>\n\t\t\t\t<\/div>\n\t\t\t\t<\/div>\n\t\t","protected":false},"excerpt":{"rendered":"<p>Vem kan bli instrukt\u00f6r? Vi brukar s\u00e4ga att f\u00f6r att lyckas som instrukt\u00f6r ska man brinna f\u00f6r sitt \u00e4mne och dessutom ha gedigna kunskaper som grund. Men rent formellt kan vem som helst bli instrukt\u00f6r. Det finns allts\u00e5 inga formella lagkrav p\u00e5 f\u00f6rkunskaper eller grundl\u00e4ggande instrukt\u00f6rsutbildning f\u00f6r att f\u00e5 genomf\u00f6ra truck-, kran-, lift-, fallskydds- eller [&hellip;]<\/p>\n","protected":false},"author":2,"featured_media":5153,"parent":80,"menu_order":0,"comment_status":"closed","ping_status":"closed","template":"","meta":{"_acf_changed":false,"footnotes":""},"class_list":["post-2139","page","type-page","status-publish","has-post-thumbnail","hentry"],"acf":[],"yoast_head":"<!-- This site is optimized with the Yoast SEO Premium plugin v26.9 (Yoast SEO v26.9) - https:\/\/yoast.com\/product\/yoast-seo-premium-wordpress\/ -->\n<title>Vem kan bli instrukt\u00f6r? - MA-system Utbildning AB<\/title>\n<meta name=\"description\" content=\"Vi brukar s\u00e4ga att f\u00f6r att lyckas som instrukt\u00f6r ska man brinna f\u00f6r sitt \u00e4mne och dessutom ha gedigna kunskaper som grund.\" \/>\n<meta name=\"robots\" content=\"index, follow, max-snippet:-1, max-image-preview:large, max-video-preview:-1\" \/>\n<link rel=\"canonical\" href=\"https:\/\/www.masystemutbildning.se\/sv-se\/instruktorsutbildning\/vem-kan-bli-instruktor\/\" \/>\n<meta property=\"og:locale\" content=\"sv_SE\" \/>\n<meta property=\"og:type\" content=\"article\" \/>\n<meta property=\"og:title\" content=\"Vem kan bli instrukt\u00f6r?\" \/>\n<meta property=\"og:description\" content=\"Vi brukar s\u00e4ga att f\u00f6r att lyckas som instrukt\u00f6r ska man brinna f\u00f6r sitt \u00e4mne och dessutom ha gedigna kunskaper som grund.\" \/>\n<meta property=\"og:url\" content=\"https:\/\/www.masystemutbildning.se\/sv-se\/instruktorsutbildning\/vem-kan-bli-instruktor\/\" \/>\n<meta property=\"og:site_name\" content=\"MA-system Utbildning AB\" \/>\n<meta property=\"article:publisher\" content=\"https:\/\/www.facebook.com\/masystemutbildning\" \/>\n<meta property=\"article:modified_time\" content=\"2024-09-16T13:52:25+00:00\" \/>\n<meta property=\"og:image\" content=\"https:\/\/www.masystemutbildning.se\/sv-se\/wp-content\/uploads\/2024\/05\/Pyntbild_14.png\" \/>\n\t<meta property=\"og:image:width\" content=\"1080\" \/>\n\t<meta property=\"og:image:height\" content=\"1080\" \/>\n\t<meta property=\"og:image:type\" content=\"image\/png\" \/>\n<meta name=\"twitter:card\" content=\"summary_large_image\" \/>\n<meta name=\"twitter:site\" content=\"@mautbildning\" \/>\n<meta name=\"twitter:label1\" content=\"Est. reading time\" \/>\n\t<meta name=\"twitter:data1\" content=\"3 minuter\" \/>\n<script type=\"application\/ld+json\" class=\"yoast-schema-graph\">{\"@context\":\"https:\/\/schema.org\",\"@graph\":[{\"@type\":\"WebPage\",\"@id\":\"https:\/\/www.masystemutbildning.se\/sv-se\/instruktorsutbildning\/vem-kan-bli-instruktor\/\",\"url\":\"https:\/\/www.masystemutbildning.se\/sv-se\/instruktorsutbildning\/vem-kan-bli-instruktor\/\",\"name\":\"Vem kan bli instrukt\u00f6r? - MA-system Utbildning AB\",\"isPartOf\":{\"@id\":\"https:\/\/www.masystemutbildning.se\/sv-se\/#website\"},\"primaryImageOfPage\":{\"@id\":\"https:\/\/www.masystemutbildning.se\/sv-se\/instruktorsutbildning\/vem-kan-bli-instruktor\/#primaryimage\"},\"image\":{\"@id\":\"https:\/\/www.masystemutbildning.se\/sv-se\/instruktorsutbildning\/vem-kan-bli-instruktor\/#primaryimage\"},\"thumbnailUrl\":\"https:\/\/www.masystemutbildning.se\/sv-se\/wp-content\/uploads\/2024\/05\/Pyntbild_14.png\",\"datePublished\":\"2023-11-23T15:13:59+00:00\",\"dateModified\":\"2024-09-16T13:52:25+00:00\",\"description\":\"Vi brukar s\u00e4ga att f\u00f6r att lyckas som instrukt\u00f6r ska man brinna f\u00f6r sitt \u00e4mne och dessutom ha gedigna kunskaper som grund.\",\"breadcrumb\":{\"@id\":\"https:\/\/www.masystemutbildning.se\/sv-se\/instruktorsutbildning\/vem-kan-bli-instruktor\/#breadcrumb\"},\"inLanguage\":\"sv-SE\",\"potentialAction\":[{\"@type\":\"ReadAction\",\"target\":[\"https:\/\/www.masystemutbildning.se\/sv-se\/instruktorsutbildning\/vem-kan-bli-instruktor\/\"]}]},{\"@type\":\"ImageObject\",\"inLanguage\":\"sv-SE\",\"@id\":\"https:\/\/www.masystemutbildning.se\/sv-se\/instruktorsutbildning\/vem-kan-bli-instruktor\/#primaryimage\",\"url\":\"https:\/\/www.masystemutbildning.se\/sv-se\/wp-content\/uploads\/2024\/05\/Pyntbild_14.png\",\"contentUrl\":\"https:\/\/www.masystemutbildning.se\/sv-se\/wp-content\/uploads\/2024\/05\/Pyntbild_14.png\",\"width\":1080,\"height\":1080},{\"@type\":\"BreadcrumbList\",\"@id\":\"https:\/\/www.masystemutbildning.se\/sv-se\/instruktorsutbildning\/vem-kan-bli-instruktor\/#breadcrumb\",\"itemListElement\":[{\"@type\":\"ListItem\",\"position\":1,\"name\":\"Home\",\"item\":\"https:\/\/www.masystemutbildning.se\/sv-se\/\"},{\"@type\":\"ListItem\",\"position\":2,\"name\":\"Instrukt\u00f6rsutbildning\",\"item\":\"https:\/\/www.masystemutbildning.se\/sv-se\/instruktorsutbildning\/\"},{\"@type\":\"ListItem\",\"position\":3,\"name\":\"Vem kan bli instrukt\u00f6r?\"}]},{\"@type\":\"WebSite\",\"@id\":\"https:\/\/www.masystemutbildning.se\/sv-se\/#website\",\"url\":\"https:\/\/www.masystemutbildning.se\/sv-se\/\",\"name\":\"MA-system Utbildning AB\",\"description\":\"\",\"publisher\":{\"@id\":\"https:\/\/www.masystemutbildning.se\/sv-se\/#organization\"},\"potentialAction\":[{\"@type\":\"SearchAction\",\"target\":{\"@type\":\"EntryPoint\",\"urlTemplate\":\"https:\/\/www.masystemutbildning.se\/sv-se\/?s={search_term_string}\"},\"query-input\":{\"@type\":\"PropertyValueSpecification\",\"valueRequired\":true,\"valueName\":\"search_term_string\"}}],\"inLanguage\":\"sv-SE\"},{\"@type\":\"Organization\",\"@id\":\"https:\/\/www.masystemutbildning.se\/sv-se\/#organization\",\"name\":\"MA-system Utbildning AB\",\"url\":\"https:\/\/www.masystemutbildning.se\/sv-se\/\",\"logo\":{\"@type\":\"ImageObject\",\"inLanguage\":\"sv-SE\",\"@id\":\"https:\/\/www.masystemutbildning.se\/sv-se\/#\/schema\/logo\/image\/\",\"url\":\"https:\/\/www.masystemutbildning.se\/sv-se\/wp-content\/uploads\/2026\/01\/MAsystem_50.webp\",\"contentUrl\":\"https:\/\/www.masystemutbildning.se\/sv-se\/wp-content\/uploads\/2026\/01\/MAsystem_50.webp\",\"width\":1080,\"height\":829,\"caption\":\"MA-system Utbildning AB\"},\"image\":{\"@id\":\"https:\/\/www.masystemutbildning.se\/sv-se\/#\/schema\/logo\/image\/\"},\"sameAs\":[\"https:\/\/www.facebook.com\/masystemutbildning\",\"https:\/\/x.com\/mautbildning\",\"https:\/\/www.instagram.com\/masystemutbildning\/\",\"https:\/\/www.linkedin.com\/company\/ma-system-utbildning-ab\/\"]}]}<\/script>\n<!-- \/ Yoast SEO Premium plugin. -->","yoast_head_json":{"title":"Vem kan bli instrukt\u00f6r? - MA-system Utbildning AB","description":"Vi brukar s\u00e4ga att f\u00f6r att lyckas som instrukt\u00f6r ska man brinna f\u00f6r sitt \u00e4mne och dessutom ha gedigna kunskaper som grund.","robots":{"index":"index","follow":"follow","max-snippet":"max-snippet:-1","max-image-preview":"max-image-preview:large","max-video-preview":"max-video-preview:-1"},"canonical":"https:\/\/www.masystemutbildning.se\/sv-se\/instruktorsutbildning\/vem-kan-bli-instruktor\/","og_locale":"sv_SE","og_type":"article","og_title":"Vem kan bli instrukt\u00f6r?","og_description":"Vi brukar s\u00e4ga att f\u00f6r att lyckas som instrukt\u00f6r ska man brinna f\u00f6r sitt \u00e4mne och dessutom ha gedigna kunskaper som grund.","og_url":"https:\/\/www.masystemutbildning.se\/sv-se\/instruktorsutbildning\/vem-kan-bli-instruktor\/","og_site_name":"MA-system Utbildning AB","article_publisher":"https:\/\/www.facebook.com\/masystemutbildning","article_modified_time":"2024-09-16T13:52:25+00:00","og_image":[{"width":1080,"height":1080,"url":"https:\/\/www.masystemutbildning.se\/sv-se\/wp-content\/uploads\/2024\/05\/Pyntbild_14.png","type":"image\/png"}],"twitter_card":"summary_large_image","twitter_site":"@mautbildning","twitter_misc":{"Est. reading time":"3 minuter"},"schema":{"@context":"https:\/\/schema.org","@graph":[{"@type":"WebPage","@id":"https:\/\/www.masystemutbildning.se\/sv-se\/instruktorsutbildning\/vem-kan-bli-instruktor\/","url":"https:\/\/www.masystemutbildning.se\/sv-se\/instruktorsutbildning\/vem-kan-bli-instruktor\/","name":"Vem kan bli instrukt\u00f6r? - MA-system Utbildning AB","isPartOf":{"@id":"https:\/\/www.masystemutbildning.se\/sv-se\/#website"},"primaryImageOfPage":{"@id":"https:\/\/www.masystemutbildning.se\/sv-se\/instruktorsutbildning\/vem-kan-bli-instruktor\/#primaryimage"},"image":{"@id":"https:\/\/www.masystemutbildning.se\/sv-se\/instruktorsutbildning\/vem-kan-bli-instruktor\/#primaryimage"},"thumbnailUrl":"https:\/\/www.masystemutbildning.se\/sv-se\/wp-content\/uploads\/2024\/05\/Pyntbild_14.png","datePublished":"2023-11-23T15:13:59+00:00","dateModified":"2024-09-16T13:52:25+00:00","description":"Vi brukar s\u00e4ga att f\u00f6r att lyckas som instrukt\u00f6r ska man brinna f\u00f6r sitt \u00e4mne och dessutom ha gedigna kunskaper som grund.","breadcrumb":{"@id":"https:\/\/www.masystemutbildning.se\/sv-se\/instruktorsutbildning\/vem-kan-bli-instruktor\/#breadcrumb"},"inLanguage":"sv-SE","potentialAction":[{"@type":"ReadAction","target":["https:\/\/www.masystemutbildning.se\/sv-se\/instruktorsutbildning\/vem-kan-bli-instruktor\/"]}]},{"@type":"ImageObject","inLanguage":"sv-SE","@id":"https:\/\/www.masystemutbildning.se\/sv-se\/instruktorsutbildning\/vem-kan-bli-instruktor\/#primaryimage","url":"https:\/\/www.masystemutbildning.se\/sv-se\/wp-content\/uploads\/2024\/05\/Pyntbild_14.png","contentUrl":"https:\/\/www.masystemutbildning.se\/sv-se\/wp-content\/uploads\/2024\/05\/Pyntbild_14.png","width":1080,"height":1080},{"@type":"BreadcrumbList","@id":"https:\/\/www.masystemutbildning.se\/sv-se\/instruktorsutbildning\/vem-kan-bli-instruktor\/#breadcrumb","itemListElement":[{"@type":"ListItem","position":1,"name":"Home","item":"https:\/\/www.masystemutbildning.se\/sv-se\/"},{"@type":"ListItem","position":2,"name":"Instrukt\u00f6rsutbildning","item":"https:\/\/www.masystemutbildning.se\/sv-se\/instruktorsutbildning\/"},{"@type":"ListItem","position":3,"name":"Vem kan bli instrukt\u00f6r?"}]},{"@type":"WebSite","@id":"https:\/\/www.masystemutbildning.se\/sv-se\/#website","url":"https:\/\/www.masystemutbildning.se\/sv-se\/","name":"MA-system Utbildning AB","description":"","publisher":{"@id":"https:\/\/www.masystemutbildning.se\/sv-se\/#organization"},"potentialAction":[{"@type":"SearchAction","target":{"@type":"EntryPoint","urlTemplate":"https:\/\/www.masystemutbildning.se\/sv-se\/?s={search_term_string}"},"query-input":{"@type":"PropertyValueSpecification","valueRequired":true,"valueName":"search_term_string"}}],"inLanguage":"sv-SE"},{"@type":"Organization","@id":"https:\/\/www.masystemutbildning.se\/sv-se\/#organization","name":"MA-system Utbildning AB","url":"https:\/\/www.masystemutbildning.se\/sv-se\/","logo":{"@type":"ImageObject","inLanguage":"sv-SE","@id":"https:\/\/www.masystemutbildning.se\/sv-se\/#\/schema\/logo\/image\/","url":"https:\/\/www.masystemutbildning.se\/sv-se\/wp-content\/uploads\/2026\/01\/MAsystem_50.webp","contentUrl":"https:\/\/www.masystemutbildning.se\/sv-se\/wp-content\/uploads\/2026\/01\/MAsystem_50.webp","width":1080,"height":829,"caption":"MA-system Utbildning AB"},"image":{"@id":"https:\/\/www.masystemutbildning.se\/sv-se\/#\/schema\/logo\/image\/"},"sameAs":["https:\/\/www.facebook.com\/masystemutbildning","https:\/\/x.com\/mautbildning","https:\/\/www.instagram.com\/masystemutbildning\/","https:\/\/www.linkedin.com\/company\/ma-system-utbildning-ab\/"]}]}},"_links":{"self":[{"href":"https:\/\/www.masystemutbildning.se\/sv-se\/wp-json\/wp\/v2\/pages\/2139","targetHints":{"allow":["GET"]}}],"collection":[{"href":"https:\/\/www.masystemutbildning.se\/sv-se\/wp-json\/wp\/v2\/pages"}],"about":[{"href":"https:\/\/www.masystemutbildning.se\/sv-se\/wp-json\/wp\/v2\/types\/page"}],"author":[{"embeddable":true,"href":"https:\/\/www.masystemutbildning.se\/sv-se\/wp-json\/wp\/v2\/users\/2"}],"replies":[{"embeddable":true,"href":"https:\/\/www.masystemutbildning.se\/sv-se\/wp-json\/wp\/v2\/comments?post=2139"}],"version-history":[{"count":73,"href":"https:\/\/www.masystemutbildning.se\/sv-se\/wp-json\/wp\/v2\/pages\/2139\/revisions"}],"predecessor-version":[{"id":7702,"href":"https:\/\/www.masystemutbildning.se\/sv-se\/wp-json\/wp\/v2\/pages\/2139\/revisions\/7702"}],"up":[{"embeddable":true,"href":"https:\/\/www.masystemutbildning.se\/sv-se\/wp-json\/wp\/v2\/pages\/80"}],"wp:featuredmedia":[{"embeddable":true,"href":"https:\/\/www.masystemutbildning.se\/sv-se\/wp-json\/wp\/v2\/media\/5153"}],"wp:attachment":[{"href":"https:\/\/www.masystemutbildning.se\/sv-se\/wp-json\/wp\/v2\/media?parent=2139"}],"curies":[{"name":"wp","href":"https:\/\/api.w.org\/{rel}","templated":true}]}}