{"id":2137,"date":"2023-11-23T15:13:02","date_gmt":"2023-11-23T15:13:02","guid":{"rendered":"https:\/\/www.masystemutbildning.se\/sv-se\/?page_id=2137"},"modified":"2025-09-29T11:26:36","modified_gmt":"2025-09-29T09:26:36","slug":"ansvarsinstruktor","status":"publish","type":"page","link":"https:\/\/www.masystemutbildning.se\/sv-se\/instruktorsutbildning\/ansvarsinstruktor\/","title":{"rendered":"Ansvarsinstrukt\u00f6r"},"content":{"rendered":"\t\t<div data-elementor-type=\"wp-page\" data-elementor-id=\"2137\" class=\"elementor elementor-2137\" data-elementor-post-type=\"page\">\n\t\t\t\t<div class=\"elementor-element elementor-element-3b0018e4 sharp-cut e-flex e-con-boxed e-con e-parent\" data-id=\"3b0018e4\" data-element_type=\"container\" data-e-type=\"container\" data-settings=\"{&quot;background_background&quot;:&quot;classic&quot;}\">\n\t\t\t\t\t<div class=\"e-con-inner\">\n\t\t<div class=\"elementor-element elementor-element-6a84f2b3 e-flex e-con-boxed e-con e-child\" data-id=\"6a84f2b3\" data-element_type=\"container\" data-e-type=\"container\">\n\t\t\t\t\t<div class=\"e-con-inner\">\n\t\t\t\t<div class=\"elementor-element elementor-element-505a167f elementor-widget elementor-widget-heading\" data-id=\"505a167f\" data-element_type=\"widget\" data-e-type=\"widget\" data-widget_type=\"heading.default\">\n\t\t\t\t<div class=\"elementor-widget-container\">\n\t\t\t\t\t<h1 class=\"elementor-heading-title elementor-size-default\">Ansvars&shy;instrukt\u00f6r.<\/h1>\t\t\t\t<\/div>\n\t\t\t\t<\/div>\n\t\t\t\t\t<\/div>\n\t\t\t\t<\/div>\n\t\t\t\t\t<\/div>\n\t\t\t\t<\/div>\n\t\t<div class=\"elementor-element elementor-element-7e1e6675 e-flex e-con-boxed e-con e-parent\" data-id=\"7e1e6675\" data-element_type=\"container\" data-e-type=\"container\">\n\t\t\t\t\t<div class=\"e-con-inner\">\n\t\t<div class=\"elementor-element elementor-element-35a965c6 e-con-full e-flex e-con e-child\" data-id=\"35a965c6\" data-element_type=\"container\" data-e-type=\"container\">\n\t\t\t\t<div class=\"elementor-element elementor-element-58d3886d elementor-widget elementor-widget-text-editor\" data-id=\"58d3886d\" data-element_type=\"widget\" data-e-type=\"widget\" data-widget_type=\"text-editor.default\">\n\t\t\t\t<div class=\"elementor-widget-container\">\n\t\t\t\t\t\t\t\t\t<p>Vill du bli ansvarsinstrukt\u00f6r inom truck, lift, kran och fallskydd? Vi erbjuder en tv\u00e5dagars instrukt\u00f6rsutbildning som ger dig kunskap att sj\u00e4lv utbilda arbetsledare och f\u00f6rare internt p\u00e5 f\u00f6retaget inom ansvarsfr\u00e5gor.<\/p>\t\t\t\t\t\t\t\t<\/div>\n\t\t\t\t<\/div>\n\t\t\t\t<div class=\"elementor-element elementor-element-3089c59c elementor-widget elementor-widget-text-editor\" data-id=\"3089c59c\" data-element_type=\"widget\" data-e-type=\"widget\" data-widget_type=\"text-editor.default\">\n\t\t\t\t<div class=\"elementor-widget-container\">\n\t\t\t\t\t\t\t\t\t<p><strong>Vad \u00e4r en ansvarsinstrukt\u00f6r?<\/strong><br \/>Fokus ligger p\u00e5 ansvar, arbetsmilj\u00f6 och lagkrav. Som ansvarsinstrukt\u00f6r blir du f\u00f6retagets egen expert p\u00e5 s\u00e4kerhet g\u00e4llande materialhantering och kan f\u00f6rmedla b\u00e5de kunskap och rutiner som minskar riskerna p\u00e5 arbetsplatsen.<\/p><p><strong>Varf\u00f6r beh\u00f6vs en ansvarsinstrukt\u00f6r?<\/strong><br \/>Som arbetsledare \u00e4r det inte alltid enkelt att ha full koll p\u00e5 alla regler, f\u00f6reskrifter och ansvarsomr\u00e5den. Vid en olycka kan du \u00e4nd\u00e5 h\u00e5llas ansvarig, \u00e4ven om du inte sj\u00e4lv varit inblandad. Genom att utbilda en ansvarsinstrukt\u00f6r internt f\u00e5r f\u00f6retaget en resurs som:<\/p><ul><li>kan utbilda chefer, arbetsledare och f\u00f6rare i ansvarsfr\u00e5gor<\/li><li>ser till att lagstiftning och f\u00f6reskrifter f\u00f6ljs i vardagen<\/li><li>bidrar till en s\u00e4krare arbetsmilj\u00f6 och minskar risken f\u00f6r kostsamma olyckor<\/li><\/ul><p>Kursinneh\u00e5llet omfattar teoretisk och till\u00e4mpad ansvarskunskap, <a href=\"https:\/\/www.riksdagen.se\/sv\/dokument-och-lagar\/dokument\/svensk-forfattningssamling\/arbetsmiljolag-19771160_sfs-1977-1160\/\">Arbetsmilj\u00f6lagen (AML)<\/a> och aktuella <a href=\"https:\/\/www.av.se\/arbetsmiljoarbete-och-inspektioner\/publikationer\/foreskrifter\/\">AFS<\/a>:er, praktikfall samt konkreta \u00f6vningsuppgifter h\u00e4mtade fr\u00e5n verkligheten.<\/p><p>Att utbilda en instrukt\u00f6r som ska jobba internt ger f\u00f6retaget l\u00e5ngsiktig kontroll \u00f6ver kompetensen. Utbildningarna kan skr\u00e4ddarsys f\u00f6r att passa verksamhetens behov och arbetsrutiner, vilket ger b\u00e5de \u00f6kad s\u00e4kerhet, kostnadseffektivitet och frihet att sj\u00e4lva styra utbildningstillf\u00e4llen.<\/p><p>Ansvarsinstrukt\u00f6rsutbildningen passar dig som redan har erfarenhet av att leda kurser eller utbilda personal, men som vill f\u00f6rdjupa dina kunskaper inom ansvar, lagkrav och s\u00e4kerhetsfr\u00e5gor kring maskiner och lyftutrustning.<\/p><p>Vad kr\u00e4vs f\u00f6r att bli Ansvarsinstrukt\u00f6r? <a href=\"https:\/\/www.masystemutbildning.se\/sv-se\/instruktorsutbildning\/vem-kan-bli-instruktor\/\">L\u00e4s mer h\u00e4r<\/a><\/p>\t\t\t\t\t\t\t\t<\/div>\n\t\t\t\t<\/div>\n\t\t\t\t<\/div>\n\t\t<div class=\"elementor-element elementor-element-dab7027 e-con-full e-flex e-con e-child\" data-id=\"dab7027\" data-element_type=\"container\" data-e-type=\"container\">\n\t\t<div class=\"elementor-element elementor-element-482bea3 sharp-cut e-flex e-con-boxed e-con e-child\" data-id=\"482bea3\" data-element_type=\"container\" data-e-type=\"container\" data-settings=\"{&quot;background_background&quot;:&quot;classic&quot;}\">\n\t\t\t\t\t<div class=\"e-con-inner\">\n\t\t\t\t<div class=\"elementor-element elementor-element-8396029 elementor-widget elementor-widget-heading\" data-id=\"8396029\" data-element_type=\"widget\" data-e-type=\"widget\" data-widget_type=\"heading.default\">\n\t\t\t\t<div class=\"elementor-widget-container\">\n\t\t\t\t\t<h2 class=\"elementor-heading-title elementor-size-default\">Uppl\u00e4gg<\/h2>\t\t\t\t<\/div>\n\t\t\t\t<\/div>\n\t\t\t\t<div class=\"elementor-element elementor-element-414674d6 elementor-widget elementor-widget-text-editor\" data-id=\"414674d6\" data-element_type=\"widget\" data-e-type=\"widget\" data-widget_type=\"text-editor.default\">\n\t\t\t\t<div class=\"elementor-widget-container\">\n\t\t\t\t\t\t\t\t\t<p>Teoretisk utbildning\u00a0<\/p><h6>Kursinneh\u00e5ll<\/h6><ul><li>Teoretisk och till\u00e4mpad ansvarskunskap<\/li><li>AML och aktuella AFS:er<\/li><li>Praktikfall<\/li><li>Konkreta \u00f6vningsuppgifter fr\u00e5n verkligheten<\/li><\/ul><h6>L\u00e4ngd<\/h6><p>2 dagar<\/p><h6>Plats<\/h6><p>Lund<\/p><h6>Pris<\/h6><p>18 000 SEK\/deltagare<\/p>\t\t\t\t\t\t\t\t<\/div>\n\t\t\t\t<\/div>\n\t\t\t\t\t<\/div>\n\t\t\t\t<\/div>\n\t\t\t\t<\/div>\n\t\t\t\t\t<\/div>\n\t\t\t\t<\/div>\n\t\t<div class=\"elementor-element elementor-element-6d24bcae e-grid e-con-boxed e-con e-parent\" data-id=\"6d24bcae\" data-element_type=\"container\" data-e-type=\"container\">\n\t\t\t\t\t<div class=\"e-con-inner\">\n\t\t<div class=\"elementor-element elementor-element-163c1d26 e-flex e-con-boxed e-con e-child\" data-id=\"163c1d26\" data-element_type=\"container\" data-e-type=\"container\" data-settings=\"{&quot;background_background&quot;:&quot;classic&quot;}\">\n\t\t\t\t\t<div class=\"e-con-inner\">\n\t\t\t\t<div class=\"elementor-element elementor-element-618b32d4 elementor-widget elementor-widget-heading\" data-id=\"618b32d4\" data-element_type=\"widget\" data-e-type=\"widget\" data-widget_type=\"heading.default\">\n\t\t\t\t<div class=\"elementor-widget-container\">\n\t\t\t\t\t<h2 class=\"elementor-heading-title elementor-size-default\">Komplett kurs&shy;material f\u00f6r f\u00f6rare och instrukt\u00f6rer.<\/h2>\t\t\t\t<\/div>\n\t\t\t\t<\/div>\n\t\t\t\t<div class=\"elementor-element elementor-element-4604cf4d elementor-widget elementor-widget-text-editor\" data-id=\"4604cf4d\" data-element_type=\"widget\" data-e-type=\"widget\" data-widget_type=\"text-editor.default\">\n\t\t\t\t<div class=\"elementor-widget-container\">\n\t\t\t\t\t\t\t\t\t<p>Alla v\u00e5ra utbildningsmaterial ska ha ett och samma m\u00e5l: att p\u00e5 enklaste s\u00e4tt f\u00f6rmedla r\u00e4tt kunskap p\u00e5 ett s\u00e5 levande s\u00e4tt att eleven l\u00e4tt kan anv\u00e4nda sina nyvunna f\u00e4rdigheter i vardagen.<\/p>\t\t\t\t\t\t\t\t<\/div>\n\t\t\t\t<\/div>\n\t\t<div class=\"elementor-element elementor-element-1be1af2f e-flex e-con-boxed e-con e-child\" data-id=\"1be1af2f\" data-element_type=\"container\" data-e-type=\"container\">\n\t\t\t\t\t<div class=\"e-con-inner\">\n\t\t\t\t<div class=\"elementor-element elementor-element-14749b9c sharp-cut-button elementor-widget elementor-widget-button\" data-id=\"14749b9c\" data-element_type=\"widget\" data-e-type=\"widget\" data-widget_type=\"button.default\">\n\t\t\t\t<div class=\"elementor-widget-container\">\n\t\t\t\t\t\t\t\t\t<div class=\"elementor-button-wrapper\">\n\t\t\t\t\t<a class=\"elementor-button elementor-button-link elementor-size-sm\" href=\"https:\/\/www.masystemutbildning.se\/sv-se\/e-larande-kursbocker\/kursmaterial\/\">\n\t\t\t\t\t\t<span class=\"elementor-button-content-wrapper\">\n\t\t\t\t\t\t<span class=\"elementor-button-icon\">\n\t\t\t\t<i aria-hidden=\"true\" class=\"icon icon-arrow-right\"><\/i>\t\t\t<\/span>\n\t\t\t\t\t\t\t\t\t<span class=\"elementor-button-text\">L\u00c4S MER<\/span>\n\t\t\t\t\t<\/span>\n\t\t\t\t\t<\/a>\n\t\t\t\t<\/div>\n\t\t\t\t\t\t\t\t<\/div>\n\t\t\t\t<\/div>\n\t\t\t\t\t<\/div>\n\t\t\t\t<\/div>\n\t\t\t\t\t<\/div>\n\t\t\t\t<\/div>\n\t\t<div class=\"elementor-element elementor-element-5040436d e-flex e-con-boxed e-con e-child\" data-id=\"5040436d\" data-element_type=\"container\" data-e-type=\"container\" data-settings=\"{&quot;background_background&quot;:&quot;classic&quot;}\">\n\t\t\t\t\t<div class=\"e-con-inner\">\n\t\t\t\t\t<\/div>\n\t\t\t\t<\/div>\n\t\t\t\t\t<\/div>\n\t\t\t\t<\/div>\n\t\t<div class=\"elementor-element elementor-element-2cbb5622 e-flex e-con-boxed e-con e-parent\" data-id=\"2cbb5622\" data-element_type=\"container\" data-e-type=\"container\">\n\t\t\t\t\t<div class=\"e-con-inner\">\n\t\t\t\t<div class=\"elementor-element elementor-element-b7a295d elementor-widget__width-initial elementor-widget elementor-widget-eael-typeform\" data-id=\"b7a295d\" data-element_type=\"widget\" data-e-type=\"widget\" data-widget_type=\"eael-typeform.default\">\n\t\t\t\t<div class=\"elementor-widget-container\">\n\t\t\t\t\t<div data-typeform=\"{&quot;url&quot;:&quot;https:\\\/\\\/masystem.typeform.com\\\/to\\\/ajoeji2n&quot;,&quot;hideFooter&quot;:false,&quot;hideHeaders&quot;:false,&quot;opacity&quot;:&quot;&quot;}\" id=\"eael-type-form-b7a295d\" class=\"eael-typeform clearfix fs_wp_sidebar fsBody eael-contact-form eael-typeform-align-default\"><\/div>\t\t\t\t<\/div>\n\t\t\t\t<\/div>\n\t\t\t\t\t<\/div>\n\t\t\t\t<\/div>\n\t\t\t\t<\/div>\n\t\t","protected":false},"excerpt":{"rendered":"<p>Ansvars&shy;instrukt\u00f6r. Vill du bli ansvarsinstrukt\u00f6r inom truck, lift, kran och fallskydd? Vi erbjuder en tv\u00e5dagars instrukt\u00f6rsutbildning som ger dig kunskap att sj\u00e4lv utbilda arbetsledare och f\u00f6rare internt p\u00e5 f\u00f6retaget inom ansvarsfr\u00e5gor. Vad \u00e4r en ansvarsinstrukt\u00f6r?Fokus ligger p\u00e5 ansvar, arbetsmilj\u00f6 och lagkrav. Som ansvarsinstrukt\u00f6r blir du f\u00f6retagets egen expert p\u00e5 s\u00e4kerhet g\u00e4llande materialhantering och kan f\u00f6rmedla [&hellip;]<\/p>\n","protected":false},"author":2,"featured_media":5146,"parent":80,"menu_order":0,"comment_status":"closed","ping_status":"closed","template":"","meta":{"_acf_changed":false,"footnotes":""},"class_list":["post-2137","page","type-page","status-publish","has-post-thumbnail","hentry"],"acf":[],"yoast_head":"<!-- This site is optimized with the Yoast SEO Premium plugin v26.9 (Yoast SEO v27.3) - https:\/\/yoast.com\/product\/yoast-seo-premium-wordpress\/ -->\n<title>Ansvarsinstrukt\u00f6r - MA-system Utbildning AB<\/title>\n<meta name=\"description\" content=\"Ansvarsinstrukt\u00f6rsutbildning f\u00f6r arbetsledare och instrukt\u00f6rer. F\u00e5 kompetens i ansvar, lagstiftning och s\u00e4kerhet p\u00e5 arbetsplatsen.\" \/>\n<meta name=\"robots\" content=\"index, follow, max-snippet:-1, max-image-preview:large, max-video-preview:-1\" \/>\n<link rel=\"canonical\" href=\"https:\/\/www.masystemutbildning.se\/sv-se\/instruktorsutbildning\/ansvarsinstruktor\/\" \/>\n<meta property=\"og:locale\" content=\"sv_SE\" \/>\n<meta property=\"og:type\" content=\"article\" \/>\n<meta property=\"og:title\" content=\"Ansvarsinstrukt\u00f6r\" \/>\n<meta property=\"og:description\" content=\"Ansvarsinstrukt\u00f6rsutbildning f\u00f6r arbetsledare och instrukt\u00f6rer. F\u00e5 kompetens i ansvar, lagstiftning och s\u00e4kerhet p\u00e5 arbetsplatsen.\" \/>\n<meta property=\"og:url\" content=\"https:\/\/www.masystemutbildning.se\/sv-se\/instruktorsutbildning\/ansvarsinstruktor\/\" \/>\n<meta property=\"og:site_name\" content=\"MA-system Utbildning AB\" \/>\n<meta property=\"article:publisher\" content=\"https:\/\/www.facebook.com\/masystemutbildning\" \/>\n<meta property=\"article:modified_time\" content=\"2025-09-29T09:26:36+00:00\" \/>\n<meta property=\"og:image\" content=\"https:\/\/www.masystemutbildning.se\/sv-se\/wp-content\/uploads\/2024\/05\/Pyntbild_07.png\" \/>\n\t<meta property=\"og:image:width\" content=\"1080\" \/>\n\t<meta property=\"og:image:height\" content=\"1080\" \/>\n\t<meta property=\"og:image:type\" content=\"image\/png\" \/>\n<meta name=\"twitter:card\" content=\"summary_large_image\" \/>\n<meta name=\"twitter:site\" content=\"@mautbildning\" \/>\n<meta name=\"twitter:label1\" content=\"Est. reading time\" \/>\n\t<meta name=\"twitter:data1\" content=\"2 minuter\" \/>\n<script type=\"application\/ld+json\" class=\"yoast-schema-graph\">{\"@context\":\"https:\\\/\\\/schema.org\",\"@graph\":[{\"@type\":\"WebPage\",\"@id\":\"https:\\\/\\\/www.masystemutbildning.se\\\/sv-se\\\/instruktorsutbildning\\\/ansvarsinstruktor\\\/\",\"url\":\"https:\\\/\\\/www.masystemutbildning.se\\\/sv-se\\\/instruktorsutbildning\\\/ansvarsinstruktor\\\/\",\"name\":\"Ansvarsinstrukt\u00f6r - MA-system Utbildning AB\",\"isPartOf\":{\"@id\":\"https:\\\/\\\/www.masystemutbildning.se\\\/sv-se\\\/#website\"},\"primaryImageOfPage\":{\"@id\":\"https:\\\/\\\/www.masystemutbildning.se\\\/sv-se\\\/instruktorsutbildning\\\/ansvarsinstruktor\\\/#primaryimage\"},\"image\":{\"@id\":\"https:\\\/\\\/www.masystemutbildning.se\\\/sv-se\\\/instruktorsutbildning\\\/ansvarsinstruktor\\\/#primaryimage\"},\"thumbnailUrl\":\"https:\\\/\\\/www.masystemutbildning.se\\\/sv-se\\\/wp-content\\\/uploads\\\/2024\\\/05\\\/Pyntbild_07.png\",\"datePublished\":\"2023-11-23T15:13:02+00:00\",\"dateModified\":\"2025-09-29T09:26:36+00:00\",\"description\":\"Ansvarsinstrukt\u00f6rsutbildning f\u00f6r arbetsledare och instrukt\u00f6rer. F\u00e5 kompetens i ansvar, lagstiftning och s\u00e4kerhet p\u00e5 arbetsplatsen.\",\"breadcrumb\":{\"@id\":\"https:\\\/\\\/www.masystemutbildning.se\\\/sv-se\\\/instruktorsutbildning\\\/ansvarsinstruktor\\\/#breadcrumb\"},\"inLanguage\":\"sv-SE\",\"potentialAction\":[{\"@type\":\"ReadAction\",\"target\":[\"https:\\\/\\\/www.masystemutbildning.se\\\/sv-se\\\/instruktorsutbildning\\\/ansvarsinstruktor\\\/\"]}]},{\"@type\":\"ImageObject\",\"inLanguage\":\"sv-SE\",\"@id\":\"https:\\\/\\\/www.masystemutbildning.se\\\/sv-se\\\/instruktorsutbildning\\\/ansvarsinstruktor\\\/#primaryimage\",\"url\":\"https:\\\/\\\/www.masystemutbildning.se\\\/sv-se\\\/wp-content\\\/uploads\\\/2024\\\/05\\\/Pyntbild_07.png\",\"contentUrl\":\"https:\\\/\\\/www.masystemutbildning.se\\\/sv-se\\\/wp-content\\\/uploads\\\/2024\\\/05\\\/Pyntbild_07.png\",\"width\":1080,\"height\":1080},{\"@type\":\"BreadcrumbList\",\"@id\":\"https:\\\/\\\/www.masystemutbildning.se\\\/sv-se\\\/instruktorsutbildning\\\/ansvarsinstruktor\\\/#breadcrumb\",\"itemListElement\":[{\"@type\":\"ListItem\",\"position\":1,\"name\":\"Home\",\"item\":\"https:\\\/\\\/www.masystemutbildning.se\\\/sv-se\\\/\"},{\"@type\":\"ListItem\",\"position\":2,\"name\":\"Instrukt\u00f6rsutbildning\",\"item\":\"https:\\\/\\\/www.masystemutbildning.se\\\/sv-se\\\/instruktorsutbildning\\\/\"},{\"@type\":\"ListItem\",\"position\":3,\"name\":\"Ansvarsinstrukt\u00f6r\"}]},{\"@type\":\"WebSite\",\"@id\":\"https:\\\/\\\/www.masystemutbildning.se\\\/sv-se\\\/#website\",\"url\":\"https:\\\/\\\/www.masystemutbildning.se\\\/sv-se\\\/\",\"name\":\"MA-system Utbildning AB\",\"description\":\"\",\"publisher\":{\"@id\":\"https:\\\/\\\/www.masystemutbildning.se\\\/sv-se\\\/#organization\"},\"potentialAction\":[{\"@type\":\"SearchAction\",\"target\":{\"@type\":\"EntryPoint\",\"urlTemplate\":\"https:\\\/\\\/www.masystemutbildning.se\\\/sv-se\\\/?s={search_term_string}\"},\"query-input\":{\"@type\":\"PropertyValueSpecification\",\"valueRequired\":true,\"valueName\":\"search_term_string\"}}],\"inLanguage\":\"sv-SE\"},{\"@type\":\"Organization\",\"@id\":\"https:\\\/\\\/www.masystemutbildning.se\\\/sv-se\\\/#organization\",\"name\":\"MA-system Utbildning AB\",\"url\":\"https:\\\/\\\/www.masystemutbildning.se\\\/sv-se\\\/\",\"logo\":{\"@type\":\"ImageObject\",\"inLanguage\":\"sv-SE\",\"@id\":\"https:\\\/\\\/www.masystemutbildning.se\\\/sv-se\\\/#\\\/schema\\\/logo\\\/image\\\/\",\"url\":\"https:\\\/\\\/www.masystemutbildning.se\\\/sv-se\\\/wp-content\\\/uploads\\\/2026\\\/01\\\/MAsystem_50.webp\",\"contentUrl\":\"https:\\\/\\\/www.masystemutbildning.se\\\/sv-se\\\/wp-content\\\/uploads\\\/2026\\\/01\\\/MAsystem_50.webp\",\"width\":1080,\"height\":829,\"caption\":\"MA-system Utbildning AB\"},\"image\":{\"@id\":\"https:\\\/\\\/www.masystemutbildning.se\\\/sv-se\\\/#\\\/schema\\\/logo\\\/image\\\/\"},\"sameAs\":[\"https:\\\/\\\/www.facebook.com\\\/masystemutbildning\",\"https:\\\/\\\/x.com\\\/mautbildning\",\"https:\\\/\\\/www.instagram.com\\\/masystemutbildning\\\/\",\"https:\\\/\\\/www.linkedin.com\\\/company\\\/ma-system-utbildning-ab\\\/\"]}]}<\/script>\n<!-- \/ Yoast SEO Premium plugin. -->","yoast_head_json":{"title":"Ansvarsinstrukt\u00f6r - MA-system Utbildning AB","description":"Ansvarsinstrukt\u00f6rsutbildning f\u00f6r arbetsledare och instrukt\u00f6rer. F\u00e5 kompetens i ansvar, lagstiftning och s\u00e4kerhet p\u00e5 arbetsplatsen.","robots":{"index":"index","follow":"follow","max-snippet":"max-snippet:-1","max-image-preview":"max-image-preview:large","max-video-preview":"max-video-preview:-1"},"canonical":"https:\/\/www.masystemutbildning.se\/sv-se\/instruktorsutbildning\/ansvarsinstruktor\/","og_locale":"sv_SE","og_type":"article","og_title":"Ansvarsinstrukt\u00f6r","og_description":"Ansvarsinstrukt\u00f6rsutbildning f\u00f6r arbetsledare och instrukt\u00f6rer. F\u00e5 kompetens i ansvar, lagstiftning och s\u00e4kerhet p\u00e5 arbetsplatsen.","og_url":"https:\/\/www.masystemutbildning.se\/sv-se\/instruktorsutbildning\/ansvarsinstruktor\/","og_site_name":"MA-system Utbildning AB","article_publisher":"https:\/\/www.facebook.com\/masystemutbildning","article_modified_time":"2025-09-29T09:26:36+00:00","og_image":[{"width":1080,"height":1080,"url":"https:\/\/www.masystemutbildning.se\/sv-se\/wp-content\/uploads\/2024\/05\/Pyntbild_07.png","type":"image\/png"}],"twitter_card":"summary_large_image","twitter_site":"@mautbildning","twitter_misc":{"Est. reading time":"2 minuter"},"schema":{"@context":"https:\/\/schema.org","@graph":[{"@type":"WebPage","@id":"https:\/\/www.masystemutbildning.se\/sv-se\/instruktorsutbildning\/ansvarsinstruktor\/","url":"https:\/\/www.masystemutbildning.se\/sv-se\/instruktorsutbildning\/ansvarsinstruktor\/","name":"Ansvarsinstrukt\u00f6r - MA-system Utbildning AB","isPartOf":{"@id":"https:\/\/www.masystemutbildning.se\/sv-se\/#website"},"primaryImageOfPage":{"@id":"https:\/\/www.masystemutbildning.se\/sv-se\/instruktorsutbildning\/ansvarsinstruktor\/#primaryimage"},"image":{"@id":"https:\/\/www.masystemutbildning.se\/sv-se\/instruktorsutbildning\/ansvarsinstruktor\/#primaryimage"},"thumbnailUrl":"https:\/\/www.masystemutbildning.se\/sv-se\/wp-content\/uploads\/2024\/05\/Pyntbild_07.png","datePublished":"2023-11-23T15:13:02+00:00","dateModified":"2025-09-29T09:26:36+00:00","description":"Ansvarsinstrukt\u00f6rsutbildning f\u00f6r arbetsledare och instrukt\u00f6rer. F\u00e5 kompetens i ansvar, lagstiftning och s\u00e4kerhet p\u00e5 arbetsplatsen.","breadcrumb":{"@id":"https:\/\/www.masystemutbildning.se\/sv-se\/instruktorsutbildning\/ansvarsinstruktor\/#breadcrumb"},"inLanguage":"sv-SE","potentialAction":[{"@type":"ReadAction","target":["https:\/\/www.masystemutbildning.se\/sv-se\/instruktorsutbildning\/ansvarsinstruktor\/"]}]},{"@type":"ImageObject","inLanguage":"sv-SE","@id":"https:\/\/www.masystemutbildning.se\/sv-se\/instruktorsutbildning\/ansvarsinstruktor\/#primaryimage","url":"https:\/\/www.masystemutbildning.se\/sv-se\/wp-content\/uploads\/2024\/05\/Pyntbild_07.png","contentUrl":"https:\/\/www.masystemutbildning.se\/sv-se\/wp-content\/uploads\/2024\/05\/Pyntbild_07.png","width":1080,"height":1080},{"@type":"BreadcrumbList","@id":"https:\/\/www.masystemutbildning.se\/sv-se\/instruktorsutbildning\/ansvarsinstruktor\/#breadcrumb","itemListElement":[{"@type":"ListItem","position":1,"name":"Home","item":"https:\/\/www.masystemutbildning.se\/sv-se\/"},{"@type":"ListItem","position":2,"name":"Instrukt\u00f6rsutbildning","item":"https:\/\/www.masystemutbildning.se\/sv-se\/instruktorsutbildning\/"},{"@type":"ListItem","position":3,"name":"Ansvarsinstrukt\u00f6r"}]},{"@type":"WebSite","@id":"https:\/\/www.masystemutbildning.se\/sv-se\/#website","url":"https:\/\/www.masystemutbildning.se\/sv-se\/","name":"MA-system Utbildning AB","description":"","publisher":{"@id":"https:\/\/www.masystemutbildning.se\/sv-se\/#organization"},"potentialAction":[{"@type":"SearchAction","target":{"@type":"EntryPoint","urlTemplate":"https:\/\/www.masystemutbildning.se\/sv-se\/?s={search_term_string}"},"query-input":{"@type":"PropertyValueSpecification","valueRequired":true,"valueName":"search_term_string"}}],"inLanguage":"sv-SE"},{"@type":"Organization","@id":"https:\/\/www.masystemutbildning.se\/sv-se\/#organization","name":"MA-system Utbildning AB","url":"https:\/\/www.masystemutbildning.se\/sv-se\/","logo":{"@type":"ImageObject","inLanguage":"sv-SE","@id":"https:\/\/www.masystemutbildning.se\/sv-se\/#\/schema\/logo\/image\/","url":"https:\/\/www.masystemutbildning.se\/sv-se\/wp-content\/uploads\/2026\/01\/MAsystem_50.webp","contentUrl":"https:\/\/www.masystemutbildning.se\/sv-se\/wp-content\/uploads\/2026\/01\/MAsystem_50.webp","width":1080,"height":829,"caption":"MA-system Utbildning AB"},"image":{"@id":"https:\/\/www.masystemutbildning.se\/sv-se\/#\/schema\/logo\/image\/"},"sameAs":["https:\/\/www.facebook.com\/masystemutbildning","https:\/\/x.com\/mautbildning","https:\/\/www.instagram.com\/masystemutbildning\/","https:\/\/www.linkedin.com\/company\/ma-system-utbildning-ab\/"]}]}},"_links":{"self":[{"href":"https:\/\/www.masystemutbildning.se\/sv-se\/wp-json\/wp\/v2\/pages\/2137","targetHints":{"allow":["GET"]}}],"collection":[{"href":"https:\/\/www.masystemutbildning.se\/sv-se\/wp-json\/wp\/v2\/pages"}],"about":[{"href":"https:\/\/www.masystemutbildning.se\/sv-se\/wp-json\/wp\/v2\/types\/page"}],"author":[{"embeddable":true,"href":"https:\/\/www.masystemutbildning.se\/sv-se\/wp-json\/wp\/v2\/users\/2"}],"replies":[{"embeddable":true,"href":"https:\/\/www.masystemutbildning.se\/sv-se\/wp-json\/wp\/v2\/comments?post=2137"}],"version-history":[{"count":103,"href":"https:\/\/www.masystemutbildning.se\/sv-se\/wp-json\/wp\/v2\/pages\/2137\/revisions"}],"predecessor-version":[{"id":9422,"href":"https:\/\/www.masystemutbildning.se\/sv-se\/wp-json\/wp\/v2\/pages\/2137\/revisions\/9422"}],"up":[{"embeddable":true,"href":"https:\/\/www.masystemutbildning.se\/sv-se\/wp-json\/wp\/v2\/pages\/80"}],"wp:featuredmedia":[{"embeddable":true,"href":"https:\/\/www.masystemutbildning.se\/sv-se\/wp-json\/wp\/v2\/media\/5146"}],"wp:attachment":[{"href":"https:\/\/www.masystemutbildning.se\/sv-se\/wp-json\/wp\/v2\/media?parent=2137"}],"curies":[{"name":"wp","href":"https:\/\/api.w.org\/{rel}","templated":true}]}}