{"id":4069,"date":"2024-02-19T13:27:47","date_gmt":"2024-02-19T13:27:47","guid":{"rendered":"https:\/\/www.masystemutbildning.se\/fr-fr\/?page_id=4069"},"modified":"2024-10-03T09:07:14","modified_gmt":"2024-10-03T09:07:14","slug":"usage-de-cookies","status":"publish","type":"page","link":"https:\/\/www.masystemutbildning.se\/fr-fr\/contact\/usage-de-cookies\/","title":{"rendered":"Usage de cookies"},"content":{"rendered":"\t\t<div data-elementor-type=\"wp-page\" data-elementor-id=\"4069\" class=\"elementor elementor-4069\" data-elementor-post-type=\"page\">\n\t\t\t\t<div class=\"elementor-element elementor-element-42a83338 sharp-cut e-flex e-con-boxed e-con e-parent\" data-id=\"42a83338\" data-element_type=\"container\" data-e-type=\"container\" data-settings=\"{&quot;background_background&quot;:&quot;classic&quot;}\">\n\t\t\t\t\t<div class=\"e-con-inner\">\n\t\t<div class=\"elementor-element elementor-element-7652fe9f e-flex e-con-boxed e-con e-child\" data-id=\"7652fe9f\" data-element_type=\"container\" data-e-type=\"container\">\n\t\t\t\t\t<div class=\"e-con-inner\">\n\t\t\t\t<div class=\"elementor-element elementor-element-5b1955b4 elementor-widget elementor-widget-heading\" data-id=\"5b1955b4\" data-element_type=\"widget\" data-e-type=\"widget\" data-widget_type=\"heading.default\">\n\t\t\t\t<div class=\"elementor-widget-container\">\n\t\t\t\t\t<h1 class=\"elementor-heading-title elementor-size-default\">Usage de cookies<\/h1>\t\t\t\t<\/div>\n\t\t\t\t<\/div>\n\t\t\t\t\t<\/div>\n\t\t\t\t<\/div>\n\t\t\t\t\t<\/div>\n\t\t\t\t<\/div>\n\t\t<div class=\"elementor-element elementor-element-072f6f5 e-flex e-con-boxed e-con e-parent\" data-id=\"072f6f5\" data-element_type=\"container\" data-e-type=\"container\">\n\t\t\t\t\t<div class=\"e-con-inner\">\n\t\t\t\t<div class=\"elementor-element elementor-element-818ea74 elementor-widget elementor-widget-text-editor\" data-id=\"818ea74\" data-element_type=\"widget\" data-e-type=\"widget\" data-widget_type=\"text-editor.default\">\n\t\t\t\t<div class=\"elementor-widget-container\">\n\t\t\t\t\t\t\t\t\t<h3>Cookies et technologies analogues<\/h3><p>Nous avons recours \u00e0 des cookies, balises et autres technologies analogues (d\u00e9sign\u00e9s sous l&rsquo;appellation \u00ab cookies \u00bb) pour faciliter l&rsquo;acc\u00e8s \u00e0 notre site et optimiser l&rsquo;exp\u00e9rience utilisateur.<\/p><h3>Qu&rsquo;est-ce qu&rsquo;un cookie ?<\/h3><p>Les cookies sont de petits fichiers texte compos\u00e9s de lettres et de chiffres plac\u00e9s sur votre disque dur par notre serveur Web. Nous utilisons diff\u00e9rents types de cookies :<\/p><ul><li><p>Un cookie temporaire ou cookie de session est stock\u00e9 uniquement pour la session de consultation en cours et est effac\u00e9 de votre ordinateur lorsque vous fermez votre navigateur ou l&rsquo;appli.<\/p><\/li><li><p><span style=\"background-color: transparent; color: var( --e-global-color-text ); font-family: var( --e-global-typography-text-font-family ), Sans-serif; font-weight: var( --e-global-typography-text-font-weight ); text-align: var(--text-align);\">Un cookie permanent est un fichier stock\u00e9 sur votre ordinateur jusqu&rsquo;\u00e0 ce que vous le supprimiez ou qu&rsquo;il expire.<\/span><\/p><\/li><li><p><span style=\"background-color: transparent; color: var( --e-global-color-text ); font-family: var( --e-global-typography-text-font-family ), Sans-serif; font-weight: var( --e-global-typography-text-font-weight ); text-align: var(--text-align);\">Un cookie nominatif provient du site web que vous \u00eates en train de consulter.<\/span><\/p><\/li><li><p>Un cookie tiers provient d&rsquo;un site web diff\u00e9rent de celui que vous \u00eates en train de consulter.<\/p><\/li><li><p>Les balises sont de petites images graphiques invisibles plac\u00e9es dans les mails.<\/p><\/li><\/ul><p>Les technologies analogues sont des technologies qui stockent des informations sur votre navigateur ou votre disque dur, de la m\u00eame mani\u00e8re que les cookies et les balises.<\/p><h3>Pourquoi utiliser des cookies ?<\/h3><p>Nous avons recours aux cookies pour am\u00e9liorer les services offerts. Certains de nos services n\u00e9cessitent des cookies pour fonctionner, d&rsquo;autres sont utilis\u00e9s pour optimiser l&rsquo;utilisation de notre site.<\/p><h3>Comment pouvez-vous v\u00e9rifier l&rsquo;utilisation de cookies ?<\/h3><p>Votre navigateur ou votre ordinateur vous permet g\u00e9n\u00e9ralement de modifier les param\u00e8tres d&rsquo;utilisation et de port\u00e9e des cookies. Acc\u00e9dez aux param\u00e8tres de votre navigateur ou de votre ordinateur pour en savoir plus sur les modalit\u00e9s de r\u00e9glage des cookies. Vous pouvez, par exemple, bloquer tous les cookies, accepter uniquement les cookies nominatifs ou les supprimer lorsque vous fermez votre navigateur.<\/p><p>N&rsquo;oubliez pas que certains services peuvent ne pas \u00eatre disponibles si vous bloquez ou supprimer les cookies.<\/p><h2>Nous contacter<\/h2><p>Pour toute question concernant les cookies, contactez-nous \u00e0 l&rsquo;adresse suivante : info@masystem.se<\/p><p>La derni\u00e8re mise \u00e0 jour de la politique en mati\u00e8re de cookies remonte au 2 janvier 2018.<\/p>\t\t\t\t\t\t\t\t<\/div>\n\t\t\t\t<\/div>\n\t\t\t\t<div class=\"elementor-element elementor-element-0063010 elementor-widget elementor-widget-html\" data-id=\"0063010\" data-element_type=\"widget\" data-e-type=\"widget\" data-widget_type=\"html.default\">\n\t\t\t\t<div class=\"elementor-widget-container\">\n\t\t\t\t\t<div id='ppms_cm_privacy_settings' class='personal-consent ppms_cm_privacy_settings_widget' data-editor-centralize='true' data-main-container='true' data-root='true'>\n\n    <div class='ppms_cm_privacy_settings_widget_content ' data-disable-select='true'><button class='ppms_cm_privacy_settings_button_show' id='ppms_cm_privacy_settings_button'>G\u00e9rer mes param\u00e8tres<\/button>\n    <\/div>\n    <\/div>\n\t\t\t\t<\/div>\n\t\t\t\t<\/div>\n\t\t\t\t\t<\/div>\n\t\t\t\t<\/div>\n\t\t\t\t<\/div>\n\t\t","protected":false},"excerpt":{"rendered":"<p>Usage de cookies Cookies et technologies analogues Nous avons recours \u00e0 des cookies, balises et autres technologies analogues (d\u00e9sign\u00e9s sous l&rsquo;appellation \u00ab cookies \u00bb) pour faciliter l&rsquo;acc\u00e8s \u00e0 notre site et optimiser l&rsquo;exp\u00e9rience utilisateur. Qu&rsquo;est-ce qu&rsquo;un cookie ? Les cookies sont de petits fichiers texte compos\u00e9s de lettres et de chiffres plac\u00e9s sur votre disque [&hellip;]<\/p>\n","protected":false},"author":3,"featured_media":4446,"parent":88,"menu_order":0,"comment_status":"closed","ping_status":"closed","template":"","meta":{"_acf_changed":false,"footnotes":""},"class_list":["post-4069","page","type-page","status-publish","has-post-thumbnail","hentry"],"acf":[],"yoast_head":"<!-- This site is optimized with the Yoast SEO Premium plugin v26.9 (Yoast SEO v27.3) - https:\/\/yoast.com\/product\/yoast-seo-premium-wordpress\/ -->\n<title>Usage de cookies<\/title>\n<meta name=\"description\" content=\"Nous avons recours \u00e0 des cookies, balises et autres technologies analogues pour faciliter l\u2019acc\u00e8s \u00e0 notre site et optimiser l\u2019exp\u00e9rience utilisateur.\" \/>\n<meta name=\"robots\" content=\"index, follow, max-snippet:-1, max-image-preview:large, max-video-preview:-1\" \/>\n<link rel=\"canonical\" href=\"https:\/\/www.masystemutbildning.se\/fr-fr\/contact\/usage-de-cookies\/\" \/>\n<meta property=\"og:locale\" content=\"fr_FR\" \/>\n<meta property=\"og:type\" content=\"article\" \/>\n<meta property=\"og:title\" content=\"Usage de cookies\" \/>\n<meta property=\"og:description\" content=\"Nous avons recours \u00e0 des cookies, balises et autres technologies analogues pour faciliter l\u2019acc\u00e8s \u00e0 notre site et optimiser l\u2019exp\u00e9rience utilisateur.\" \/>\n<meta property=\"og:url\" content=\"https:\/\/www.masystemutbildning.se\/fr-fr\/contact\/usage-de-cookies\/\" \/>\n<meta property=\"og:site_name\" content=\"MA-system Utbildning Francais\" \/>\n<meta property=\"article:modified_time\" content=\"2024-10-03T09:07:14+00:00\" \/>\n<meta property=\"og:image\" content=\"https:\/\/www.masystemutbildning.se\/fr-fr\/wp-content\/uploads\/sites\/5\/2024\/03\/cropped-ma-system-1.png\" \/>\n\t<meta property=\"og:image:width\" content=\"512\" \/>\n\t<meta property=\"og:image:height\" content=\"512\" \/>\n\t<meta property=\"og:image:type\" content=\"image\/png\" \/>\n<meta name=\"twitter:card\" content=\"summary_large_image\" \/>\n<meta name=\"twitter:label1\" content=\"Est. reading time\" \/>\n\t<meta name=\"twitter:data1\" content=\"2 minutes\" \/>\n<script type=\"application\/ld+json\" class=\"yoast-schema-graph\">{\"@context\":\"https:\\\/\\\/schema.org\",\"@graph\":[{\"@type\":\"WebPage\",\"@id\":\"https:\\\/\\\/www.masystemutbildning.se\\\/fr-fr\\\/contact\\\/usage-de-cookies\\\/\",\"url\":\"https:\\\/\\\/www.masystemutbildning.se\\\/fr-fr\\\/contact\\\/usage-de-cookies\\\/\",\"name\":\"Usage de cookies\",\"isPartOf\":{\"@id\":\"https:\\\/\\\/www.masystemutbildning.se\\\/fr-fr\\\/#website\"},\"primaryImageOfPage\":{\"@id\":\"https:\\\/\\\/www.masystemutbildning.se\\\/fr-fr\\\/contact\\\/usage-de-cookies\\\/#primaryimage\"},\"image\":{\"@id\":\"https:\\\/\\\/www.masystemutbildning.se\\\/fr-fr\\\/contact\\\/usage-de-cookies\\\/#primaryimage\"},\"thumbnailUrl\":\"https:\\\/\\\/www.masystemutbildning.se\\\/fr-fr\\\/wp-content\\\/uploads\\\/sites\\\/5\\\/2024\\\/03\\\/cropped-ma-system-1.png\",\"datePublished\":\"2024-02-19T13:27:47+00:00\",\"dateModified\":\"2024-10-03T09:07:14+00:00\",\"description\":\"Nous avons recours \u00e0 des cookies, balises et autres technologies analogues pour faciliter l\u2019acc\u00e8s \u00e0 notre site et optimiser l\u2019exp\u00e9rience utilisateur.\",\"breadcrumb\":{\"@id\":\"https:\\\/\\\/www.masystemutbildning.se\\\/fr-fr\\\/contact\\\/usage-de-cookies\\\/#breadcrumb\"},\"inLanguage\":\"fr-FR\",\"potentialAction\":[{\"@type\":\"ReadAction\",\"target\":[\"https:\\\/\\\/www.masystemutbildning.se\\\/fr-fr\\\/contact\\\/usage-de-cookies\\\/\"]}]},{\"@type\":\"ImageObject\",\"inLanguage\":\"fr-FR\",\"@id\":\"https:\\\/\\\/www.masystemutbildning.se\\\/fr-fr\\\/contact\\\/usage-de-cookies\\\/#primaryimage\",\"url\":\"https:\\\/\\\/www.masystemutbildning.se\\\/fr-fr\\\/wp-content\\\/uploads\\\/sites\\\/5\\\/2024\\\/03\\\/cropped-ma-system-1.png\",\"contentUrl\":\"https:\\\/\\\/www.masystemutbildning.se\\\/fr-fr\\\/wp-content\\\/uploads\\\/sites\\\/5\\\/2024\\\/03\\\/cropped-ma-system-1.png\",\"width\":512,\"height\":512},{\"@type\":\"BreadcrumbList\",\"@id\":\"https:\\\/\\\/www.masystemutbildning.se\\\/fr-fr\\\/contact\\\/usage-de-cookies\\\/#breadcrumb\",\"itemListElement\":[{\"@type\":\"ListItem\",\"position\":1,\"name\":\"Home\",\"item\":\"https:\\\/\\\/www.masystemutbildning.se\\\/fr-fr\\\/\"},{\"@type\":\"ListItem\",\"position\":2,\"name\":\"Contact\",\"item\":\"https:\\\/\\\/www.masystemutbildning.se\\\/fr-fr\\\/contact\\\/\"},{\"@type\":\"ListItem\",\"position\":3,\"name\":\"Usage de cookies\"}]},{\"@type\":\"WebSite\",\"@id\":\"https:\\\/\\\/www.masystemutbildning.se\\\/fr-fr\\\/#website\",\"url\":\"https:\\\/\\\/www.masystemutbildning.se\\\/fr-fr\\\/\",\"name\":\"MA-system Utbildning\",\"description\":\"\",\"publisher\":{\"@id\":\"https:\\\/\\\/www.masystemutbildning.se\\\/fr-fr\\\/#organization\"},\"potentialAction\":[{\"@type\":\"SearchAction\",\"target\":{\"@type\":\"EntryPoint\",\"urlTemplate\":\"https:\\\/\\\/www.masystemutbildning.se\\\/fr-fr\\\/?s={search_term_string}\"},\"query-input\":{\"@type\":\"PropertyValueSpecification\",\"valueRequired\":true,\"valueName\":\"search_term_string\"}}],\"inLanguage\":\"fr-FR\"},{\"@type\":\"Organization\",\"@id\":\"https:\\\/\\\/www.masystemutbildning.se\\\/fr-fr\\\/#organization\",\"name\":\"MA-system Utbildning Francais\",\"url\":\"https:\\\/\\\/www.masystemutbildning.se\\\/fr-fr\\\/\",\"logo\":{\"@type\":\"ImageObject\",\"inLanguage\":\"fr-FR\",\"@id\":\"https:\\\/\\\/www.masystemutbildning.se\\\/fr-fr\\\/#\\\/schema\\\/logo\\\/image\\\/\",\"url\":\"https:\\\/\\\/www.masystemutbildning.se\\\/fr-fr\\\/wp-content\\\/uploads\\\/sites\\\/5\\\/2026\\\/02\\\/MAsystem_50.webp\",\"contentUrl\":\"https:\\\/\\\/www.masystemutbildning.se\\\/fr-fr\\\/wp-content\\\/uploads\\\/sites\\\/5\\\/2026\\\/02\\\/MAsystem_50.webp\",\"width\":1080,\"height\":829,\"caption\":\"MA-system Utbildning Francais\"},\"image\":{\"@id\":\"https:\\\/\\\/www.masystemutbildning.se\\\/fr-fr\\\/#\\\/schema\\\/logo\\\/image\\\/\"}}]}<\/script>\n<!-- \/ Yoast SEO Premium plugin. -->","yoast_head_json":{"title":"Usage de cookies","description":"Nous avons recours \u00e0 des cookies, balises et autres technologies analogues pour faciliter l\u2019acc\u00e8s \u00e0 notre site et optimiser l\u2019exp\u00e9rience utilisateur.","robots":{"index":"index","follow":"follow","max-snippet":"max-snippet:-1","max-image-preview":"max-image-preview:large","max-video-preview":"max-video-preview:-1"},"canonical":"https:\/\/www.masystemutbildning.se\/fr-fr\/contact\/usage-de-cookies\/","og_locale":"fr_FR","og_type":"article","og_title":"Usage de cookies","og_description":"Nous avons recours \u00e0 des cookies, balises et autres technologies analogues pour faciliter l\u2019acc\u00e8s \u00e0 notre site et optimiser l\u2019exp\u00e9rience utilisateur.","og_url":"https:\/\/www.masystemutbildning.se\/fr-fr\/contact\/usage-de-cookies\/","og_site_name":"MA-system Utbildning Francais","article_modified_time":"2024-10-03T09:07:14+00:00","og_image":[{"width":512,"height":512,"url":"https:\/\/www.masystemutbildning.se\/fr-fr\/wp-content\/uploads\/sites\/5\/2024\/03\/cropped-ma-system-1.png","type":"image\/png"}],"twitter_card":"summary_large_image","twitter_misc":{"Est. reading time":"2 minutes"},"schema":{"@context":"https:\/\/schema.org","@graph":[{"@type":"WebPage","@id":"https:\/\/www.masystemutbildning.se\/fr-fr\/contact\/usage-de-cookies\/","url":"https:\/\/www.masystemutbildning.se\/fr-fr\/contact\/usage-de-cookies\/","name":"Usage de cookies","isPartOf":{"@id":"https:\/\/www.masystemutbildning.se\/fr-fr\/#website"},"primaryImageOfPage":{"@id":"https:\/\/www.masystemutbildning.se\/fr-fr\/contact\/usage-de-cookies\/#primaryimage"},"image":{"@id":"https:\/\/www.masystemutbildning.se\/fr-fr\/contact\/usage-de-cookies\/#primaryimage"},"thumbnailUrl":"https:\/\/www.masystemutbildning.se\/fr-fr\/wp-content\/uploads\/sites\/5\/2024\/03\/cropped-ma-system-1.png","datePublished":"2024-02-19T13:27:47+00:00","dateModified":"2024-10-03T09:07:14+00:00","description":"Nous avons recours \u00e0 des cookies, balises et autres technologies analogues pour faciliter l\u2019acc\u00e8s \u00e0 notre site et optimiser l\u2019exp\u00e9rience utilisateur.","breadcrumb":{"@id":"https:\/\/www.masystemutbildning.se\/fr-fr\/contact\/usage-de-cookies\/#breadcrumb"},"inLanguage":"fr-FR","potentialAction":[{"@type":"ReadAction","target":["https:\/\/www.masystemutbildning.se\/fr-fr\/contact\/usage-de-cookies\/"]}]},{"@type":"ImageObject","inLanguage":"fr-FR","@id":"https:\/\/www.masystemutbildning.se\/fr-fr\/contact\/usage-de-cookies\/#primaryimage","url":"https:\/\/www.masystemutbildning.se\/fr-fr\/wp-content\/uploads\/sites\/5\/2024\/03\/cropped-ma-system-1.png","contentUrl":"https:\/\/www.masystemutbildning.se\/fr-fr\/wp-content\/uploads\/sites\/5\/2024\/03\/cropped-ma-system-1.png","width":512,"height":512},{"@type":"BreadcrumbList","@id":"https:\/\/www.masystemutbildning.se\/fr-fr\/contact\/usage-de-cookies\/#breadcrumb","itemListElement":[{"@type":"ListItem","position":1,"name":"Home","item":"https:\/\/www.masystemutbildning.se\/fr-fr\/"},{"@type":"ListItem","position":2,"name":"Contact","item":"https:\/\/www.masystemutbildning.se\/fr-fr\/contact\/"},{"@type":"ListItem","position":3,"name":"Usage de cookies"}]},{"@type":"WebSite","@id":"https:\/\/www.masystemutbildning.se\/fr-fr\/#website","url":"https:\/\/www.masystemutbildning.se\/fr-fr\/","name":"MA-system Utbildning","description":"","publisher":{"@id":"https:\/\/www.masystemutbildning.se\/fr-fr\/#organization"},"potentialAction":[{"@type":"SearchAction","target":{"@type":"EntryPoint","urlTemplate":"https:\/\/www.masystemutbildning.se\/fr-fr\/?s={search_term_string}"},"query-input":{"@type":"PropertyValueSpecification","valueRequired":true,"valueName":"search_term_string"}}],"inLanguage":"fr-FR"},{"@type":"Organization","@id":"https:\/\/www.masystemutbildning.se\/fr-fr\/#organization","name":"MA-system Utbildning Francais","url":"https:\/\/www.masystemutbildning.se\/fr-fr\/","logo":{"@type":"ImageObject","inLanguage":"fr-FR","@id":"https:\/\/www.masystemutbildning.se\/fr-fr\/#\/schema\/logo\/image\/","url":"https:\/\/www.masystemutbildning.se\/fr-fr\/wp-content\/uploads\/sites\/5\/2026\/02\/MAsystem_50.webp","contentUrl":"https:\/\/www.masystemutbildning.se\/fr-fr\/wp-content\/uploads\/sites\/5\/2026\/02\/MAsystem_50.webp","width":1080,"height":829,"caption":"MA-system Utbildning Francais"},"image":{"@id":"https:\/\/www.masystemutbildning.se\/fr-fr\/#\/schema\/logo\/image\/"}}]}},"_links":{"self":[{"href":"https:\/\/www.masystemutbildning.se\/fr-fr\/wp-json\/wp\/v2\/pages\/4069","targetHints":{"allow":["GET"]}}],"collection":[{"href":"https:\/\/www.masystemutbildning.se\/fr-fr\/wp-json\/wp\/v2\/pages"}],"about":[{"href":"https:\/\/www.masystemutbildning.se\/fr-fr\/wp-json\/wp\/v2\/types\/page"}],"author":[{"embeddable":true,"href":"https:\/\/www.masystemutbildning.se\/fr-fr\/wp-json\/wp\/v2\/users\/3"}],"replies":[{"embeddable":true,"href":"https:\/\/www.masystemutbildning.se\/fr-fr\/wp-json\/wp\/v2\/comments?post=4069"}],"version-history":[{"count":21,"href":"https:\/\/www.masystemutbildning.se\/fr-fr\/wp-json\/wp\/v2\/pages\/4069\/revisions"}],"predecessor-version":[{"id":5364,"href":"https:\/\/www.masystemutbildning.se\/fr-fr\/wp-json\/wp\/v2\/pages\/4069\/revisions\/5364"}],"up":[{"embeddable":true,"href":"https:\/\/www.masystemutbildning.se\/fr-fr\/wp-json\/wp\/v2\/pages\/88"}],"wp:featuredmedia":[{"embeddable":true,"href":"https:\/\/www.masystemutbildning.se\/fr-fr\/wp-json\/wp\/v2\/media\/4446"}],"wp:attachment":[{"href":"https:\/\/www.masystemutbildning.se\/fr-fr\/wp-json\/wp\/v2\/media?parent=4069"}],"curies":[{"name":"wp","href":"https:\/\/api.w.org\/{rel}","templated":true}]}}