{"id":227,"date":"2023-09-25T12:35:43","date_gmt":"2023-09-25T12:35:43","guid":{"rendered":"https:\/\/www.masystemutbildning.se\/fr-fr\/?page_id=227"},"modified":"2024-10-02T07:14:20","modified_gmt":"2024-10-02T07:14:20","slug":"a-propos-de-ma-system","status":"publish","type":"page","link":"https:\/\/www.masystemutbildning.se\/fr-fr\/contact\/a-propos-de-ma-system\/","title":{"rendered":"\u00c0 propos de MA-system"},"content":{"rendered":"\t\t<div data-elementor-type=\"wp-page\" data-elementor-id=\"227\" class=\"elementor elementor-227\" data-elementor-post-type=\"page\">\n\t\t\t\t<div class=\"elementor-element elementor-element-532cd6bf sharp-cut e-flex e-con-boxed e-con e-parent\" data-id=\"532cd6bf\" data-element_type=\"container\" data-e-type=\"container\" data-settings=\"{&quot;background_background&quot;:&quot;classic&quot;}\">\n\t\t\t\t\t<div class=\"e-con-inner\">\n\t\t<div class=\"elementor-element elementor-element-d1cc444 e-flex e-con-boxed e-con e-child\" data-id=\"d1cc444\" data-element_type=\"container\" data-e-type=\"container\">\n\t\t\t\t\t<div class=\"e-con-inner\">\n\t\t\t\t<div class=\"elementor-element elementor-element-69561422 elementor-widget elementor-widget-heading\" data-id=\"69561422\" data-element_type=\"widget\" data-e-type=\"widget\" data-widget_type=\"heading.default\">\n\t\t\t\t<div class=\"elementor-widget-container\">\n\t\t\t\t\t<h1 class=\"elementor-heading-title elementor-size-default\">\u00c0 propos de MA-system.<\/h1>\t\t\t\t<\/div>\n\t\t\t\t<\/div>\n\t\t\t\t\t<\/div>\n\t\t\t\t<\/div>\n\t\t\t\t\t<\/div>\n\t\t\t\t<\/div>\n\t\t<div class=\"elementor-element elementor-element-4b32b5f1 e-flex e-con-boxed e-con e-parent\" data-id=\"4b32b5f1\" data-element_type=\"container\" data-e-type=\"container\">\n\t\t\t\t\t<div class=\"e-con-inner\">\n\t\t<div class=\"elementor-element elementor-element-544d7ca9 e-con-full e-flex e-con e-child\" data-id=\"544d7ca9\" data-element_type=\"container\" data-e-type=\"container\">\n\t\t\t\t<div class=\"elementor-element elementor-element-5fa765b6 elementor-widget elementor-widget-text-editor\" data-id=\"5fa765b6\" data-element_type=\"widget\" data-e-type=\"widget\" data-widget_type=\"text-editor.default\">\n\t\t\t\t<div class=\"elementor-widget-container\">\n\t\t\t\t\t\t\t\t\t<p>Fond\u00e9e en 1976 par Per Grettve, MA-System a d\u00e9but\u00e9 comme une soci\u00e9t\u00e9 de conseil sp\u00e9cialis\u00e9e dans la logistique. Tr\u00e8s t\u00f4t, l&rsquo;entreprise a ajout\u00e9 une formation de cariste \u00e0 ses services, utilisant un manuel produit en interne.<\/p>\t\t\t\t\t\t\t\t<\/div>\n\t\t\t\t<\/div>\n\t\t\t\t<div class=\"elementor-element elementor-element-1c1950f3 elementor-widget elementor-widget-text-editor\" data-id=\"1c1950f3\" data-element_type=\"widget\" data-e-type=\"widget\" data-widget_type=\"text-editor.default\">\n\t\t\t\t<div class=\"elementor-widget-container\">\n\t\t\t\t\t\t\t\t\t<p>Depuis sa cr\u00e9ation, MA-System n&rsquo;a cess\u00e9 de cro\u00eetre, tant en termes de domaines d&rsquo;activit\u00e9 que de nombre de salari\u00e9s. Des entreprises locales et multinationales ont tir\u00e9 parti des comp\u00e9tences de MA-System pour am\u00e9liorer leur rentabilit\u00e9 gr\u00e2ce aux analyses, formations et solutions propos\u00e9es.<\/p><p>MA-System s&rsquo;efforce constamment de cr\u00e9er des solutions innovantes et rentables pour simplifier la vie quotidienne de ses clients. \u00c0 la fin des ann\u00e9es 1980, cet effort a abouti au d\u00e9veloppement du syst\u00e8me Astro, l&rsquo;un des principaux syst\u00e8mes de gestion d&rsquo;entrep\u00f4t sur le march\u00e9 europ\u00e9en*. \u00c0 la fin des ann\u00e9es 1990, avec l&rsquo;\u00e9mergence d&rsquo;Internet, le syst\u00e8me de cha\u00eene d&rsquo;approvisionnement PipeChain a \u00e9galement \u00e9t\u00e9 d\u00e9velopp\u00e9**. La philosophie sous-jacente est que le flux d&rsquo;une cha\u00eene d&rsquo;approvisionnement doit \u00eatre aussi simple \u00e0 contr\u00f4ler que le d\u00e9bit d&rsquo;eau d&rsquo;un robinet.<\/p><p>MA-System est compos\u00e9e de MA-System Consulting et MA-System Utbildning, offrant des services et produits allant de l&rsquo;analyse de rentabilit\u00e9 strat\u00e9gique et des syst\u00e8mes de contr\u00f4le de la cha\u00eene d&rsquo;approvisionnement \u00e0 l&rsquo;am\u00e9lioration op\u00e9rationnelle des processus et \u00e0 la formation du personnel.<\/p><p>Le nom MA-System provient d&rsquo;un terme su\u00e9dois des ann\u00e9es 1970 d\u00e9signant ce que nous appelons aujourd&rsquo;hui la gestion de la cha\u00eene d&rsquo;approvisionnement ou logistique : \u00ab\u00a0Administration mat\u00e9rielle\u00a0\u00bb (en anglais, Material Administration).<\/p><p><em>*D\u00e9velopp\u00e9 et commercialis\u00e9 par <a href=\"https:\/\/www.consafelogistics.com\/\" target=\"_blank\" rel=\"noopener\">Consafe Logistics<\/a> depuis 2004<\/em><\/p><p><em>**D\u00e9velopp\u00e9 et commercialis\u00e9 par <a href=\"https:\/\/www.pipechain.com\/\" target=\"_blank\" rel=\"noopener\">PipeChain Group<\/a> depuis 2017<\/em><\/p>\t\t\t\t\t\t\t\t<\/div>\n\t\t\t\t<\/div>\n\t\t\t\t<\/div>\n\t\t\t\t\t<\/div>\n\t\t\t\t<\/div>\n\t\t\t\t<\/div>\n\t\t","protected":false},"excerpt":{"rendered":"<p>\u00c0 propos de MA-system. Fond\u00e9e en 1976 par Per Grettve, MA-System a d\u00e9but\u00e9 comme une soci\u00e9t\u00e9 de conseil sp\u00e9cialis\u00e9e dans la logistique. Tr\u00e8s t\u00f4t, l&rsquo;entreprise a ajout\u00e9 une formation de cariste \u00e0 ses services, utilisant un manuel produit en interne. Depuis sa cr\u00e9ation, MA-System n&rsquo;a cess\u00e9 de cro\u00eetre, tant en termes de domaines d&rsquo;activit\u00e9 que [&hellip;]<\/p>\n","protected":false},"author":1,"featured_media":5055,"parent":88,"menu_order":0,"comment_status":"closed","ping_status":"closed","template":"","meta":{"_acf_changed":false,"footnotes":""},"class_list":["post-227","page","type-page","status-publish","has-post-thumbnail","hentry"],"acf":[],"yoast_head":"<!-- This site is optimized with the Yoast SEO Premium plugin v26.9 (Yoast SEO v27.3) - https:\/\/yoast.com\/product\/yoast-seo-premium-wordpress\/ -->\n<title>\u00c0 propos de MA-system<\/title>\n<meta name=\"description\" content=\"Fond\u00e9e en 1976 par Per Grettve, MA-System a d\u00e9but\u00e9 comme une soci\u00e9t\u00e9 de conseil sp\u00e9cialis\u00e9e dans la logistique.\" \/>\n<meta name=\"robots\" content=\"index, follow, max-snippet:-1, max-image-preview:large, max-video-preview:-1\" \/>\n<link rel=\"canonical\" href=\"https:\/\/www.masystemutbildning.se\/fr-fr\/contact\/a-propos-de-ma-system\/\" \/>\n<meta property=\"og:locale\" content=\"fr_FR\" \/>\n<meta property=\"og:type\" content=\"article\" \/>\n<meta property=\"og:title\" content=\"\u00c0 propos de MA-system\" \/>\n<meta property=\"og:description\" content=\"Fond\u00e9e en 1976 par Per Grettve, MA-System a d\u00e9but\u00e9 comme une soci\u00e9t\u00e9 de conseil sp\u00e9cialis\u00e9e dans la logistique.\" \/>\n<meta property=\"og:url\" content=\"https:\/\/www.masystemutbildning.se\/fr-fr\/contact\/a-propos-de-ma-system\/\" \/>\n<meta property=\"og:site_name\" content=\"MA-system Utbildning Francais\" \/>\n<meta property=\"article:modified_time\" content=\"2024-10-02T07:14:20+00:00\" \/>\n<meta property=\"og:image\" content=\"https:\/\/www.masystemutbildning.se\/fr-fr\/wp-content\/uploads\/sites\/5\/2024\/05\/Pyntbild_11.png\" \/>\n\t<meta property=\"og:image:width\" content=\"1080\" \/>\n\t<meta property=\"og:image:height\" content=\"1080\" \/>\n\t<meta property=\"og:image:type\" content=\"image\/png\" \/>\n<meta name=\"twitter:card\" content=\"summary_large_image\" \/>\n<meta name=\"twitter:label1\" content=\"Est. reading time\" \/>\n\t<meta name=\"twitter:data1\" content=\"2 minutes\" \/>\n<script type=\"application\/ld+json\" class=\"yoast-schema-graph\">{\"@context\":\"https:\\\/\\\/schema.org\",\"@graph\":[{\"@type\":\"WebPage\",\"@id\":\"https:\\\/\\\/www.masystemutbildning.se\\\/fr-fr\\\/contact\\\/a-propos-de-ma-system\\\/\",\"url\":\"https:\\\/\\\/www.masystemutbildning.se\\\/fr-fr\\\/contact\\\/a-propos-de-ma-system\\\/\",\"name\":\"\u00c0 propos de MA-system\",\"isPartOf\":{\"@id\":\"https:\\\/\\\/www.masystemutbildning.se\\\/fr-fr\\\/#website\"},\"primaryImageOfPage\":{\"@id\":\"https:\\\/\\\/www.masystemutbildning.se\\\/fr-fr\\\/contact\\\/a-propos-de-ma-system\\\/#primaryimage\"},\"image\":{\"@id\":\"https:\\\/\\\/www.masystemutbildning.se\\\/fr-fr\\\/contact\\\/a-propos-de-ma-system\\\/#primaryimage\"},\"thumbnailUrl\":\"https:\\\/\\\/www.masystemutbildning.se\\\/fr-fr\\\/wp-content\\\/uploads\\\/sites\\\/5\\\/2024\\\/05\\\/Pyntbild_11.png\",\"datePublished\":\"2023-09-25T12:35:43+00:00\",\"dateModified\":\"2024-10-02T07:14:20+00:00\",\"description\":\"Fond\u00e9e en 1976 par Per Grettve, MA-System a d\u00e9but\u00e9 comme une soci\u00e9t\u00e9 de conseil sp\u00e9cialis\u00e9e dans la logistique.\",\"breadcrumb\":{\"@id\":\"https:\\\/\\\/www.masystemutbildning.se\\\/fr-fr\\\/contact\\\/a-propos-de-ma-system\\\/#breadcrumb\"},\"inLanguage\":\"fr-FR\",\"potentialAction\":[{\"@type\":\"ReadAction\",\"target\":[\"https:\\\/\\\/www.masystemutbildning.se\\\/fr-fr\\\/contact\\\/a-propos-de-ma-system\\\/\"]}]},{\"@type\":\"ImageObject\",\"inLanguage\":\"fr-FR\",\"@id\":\"https:\\\/\\\/www.masystemutbildning.se\\\/fr-fr\\\/contact\\\/a-propos-de-ma-system\\\/#primaryimage\",\"url\":\"https:\\\/\\\/www.masystemutbildning.se\\\/fr-fr\\\/wp-content\\\/uploads\\\/sites\\\/5\\\/2024\\\/05\\\/Pyntbild_11.png\",\"contentUrl\":\"https:\\\/\\\/www.masystemutbildning.se\\\/fr-fr\\\/wp-content\\\/uploads\\\/sites\\\/5\\\/2024\\\/05\\\/Pyntbild_11.png\",\"width\":1080,\"height\":1080},{\"@type\":\"BreadcrumbList\",\"@id\":\"https:\\\/\\\/www.masystemutbildning.se\\\/fr-fr\\\/contact\\\/a-propos-de-ma-system\\\/#breadcrumb\",\"itemListElement\":[{\"@type\":\"ListItem\",\"position\":1,\"name\":\"Home\",\"item\":\"https:\\\/\\\/www.masystemutbildning.se\\\/fr-fr\\\/\"},{\"@type\":\"ListItem\",\"position\":2,\"name\":\"Contact\",\"item\":\"https:\\\/\\\/www.masystemutbildning.se\\\/fr-fr\\\/contact\\\/\"},{\"@type\":\"ListItem\",\"position\":3,\"name\":\"\u00c0 propos de MA-system\"}]},{\"@type\":\"WebSite\",\"@id\":\"https:\\\/\\\/www.masystemutbildning.se\\\/fr-fr\\\/#website\",\"url\":\"https:\\\/\\\/www.masystemutbildning.se\\\/fr-fr\\\/\",\"name\":\"MA-system Utbildning\",\"description\":\"\",\"publisher\":{\"@id\":\"https:\\\/\\\/www.masystemutbildning.se\\\/fr-fr\\\/#organization\"},\"potentialAction\":[{\"@type\":\"SearchAction\",\"target\":{\"@type\":\"EntryPoint\",\"urlTemplate\":\"https:\\\/\\\/www.masystemutbildning.se\\\/fr-fr\\\/?s={search_term_string}\"},\"query-input\":{\"@type\":\"PropertyValueSpecification\",\"valueRequired\":true,\"valueName\":\"search_term_string\"}}],\"inLanguage\":\"fr-FR\"},{\"@type\":\"Organization\",\"@id\":\"https:\\\/\\\/www.masystemutbildning.se\\\/fr-fr\\\/#organization\",\"name\":\"MA-system Utbildning Francais\",\"url\":\"https:\\\/\\\/www.masystemutbildning.se\\\/fr-fr\\\/\",\"logo\":{\"@type\":\"ImageObject\",\"inLanguage\":\"fr-FR\",\"@id\":\"https:\\\/\\\/www.masystemutbildning.se\\\/fr-fr\\\/#\\\/schema\\\/logo\\\/image\\\/\",\"url\":\"https:\\\/\\\/www.masystemutbildning.se\\\/fr-fr\\\/wp-content\\\/uploads\\\/sites\\\/5\\\/2026\\\/02\\\/MAsystem_50.webp\",\"contentUrl\":\"https:\\\/\\\/www.masystemutbildning.se\\\/fr-fr\\\/wp-content\\\/uploads\\\/sites\\\/5\\\/2026\\\/02\\\/MAsystem_50.webp\",\"width\":1080,\"height\":829,\"caption\":\"MA-system Utbildning Francais\"},\"image\":{\"@id\":\"https:\\\/\\\/www.masystemutbildning.se\\\/fr-fr\\\/#\\\/schema\\\/logo\\\/image\\\/\"}}]}<\/script>\n<!-- \/ Yoast SEO Premium plugin. -->","yoast_head_json":{"title":"\u00c0 propos de MA-system","description":"Fond\u00e9e en 1976 par Per Grettve, MA-System a d\u00e9but\u00e9 comme une soci\u00e9t\u00e9 de conseil sp\u00e9cialis\u00e9e dans la logistique.","robots":{"index":"index","follow":"follow","max-snippet":"max-snippet:-1","max-image-preview":"max-image-preview:large","max-video-preview":"max-video-preview:-1"},"canonical":"https:\/\/www.masystemutbildning.se\/fr-fr\/contact\/a-propos-de-ma-system\/","og_locale":"fr_FR","og_type":"article","og_title":"\u00c0 propos de MA-system","og_description":"Fond\u00e9e en 1976 par Per Grettve, MA-System a d\u00e9but\u00e9 comme une soci\u00e9t\u00e9 de conseil sp\u00e9cialis\u00e9e dans la logistique.","og_url":"https:\/\/www.masystemutbildning.se\/fr-fr\/contact\/a-propos-de-ma-system\/","og_site_name":"MA-system Utbildning Francais","article_modified_time":"2024-10-02T07:14:20+00:00","og_image":[{"width":1080,"height":1080,"url":"https:\/\/www.masystemutbildning.se\/fr-fr\/wp-content\/uploads\/sites\/5\/2024\/05\/Pyntbild_11.png","type":"image\/png"}],"twitter_card":"summary_large_image","twitter_misc":{"Est. reading time":"2 minutes"},"schema":{"@context":"https:\/\/schema.org","@graph":[{"@type":"WebPage","@id":"https:\/\/www.masystemutbildning.se\/fr-fr\/contact\/a-propos-de-ma-system\/","url":"https:\/\/www.masystemutbildning.se\/fr-fr\/contact\/a-propos-de-ma-system\/","name":"\u00c0 propos de MA-system","isPartOf":{"@id":"https:\/\/www.masystemutbildning.se\/fr-fr\/#website"},"primaryImageOfPage":{"@id":"https:\/\/www.masystemutbildning.se\/fr-fr\/contact\/a-propos-de-ma-system\/#primaryimage"},"image":{"@id":"https:\/\/www.masystemutbildning.se\/fr-fr\/contact\/a-propos-de-ma-system\/#primaryimage"},"thumbnailUrl":"https:\/\/www.masystemutbildning.se\/fr-fr\/wp-content\/uploads\/sites\/5\/2024\/05\/Pyntbild_11.png","datePublished":"2023-09-25T12:35:43+00:00","dateModified":"2024-10-02T07:14:20+00:00","description":"Fond\u00e9e en 1976 par Per Grettve, MA-System a d\u00e9but\u00e9 comme une soci\u00e9t\u00e9 de conseil sp\u00e9cialis\u00e9e dans la logistique.","breadcrumb":{"@id":"https:\/\/www.masystemutbildning.se\/fr-fr\/contact\/a-propos-de-ma-system\/#breadcrumb"},"inLanguage":"fr-FR","potentialAction":[{"@type":"ReadAction","target":["https:\/\/www.masystemutbildning.se\/fr-fr\/contact\/a-propos-de-ma-system\/"]}]},{"@type":"ImageObject","inLanguage":"fr-FR","@id":"https:\/\/www.masystemutbildning.se\/fr-fr\/contact\/a-propos-de-ma-system\/#primaryimage","url":"https:\/\/www.masystemutbildning.se\/fr-fr\/wp-content\/uploads\/sites\/5\/2024\/05\/Pyntbild_11.png","contentUrl":"https:\/\/www.masystemutbildning.se\/fr-fr\/wp-content\/uploads\/sites\/5\/2024\/05\/Pyntbild_11.png","width":1080,"height":1080},{"@type":"BreadcrumbList","@id":"https:\/\/www.masystemutbildning.se\/fr-fr\/contact\/a-propos-de-ma-system\/#breadcrumb","itemListElement":[{"@type":"ListItem","position":1,"name":"Home","item":"https:\/\/www.masystemutbildning.se\/fr-fr\/"},{"@type":"ListItem","position":2,"name":"Contact","item":"https:\/\/www.masystemutbildning.se\/fr-fr\/contact\/"},{"@type":"ListItem","position":3,"name":"\u00c0 propos de MA-system"}]},{"@type":"WebSite","@id":"https:\/\/www.masystemutbildning.se\/fr-fr\/#website","url":"https:\/\/www.masystemutbildning.se\/fr-fr\/","name":"MA-system Utbildning","description":"","publisher":{"@id":"https:\/\/www.masystemutbildning.se\/fr-fr\/#organization"},"potentialAction":[{"@type":"SearchAction","target":{"@type":"EntryPoint","urlTemplate":"https:\/\/www.masystemutbildning.se\/fr-fr\/?s={search_term_string}"},"query-input":{"@type":"PropertyValueSpecification","valueRequired":true,"valueName":"search_term_string"}}],"inLanguage":"fr-FR"},{"@type":"Organization","@id":"https:\/\/www.masystemutbildning.se\/fr-fr\/#organization","name":"MA-system Utbildning Francais","url":"https:\/\/www.masystemutbildning.se\/fr-fr\/","logo":{"@type":"ImageObject","inLanguage":"fr-FR","@id":"https:\/\/www.masystemutbildning.se\/fr-fr\/#\/schema\/logo\/image\/","url":"https:\/\/www.masystemutbildning.se\/fr-fr\/wp-content\/uploads\/sites\/5\/2026\/02\/MAsystem_50.webp","contentUrl":"https:\/\/www.masystemutbildning.se\/fr-fr\/wp-content\/uploads\/sites\/5\/2026\/02\/MAsystem_50.webp","width":1080,"height":829,"caption":"MA-system Utbildning Francais"},"image":{"@id":"https:\/\/www.masystemutbildning.se\/fr-fr\/#\/schema\/logo\/image\/"}}]}},"_links":{"self":[{"href":"https:\/\/www.masystemutbildning.se\/fr-fr\/wp-json\/wp\/v2\/pages\/227","targetHints":{"allow":["GET"]}}],"collection":[{"href":"https:\/\/www.masystemutbildning.se\/fr-fr\/wp-json\/wp\/v2\/pages"}],"about":[{"href":"https:\/\/www.masystemutbildning.se\/fr-fr\/wp-json\/wp\/v2\/types\/page"}],"author":[{"embeddable":true,"href":"https:\/\/www.masystemutbildning.se\/fr-fr\/wp-json\/wp\/v2\/users\/1"}],"replies":[{"embeddable":true,"href":"https:\/\/www.masystemutbildning.se\/fr-fr\/wp-json\/wp\/v2\/comments?post=227"}],"version-history":[{"count":54,"href":"https:\/\/www.masystemutbildning.se\/fr-fr\/wp-json\/wp\/v2\/pages\/227\/revisions"}],"predecessor-version":[{"id":5356,"href":"https:\/\/www.masystemutbildning.se\/fr-fr\/wp-json\/wp\/v2\/pages\/227\/revisions\/5356"}],"up":[{"embeddable":true,"href":"https:\/\/www.masystemutbildning.se\/fr-fr\/wp-json\/wp\/v2\/pages\/88"}],"wp:featuredmedia":[{"embeddable":true,"href":"https:\/\/www.masystemutbildning.se\/fr-fr\/wp-json\/wp\/v2\/media\/5055"}],"wp:attachment":[{"href":"https:\/\/www.masystemutbildning.se\/fr-fr\/wp-json\/wp\/v2\/media?parent=227"}],"curies":[{"name":"wp","href":"https:\/\/api.w.org\/{rel}","templated":true}]}}