{"id":108,"date":"2023-09-25T09:57:28","date_gmt":"2023-09-25T09:57:28","guid":{"rendered":"https:\/\/www.masystemutbildning.se\/fr-fr\/?page_id=108"},"modified":"2024-10-01T14:33:59","modified_gmt":"2024-10-01T14:33:59","slug":"elearning","status":"publish","type":"page","link":"https:\/\/www.masystemutbildning.se\/fr-fr\/formation\/elearning\/","title":{"rendered":"Elearning"},"content":{"rendered":"\t\t<div data-elementor-type=\"wp-page\" data-elementor-id=\"108\" class=\"elementor elementor-108\" data-elementor-post-type=\"page\">\n\t\t\t\t<div class=\"elementor-element elementor-element-623e3ad4 sharp-cut e-flex e-con-boxed e-con e-parent\" data-id=\"623e3ad4\" data-element_type=\"container\" data-e-type=\"container\" data-settings=\"{&quot;background_background&quot;:&quot;classic&quot;}\">\n\t\t\t\t\t<div class=\"e-con-inner\">\n\t\t<div class=\"elementor-element elementor-element-62a1c73d e-flex e-con-boxed e-con e-child\" data-id=\"62a1c73d\" data-element_type=\"container\" data-e-type=\"container\">\n\t\t\t\t\t<div class=\"e-con-inner\">\n\t\t\t\t<div class=\"elementor-element elementor-element-1f69ecc3 elementor-widget elementor-widget-heading\" data-id=\"1f69ecc3\" data-element_type=\"widget\" data-e-type=\"widget\" data-widget_type=\"heading.default\">\n\t\t\t\t<div class=\"elementor-widget-container\">\n\t\t\t\t\t<h1 class=\"elementor-heading-title elementor-size-default\">Nous croyons fermement en l'apprentissage en ligne !<\/h1>\t\t\t\t<\/div>\n\t\t\t\t<\/div>\n\t\t\t\t\t<\/div>\n\t\t\t\t<\/div>\n\t\t\t\t\t<\/div>\n\t\t\t\t<\/div>\n\t\t<div class=\"elementor-element elementor-element-3500aa0f e-flex e-con-boxed e-con e-parent\" data-id=\"3500aa0f\" data-element_type=\"container\" data-e-type=\"container\">\n\t\t\t\t\t<div class=\"e-con-inner\">\n\t\t<div class=\"elementor-element elementor-element-7456f493 e-con-full e-flex e-con e-child\" data-id=\"7456f493\" data-element_type=\"container\" data-e-type=\"container\">\n\t\t\t\t<div class=\"elementor-element elementor-element-76d4c362 elementor-widget elementor-widget-text-editor\" data-id=\"76d4c362\" data-element_type=\"widget\" data-e-type=\"widget\" data-widget_type=\"text-editor.default\">\n\t\t\t\t<div class=\"elementor-widget-container\">\n\t\t\t\t\t\t\t\t\t<p>Qui investirait dans une formation en groupe-classe aujourd&rsquo;hui, si elle n&rsquo;existait pas d\u00e9j\u00e0 ?<\/p>\t\t\t\t\t\t\t\t<\/div>\n\t\t\t\t<\/div>\n\t\t\t\t<div class=\"elementor-element elementor-element-6ab6ebcb elementor-widget elementor-widget-text-editor\" data-id=\"6ab6ebcb\" data-element_type=\"widget\" data-e-type=\"widget\" data-widget_type=\"text-editor.default\">\n\t\t\t\t<div class=\"elementor-widget-container\">\n\t\t\t\t\t\t\t\t\t<p>Dans un local de formation d\u00e9di\u00e9e aux caristes par exemple, les stagiaires qui conduisent un chariot depuis des ann\u00e9es c\u00f4toient des stagiaires qui ne sont jamais mont\u00e9s dans un chariot de leur vie. Certains ont interrompu leurs \u00e9tudes universitaires tandis que d&rsquo;autres figurant dans le m\u00eame groupe n&rsquo;ont peut-\u00eatre pas termin\u00e9 leurs \u00e9tudes secondaires. Il se peut que certains participants ne partagent pas la m\u00eame langue maternelle.<\/p><p>Chacun d&rsquo;entre eux est cens\u00e9 acqu\u00e9rir les m\u00eames connaissances dans le m\u00eame laps de temps. Est-ce simplement possible ? Cela exige au minimum d&rsquo;excellents formateurs.<\/p><h3>Prise en compte des diff\u00e9rents styles d&rsquo;apprentissage<\/h3><p>Le style d&rsquo;apprentissage de chacun forme un autre inconv\u00e9nient du groupe-classe. En termes simples, les sp\u00e9cialistes distinguent trois styles d&rsquo;apprentissage diff\u00e9rents :<\/p><ol><li><p>Style visuel. Apprentissage par la vue et la lecture. Individus g\u00e9n\u00e9ralement autonomes, capables de se concentrer sur leur t\u00e2che pendant de longues heures.<\/p><\/li><li><p>Style auditif. Apprentissage par l&rsquo;ou\u00efe. Importance de l&rsquo;implication. Doit travailler \u00e0 son propre rythme. Pas aussi pers\u00e9v\u00e9rant que les apprenants de type \u00ab visuel \u00bb.<\/p><\/li><li><p>Style kinesth\u00e9sique. Apprentissage par le toucher et la mise en pratique. Importance de l&rsquo;implication \u00e9galement. Souvent agit\u00e9 ; n&rsquo;aime pas rester assis immobile pendant trop longtemps.<\/p><\/li><\/ol><p>L&rsquo;enseignement en groupe-classe sur les chariots \u00e9l\u00e9vateurs fonctionne relativement bien pour le groupe 1 (sous r\u00e9serve d&rsquo;un environnement calme et silencieux). Les deux autres types d&rsquo;apprenants ne seraient toutefois probablement pas en mesure d&rsquo;apprendre d&rsquo;une mani\u00e8re qui leur convient. Ces deux groupes repr\u00e9sentent g\u00e9n\u00e9ralement la majorit\u00e9 absolue des stagiaires.<\/p><p>Nous verrons dans quelle mesure l&rsquo;apprentissage en ligne et le programme de formation e-Truck sont adapt\u00e9s \u00e0 ces styles d&rsquo;apprentissage plus en avant dans ce chapitre.<\/p><h3>L&rsquo;apprentissage en ligne actuel<\/h3><p>De nos jours, l&rsquo;apprentissage en ligne prend de l&rsquo;ampleur dans le monde entier, tant en termes de volume que des domaines abord\u00e9s. L&rsquo;apprentissage en ligne est utilis\u00e9 pour former des m\u00e9decins, des pilotes, du personnel militaire, du personnel de s\u00e9curit\u00e9, etc. Il est \u00e9galement tr\u00e8s courant que la partie th\u00e9orique de la formation au permis de conduire se fasse en ligne. Dans chacun des exemples pr\u00e9cit\u00e9s, les crit\u00e8res de qualit\u00e9 sont tout aussi importants que pour la formation cariste.<\/p><h3>Comment l&rsquo;apprentissage en ligne se compare-t-il aux autres modes d&rsquo;apprentissage ?<\/h3><p>\u00c0 l&rsquo;heure actuelle, de nombreuses \u00e9tudes p\u00e9dagogiques sont men\u00e9es dans le monde entier pour mesurer l&rsquo;efficacit\u00e9 des diff\u00e9rents syst\u00e8mes \u00e9ducatifs. Les conclusions obtenues peuvent g\u00e9n\u00e9ralement se r\u00e9sumer comme suit :<\/p><ul><li><p>L&rsquo;apprentissage en ligne pr\u00e9sente des avantages \u00e9conomiques et environnementaux par rapport \u00e0 l&rsquo;enseignement en groupe-classe.<\/p><\/li><li><p>L&rsquo;apprentissage en ligne se solde par de meilleurs r\u00e9sultats par rapport \u00e0 une formation en groupe-classe \u00e9quivalente.<\/p><\/li><li><p>L&rsquo;apprentissage en ligne permet aux apprenants d&rsquo;absorber la m\u00eame quantit\u00e9 d&rsquo;informations qu&rsquo;une formation en groupe-classe en moins de temps.<\/p><\/li><\/ul><p>Pourquoi ? Les avantages \u00e9conomiques sont probablement les plus faciles \u00e0 comprendre. L&rsquo;apprentissage en ligne fonctionne aussi bien pour un groupe de 200 participants que 2 participants. Cette souplesse organisationnelle permet de r\u00e9duire les co\u00fbts. Les besoins en local de classe sont \u00e9limin\u00e9s dans une certaine mesure. Sur le plan environnemental, la r\u00e9duction des d\u00e9placements est consid\u00e9r\u00e9e comme un avantage.<\/p><p>Mais comment se fait-il que les participants apprennent plus en moins de temps, comme le montrent maintes et maintes \u00e9tudes ?<\/p><p>C&rsquo;est l\u00e0 o\u00f9 on en revient aux styles d&rsquo;apprentissage. L&rsquo;important est que les participants travaillent \u00e0 leur propre rythme.<\/p><p>Les apprenants visuels peuvent rester assis aussi longtemps que n\u00e9cessaire, lire sans perturber les autres et en g\u00e9n\u00e9ral, ont rapidement fini.<\/p><p>Les apprenants auditifs n&rsquo;ont pas \u00e0 lire. Le texte est lu \u00e0 haute voix. En cas de sc\u00e9narisation (fr\u00e9quente sur eTruck), ce groupe, qui a besoin de se sentir impliqu\u00e9 et de faire l&rsquo;exp\u00e9rience de la situation, est particuli\u00e8rement r\u00e9cepteur.<\/p><p>Les apprenants kinesth\u00e9siques travaillent \u00e0 leur propre rythme, souvent par courtes sessions interrompues de nombreuses pauses. S&rsquo;il leur faut plus de temps pour terminer, cela ne pose pas de probl\u00e8me.<\/p><p>Pour ce groupe \u00e9galement, la sc\u00e9narisation et la voix-off sont des \u00e9l\u00e9ments essentiels \u00e0 un bon apprentissage. (La formation pratique reste n\u00e9anmoins la m\u00e9thode d&rsquo;apprentissage privil\u00e9gi\u00e9e pour ce groupe.)<\/p>\t\t\t\t\t\t\t\t<\/div>\n\t\t\t\t<\/div>\n\t\t\t\t<\/div>\n\t\t\t\t\t<\/div>\n\t\t\t\t<\/div>\n\t\t<div class=\"elementor-element elementor-element-55db8763 e-grid e-con-boxed e-con e-parent\" data-id=\"55db8763\" data-element_type=\"container\" data-e-type=\"container\">\n\t\t\t\t\t<div class=\"e-con-inner\">\n\t\t<div class=\"elementor-element elementor-element-2d94bfda e-flex e-con-boxed e-con e-child\" data-id=\"2d94bfda\" data-element_type=\"container\" data-e-type=\"container\" data-settings=\"{&quot;background_background&quot;:&quot;classic&quot;}\">\n\t\t\t\t\t<div class=\"e-con-inner\">\n\t\t\t\t<div class=\"elementor-element elementor-element-44225a20 elementor-widget elementor-widget-heading\" data-id=\"44225a20\" data-element_type=\"widget\" data-e-type=\"widget\" data-widget_type=\"heading.default\">\n\t\t\t\t<div class=\"elementor-widget-container\">\n\t\t\t\t\t<h2 class=\"elementor-heading-title elementor-size-default\">Formation cariste en ligne.<\/h2>\t\t\t\t<\/div>\n\t\t\t\t<\/div>\n\t\t\t\t<div class=\"elementor-element elementor-element-1c9b1896 elementor-widget elementor-widget-text-editor\" data-id=\"1c9b1896\" data-element_type=\"widget\" data-e-type=\"widget\" data-widget_type=\"text-editor.default\">\n\t\t\t\t<div class=\"elementor-widget-container\">\n\t\t\t\t\t\t\t\t\t<p>eTruck a r\u00e9volutionn\u00e9 la Formation Professionnelle et a fait progresser la formation des caristes de mani\u00e8re in\u00e9dite au cours des dix derni\u00e8res ann\u00e9es. Plus performante que jamais, cette formation enti\u00e8rement accessible en ligne rend les livrets superflus et r\u00e9pond parfaitement aux exigences futures. Nous amor\u00e7ons un nouveau chapitre de l&rsquo;excellence en formation.<\/p>\t\t\t\t\t\t\t\t<\/div>\n\t\t\t\t<\/div>\n\t\t<div class=\"elementor-element elementor-element-2162c781 e-flex e-con-boxed e-con e-child\" data-id=\"2162c781\" data-element_type=\"container\" data-e-type=\"container\">\n\t\t\t\t\t<div class=\"e-con-inner\">\n\t\t\t\t<div class=\"elementor-element elementor-element-583d326f sharp-cut-button elementor-widget elementor-widget-button\" data-id=\"583d326f\" data-element_type=\"widget\" data-e-type=\"widget\" data-widget_type=\"button.default\">\n\t\t\t\t<div class=\"elementor-widget-container\">\n\t\t\t\t\t\t\t\t\t<div class=\"elementor-button-wrapper\">\n\t\t\t\t\t<a class=\"elementor-button elementor-button-link elementor-size-sm\" href=\"https:\/\/www.masystemutbildning.se\/sv-se\/e-larande-kursbocker\/kursmaterial\/\">\n\t\t\t\t\t\t<span class=\"elementor-button-content-wrapper\">\n\t\t\t\t\t\t<span class=\"elementor-button-icon\">\n\t\t\t\t<i aria-hidden=\"true\" class=\"icon icon-arrow-right\"><\/i>\t\t\t<\/span>\n\t\t\t\t\t\t\t\t\t<span class=\"elementor-button-text\">En savoir plus sur etruck<\/span>\n\t\t\t\t\t<\/span>\n\t\t\t\t\t<\/a>\n\t\t\t\t<\/div>\n\t\t\t\t\t\t\t\t<\/div>\n\t\t\t\t<\/div>\n\t\t\t\t\t<\/div>\n\t\t\t\t<\/div>\n\t\t\t\t\t<\/div>\n\t\t\t\t<\/div>\n\t\t<div class=\"elementor-element elementor-element-53cc0cd e-flex e-con-boxed e-con e-child\" data-id=\"53cc0cd\" data-element_type=\"container\" data-e-type=\"container\" data-settings=\"{&quot;background_background&quot;:&quot;classic&quot;}\">\n\t\t\t\t\t<div class=\"e-con-inner\">\n\t\t\t\t\t<\/div>\n\t\t\t\t<\/div>\n\t\t\t\t\t<\/div>\n\t\t\t\t<\/div>\n\t\t\t\t<\/div>\n\t\t","protected":false},"excerpt":{"rendered":"<p>Nous croyons fermement en l&rsquo;apprentissage en ligne ! Qui investirait dans une formation en groupe-classe aujourd&rsquo;hui, si elle n&rsquo;existait pas d\u00e9j\u00e0 ? Dans un local de formation d\u00e9di\u00e9e aux caristes par exemple, les stagiaires qui conduisent un chariot depuis des ann\u00e9es c\u00f4toient des stagiaires qui ne sont jamais mont\u00e9s dans un chariot de leur vie. [&hellip;]<\/p>\n","protected":false},"author":1,"featured_media":5192,"parent":80,"menu_order":0,"comment_status":"closed","ping_status":"closed","template":"","meta":{"_acf_changed":false,"footnotes":""},"class_list":["post-108","page","type-page","status-publish","has-post-thumbnail","hentry"],"acf":[],"yoast_head":"<!-- This site is optimized with the Yoast SEO Premium plugin v26.9 (Yoast SEO v27.3) - https:\/\/yoast.com\/product\/yoast-seo-premium-wordpress\/ -->\n<title>Elearning<\/title>\n<meta name=\"description\" content=\"Nous croyons fermement en l&#039;apprentissage en ligne !\" \/>\n<meta name=\"robots\" content=\"index, follow, max-snippet:-1, max-image-preview:large, max-video-preview:-1\" \/>\n<link rel=\"canonical\" href=\"https:\/\/www.masystemutbildning.se\/fr-fr\/formation\/elearning\/\" \/>\n<meta property=\"og:locale\" content=\"fr_FR\" \/>\n<meta property=\"og:type\" content=\"article\" \/>\n<meta property=\"og:title\" content=\"Elearning\" \/>\n<meta property=\"og:description\" content=\"Nous croyons fermement en l&#039;apprentissage en ligne !\" \/>\n<meta property=\"og:url\" content=\"https:\/\/www.masystemutbildning.se\/fr-fr\/formation\/elearning\/\" \/>\n<meta property=\"og:site_name\" content=\"MA-system Utbildning Francais\" \/>\n<meta property=\"article:modified_time\" content=\"2024-10-01T14:33:59+00:00\" \/>\n<meta property=\"og:image\" content=\"https:\/\/www.masystemutbildning.se\/fr-fr\/wp-content\/uploads\/sites\/5\/2024\/08\/eTruck_Illustration-8_1080x1080_FR.png\" \/>\n\t<meta property=\"og:image:width\" content=\"1080\" \/>\n\t<meta property=\"og:image:height\" content=\"1080\" \/>\n\t<meta property=\"og:image:type\" content=\"image\/png\" \/>\n<meta name=\"twitter:card\" content=\"summary_large_image\" \/>\n<meta name=\"twitter:label1\" content=\"Est. reading time\" \/>\n\t<meta name=\"twitter:data1\" content=\"4 minutes\" \/>\n<script type=\"application\/ld+json\" class=\"yoast-schema-graph\">{\"@context\":\"https:\\\/\\\/schema.org\",\"@graph\":[{\"@type\":\"WebPage\",\"@id\":\"https:\\\/\\\/www.masystemutbildning.se\\\/fr-fr\\\/formation\\\/elearning\\\/\",\"url\":\"https:\\\/\\\/www.masystemutbildning.se\\\/fr-fr\\\/formation\\\/elearning\\\/\",\"name\":\"Elearning\",\"isPartOf\":{\"@id\":\"https:\\\/\\\/www.masystemutbildning.se\\\/fr-fr\\\/#website\"},\"primaryImageOfPage\":{\"@id\":\"https:\\\/\\\/www.masystemutbildning.se\\\/fr-fr\\\/formation\\\/elearning\\\/#primaryimage\"},\"image\":{\"@id\":\"https:\\\/\\\/www.masystemutbildning.se\\\/fr-fr\\\/formation\\\/elearning\\\/#primaryimage\"},\"thumbnailUrl\":\"https:\\\/\\\/www.masystemutbildning.se\\\/fr-fr\\\/wp-content\\\/uploads\\\/sites\\\/5\\\/2024\\\/08\\\/eTruck_Illustration-8_1080x1080_FR.png\",\"datePublished\":\"2023-09-25T09:57:28+00:00\",\"dateModified\":\"2024-10-01T14:33:59+00:00\",\"description\":\"Nous croyons fermement en l'apprentissage en ligne !\",\"breadcrumb\":{\"@id\":\"https:\\\/\\\/www.masystemutbildning.se\\\/fr-fr\\\/formation\\\/elearning\\\/#breadcrumb\"},\"inLanguage\":\"fr-FR\",\"potentialAction\":[{\"@type\":\"ReadAction\",\"target\":[\"https:\\\/\\\/www.masystemutbildning.se\\\/fr-fr\\\/formation\\\/elearning\\\/\"]}]},{\"@type\":\"ImageObject\",\"inLanguage\":\"fr-FR\",\"@id\":\"https:\\\/\\\/www.masystemutbildning.se\\\/fr-fr\\\/formation\\\/elearning\\\/#primaryimage\",\"url\":\"https:\\\/\\\/www.masystemutbildning.se\\\/fr-fr\\\/wp-content\\\/uploads\\\/sites\\\/5\\\/2024\\\/08\\\/eTruck_Illustration-8_1080x1080_FR.png\",\"contentUrl\":\"https:\\\/\\\/www.masystemutbildning.se\\\/fr-fr\\\/wp-content\\\/uploads\\\/sites\\\/5\\\/2024\\\/08\\\/eTruck_Illustration-8_1080x1080_FR.png\",\"width\":1080,\"height\":1080},{\"@type\":\"BreadcrumbList\",\"@id\":\"https:\\\/\\\/www.masystemutbildning.se\\\/fr-fr\\\/formation\\\/elearning\\\/#breadcrumb\",\"itemListElement\":[{\"@type\":\"ListItem\",\"position\":1,\"name\":\"Home\",\"item\":\"https:\\\/\\\/www.masystemutbildning.se\\\/fr-fr\\\/\"},{\"@type\":\"ListItem\",\"position\":2,\"name\":\"Formation\",\"item\":\"https:\\\/\\\/www.masystemutbildning.se\\\/fr-fr\\\/formation\\\/\"},{\"@type\":\"ListItem\",\"position\":3,\"name\":\"Elearning\"}]},{\"@type\":\"WebSite\",\"@id\":\"https:\\\/\\\/www.masystemutbildning.se\\\/fr-fr\\\/#website\",\"url\":\"https:\\\/\\\/www.masystemutbildning.se\\\/fr-fr\\\/\",\"name\":\"MA-system Utbildning\",\"description\":\"\",\"publisher\":{\"@id\":\"https:\\\/\\\/www.masystemutbildning.se\\\/fr-fr\\\/#organization\"},\"potentialAction\":[{\"@type\":\"SearchAction\",\"target\":{\"@type\":\"EntryPoint\",\"urlTemplate\":\"https:\\\/\\\/www.masystemutbildning.se\\\/fr-fr\\\/?s={search_term_string}\"},\"query-input\":{\"@type\":\"PropertyValueSpecification\",\"valueRequired\":true,\"valueName\":\"search_term_string\"}}],\"inLanguage\":\"fr-FR\"},{\"@type\":\"Organization\",\"@id\":\"https:\\\/\\\/www.masystemutbildning.se\\\/fr-fr\\\/#organization\",\"name\":\"MA-system Utbildning Francais\",\"url\":\"https:\\\/\\\/www.masystemutbildning.se\\\/fr-fr\\\/\",\"logo\":{\"@type\":\"ImageObject\",\"inLanguage\":\"fr-FR\",\"@id\":\"https:\\\/\\\/www.masystemutbildning.se\\\/fr-fr\\\/#\\\/schema\\\/logo\\\/image\\\/\",\"url\":\"https:\\\/\\\/www.masystemutbildning.se\\\/fr-fr\\\/wp-content\\\/uploads\\\/sites\\\/5\\\/2026\\\/02\\\/MAsystem_50.webp\",\"contentUrl\":\"https:\\\/\\\/www.masystemutbildning.se\\\/fr-fr\\\/wp-content\\\/uploads\\\/sites\\\/5\\\/2026\\\/02\\\/MAsystem_50.webp\",\"width\":1080,\"height\":829,\"caption\":\"MA-system Utbildning Francais\"},\"image\":{\"@id\":\"https:\\\/\\\/www.masystemutbildning.se\\\/fr-fr\\\/#\\\/schema\\\/logo\\\/image\\\/\"}}]}<\/script>\n<!-- \/ Yoast SEO Premium plugin. -->","yoast_head_json":{"title":"Elearning","description":"Nous croyons fermement en l'apprentissage en ligne !","robots":{"index":"index","follow":"follow","max-snippet":"max-snippet:-1","max-image-preview":"max-image-preview:large","max-video-preview":"max-video-preview:-1"},"canonical":"https:\/\/www.masystemutbildning.se\/fr-fr\/formation\/elearning\/","og_locale":"fr_FR","og_type":"article","og_title":"Elearning","og_description":"Nous croyons fermement en l'apprentissage en ligne !","og_url":"https:\/\/www.masystemutbildning.se\/fr-fr\/formation\/elearning\/","og_site_name":"MA-system Utbildning Francais","article_modified_time":"2024-10-01T14:33:59+00:00","og_image":[{"width":1080,"height":1080,"url":"https:\/\/www.masystemutbildning.se\/fr-fr\/wp-content\/uploads\/sites\/5\/2024\/08\/eTruck_Illustration-8_1080x1080_FR.png","type":"image\/png"}],"twitter_card":"summary_large_image","twitter_misc":{"Est. reading time":"4 minutes"},"schema":{"@context":"https:\/\/schema.org","@graph":[{"@type":"WebPage","@id":"https:\/\/www.masystemutbildning.se\/fr-fr\/formation\/elearning\/","url":"https:\/\/www.masystemutbildning.se\/fr-fr\/formation\/elearning\/","name":"Elearning","isPartOf":{"@id":"https:\/\/www.masystemutbildning.se\/fr-fr\/#website"},"primaryImageOfPage":{"@id":"https:\/\/www.masystemutbildning.se\/fr-fr\/formation\/elearning\/#primaryimage"},"image":{"@id":"https:\/\/www.masystemutbildning.se\/fr-fr\/formation\/elearning\/#primaryimage"},"thumbnailUrl":"https:\/\/www.masystemutbildning.se\/fr-fr\/wp-content\/uploads\/sites\/5\/2024\/08\/eTruck_Illustration-8_1080x1080_FR.png","datePublished":"2023-09-25T09:57:28+00:00","dateModified":"2024-10-01T14:33:59+00:00","description":"Nous croyons fermement en l'apprentissage en ligne !","breadcrumb":{"@id":"https:\/\/www.masystemutbildning.se\/fr-fr\/formation\/elearning\/#breadcrumb"},"inLanguage":"fr-FR","potentialAction":[{"@type":"ReadAction","target":["https:\/\/www.masystemutbildning.se\/fr-fr\/formation\/elearning\/"]}]},{"@type":"ImageObject","inLanguage":"fr-FR","@id":"https:\/\/www.masystemutbildning.se\/fr-fr\/formation\/elearning\/#primaryimage","url":"https:\/\/www.masystemutbildning.se\/fr-fr\/wp-content\/uploads\/sites\/5\/2024\/08\/eTruck_Illustration-8_1080x1080_FR.png","contentUrl":"https:\/\/www.masystemutbildning.se\/fr-fr\/wp-content\/uploads\/sites\/5\/2024\/08\/eTruck_Illustration-8_1080x1080_FR.png","width":1080,"height":1080},{"@type":"BreadcrumbList","@id":"https:\/\/www.masystemutbildning.se\/fr-fr\/formation\/elearning\/#breadcrumb","itemListElement":[{"@type":"ListItem","position":1,"name":"Home","item":"https:\/\/www.masystemutbildning.se\/fr-fr\/"},{"@type":"ListItem","position":2,"name":"Formation","item":"https:\/\/www.masystemutbildning.se\/fr-fr\/formation\/"},{"@type":"ListItem","position":3,"name":"Elearning"}]},{"@type":"WebSite","@id":"https:\/\/www.masystemutbildning.se\/fr-fr\/#website","url":"https:\/\/www.masystemutbildning.se\/fr-fr\/","name":"MA-system Utbildning","description":"","publisher":{"@id":"https:\/\/www.masystemutbildning.se\/fr-fr\/#organization"},"potentialAction":[{"@type":"SearchAction","target":{"@type":"EntryPoint","urlTemplate":"https:\/\/www.masystemutbildning.se\/fr-fr\/?s={search_term_string}"},"query-input":{"@type":"PropertyValueSpecification","valueRequired":true,"valueName":"search_term_string"}}],"inLanguage":"fr-FR"},{"@type":"Organization","@id":"https:\/\/www.masystemutbildning.se\/fr-fr\/#organization","name":"MA-system Utbildning Francais","url":"https:\/\/www.masystemutbildning.se\/fr-fr\/","logo":{"@type":"ImageObject","inLanguage":"fr-FR","@id":"https:\/\/www.masystemutbildning.se\/fr-fr\/#\/schema\/logo\/image\/","url":"https:\/\/www.masystemutbildning.se\/fr-fr\/wp-content\/uploads\/sites\/5\/2026\/02\/MAsystem_50.webp","contentUrl":"https:\/\/www.masystemutbildning.se\/fr-fr\/wp-content\/uploads\/sites\/5\/2026\/02\/MAsystem_50.webp","width":1080,"height":829,"caption":"MA-system Utbildning Francais"},"image":{"@id":"https:\/\/www.masystemutbildning.se\/fr-fr\/#\/schema\/logo\/image\/"}}]}},"_links":{"self":[{"href":"https:\/\/www.masystemutbildning.se\/fr-fr\/wp-json\/wp\/v2\/pages\/108","targetHints":{"allow":["GET"]}}],"collection":[{"href":"https:\/\/www.masystemutbildning.se\/fr-fr\/wp-json\/wp\/v2\/pages"}],"about":[{"href":"https:\/\/www.masystemutbildning.se\/fr-fr\/wp-json\/wp\/v2\/types\/page"}],"author":[{"embeddable":true,"href":"https:\/\/www.masystemutbildning.se\/fr-fr\/wp-json\/wp\/v2\/users\/1"}],"replies":[{"embeddable":true,"href":"https:\/\/www.masystemutbildning.se\/fr-fr\/wp-json\/wp\/v2\/comments?post=108"}],"version-history":[{"count":77,"href":"https:\/\/www.masystemutbildning.se\/fr-fr\/wp-json\/wp\/v2\/pages\/108\/revisions"}],"predecessor-version":[{"id":5312,"href":"https:\/\/www.masystemutbildning.se\/fr-fr\/wp-json\/wp\/v2\/pages\/108\/revisions\/5312"}],"up":[{"embeddable":true,"href":"https:\/\/www.masystemutbildning.se\/fr-fr\/wp-json\/wp\/v2\/pages\/80"}],"wp:featuredmedia":[{"embeddable":true,"href":"https:\/\/www.masystemutbildning.se\/fr-fr\/wp-json\/wp\/v2\/media\/5192"}],"wp:attachment":[{"href":"https:\/\/www.masystemutbildning.se\/fr-fr\/wp-json\/wp\/v2\/media?parent=108"}],"curies":[{"name":"wp","href":"https:\/\/api.w.org\/{rel}","templated":true}]}}